{"id":10677,"date":"2020-06-09T16:23:42","date_gmt":"2020-06-09T20:23:42","guid":{"rendered":"https:\/\/demo2.mybscu.org\/?page_id=10677"},"modified":"2024-05-07T11:42:41","modified_gmt":"2024-05-07T15:42:41","slug":"mechanical-repair-coverage","status":"publish","type":"page","link":"https:\/\/demo2.mybscu.org\/es\/insurance-center\/mechanical-repair-coverage\/","title":{"rendered":"Cobertura de reparaci\u00f3n mec\u00e1nica"},"content":{"rendered":"<section data-parent=\"true\" class=\"vc_section row-container with-parallax\" id=\"section-unique-0\"><div class=\"row-background background-element\">\n\t\t\t\t\t\t\t\t\t\t\t<div class=\"background-wrapper\">\n\t\t\t\t\t\t\t\t\t\t\t\t<div class=\"background-inner\" style=\"background-image: url(https:\/\/demo2.mybscu.org\/wp-content\/uploads\/2020\/06\/mc-bg.jpg);background-repeat: no-repeat;background-position: center center;background-size: cover;\"><\/div>\n\t\t\t\t\t\t\t\t\t\t\t\t<div class=\"block-bg-overlay style-color-jevc-bg\" style=\"opacity: 0.45;\"><\/div>\n\t\t\t\t\t\t\t\t\t\t\t<\/div>\n\t\t\t\t\t\t\t\t\t\t<\/div><div class=\"row no-top-padding no-bottom-padding no-h-padding full-width row-parent\"><div data-parent=\"true\" class=\"vc_row row-container\" id=\"row-unique-0\"><div class=\"row unequal limit-width row-parent\" data-height-ratio=\"40\" data-minheight=\"300\"><div class=\"wpb_row row-inner\"><div class=\"wpb_column pos-middle pos-center align_center align_center_mobile column_parent col-lg-12 no-internal-gutter\"><div class=\"uncol style-light\"  ><div class=\"uncoltable\"><div class=\"uncell no-block-padding\" ><div class=\"uncont\" ><div id=\"ultimate-heading-700969d9a56963bbd\" class=\"uvc-heading ult-adjust-bottom-margin ultimate-heading-700969d9a56963bbd uvc-2384\" data-hspacer=\"no_spacer\"  data-halign=\"center\" style=\"text-align:center\"><div class=\"uvc-heading-spacer no_spacer\" style=\"top\"><\/div><div class=\"uvc-main-heading ult-responsive\"  data-ultimate-target='.uvc-heading.ultimate-heading-700969d9a56963bbd h1'  data-responsive-json-new='{\"font-size\":\"\",\"line-height\":\"\"}' ><h1 style=\"font-weight:normal;color:#ffffff;\">Cobertura de reparaci\u00f3n mec\u00e1nica<\/h1><\/div><div class=\"uvc-sub-heading ult-responsive\"  data-ultimate-target='.uvc-heading.ultimate-heading-700969d9a56963bbd .uvc-sub-heading '  data-responsive-json-new='{\"font-size\":\"desktop:24px;\",\"line-height\":\"\"}'  style=\"font-weight:normal;color:#ffffff;\"><\/p>\n<p style=\"text-align: center;\">Prot\u00e9jase de los costos inesperados de una reparaci\u00f3n de autom\u00f3vil.<\/p>\n<p><\/div><\/div><div class=\"ult-spacer spacer-69d9a56963c09\" data-id=\"69d9a56963c09\" data-height=\"10\" data-height-mobile=\"10\" data-height-tab=\"10\" data-height-tab-portrait=\"\" data-height-mobile-landscape=\"\" style=\"clear:both;display:block;\"><\/div><span class=\"btn-container\" ><a href=\"https:\/\/demo2.mybscu.org\/es\/pdf\/MRC-DIgitalBrochure.pdf\/\" class=\"custom-link btn btn-lg border-width-0 btn-request btn-accent btn-round btn-shadow btn-icon-left\" title=\"El enlace se abrir\u00e1 en una nueva pesta\u00f1a.\" target=\"_blank\"><i class=\"fa fa-home-outline\"><\/i>Solicitar informaci\u00f3n<\/a><\/span><\/div><\/div><\/div><\/div><\/div><script id=\"script-row-unique-0\" data-row=\"script-row-unique-0\" type=\"text\/javascript\" class=\"vc_controls\">UNCODE.initRow(document.getElementById(\"row-unique-0\"));<\/script><\/div><\/div><\/div><script id=\"script-section-unique-0\" data-section=\"script-section-unique-0\" type=\"text\/javascript\">UNCODE.initSection(document.getElementById(\"section-unique-0\"));<\/script><\/div><\/section><div data-parent=\"true\" class=\"vc_row style-color-xsdn-bg vc_custom_1613072553803 row-container onepage-section\" data-label=\"features\" data-name=\"features\" style=\"padding-top: 20px ;\" id=\"row-unique-1\"><div class=\"row limit-width row-parent\"><div class=\"wpb_row row-inner\"><div class=\"wpb_column pos-middle pos-center align_left column_parent col-lg-12 single-internal-gutter\"><div class=\"uncol style-light\"  ><div class=\"uncoltable\"><div class=\"uncell no-block-padding\" ><div class=\"uncont\" ><div class=\"uavc-list-icon uavc-list-icon-wrapper ult-adjust-bottom-margin\"><ul class=\"uavc-list\"><li><div class=\"uavc-list-content\" id=\"list-icon-wrap-8842\">\n<div class=\"uavc-list-icon\" data-animation=\"\" data-animation-delay=\"03\" style=\"margin-right:5px;\"><div class=\"ult-just-icon-wrapper\"><div class=\"align-icon\" style=\"text-align:center;\">\n<div class=\"aio-icon none\"  style=\"color:#031c32;font-size:20px;display:inline-block;\">\n\t<i class=\"Defaults-circle-thin genderless\"><\/i>\n<\/div><\/div><\/div>\n<\/div><span  data-ultimate-target='#list-icon-wrap-8842 .uavc-list-desc'  data-responsive-json-new='{\"font-size\":\"\",\"line-height\":\"\"}'  class=\"uavc-list-desc ult-responsive\" style=\"\"><span style=\"color: #000000;\">A medida que los veh\u00edculos envejecen y acumulan kil\u00f3metros, aumenta la probabilidad de aver\u00edas. La cobertura de reparaci\u00f3n mec\u00e1nica puede ayudarle a limitar los gastos de bolsillo en caso de aver\u00edas cubiertas.<\/span><\/span><\/div><\/li><\/ul><\/div><\/div><\/div><\/div><\/div><\/div><script id=\"script-row-unique-1\" data-row=\"script-row-unique-1\" type=\"text\/javascript\" class=\"vc_controls\">UNCODE.initRow(document.getElementById(\"row-unique-1\"));<\/script><\/div><\/div><\/div><div data-parent=\"true\" class=\"vc_row style-color-gyho-bg vc_custom_1497555427705 row-container onepage-section\" data-label=\"features\" data-name=\"features\" style=\"padding-top: 20px ;\" id=\"row-unique-2\"><div class=\"row limit-width row-parent\"><div class=\"wpb_row row-inner\"><div class=\"wpb_column pos-top pos-center align_left column_parent col-lg-12 single-internal-gutter\"><div class=\"uncol style-light\"  ><div class=\"uncoltable\"><div class=\"uncell no-block-padding\" ><div class=\"uncont\" ><div class=\"aio-icon-component    style_2\"><div id=\"Info-box-wrap-9866\" class=\"aio-icon-box default-icon\" style=\"\"  ><div class=\"aio-icon-default\"><div class=\"ult-just-icon-wrapper\"><div class=\"align-icon\" style=\"text-align:center;\">\n<div class=\"aio-icon none\" data-animation=\"swing\" data-animation-delay=\"03\" style=\"color:#00475f;font-size:48px;display:inline-block;\">\n\t<i class=\"Defaults-file-text\"><\/i>\n<\/div><\/div><\/div><\/div><div class=\"aio-icon-header\" ><h3 class=\"aio-icon-title ult-responsive\"  data-ultimate-target='#Info-box-wrap-9866 .aio-icon-title'  data-responsive-json-new='{\"font-size\":\"desktop:20px;\",\"line-height\":\"\"}'  style=\"\">M\u00e1s detalles<\/h3><\/div> <!-- header --><div class=\"aio-icon-description ult-responsive\"  data-ultimate-target='#Info-box-wrap-9866 .aio-icon-description'  data-responsive-json-new='{\"font-size\":\"\",\"line-height\":\"\"}'  style=\"\"><\/p>\n<p style=\"text-align: left;\"><span style=\"color: #000000;\">Para investigar, comparar y comprar cobertura de reparaci\u00f3n mec\u00e1nica, visite este sitio. <strong><a style=\"color: #000000;\" href=\"https:\/\/demo2.mybscu.org\/es\/pdf\/MRC-DIgitalBrochure.pdf\/\" target=\"_blank\" rel=\"noopener\">sitio web<\/a><\/strong> o llamar <strong>800-752-6265<\/strong>donde puedes aprovechar:<\/span><\/p>\n<p><\/div> <!-- description --><\/div> <!-- aio-icon-box --><\/div> <!-- aio-icon-component --><div class=\"uavc-list-icon uavc-list-icon-wrapper ult-adjust-bottom-margin\"><ul class=\"uavc-list\"><li><div class=\"uavc-list-content\" id=\"list-icon-wrap-3011\">\n<div class=\"uavc-list-icon\" data-animation=\"\" data-animation-delay=\"03\" style=\"margin-right:5px;\"><div class=\"ult-just-icon-wrapper\"><div class=\"align-icon\" style=\"text-align:center;\">\n<div class=\"aio-icon none\"  style=\"color:#031c32;font-size:20px;display:inline-block;\">\n\t<i class=\"Defaults-circle-thin genderless\"><\/i>\n<\/div><\/div><\/div>\n<\/div><span  data-ultimate-target='#list-icon-wrap-3011 .uavc-list-desc'  data-responsive-json-new='{\"font-size\":\"\",\"line-height\":\"\"}'  class=\"uavc-list-desc ult-responsive\" style=\"\"><span style=\"color: #000000;\"><strong>Conveniencia<\/strong> &#8211; easy-to-use, 24\/7 online shopping experience<\/span><\/span><\/div><\/li><li><div class=\"uavc-list-content\" id=\"list-icon-wrap-8848\">\n<div class=\"uavc-list-icon\" data-animation=\"\" data-animation-delay=\"03\" style=\"margin-right:5px;\"><div class=\"ult-just-icon-wrapper\"><div class=\"align-icon\" style=\"text-align:center;\">\n<div class=\"aio-icon none\"  style=\"color:#031c32;font-size:20px;display:inline-block;\">\n\t<i class=\"Defaults-circle-thin genderless\"><\/i>\n<\/div><\/div><\/div>\n<\/div><span  data-ultimate-target='#list-icon-wrap-8848 .uavc-list-desc'  data-responsive-json-new='{\"font-size\":\"\",\"line-height\":\"\"}'  class=\"uavc-list-desc ult-responsive\" style=\"\"><span style=\"color: #000000;\"><strong>Servicio al cliente<\/strong> &#8211; expert service through a dedicated call center<\/span><\/span><\/div><\/li><li><div class=\"uavc-list-content\" id=\"list-icon-wrap-2261\">\n<div class=\"uavc-list-icon\" data-animation=\"\" data-animation-delay=\"03\" style=\"margin-right:5px;\"><div class=\"ult-just-icon-wrapper\"><div class=\"align-icon\" style=\"text-align:center;\">\n<div class=\"aio-icon none\"  style=\"color:#031c32;font-size:20px;display:inline-block;\">\n\t<i class=\"Defaults-circle-thin genderless\"><\/i>\n<\/div><\/div><\/div>\n<\/div><span  data-ultimate-target='#list-icon-wrap-2261 .uavc-list-desc'  data-responsive-json-new='{\"font-size\":\"\",\"line-height\":\"\"}'  class=\"uavc-list-desc ult-responsive\" style=\"\"><span style=\"color: #000000;\"><strong>Pagos mensuales<\/strong> &#8211; through a convenient monthly payment plan that fits your budget<\/span><\/span><\/div><\/li><\/ul><\/div><\/div><\/div><\/div><\/div><\/div><script id=\"script-row-unique-2\" data-row=\"script-row-unique-2\" type=\"text\/javascript\" class=\"vc_controls\">UNCODE.initRow(document.getElementById(\"row-unique-2\"));<\/script><\/div><\/div><\/div><div data-parent=\"true\" class=\"vc_row style-color-lxmt-bg vc_custom_1576619309606 row-container onepage-section has-dividers\" data-label=\"request\" data-name=\"request\" style=\"padding-top: 30px ;\" id=\"row-unique-3\"><div class=\"uncode-divider-wrap uncode-divider-wrap-bottom z_index_0\" style=\"height: 150px;\" data-height=\"150\" data-unit=\"px\"><svg version=\"1.1\" class=\"uncode-row-divider uncode-row-divider-tilt-opacity\" x=\"0px\" y=\"0px\" width=\"240px\" height=\"24px\" viewbox=\"0 0 240 24\" enable-background=\"new 0 0 240 24\" xml:space=\"preserve\" preserveaspectratio=\"none\">\n\t\t<path fill=\"#ffffff\" fill-opacity=\"0.33\" d=\"M240,24V0L0,24H240z\"\/>\n\t\t<path fill=\"#ffffff\" d=\"M240,24V3.72L0,24H240z\"\/>\n\t\t<path fill=\"#ffffff\" fill-opacity=\"0.33\" d=\"M240,24V1.99L0,24H240z\"\/>\n\t\t<\/svg><\/div><div class=\"row col-half-gutter limit-width row-parent\"><div class=\"wpb_row row-inner\"><div class=\"wpb_column pos-top pos-center align_left column_parent col-lg-12 single-internal-gutter\"><div class=\"uncol style-light\"  ><div class=\"uncoltable\"><div class=\"uncell no-block-padding\" ><div class=\"uncont\" ><div class=\"uncode_text_column\" ><\/p>\n<p style=\"text-align: left;\"><span style=\"color: #000000; font-size: 15px;\">La cobertura de reparaci\u00f3n mec\u00e1nica es proporcionada y administrada por Consumer Program Administrators, Inc. en todos los estados excepto CA, donde la cobertura es ofrecida como seguro por Virginia Surety Company, Inc., en NH, donde la cobertura es proporcionada y administrada por Consumer Program Administrators, Inc. dba Consumer Warranty Program Administrators, en TX, donde la cobertura es proporcionada y administrada por Consumer Program Administrators, Inc. dba The Administrators of Consumer Programs (licencia de TX #175), en FL y OK, donde la cobertura es proporcionada y administrada por Automotive Warranty Services of Florida, Inc. (licencia de Florida #60023 y licencia de Oklahoma #44198051), y en WA, donde la cobertura es proporcionada por National Product Care Company y administrada por Consumer Program Administrators, Inc., todas ubicadas en 175 West Jackson Blvd., Chicago, Illinois 60604, 1-800-752-6265. Esta cobertura es ofrecida por CUNA Mutual Insurance Agency, Inc. La compra de la cobertura de reparaci\u00f3n mec\u00e1nica es opcional. Este documento proporciona informaci\u00f3n general sobre la cobertura de reparaci\u00f3n mec\u00e1nica y no debe considerarse como la \u00fanica base para adquirir dicha cobertura. Aseg\u00farese de leer el contrato de servicio del veh\u00edculo o la p\u00f3liza de seguro, donde se detallan los t\u00e9rminos, condiciones y exclusiones. La cobertura var\u00eda seg\u00fan el estado. Las piezas de repuesto pueden ser nuevas, usadas, no originales o remanufacturadas de igual tipo y calidad.<\/span><\/p>\n<p>\n<\/div>\n\t<div class=\"wpb_raw_code wpb_content_element wpb_raw_html\" >\n\t\t<div class=\"wpb_wrapper\">\n\t\t\t<link rel=\"stylesheet\" href=\"https:\/\/maxcdn.bootstrapcdn.com\/font-awesome\/4.4.0\/css\/font-awesome.min.css\">\n\t\t<\/div>\n\t<\/div>\n<\/div><\/div><\/div><\/div><\/div><script id=\"script-row-unique-3\" data-row=\"script-row-unique-3\" type=\"text\/javascript\" class=\"vc_controls\">UNCODE.initRow(document.getElementById(\"row-unique-3\"));<\/script><\/div><\/div><\/div>","protected":false},"excerpt":{"rendered":"Mechanical Repair Coverage Protect Yourself from the Unexpected Costs of an Auto Repair Request Info As vehicles get older and [...]","protected":false},"author":8,"featured_media":0,"parent":563,"menu_order":0,"comment_status":"closed","ping_status":"closed","template":"","meta":{"footnotes":""},"class_list":["post-10677","page","type-page","status-publish","hentry"],"_links":{"self":[{"href":"https:\/\/demo2.mybscu.org\/es\/wp-json\/wp\/v2\/pages\/10677","targetHints":{"allow":["GET"]}}],"collection":[{"href":"https:\/\/demo2.mybscu.org\/es\/wp-json\/wp\/v2\/pages"}],"about":[{"href":"https:\/\/demo2.mybscu.org\/es\/wp-json\/wp\/v2\/types\/page"}],"author":[{"embeddable":true,"href":"https:\/\/demo2.mybscu.org\/es\/wp-json\/wp\/v2\/users\/8"}],"replies":[{"embeddable":true,"href":"https:\/\/demo2.mybscu.org\/es\/wp-json\/wp\/v2\/comments?post=10677"}],"version-history":[{"count":3,"href":"https:\/\/demo2.mybscu.org\/es\/wp-json\/wp\/v2\/pages\/10677\/revisions"}],"predecessor-version":[{"id":15938,"href":"https:\/\/demo2.mybscu.org\/es\/wp-json\/wp\/v2\/pages\/10677\/revisions\/15938"}],"up":[{"embeddable":true,"href":"https:\/\/demo2.mybscu.org\/es\/wp-json\/wp\/v2\/pages\/563"}],"wp:attachment":[{"href":"https:\/\/demo2.mybscu.org\/es\/wp-json\/wp\/v2\/media?parent=10677"}],"curies":[{"name":"wp","href":"https:\/\/api.w.org\/{rel}","templated":true}]}}