{"id":11087,"date":"2020-09-22T12:35:14","date_gmt":"2020-09-22T16:35:14","guid":{"rendered":"https:\/\/demo2.mybscu.org\/?page_id=11087"},"modified":"2021-03-22T14:07:00","modified_gmt":"2021-03-22T18:07:00","slug":"bizcashbonus","status":"publish","type":"page","link":"https:\/\/demo2.mybscu.org\/es\/bizcashbonus\/","title":{"rendered":"Bono en efectivo para negocios $100"},"content":{"rendered":"<section data-parent=\"true\" class=\"vc_section row-container\" id=\"section-unique-0\"><div class=\"row-background background-element\">\n\t\t\t\t\t\t\t\t\t\t\t<div class=\"background-wrapper\">\n\t\t\t\t\t\t\t\t\t\t\t\t<div class=\"background-inner\" style=\"background-image: url(https:\/\/demo2.mybscu.org\/wp-content\/uploads\/2020\/09\/bizcashbonus.jpg);background-repeat: no-repeat;background-position: center center;background-attachment: scroll;background-size: cover;\"><\/div>\n\t\t\t\t\t\t\t\t\t\t\t\t<div class=\"block-bg-overlay style-color-wayh-bg\" style=\"opacity: 0.5;\"><\/div>\n\t\t\t\t\t\t\t\t\t\t\t<\/div>\n\t\t\t\t\t\t\t\t\t\t<\/div><div class=\"row no-top-padding no-bottom-padding no-h-padding full-width row-parent\"><div data-parent=\"true\" class=\"vc_row row-container\" id=\"row-unique-0\"><div class=\"row unequal limit-width row-parent\" data-height-ratio=\"40\" data-minheight=\"300\"><div class=\"wpb_row row-inner\"><div class=\"wpb_column pos-middle pos-center align_center align_center_mobile column_parent col-lg-12 no-internal-gutter\"><div class=\"uncol style-light\"  ><div class=\"uncoltable\"><div class=\"uncell no-block-padding\" ><div class=\"uncont\" ><div id=\"ultimate-heading-666869d9a533441ad\" class=\"uvc-heading ult-adjust-bottom-margin ultimate-heading-666869d9a533441ad uvc-7387\" data-hspacer=\"no_spacer\"  data-halign=\"center\" style=\"text-align:center\"><div class=\"uvc-heading-spacer no_spacer\" style=\"top\"><\/div><div class=\"uvc-main-heading ult-responsive\"  data-ultimate-target='.uvc-heading.ultimate-heading-666869d9a533441ad h1'  data-responsive-json-new='{\"font-size\":\"\",\"line-height\":\"\"}' ><h1 style=\"font-weight:bold;color:#ffffff;\">Gana un bono en efectivo de $100<\/h1><\/div><div class=\"uvc-sub-heading ult-responsive\"  data-ultimate-target='.uvc-heading.ultimate-heading-666869d9a533441ad .uvc-sub-heading '  data-responsive-json-new='{\"font-size\":\"desktop:36px;mobile:25px;\",\"line-height\":\"\"}'  style=\"font-weight:normal;color:#ffffff;\"><\/p>\n<p style=\"text-align: center;\"><span style=\"color: #ffffff;\">Cuando abres una nueva cuenta corriente comercial BrightStar*<\/span><\/p>\n<p><\/div><\/div><div class=\"ult-spacer spacer-69d9a533441e4\" data-id=\"69d9a533441e4\" data-height=\"\" data-height-mobile=\"\" data-height-tab=\"\" data-height-tab-portrait=\"\" data-height-mobile-landscape=\"\" style=\"clear:both;display:block;\"><\/div><\/div><\/div><\/div><\/div><\/div><script id=\"script-row-unique-0\" data-row=\"script-row-unique-0\" type=\"text\/javascript\" class=\"vc_controls\">UNCODE.initRow(document.getElementById(\"row-unique-0\"));<\/script><\/div><\/div><\/div><script id=\"script-section-unique-0\" data-section=\"script-section-unique-0\" type=\"text\/javascript\">UNCODE.initSection(document.getElementById(\"section-unique-0\"));<\/script><\/div><\/section><div data-parent=\"true\" class=\"vc_row style-color-lxmt-bg vc_custom_1600792737673 row-container\" style=\"padding-top: 20px ;padding-bottom: 20px ;\" id=\"row-unique-1\"><div class=\"row limit-width row-parent\"><div class=\"wpb_row row-inner\"><div class=\"wpb_column pos-middle pos-left align_left column_parent col-lg-12 single-internal-gutter\"><div class=\"uncol style-light\"  ><div class=\"uncoltable\"><div class=\"uncell no-block-padding\" ><div class=\"uncont\" ><div class=\"aio-icon-component  vc_custom_1600792968266   style_1\"><div id=\"Info-box-wrap-1886\" class=\"aio-icon-box default-icon\" style=\"\"  ><div class=\"aio-icon-default\"><div class=\"ult-just-icon-wrapper\"><div class=\"align-icon\" style=\"text-align:center;\">\n<div class=\"aio-icon none\" data-animation=\"slideInLeft\" data-animation-delay=\"03\" style=\"color:#00475f;font-size:64px;display:inline-block;\">\n\t<i class=\"Defaults-dollar usd\"><\/i>\n<\/div><\/div><\/div><\/div><div class=\"aio-icon-header\" ><h3 class=\"aio-icon-title ult-responsive\"  data-ultimate-target='#Info-box-wrap-1886 .aio-icon-title'  data-responsive-json-new='{\"font-size\":\"desktop:20px;\",\"line-height\":\"\"}'  style=\"color:#031c32;\">SOLO PARA NUEVOS MIEMBROS DE BRIGHTSTAR. Obtenga $100 al abrir una nueva cuenta corriente comercial con estados de cuenta electr\u00f3nicos* y realizar un m\u00ednimo de 4 transacciones mensuales durante 7 meses. Tenga en cuenta que la revisi\u00f3n de la cuenta puede tardar de 4 a 6 semanas despu\u00e9s de finalizar el s\u00e9ptimo mes.<\/h3><\/div> <!-- header --><\/div> <!-- aio-icon-box --><\/div> <!-- aio-icon-component --><div class=\"uncode_text_column\" ><p>[ipt_fsqm_form id=\u201d49\u2033]<\/p>\n<\/div><\/div><\/div><\/div><\/div><\/div><script id=\"script-row-unique-1\" data-row=\"script-row-unique-1\" type=\"text\/javascript\" class=\"vc_controls\">UNCODE.initRow(document.getElementById(\"row-unique-1\"));<\/script><\/div><\/div><\/div><div data-parent=\"true\" class=\"vc_row style-color-xsdn-bg vc_custom_1516116897629 row-container onepage-section\" data-label=\"features\" data-name=\"features\" style=\"padding-top: 20px ;padding-bottom: 20px ;\" id=\"row-unique-2\"><div class=\"row limit-width row-parent\"><div class=\"wpb_row row-inner\"><div class=\"wpb_column pos-top pos-left align_left column_parent col-lg-6 single-internal-gutter\"><div class=\"uncol style-light\"  ><div class=\"uncoltable\"><div class=\"uncell border-accent-color no-block-padding\" style=\"border-style: solid;\" ><div class=\"uncont\" ><div id=\"ultimate-heading-689569d9a533461c4\" class=\"uvc-heading ult-adjust-bottom-margin ultimate-heading-689569d9a533461c4 uvc-8774\" data-hspacer=\"no_spacer\"  data-halign=\"left\" style=\"text-align:left\"><div class=\"uvc-heading-spacer no_spacer\" style=\"top\"><\/div><div class=\"uvc-main-heading ult-responsive\"  data-ultimate-target='.uvc-heading.ultimate-heading-689569d9a533461c4 h4'  data-responsive-json-new='{\"font-size\":\"\",\"line-height\":\"\"}' ><h4 style=\"font-weight:bold;\">DISPONIBLE PARA NUESTROS NUEVOS MIEMBROS<\/h4><\/div><\/div><div class=\"uavc-list-icon uavc-list-icon-wrapper ult-adjust-bottom-margin\"><ul class=\"uavc-list\"><li><div class=\"uavc-list-content\" id=\"list-icon-wrap-2688\">\n<div class=\"uavc-list-icon\" data-animation=\"\" data-animation-delay=\"03\" style=\"margin-right:5px;\"><div class=\"ult-just-icon-wrapper\"><div class=\"align-icon\" style=\"text-align:center;\">\n<div class=\"aio-icon none\"  style=\"color:#031c32;font-size:20px;display:inline-block;\">\n\t<i class=\"Defaults-circle-thin genderless\"><\/i>\n<\/div><\/div><\/div>\n<\/div><span  data-ultimate-target='#list-icon-wrap-2688 .uavc-list-desc'  data-responsive-json-new='{\"font-size\":\"\",\"line-height\":\"\"}'  class=\"uavc-list-desc ult-responsive\" style=\"color:#000000;\">Emisi\u00f3n ilimitada de cheques sin cargos por cheque.<\/span><\/div><\/li><li><div class=\"uavc-list-content\" id=\"list-icon-wrap-3764\">\n<div class=\"uavc-list-icon\" data-animation=\"\" data-animation-delay=\"03\" style=\"margin-right:5px;\"><div class=\"ult-just-icon-wrapper\"><div class=\"align-icon\" style=\"text-align:center;\">\n<div class=\"aio-icon none\"  style=\"color:#031c32;font-size:20px;display:inline-block;\">\n\t<i class=\"Defaults-circle-thin genderless\"><\/i>\n<\/div><\/div><\/div>\n<\/div><span  data-ultimate-target='#list-icon-wrap-3764 .uavc-list-desc'  data-responsive-json-new='{\"font-size\":\"\",\"line-height\":\"\"}'  class=\"uavc-list-desc ult-responsive\" style=\"color:#000000;\">Visa gratuita<span style=\"font-size: 8px; vertical-align: top;\">\u00ae<\/span> Tarjeta de d\u00e9bito con recompensas ScoreCard<\/span><\/div><\/li><li><div class=\"uavc-list-content\" id=\"list-icon-wrap-2916\">\n<div class=\"uavc-list-icon\" data-animation=\"\" data-animation-delay=\"03\" style=\"margin-right:5px;\"><div class=\"ult-just-icon-wrapper\"><div class=\"align-icon\" style=\"text-align:center;\">\n<div class=\"aio-icon none\"  style=\"color:#031c32;font-size:20px;display:inline-block;\">\n\t<i class=\"Defaults-circle-thin genderless\"><\/i>\n<\/div><\/div><\/div>\n<\/div><span  data-ultimate-target='#list-icon-wrap-2916 .uavc-list-desc'  data-responsive-json-new='{\"font-size\":\"\",\"line-height\":\"\"}'  class=\"uavc-list-desc ult-responsive\" style=\"color:#000000;\">Banca en l\u00ednea y pago de facturas GRATIS<\/p>\n<p><\/span><\/div><\/li><li><div class=\"uavc-list-content\" id=\"list-icon-wrap-8678\">\n<div class=\"uavc-list-icon\" data-animation=\"\" data-animation-delay=\"03\" style=\"margin-right:5px;\"><div class=\"ult-just-icon-wrapper\"><div class=\"align-icon\" style=\"text-align:center;\">\n<div class=\"aio-icon none\"  style=\"color:#031c32;font-size:20px;display:inline-block;\">\n\t<i class=\"Defaults-circle-thin genderless\"><\/i>\n<\/div><\/div><\/div>\n<\/div><span  data-ultimate-target='#list-icon-wrap-8678 .uavc-list-desc'  data-responsive-json-new='{\"font-size\":\"\",\"line-height\":\"\"}'  class=\"uavc-list-desc ult-responsive\" style=\"color:#000000;\">Servicios de asesoramiento financiero GRATUITOS DE BALANCE<\/span><\/div><\/li><li><div class=\"uavc-list-content\" id=\"list-icon-wrap-5449\">\n<div class=\"uavc-list-icon\" data-animation=\"\" data-animation-delay=\"03\" style=\"margin-right:5px;\"><div class=\"ult-just-icon-wrapper\"><div class=\"align-icon\" style=\"text-align:center;\">\n<div class=\"aio-icon none\"  style=\"color:#031c32;font-size:20px;display:inline-block;\">\n\t<i class=\"Defaults-circle-thin genderless\"><\/i>\n<\/div><\/div><\/div>\n<\/div><span  data-ultimate-target='#list-icon-wrap-5449 .uavc-list-desc'  data-responsive-json-new='{\"font-size\":\"\",\"line-height\":\"\"}'  class=\"uavc-list-desc ult-responsive\" style=\"color:#000000;\">Compras con tarjeta de d\u00e9bito Visa<\/span><\/div><\/li><\/ul><\/div><\/div><\/div><\/div><\/div><\/div><div class=\"wpb_column pos-top pos-left align_left column_parent col-lg-6 single-internal-gutter\"><div class=\"uncol style-light\"  ><div class=\"uncoltable\"><div class=\"uncell border-accent-color no-block-padding\" style=\"border-style: solid;\" ><div class=\"uncont\" ><div id=\"ultimate-heading-85969d9a5334692a\" class=\"uvc-heading ult-adjust-bottom-margin ultimate-heading-85969d9a5334692a uvc-3753\" data-hspacer=\"no_spacer\"  data-halign=\"left\" style=\"text-align:left\"><div class=\"uvc-heading-spacer no_spacer\" style=\"top\"><\/div><div class=\"uvc-main-heading ult-responsive\"  data-ultimate-target='.uvc-heading.ultimate-heading-85969d9a5334692a h4'  data-responsive-json-new='{\"font-size\":\"\",\"line-height\":\"\"}' ><h4 style=\"font-weight:bold;\">TRANSACCIONES ELEGIBLES<\/h4><\/div><\/div><div class=\"uavc-list-icon uavc-list-icon-wrapper ult-adjust-bottom-margin\"><ul class=\"uavc-list\"><li><div class=\"uavc-list-content\" id=\"list-icon-wrap-5694\">\n<div class=\"uavc-list-icon\" data-animation=\"\" data-animation-delay=\"03\" style=\"margin-right:5px;\"><div class=\"ult-just-icon-wrapper\"><div class=\"align-icon\" style=\"text-align:center;\">\n<div class=\"aio-icon none\"  style=\"color:#031c32;font-size:20px;display:inline-block;\">\n\t<i class=\"Defaults-circle-thin genderless\"><\/i>\n<\/div><\/div><\/div>\n<\/div><span  data-ultimate-target='#list-icon-wrap-5694 .uavc-list-desc'  data-responsive-json-new='{\"font-size\":\"\",\"line-height\":\"\"}'  class=\"uavc-list-desc ult-responsive\" style=\"color:#000000;\">Compensaci\u00f3n de cheques<\/p>\n<p><\/span><\/div><\/li><li><div class=\"uavc-list-content\" id=\"list-icon-wrap-4806\">\n<div class=\"uavc-list-icon\" data-animation=\"\" data-animation-delay=\"03\" style=\"margin-right:5px;\"><div class=\"ult-just-icon-wrapper\"><div class=\"align-icon\" style=\"text-align:center;\">\n<div class=\"aio-icon none\"  style=\"color:#031c32;font-size:20px;display:inline-block;\">\n\t<i class=\"Defaults-circle-thin genderless\"><\/i>\n<\/div><\/div><\/div>\n<\/div><span  data-ultimate-target='#list-icon-wrap-4806 .uavc-list-desc'  data-responsive-json-new='{\"font-size\":\"\",\"line-height\":\"\"}'  class=\"uavc-list-desc ult-responsive\" style=\"color:#000000;\">Dep\u00f3sito directo<\/span><\/div><\/li><li><div class=\"uavc-list-content\" id=\"list-icon-wrap-9770\">\n<div class=\"uavc-list-icon\" data-animation=\"\" data-animation-delay=\"03\" style=\"margin-right:5px;\"><div class=\"ult-just-icon-wrapper\"><div class=\"align-icon\" style=\"text-align:center;\">\n<div class=\"aio-icon none\"  style=\"color:#031c32;font-size:20px;display:inline-block;\">\n\t<i class=\"Defaults-circle-thin genderless\"><\/i>\n<\/div><\/div><\/div>\n<\/div><span  data-ultimate-target='#list-icon-wrap-9770 .uavc-list-desc'  data-responsive-json-new='{\"font-size\":\"\",\"line-height\":\"\"}'  class=\"uavc-list-desc ult-responsive\" style=\"color:#000000;\">Pago de facturas mediante pago de facturas en l\u00ednea<\/span><\/div><\/li><li><div class=\"uavc-list-content\" id=\"list-icon-wrap-7995\">\n<div class=\"uavc-list-icon\" data-animation=\"\" data-animation-delay=\"03\" style=\"margin-right:5px;\"><div class=\"ult-just-icon-wrapper\"><div class=\"align-icon\" style=\"text-align:center;\">\n<div class=\"aio-icon none\"  style=\"color:#031c32;font-size:20px;display:inline-block;\">\n\t<i class=\"Defaults-circle-thin genderless\"><\/i>\n<\/div><\/div><\/div>\n<\/div><span  data-ultimate-target='#list-icon-wrap-7995 .uavc-list-desc'  data-responsive-json-new='{\"font-size\":\"\",\"line-height\":\"\"}'  class=\"uavc-list-desc ult-responsive\" style=\"color:#000000;\">Dep\u00f3sitos o retiros en sucursal<\/span><\/div><\/li><li><div class=\"uavc-list-content\" id=\"list-icon-wrap-4062\">\n<div class=\"uavc-list-icon\" data-animation=\"\" data-animation-delay=\"03\" style=\"margin-right:5px;\"><div class=\"ult-just-icon-wrapper\"><div class=\"align-icon\" style=\"text-align:center;\">\n<div class=\"aio-icon none\"  style=\"color:#031c32;font-size:20px;display:inline-block;\">\n\t<i class=\"Defaults-circle-thin genderless\"><\/i>\n<\/div><\/div><\/div>\n<\/div><span  data-ultimate-target='#list-icon-wrap-4062 .uavc-list-desc'  data-responsive-json-new='{\"font-size\":\"\",\"line-height\":\"\"}'  class=\"uavc-list-desc ult-responsive\" style=\"color:#000000;\">dep\u00f3sitos en cajeros autom\u00e1ticos<\/span><\/div><\/li><\/ul><\/div><\/div><\/div><\/div><\/div><\/div><script id=\"script-row-unique-2\" data-row=\"script-row-unique-2\" type=\"text\/javascript\" class=\"vc_controls\">UNCODE.initRow(document.getElementById(\"row-unique-2\"));<\/script><\/div><\/div><\/div><div data-parent=\"true\" class=\"vc_row style-color-lxmt-bg vc_custom_1547053951717 row-container\" style=\"padding-top: 20px ;padding-bottom: 20px ;\" id=\"row-unique-3\"><div class=\"row col-half-gutter limit-width row-parent\"><div class=\"wpb_row row-inner\"><div class=\"wpb_column pos-top pos-center align_left column_parent col-lg-12 single-internal-gutter\"><div class=\"uncol style-light\"  ><div class=\"uncoltable\"><div class=\"uncell no-block-padding\" ><div class=\"uncont\" ><div class=\"uncode_text_column\" ><\/p>\n<p class=\"disclaimer\"><span style=\"color: #000000;\">*Esta oferta aplica \u00fanicamente a nuevos miembros de BrightStar Credit Union que abran una cuenta corriente comercial. La membres\u00eda y la cuenta corriente deben establecerse simult\u00e1neamente. Pueden aplicarse requisitos para la apertura de nuevas cuentas corrientes. El monto $100 se depositar\u00e1 en la cuenta de ahorros principal del miembro y generar\u00e1 dividendos, pero no estar\u00e1 disponible para retiro ni acceso por ning\u00fan motivo hasta 7 meses despu\u00e9s de la apertura de la cuenta. Por favor, espere de 4 a 6 semanas despu\u00e9s de finalizado el s\u00e9ptimo mes para que se complete la revisi\u00f3n de la cuenta.<\/span><\/p>\n<p class=\"disclaimer\"><span style=\"color: #000000;\">El bono $100 se perder\u00e1 si la cuenta corriente no est\u00e1 activa durante ning\u00fan per\u00edodo de 30 d\u00edas en los primeros 7 meses posteriores a su apertura, con la excepci\u00f3n de un per\u00edodo de gracia de 30 d\u00edas a partir de la fecha de apertura. Una cuenta corriente activa se define como un m\u00ednimo de cuatro (4) transacciones por per\u00edodo de 30 d\u00edas. Las transacciones elegibles incluyen: compras con tarjeta de d\u00e9bito Visa, compensaci\u00f3n de cheques, dep\u00f3sito directo de n\u00f3mina u otros fondos, pago de facturas a trav\u00e9s de Online BillPay, retiros o dep\u00f3sitos en sucursales, dep\u00f3sitos en cajeros autom\u00e1ticos. Las transacciones no elegibles incluyen: registro de dividendos, cobro de comisiones, ajustes manuales, transferencias, retiros en cajeros autom\u00e1ticos, d\u00e9bitos autom\u00e1ticos u otras transacciones. Las cuentas se revisar\u00e1n durante el octavo mes posterior a la fecha de apertura; en ese momento, se liberar\u00e1 la retenci\u00f3n del bono $100 o se debitar\u00e1 el bono de la cuenta. Esta oferta no es v\u00e1lida con otras ofertas y puede cambiar o finalizar sin previo aviso. Para ser elegible, debe ser residente de los EE. UU. y mayor de 18 a\u00f1os. L\u00edmite de un premio en efectivo $100 por persona. El socio es responsable de cualquier impuesto relacionado con la oferta. La oferta est\u00e1 sujeta a cambios o puede finalizar en cualquier momento. Pueden aplicarse otras condiciones. Puede aplicarse un cargo por estado de cuenta en papel. Se aplican condiciones. BrightStar Credit Union est\u00e1 asegurada federalmente por la NCUA. Se requiere ser miembro.<\/span><\/p>\n<p>\n<\/div><\/div><\/div><\/div><\/div><\/div><script id=\"script-row-unique-3\" data-row=\"script-row-unique-3\" type=\"text\/javascript\" class=\"vc_controls\">UNCODE.initRow(document.getElementById(\"row-unique-3\"));<\/script><\/div><\/div><\/div>","protected":false},"excerpt":{"rendered":"Earn $100 Cash Bonus When you open a new BrightStar Business Checking Account* JUST FOR NEW BRIGHTSTAR MEMBERS. Get $100 [...]","protected":false},"author":8,"featured_media":0,"parent":0,"menu_order":0,"comment_status":"closed","ping_status":"closed","template":"","meta":{"footnotes":""},"class_list":["post-11087","page","type-page","status-publish","hentry"],"_links":{"self":[{"href":"https:\/\/demo2.mybscu.org\/es\/wp-json\/wp\/v2\/pages\/11087","targetHints":{"allow":["GET"]}}],"collection":[{"href":"https:\/\/demo2.mybscu.org\/es\/wp-json\/wp\/v2\/pages"}],"about":[{"href":"https:\/\/demo2.mybscu.org\/es\/wp-json\/wp\/v2\/types\/page"}],"author":[{"embeddable":true,"href":"https:\/\/demo2.mybscu.org\/es\/wp-json\/wp\/v2\/users\/8"}],"replies":[{"embeddable":true,"href":"https:\/\/demo2.mybscu.org\/es\/wp-json\/wp\/v2\/comments?post=11087"}],"version-history":[{"count":0,"href":"https:\/\/demo2.mybscu.org\/es\/wp-json\/wp\/v2\/pages\/11087\/revisions"}],"wp:attachment":[{"href":"https:\/\/demo2.mybscu.org\/es\/wp-json\/wp\/v2\/media?parent=11087"}],"curies":[{"name":"wp","href":"https:\/\/api.w.org\/{rel}","templated":true}]}}