{"id":11292,"date":"2020-11-17T14:22:33","date_gmt":"2020-11-17T19:22:33","guid":{"rendered":"https:\/\/demo2.mybscu.org\/?page_id=11292"},"modified":"2023-02-16T12:26:49","modified_gmt":"2023-02-16T17:26:49","slug":"fixedheloc","status":"publish","type":"page","link":"https:\/\/demo2.mybscu.org\/es\/fixedheloc\/","title":{"rendered":"Promoci\u00f3n de HELOC fija"},"content":{"rendered":"<section data-parent=\"true\" class=\"vc_section row-container\" id=\"section-unique-0\"><div class=\"row-background background-element\">\n\t\t\t\t\t\t\t\t\t\t\t<div class=\"background-wrapper\">\n\t\t\t\t\t\t\t\t\t\t\t\t<div class=\"background-inner\" style=\"background-image: url(https:\/\/demo2.mybscu.org\/wp-content\/uploads\/2020\/11\/fixed-heloc.jpg);background-repeat: no-repeat;background-position: center top;background-attachment: scroll;background-size: cover;\"><\/div>\n\t\t\t\t\t\t\t\t\t\t\t\t<div class=\"block-bg-overlay style-color-jevc-bg\" style=\"opacity: 0.45;\"><\/div>\n\t\t\t\t\t\t\t\t\t\t\t<\/div>\n\t\t\t\t\t\t\t\t\t\t<\/div><div class=\"row no-top-padding no-bottom-padding no-h-padding full-width row-parent\"><div data-parent=\"true\" class=\"vc_row row-container\" id=\"row-unique-0\"><div class=\"row unequal limit-width row-parent\" data-height-ratio=\"40\" data-minheight=\"300\"><div class=\"wpb_row row-inner\"><div class=\"wpb_column pos-middle pos-center align_center align_center_mobile column_parent col-lg-12 no-internal-gutter\"><div class=\"uncol style-light\"  ><div class=\"uncoltable\"><div class=\"uncell no-block-padding\" ><div class=\"uncont\" ><div id=\"ultimate-heading-837169d990ad636d9\" class=\"uvc-heading ult-adjust-bottom-margin ultimate-heading-837169d990ad636d9 uvc-4944\" data-hspacer=\"no_spacer\"  data-halign=\"center\" style=\"text-align:center\"><div class=\"uvc-heading-spacer no_spacer\" style=\"top\"><\/div><div class=\"uvc-main-heading ult-responsive\"  data-ultimate-target='.uvc-heading.ultimate-heading-837169d990ad636d9 h1'  data-responsive-json-new='{\"font-size\":\"\",\"line-height\":\"\"}' ><h1 style=\"font-weight:normal;color:#ffffff;\">L\u00ednea de cr\u00e9dito hipotecario a tasa fija<\/h1><\/div><div class=\"uvc-sub-heading ult-responsive\"  data-ultimate-target='.uvc-heading.ultimate-heading-837169d990ad636d9 .uvc-sub-heading '  data-responsive-json-new='{\"font-size\":\"desktop:24px;\",\"line-height\":\"\"}'  style=\"font-weight:normal;color:#ffffff;\"><\/p>\n<p style=\"text-align: center;\">\u00a1Dibuja ahora y ahorra!<\/p>\n<p><\/div><\/div><div class=\"ult-spacer spacer-69d990ad63713\" data-id=\"69d990ad63713\" data-height=\"10\" data-height-mobile=\"10\" data-height-tab=\"10\" data-height-tab-portrait=\"\" data-height-mobile-landscape=\"\" style=\"clear:both;display:block;\"><\/div><\/div><\/div><\/div><\/div><\/div><script id=\"script-row-unique-0\" data-row=\"script-row-unique-0\" type=\"text\/javascript\" class=\"vc_controls\">UNCODE.initRow(document.getElementById(\"row-unique-0\"));<\/script><\/div><\/div><\/div><script id=\"script-section-unique-0\" data-section=\"script-section-unique-0\" type=\"text\/javascript\">UNCODE.initSection(document.getElementById(\"section-unique-0\"));<\/script><\/div><\/section><div data-parent=\"true\" class=\"vc_row style-color-lxmt-bg vc_custom_1499261908097 row-container\" style=\"padding-top: 20px ;\" id=\"row-unique-1\"><div class=\"row limit-width row-parent\"><div class=\"wpb_row row-inner\"><div class=\"wpb_column pos-middle pos-left align_left column_parent col-lg-12 single-internal-gutter\"><div class=\"uncol style-light\"  ><div class=\"uncoltable\"><div class=\"uncell no-block-padding\" ><div class=\"uncont\" ><div class=\"aio-icon-component    style_1\"><div id=\"Info-box-wrap-4561\" class=\"aio-icon-box default-icon\" style=\"\"  ><div class=\"aio-icon-default\"><div class=\"ult-just-icon-wrapper\"><div class=\"align-icon\" style=\"text-align:center;\">\n<div class=\"aio-icon none\" data-animation=\"slideInLeft\" data-animation-delay=\"03\" style=\"color:#00475f;font-size:64px;display:inline-block;\">\n\t<i class=\"Defaults-tags\"><\/i>\n<\/div><\/div><\/div><\/div><div class=\"aio-icon-header\" ><h3 class=\"aio-icon-title ult-responsive\"  data-ultimate-target='#Info-box-wrap-4561 .aio-icon-title'  data-responsive-json-new='{\"font-size\":\"desktop:18px;\",\"line-height\":\"\"}'  style=\"color:#031c32;\">Ahora puedes fijar una parte de tu L\u00ednea de Cr\u00e9dito Hipotecario. Esta opci\u00f3n te permite obtener un pr\u00e9stamo a una tasa fija baja inmediatamente despu\u00e9s de la apertura de tu l\u00ednea. Con una cuota mensual predecible y sin comisiones, puedes remodelar tu casa o realizar esa gran compra antes de lo previsto. \u00a1Aprovecha la tasa fija y solicita el pr\u00e9stamo hoy mismo!<\/h3><\/div> <!-- header --><\/div> <!-- aio-icon-box --><\/div> <!-- aio-icon-component --><\/div><\/div><\/div><\/div><\/div><script id=\"script-row-unique-1\" data-row=\"script-row-unique-1\" type=\"text\/javascript\" class=\"vc_controls\">UNCODE.initRow(document.getElementById(\"row-unique-1\"));<\/script><\/div><\/div><\/div><div data-parent=\"true\" class=\"vc_row style-color-gyho-bg vc_custom_1605643581225 row-container onepage-section\" data-label=\"request\" data-name=\"request\" style=\"padding-top: 20px ;padding-bottom: 20px ;\" id=\"row-unique-2\"><div class=\"row limit-width row-parent\"><div class=\"wpb_row row-inner\"><div class=\"wpb_column pos-middle pos-center align_center column_parent col-lg-12 single-internal-gutter\"><div class=\"uncol style-light\"  ><div class=\"uncoltable\"><div class=\"uncell no-block-padding\" ><div class=\"uncont\" ><div id=\"ultimate-heading-375769d990ad661c6\" class=\"uvc-heading ult-adjust-bottom-margin ultimate-heading-375769d990ad661c6 uvc-9747\" data-hspacer=\"no_spacer\"  data-halign=\"center\" style=\"text-align:center\"><div class=\"uvc-heading-spacer no_spacer\" style=\"top\"><\/div><div class=\"uvc-main-heading ult-responsive\"  data-ultimate-target='.uvc-heading.ultimate-heading-375769d990ad661c6 h3'  data-responsive-json-new='{\"font-size\":\"\",\"line-height\":\"\"}' ><h3 style=\"font-weight:normal;\">Solicitar informaci\u00f3n<\/h3><\/div><div class=\"uvc-sub-heading ult-responsive\"  data-ultimate-target='.uvc-heading.ultimate-heading-375769d990ad661c6 .uvc-sub-heading '  data-responsive-json-new='{\"font-size\":\"desktop:20px;\",\"line-height\":\"\"}'  style=\"font-weight:normal;color:#000000;\"><\/p>\n<p style=\"text-align: center;\">Me gustar\u00eda que alguien se pusiera en contacto conmigo para hablar sobre la opci\u00f3n de l\u00ednea de cr\u00e9dito con garant\u00eda hipotecaria a tipo fijo.<\/p>\n<p><\/div><\/div><span class=\"btn-container\" ><a href=\"#apply\" class=\"custom-link btn border-width-0 fixedheloc btn-accent btn-round btn-icon-left\" title=\"SOLICITA UNA L\u00cdNEA DE INTER\u00c9S HIPOTECARIO A FIJO\">\u00a1SOLICITA AHORA!<\/a><\/span><\/div><\/div><\/div><\/div><\/div><script id=\"script-row-unique-2\" data-row=\"script-row-unique-2\" type=\"text\/javascript\" class=\"vc_controls\">UNCODE.initRow(document.getElementById(\"row-unique-2\"));<\/script><\/div><\/div><\/div><div data-parent=\"true\" class=\"vc_row style-color-lxmt-bg vc_custom_1497555621261 row-container\" style=\"padding-top: 20px ;padding-bottom: 20px ;\" id=\"row-unique-3\"><div class=\"row limit-width row-parent\"><div class=\"wpb_row row-inner\"><div class=\"wpb_column pos-middle pos-center align_center column_parent col-lg-12 no-internal-gutter\"><div class=\"uncol style-light\"  ><div class=\"uncoltable\"><div class=\"uncell no-block-padding\" ><div class=\"uncont\" ><div class=\"uncode_text_column\" ><\/p>\n<p style=\"text-align: left; font-size: 14px;\"><span style=\"color: #000000;\">*El socio debe realizar un retiro m\u00ednimo de 10\u00a0000\u00a0$ para optar a la tasa fija. Se requiere cumplir con los requisitos de membres\u00eda. Se aplican condiciones y aprobaci\u00f3n de cr\u00e9dito. Las ofertas est\u00e1n sujetas a cambios o pueden finalizar en cualquier momento. Los costos y cargos indicados son estimados y est\u00e1n sujetos a cambios. Se pueden aplicar cargos adicionales, seg\u00fan el programa de pr\u00e9stamo seleccionado. TAE = Tasa Anual Equivalente. Nuestras l\u00edneas de cr\u00e9dito con garant\u00eda hipotecaria no tienen cuota anual ni cargo por solicitud.<\/span><\/p>\n<p>\n<\/div>\n\t<div class=\"wpb_raw_code wpb_raw_js\" >\n\t\t<div class=\"wpb_wrapper\">\n\t\t\t<script type=\"text\/javascript\">\nload_css()\n\nfunction getQueryStringArray(){\n    var assoc=[]; \n    var items = window.location.search.substring(1).split('&'); \n    for(var j = 0; j < items.length; j++) { \n       var a = items[j].split('='); assoc[a[0]] = a[1]; \n    }\n    return assoc;\n}\n\nfunction load_css()\n{  \n   \/\/loading custom css based on the referral\nvar qs = getQueryStringArray();\nif (qs.utm_campaign !== 'undefined' && qs.utm_campaign) {\n   switch (qs.utm_campaign) {\n     case 'fixed_heloc': \n         \/\/ Get HTML head element \n        var head = document.getElementsByTagName('HEAD')[0];  \n        \/\/ Create new link Element \n        var link = document.createElement('link'); \n        \/\/ set the attributes for link element  \n       link.rel = 'stylesheet';  \n        link.type = 'text\/css'; \n        link.href = '..\/wp-content\/themes\/uncode-child\/heloc.css';  \n        \/\/ Append link element to HTML head \n        head.appendChild(link);\n         break;                       \n   } \n } \n}\n\n\n<\/script>\n\n\t\t<\/div>\n\t<\/div>\n<div id=\"modal-trg-txt-wrap-9188\" class=\"ult-modal-input-wrapper ult-adjust-bottom-margin\" data-keypress-control=\"keypress-control-enable\" data-overlay-control=\"overlay-control-enable\"><span data-class-id=\"content-69d990ad68ded3-22863140\"><\/span>\r\n\t\t\t\t<script type=\"text\/javascript\">\r\n\t\t\t\t(function($){\r\n\t\t\t\t\t$(document).ready(function(){\r\n\t\t\t\t\t\tvar selector = \".fixedheloc\";\r\n\t\t\t\t\t\t$(selector).addClass(\"custom-ult-modal overlay-show-genie\");\r\n\t\t\t\t\t\t$(selector).attr(\"data-class-id\", \"content-69d990ad68ded3-22863140\");\r\n\t\t\t\t\t\t$(selector).attr(\"data-overlay-class\", \"overlay-show-genie\");\r\n\t\t\t\t\t\t$(selector).attr(\"data-keypress-control\", \"keypress-control-enable\");\r\n\t\t\t\t\t\t$(selector).attr(\"data-overlay-control\", \"overlay-control-enable\");\r\n\t\t\t\t\t});\r\n\t\t\t\t})(jQuery);\r\n\t\t\t\t<\/script><\/div>\n<div class=\"ult-overlay overlay-genie content-69d990ad68ded3-22863140\" style=\"display:none\" data-class=\"content-69d990ad68ded3-22863140\" data-steps=\"m 701.56545,809.01175 35.16718,0 0,19.68384 -35.16718,0 z;m 698.9986,728.03569 41.23353,0 -3.41953,77.8735 -34.98557,0 z;m 687.08153,513.78234 53.1506,0 C 738.0505,683.9161 737.86917,503.34193 737.27015,806 l -35.90067,0 c -7.82727,-276.34892 -2.06916,-72.79261 -14.28795,-292.21766 z;m 403.87105,257.94772 566.31246,2.93091 C 923.38284,513.78233 738.73561,372.23931 737.27015,806 l -35.90067,0 C 701.32034,404.49318 455.17312,480.07689 403.87105,257.94772 z;M 51.871052,165.94772 1362.1835,168.87863 C 1171.3828,653.78233 738.73561,372.23931 737.27015,806 l -35.90067,0 C 701.32034,404.49318 31.173122,513.78234 51.871052,165.94772 z;m 52,26 1364,4 c -12.8007,666.9037 -273.2644,483.78234 -322.7299,776 l -633.90062,0 C 359.32034,432.49318 -6.6979288,733.83462 52,26 z;m 0,0 1439.999975,0 0,805.99999 -1439.999975,0 z\">\n\t<svg xmlns=\"http:\/\/www.w3.org\/2000\/svg\" width=\"100%\" height=\"100%\" viewbox=\"0 0 1440 806\" preserveaspectratio=\"none\">\r\n\t\t\t\t\t\t\t<path class=\"overlay-path\" d=\"m 701.56545,809.01175 35.16718,0 0,19.68384 -35.16718,0 z\" style=\"fill:rgba(255,255,255,0.8);\"\/>\r\n\t\t\t\t\t\t<\/svg>\n\t<div class=\"ult_modal ult-fade ult-small\">\n\t<div class=\"ult-overlay-close popup-edge-top-right\" style=\"width:25px;height:25px; background-color: #eaaf00;border-radius: 50%;padding:10px;box-sizing: content-box; top:-22.5px;right:-22.5px;\"><div class=\"ult-overlay-close-inside\">Cerca<\/div><\/div>\n\t\t<div id=\"ult-modal-wrap-6164\" class=\"ult_modal-content ult-hide\" style=\"border-style:solid;border-width:2px;border-radius:20px;border-color:;\">\n\t\t\t<div class=\"ult_modal-header\" style=\"background:#00475f;color:#ffffff;border-color:;\">\n\t\t\t\t<h3  data-ultimate-target='#ult-modal-wrap-6164 .ult_modal-title'  data-responsive-json-new='{\"font-size\":\"\",\"line-height\":\"\"}'  class=\"ult_modal-title ult-responsive\">L\u00ednea de cr\u00e9dito con garant\u00eda hipotecaria fija<\/h3>\n\t\t\t<\/div>\n\t\t\t<div  data-ultimate-target='#ult-modal-wrap-6164 .ult_modal-body'  data-responsive-json-new='{\"font-size\":\"\",\"line-height\":\"\"}'  class=\"ult_modal-body ult-responsive ult-html\" style=\"background:#eaeaea;\">\n\t\t\t<iframe style=\"width: 100%; height: 700px; border: 0 none; overflow-y: auto;\" src=\"https:\/\/demo2.mybscu.org\/forms\/eforms\/fixed-heloc\/69\/\" width=\"100%\" height=\"700\" frameborder=\"0\">\u00a0<\/iframe>\n\t\t\t<\/div>\n\t<\/div>\n\t<\/div>\n<\/div><\/div><\/div><\/div><\/div><\/div><script id=\"script-row-unique-3\" data-row=\"script-row-unique-3\" type=\"text\/javascript\" class=\"vc_controls\">UNCODE.initRow(document.getElementById(\"row-unique-3\"));<\/script><\/div><\/div><\/div>","protected":false},"excerpt":{"rendered":"<p>We\u2019re excited to introduce Fixed Loans for your Home Equity Line of Credit. This is an option where you can borrow a lump sum for a fixed low rate! With a predictable monthly payment and no fees, you can remodel your home or make that next big purchase even sooner. Take advantage of a fixed rate and draw today!<\/p>","protected":false},"author":8,"featured_media":0,"parent":0,"menu_order":0,"comment_status":"closed","ping_status":"closed","template":"","meta":{"footnotes":""},"class_list":["post-11292","page","type-page","status-publish","hentry"],"_links":{"self":[{"href":"https:\/\/demo2.mybscu.org\/es\/wp-json\/wp\/v2\/pages\/11292","targetHints":{"allow":["GET"]}}],"collection":[{"href":"https:\/\/demo2.mybscu.org\/es\/wp-json\/wp\/v2\/pages"}],"about":[{"href":"https:\/\/demo2.mybscu.org\/es\/wp-json\/wp\/v2\/types\/page"}],"author":[{"embeddable":true,"href":"https:\/\/demo2.mybscu.org\/es\/wp-json\/wp\/v2\/users\/8"}],"replies":[{"embeddable":true,"href":"https:\/\/demo2.mybscu.org\/es\/wp-json\/wp\/v2\/comments?post=11292"}],"version-history":[{"count":3,"href":"https:\/\/demo2.mybscu.org\/es\/wp-json\/wp\/v2\/pages\/11292\/revisions"}],"predecessor-version":[{"id":14660,"href":"https:\/\/demo2.mybscu.org\/es\/wp-json\/wp\/v2\/pages\/11292\/revisions\/14660"}],"wp:attachment":[{"href":"https:\/\/demo2.mybscu.org\/es\/wp-json\/wp\/v2\/media?parent=11292"}],"curies":[{"name":"wp","href":"https:\/\/api.w.org\/{rel}","templated":true}]}}