{"id":11979,"date":"2021-04-23T14:40:49","date_gmt":"2021-04-23T18:40:49","guid":{"rendered":"https:\/\/demo2.mybscu.org\/?page_id=11979"},"modified":"2023-05-26T12:32:06","modified_gmt":"2023-05-26T16:32:06","slug":"5for25","status":"publish","type":"page","link":"https:\/\/demo2.mybscu.org\/es\/5for25\/","title":{"rendered":"5 por 25"},"content":{"rendered":"<section data-parent=\"true\" class=\"vc_section row-container\" id=\"section-unique-0\"><div class=\"row-background background-element\">\n\t\t\t\t\t\t\t\t\t\t\t<div class=\"background-wrapper\">\n\t\t\t\t\t\t\t\t\t\t\t\t<div class=\"background-inner\" style=\"background-image: url(https:\/\/demo2.mybscu.org\/wp-content\/uploads\/2021\/04\/5for25.jpg);background-repeat: no-repeat;background-position: center top;background-attachment: scroll;background-size: cover;\"><\/div>\n\t\t\t\t\t\t\t\t\t\t\t\t<div class=\"block-bg-overlay style-color-prif-bg\" style=\"opacity: 0.45;\"><\/div>\n\t\t\t\t\t\t\t\t\t\t\t<\/div>\n\t\t\t\t\t\t\t\t\t\t<\/div><div class=\"row no-top-padding no-bottom-padding no-h-padding full-width row-parent\"><div data-parent=\"true\" class=\"vc_row vc_custom_1612893245499 row-container has-dividers\" style=\"padding-top: 20px ;padding-bottom: 20px ;\" id=\"row-unique-0\"><div class=\"uncode-divider-wrap uncode-divider-wrap-bottom z_index_3 uncode-row-divider-invert\" style=\"height: 100px;\" data-height=\"100\" data-unit=\"px\"><svg version=\"1.1\" class=\"uncode-row-divider uncode-row-divider-curve\" x=\"0px\" y=\"0px\" width=\"240px\" height=\"24px\" viewbox=\"0 0 240 24\" enable-background=\"new 0 0 240 24\" xml:space=\"preserve\" preserveaspectratio=\"none\">\n\t\t<path fill=\"#ffffff\" fill-opacity=\"0.25\" d=\"M240,0H0v24l240-11.26V0z\"\/>\n\t\t<path fill=\"#ffffff\" d=\"M0,0h240v12.74L0,0z\"\/>\n\t\t<path fill=\"#ffffff\" fill-opacity=\"0.5\" d=\"M0,0h240v12.74H0V0z\"\/>\n\t\t<\/svg><\/div><div class=\"row limit-width row-parent\"><div class=\"wpb_row row-inner\"><div class=\"wpb_column pos-middle pos-center align_center column_parent col-lg-12 single-internal-gutter\"><div class=\"uncol style-light\"  ><div class=\"uncoltable\"><div class=\"uncell  vc_custom_1612821354555 no-block-padding\" style=\"padding-top: 100px ;padding-bottom: 100px ;\" ><div class=\"uncont\" ><div id=\"ultimate-heading-656869d9d4b28d8fe\" class=\"uvc-heading ult-adjust-bottom-margin ultimate-heading-656869d9d4b28d8fe uvc-1727\" data-hspacer=\"no_spacer\"  data-halign=\"center\" style=\"text-align:center\"><div class=\"uvc-heading-spacer no_spacer\" style=\"top\"><\/div><div class=\"uvc-main-heading ult-responsive\"  data-ultimate-target='.uvc-heading.ultimate-heading-656869d9d4b28d8fe h1'  data-responsive-json-new='{\"font-size\":\"\",\"line-height\":\"\"}' ><h1 style=\"font-weight:normal;color:#ffffff;\">5 por 25<\/h1><\/div><div class=\"uvc-sub-heading ult-responsive\"  data-ultimate-target='.uvc-heading.ultimate-heading-656869d9d4b28d8fe .uvc-sub-heading '  data-responsive-json-new='{\"font-size\":\"desktop:24px;\",\"line-height\":\"\"}'  style=\"font-weight:normal;color:#ffffff;\"><\/p>\n<p style=\"text-align: center;\"><span style=\"color: #ffffff;\">*Mira 5 videos educativos y gana un dep\u00f3sito en efectivo de $25.00 en tu cuenta de ahorros de BrightStar CU. Es as\u00ed de sencillo.<\/span><\/p>\n<p><\/div><\/div><div class=\"uncode-single-media  text-center\"><div class=\"single-wrapper\" style=\"max-width: 40%;\"><div class=\"tmb tmb-light  tmb-media-first tmb-media-last tmb-content-overlay tmb-no-bg\"><div class=\"t-inside\"><div class=\"t-entry-visual\"><div class=\"t-entry-visual-tc\"><div class=\"uncode-single-media-wrapper\"><img decoding=\"async\" class=\"wp-image-11703\" src=\"https:\/\/demo2.mybscu.org\/wp-content\/uploads\/2021\/02\/sep-dec-ok.png\" width=\"1280\" height=\"70\" alt=\"\" srcset=\"https:\/\/demo2.mybscu.org\/wp-content\/uploads\/2021\/02\/sep-dec-ok.png 1280w, https:\/\/demo2.mybscu.org\/wp-content\/uploads\/2021\/02\/sep-dec-ok-300x16.png 300w, https:\/\/demo2.mybscu.org\/wp-content\/uploads\/2021\/02\/sep-dec-ok-1024x56.png 1024w, https:\/\/demo2.mybscu.org\/wp-content\/uploads\/2021\/02\/sep-dec-ok-768x42.png 768w, https:\/\/demo2.mybscu.org\/wp-content\/uploads\/2021\/02\/sep-dec-ok-125x7.png 125w, https:\/\/demo2.mybscu.org\/wp-content\/uploads\/2021\/02\/sep-dec-ok-75x4.png 75w\" sizes=\"(max-width: 1280px) 100vw, 1280px\" \/><\/div>\n\t\t\t\t\t<\/div>\n\t\t\t\t<\/div><\/div><\/div><\/div><\/div><div class=\"ult-spacer spacer-69d9d4b28f0a6\" data-id=\"69d9d4b28f0a6\" data-height=\"30\" data-height-mobile=\"30\" data-height-tab=\"30\" data-height-tab-portrait=\"\" data-height-mobile-landscape=\"\" style=\"clear:both;display:block;\"><\/div><\/div><\/div><\/div><\/div><\/div><script id=\"script-row-unique-0\" data-row=\"script-row-unique-0\" type=\"text\/javascript\" class=\"vc_controls\">UNCODE.initRow(document.getElementById(\"row-unique-0\"));<\/script><\/div><\/div><\/div><script id=\"script-section-unique-0\" data-section=\"script-section-unique-0\" type=\"text\/javascript\">UNCODE.initSection(document.getElementById(\"section-unique-0\"));<\/script><\/div><\/section><div data-parent=\"true\" class=\"vc_row style-color-xsdn-bg vc_custom_1685118099563 row-container\" style=\"padding-top: 100px ;padding-bottom: 100px ;\" id=\"row-unique-1\"><div class=\"row limit-width row-parent\"><div class=\"wpb_row row-inner\"><div class=\"wpb_column pos-middle pos-center align_center column_parent col-lg-12 single-internal-gutter\"><div class=\"uncol style-light\"  ><div class=\"uncoltable\"><div class=\"uncell no-block-padding\" ><div class=\"uncont\" ><span class=\"btn-container\" ><a href=\"#start\" class=\"custom-link btn border-width-0 5for25form btn-accent btn-round btn-icon-left\" title=\"El enlace se abrir\u00e1 en una nueva ventana modal.\">Comienza a ganar dinero<\/a><\/span><\/div><\/div><\/div><\/div><\/div><script id=\"script-row-unique-1\" data-row=\"script-row-unique-1\" type=\"text\/javascript\" class=\"vc_controls\">UNCODE.initRow(document.getElementById(\"row-unique-1\"));<\/script><\/div><\/div><\/div><div data-parent=\"true\" class=\"vc_row style-color-xsdn-bg vc_custom_1619447747515 row-container onepage-section\" data-label=\"features\" data-name=\"features\" style=\"padding-top: 20px ;padding-bottom: 20px ;\" id=\"row-unique-2\"><div class=\"row limit-width row-parent\"><div class=\"wpb_row row-inner\"><div class=\"wpb_column pos-middle pos-center align_left column_parent col-lg-12 single-internal-gutter\"><div class=\"uncol style-light\"  ><div class=\"uncoltable\"><div class=\"uncell no-block-padding\" ><div class=\"uncont\" ><div class=\"uncode_text_column\" ><\/p>\n<p style=\"font-size: 14px; text-align: left;\"><span style=\"color: #000000;\"><strong>1. C\u00f3mo participar:<\/strong><br \/>\nLos estudiantes deben ver los cinco (5) videos correspondientes a su grupo de edad. Luego, deben completar su informaci\u00f3n y las palabras clave para finalizar su participaci\u00f3n. BrightStar revisar\u00e1 todas las participaciones y, una vez aprobadas, el estudiante recibir\u00e1 un dep\u00f3sito de $25 en su cuenta de ahorros de BrightStar.<\/span><\/p>\n<p style=\"text-align: left;\"><span style=\"color: #000000;\"><strong>2. Requisitos de elegibilidad:<\/strong><\/span><br \/>\n<span style=\"color: #000000;\">Debe ser estudiante matriculado en un condado elegible. Cada estudiante debe ser miembro de BrightStar Credit Union y tener una cuenta de ahorros para menores o una cuenta corriente regular al corriente de pago. Debe tener dieciocho (18) a\u00f1os de edad o menos. Nulo donde lo proh\u00edba la ley. Se aplican todas las leyes federales, estatales y locales.<\/span><\/p>\n<p style=\"text-align: left;\"><span style=\"color: #000000;\"><strong>3. Dep\u00f3sito $25:<\/strong><\/span><br \/>\n<span style=\"color: #000000;\">Se otorgar\u00e1 un (1) incentivo en efectivo por estudiante. Si es menor de dieciocho (18) a\u00f1os, deber\u00e1 contar con el permiso de sus padres o tutores legales para participar, marcando la casilla correspondiente en el formulario de inscripci\u00f3n. La informaci\u00f3n proporcionada en el formulario debe ser precisa; de lo contrario, el participante podr\u00eda perder el premio. BrightStar Management se reserva el derecho de modificar, cambiar o finalizar esta promoci\u00f3n en cualquier momento. BrightStar CU Management tiene plena discreci\u00f3n para otorgar estos incentivos. Las decisiones de la administraci\u00f3n son definitivas. Los premios se acreditar\u00e1n mensualmente; el procesamiento puede tardar hasta 30 d\u00edas. Asegurado federalmente por la NCUA.<\/span><\/p>\n<p style=\"text-align: left;\"><span style=\"color: #000000;\"><strong>4. Condiciones generales:<\/strong><\/span><br \/>\n<span style=\"color: #000000;\">Al participar en este sorteo, los participantes aceptan estar sujetos a estas Reglas Oficiales y a las decisiones de los jueces, las cuales son definitivas en todos los aspectos. Al participar, los participantes aceptan y reconocen que BrightStar Credit Union y sus empleados, funcionarios y directores no son responsables ni ser\u00e1n responsables de: (i) participaciones tard\u00edas, perdidas, retrasadas, mal dirigidas, incompletas, ilegibles, inexactas o ilegibles; (ii) cualquier lesi\u00f3n, p\u00e9rdida o da\u00f1o de cualquier tipo causado por el premio o que resulte de la aceptaci\u00f3n, posesi\u00f3n o uso o mal uso de cualquier premio o de la participaci\u00f3n en el Sorteo; o (iii) correo con franqueo insuficiente, cualquier error de impresi\u00f3n, tipogr\u00e1fico, administrativo o tecnol\u00f3gico en cualquier material asociado con el Sorteo. BrightStar Credit Union se reserva el derecho, a su entera discreci\u00f3n, de modificar, cancelar o suspender este sorteo si alguna causa o problema corrompe o impide su administraci\u00f3n, seguridad o correcto funcionamiento. En tal caso, seleccionar\u00e1 al ganador entre las participaciones recibidas antes de la medida adoptada o de la forma que BrightStar Credit Union considere justa y apropiada. BrightStar Credit Union podr\u00e1 utilizar el nombre, la imagen y la ciudad del ganador con fines promocionales sin compensaci\u00f3n adicional, salvo que la ley lo proh\u00edba.<\/span><\/p>\n<p>\n<\/div><div id=\"modal-trg-txt-wrap-4052\" class=\"ult-modal-input-wrapper ult-adjust-bottom-margin\" data-keypress-control=\"keypress-control-enable\" data-overlay-control=\"overlay-control-enable\"><span data-class-id=\"content-69d9d4b2916ec7-22360487\"><\/span>\r\n\t\t\t\t<script type=\"text\/javascript\">\r\n\t\t\t\t(function($){\r\n\t\t\t\t\t$(document).ready(function(){\r\n\t\t\t\t\t\tvar selector = \".5for25form\";\r\n\t\t\t\t\t\t$(selector).addClass(\"custom-ult-modal overlay-show-genie\");\r\n\t\t\t\t\t\t$(selector).attr(\"data-class-id\", \"content-69d9d4b2916ec7-22360487\");\r\n\t\t\t\t\t\t$(selector).attr(\"data-overlay-class\", \"overlay-show-genie\");\r\n\t\t\t\t\t\t$(selector).attr(\"data-keypress-control\", \"keypress-control-enable\");\r\n\t\t\t\t\t\t$(selector).attr(\"data-overlay-control\", \"overlay-control-enable\");\r\n\t\t\t\t\t});\r\n\t\t\t\t})(jQuery);\r\n\t\t\t\t<\/script><\/div>\n<div class=\"ult-overlay overlay-genie content-69d9d4b2916ec7-22360487\" style=\"display:none\" data-class=\"content-69d9d4b2916ec7-22360487\" data-steps=\"m 701.56545,809.01175 35.16718,0 0,19.68384 -35.16718,0 z;m 698.9986,728.03569 41.23353,0 -3.41953,77.8735 -34.98557,0 z;m 687.08153,513.78234 53.1506,0 C 738.0505,683.9161 737.86917,503.34193 737.27015,806 l -35.90067,0 c -7.82727,-276.34892 -2.06916,-72.79261 -14.28795,-292.21766 z;m 403.87105,257.94772 566.31246,2.93091 C 923.38284,513.78233 738.73561,372.23931 737.27015,806 l -35.90067,0 C 701.32034,404.49318 455.17312,480.07689 403.87105,257.94772 z;M 51.871052,165.94772 1362.1835,168.87863 C 1171.3828,653.78233 738.73561,372.23931 737.27015,806 l -35.90067,0 C 701.32034,404.49318 31.173122,513.78234 51.871052,165.94772 z;m 52,26 1364,4 c -12.8007,666.9037 -273.2644,483.78234 -322.7299,776 l -633.90062,0 C 359.32034,432.49318 -6.6979288,733.83462 52,26 z;m 0,0 1439.999975,0 0,805.99999 -1439.999975,0 z\">\n\t<svg xmlns=\"http:\/\/www.w3.org\/2000\/svg\" width=\"100%\" height=\"100%\" viewbox=\"0 0 1440 806\" preserveaspectratio=\"none\">\r\n\t\t\t\t\t\t\t<path class=\"overlay-path\" d=\"m 701.56545,809.01175 35.16718,0 0,19.68384 -35.16718,0 z\" style=\"fill:rgba(255,255,255,0.8);\"\/>\r\n\t\t\t\t\t\t<\/svg>\n\t<div class=\"ult_modal ult-fade ult-small\">\n\t<div class=\"ult-overlay-close popup-edge-top-right\" style=\"width:25px;height:25px; background-color: #eaaf00;border-radius: 50%;padding:10px;box-sizing: content-box; top:-22.5px;right:-22.5px;\"><div class=\"ult-overlay-close-inside\">Cerca<\/div><\/div>\n\t\t<div id=\"ult-modal-wrap-7939\" class=\"ult_modal-content ult-hide\" style=\"border-style:solid;border-width:2px;border-radius:20px;border-color:;\">\n\t\t\t<div class=\"ult_modal-header\" style=\"background:#00475f;color:#ffffff;border-color:;\">\n\t\t\t\t<h3  data-ultimate-target='#ult-modal-wrap-7939 .ult_modal-title'  data-responsive-json-new='{\"font-size\":\"\",\"line-height\":\"\"}'  class=\"ult_modal-title ult-responsive\">5 por 25<\/h3>\n\t\t\t<\/div>\n\t\t\t<div  data-ultimate-target='#ult-modal-wrap-7939 .ult_modal-body'  data-responsive-json-new='{\"font-size\":\"\",\"line-height\":\"\"}'  class=\"ult_modal-body ult-responsive ult-html\" style=\"background:#eaeaea;\">\n\t\t\t<iframe style=\"width: 100%; height: 700px; border: 0 none; overflow-y: auto;\" src=\"https:\/\/demo2.mybscu.org\/forms\/eforms\/5for25-helper\/61\/\" width=\"100%\" height=\"700\" frameborder=\"0\">\u00a0<\/iframe>\n\t\t\t<\/div>\n\t<\/div>\n\t<\/div>\n<\/div><\/div><\/div><\/div><\/div><\/div><script id=\"script-row-unique-2\" data-row=\"script-row-unique-2\" type=\"text\/javascript\" class=\"vc_controls\">UNCODE.initRow(document.getElementById(\"row-unique-2\"));<\/script><\/div><\/div><\/div>","protected":false},"excerpt":{"rendered":"<p>5 for 25, Students! Watch 5 videos and earn a $25 deposit in your BrightStar CU Savings Account. Click here to learn more.<\/p>","protected":false},"author":8,"featured_media":0,"parent":0,"menu_order":0,"comment_status":"closed","ping_status":"closed","template":"","meta":{"footnotes":""},"class_list":["post-11979","page","type-page","status-publish","hentry"],"_links":{"self":[{"href":"https:\/\/demo2.mybscu.org\/es\/wp-json\/wp\/v2\/pages\/11979","targetHints":{"allow":["GET"]}}],"collection":[{"href":"https:\/\/demo2.mybscu.org\/es\/wp-json\/wp\/v2\/pages"}],"about":[{"href":"https:\/\/demo2.mybscu.org\/es\/wp-json\/wp\/v2\/types\/page"}],"author":[{"embeddable":true,"href":"https:\/\/demo2.mybscu.org\/es\/wp-json\/wp\/v2\/users\/8"}],"replies":[{"embeddable":true,"href":"https:\/\/demo2.mybscu.org\/es\/wp-json\/wp\/v2\/comments?post=11979"}],"version-history":[{"count":3,"href":"https:\/\/demo2.mybscu.org\/es\/wp-json\/wp\/v2\/pages\/11979\/revisions"}],"predecessor-version":[{"id":14938,"href":"https:\/\/demo2.mybscu.org\/es\/wp-json\/wp\/v2\/pages\/11979\/revisions\/14938"}],"wp:attachment":[{"href":"https:\/\/demo2.mybscu.org\/es\/wp-json\/wp\/v2\/media?parent=11979"}],"curies":[{"name":"wp","href":"https:\/\/api.w.org\/{rel}","templated":true}]}}