{"id":14039,"date":"2022-11-01T14:14:00","date_gmt":"2022-11-01T18:14:00","guid":{"rendered":"https:\/\/demo2.mybscu.org\/?page_id=14039"},"modified":"2025-03-12T21:53:02","modified_gmt":"2025-03-13T01:53:02","slug":"cdspecial","status":"publish","type":"page","link":"https:\/\/demo2.mybscu.org\/es\/cdspecial\/","title":{"rendered":"CD de alto rendimiento"},"content":{"rendered":"<section data-parent=\"true\" class=\"vc_section row-container\" id=\"mainheader\"><div class=\"row-background background-element\">\n\t\t\t\t\t\t\t\t\t\t\t<div class=\"background-wrapper\">\n\t\t\t\t\t\t\t\t\t\t\t\t<div class=\"background-inner\" style=\"background-image: url(https:\/\/demo2.mybscu.org\/wp-content\/uploads\/2022\/11\/cdpro-slider.jpg);background-repeat: no-repeat;background-position: center center;background-attachment: scroll;background-size: cover;\"><\/div>\n\t\t\t\t\t\t\t\t\t\t\t\t<div class=\"block-bg-overlay style-color-jevc-bg\" style=\"opacity: 0.7;\"><\/div>\n\t\t\t\t\t\t\t\t\t\t\t<\/div>\n\t\t\t\t\t\t\t\t\t\t<\/div><div class=\"row no-top-padding no-bottom-padding no-h-padding full-width row-parent\"><div data-parent=\"true\" class=\"vc_row vc_custom_1741830780174 row-container\" style=\"padding-top: 20px ;padding-bottom: 20px ;\" id=\"row-unique-0\"><div class=\"row limit-width row-parent\"><div class=\"wpb_row row-inner\"><div class=\"wpb_column pos-middle pos-left align_left column_parent col-lg-4 single-internal-gutter\"><div class=\"uncol style-light\"  ><div class=\"uncoltable\"><div class=\"uncell no-block-padding\" ><div class=\"uncont\" ><div class=\"uncode_text_column\" ><\/p>\n<p style=\"font-size: 40px; line-height: 40px; text-align: left;\"><strong><span style=\"color: #ffffff;\">GANA DINERO<\/span><\/strong><br \/>\n<span style=\"color: #ffffff;\">RECORRE LA DISTANCIA<\/span><\/p>\n<p>\n<\/div><div class=\"divider-wrapper  desktop-hidden tablet-hidden\"  >\n    <div class=\"divider divider-center-icon border-color-zsdf-color\">\n                <div class=\"divider-icon icon-inactive btn-color-zsdf\">\n            <i class=\"fa fa-long-arrow-down\"><\/i>\n        <\/div>\n            <\/div>\n<\/div>\n<span class=\"btn-container\" ><a href=\"#compare\" class=\"custom-link btn border-width-0 btn-heloc btn-accent btn-round btn-shadow btn-icon-left\" title=\"El enlace se desplazar\u00e1 hacia abajo\" onclick=\"amplitude.getInstance().logEvent(&#039;Compare CDs - CD Landing Page&#039;);\"><i class=\"fa fa-basket\"><\/i>Comparar CDs<\/a><\/span><\/div><\/div><\/div><\/div><\/div><div class=\"wpb_column pos-middle pos-center align_center column_parent col-lg-8 single-internal-gutter\"><div class=\"uncol style-light\"  ><div class=\"uncoltable\"><div class=\"uncell no-block-padding\" ><div class=\"uncont\" ><\/div><\/div><\/div><\/div><\/div><script id=\"script-row-unique-0\" data-row=\"script-row-unique-0\" type=\"text\/javascript\" class=\"vc_controls\">UNCODE.initRow(document.getElementById(\"row-unique-0\"));<\/script><\/div><\/div><\/div><script id=\"script-mainheader\" data-section=\"script-mainheader\" type=\"text\/javascript\">UNCODE.initSection(document.getElementById(\"mainheader\"));<\/script><\/div><\/section><div data-parent=\"true\" class=\"vc_row style-color-xsdn-bg vc_custom_1678193908985 row-container onepage-section\" data-label=\"compare\" data-name=\"compare\" style=\"padding-top: 20px ;padding-bottom: 20px ;\" id=\"row-unique-1\"><div class=\"row limit-width row-parent\"><div class=\"wpb_row row-inner\"><div class=\"wpb_column pos-top pos-center align_left column_parent col-lg-12 single-internal-gutter\"><div class=\"uncol style-light\"  ><div class=\"uncoltable\"><div class=\"uncell no-block-padding\" ><div class=\"uncont\" ><div id=\"ultimate-heading-987369d990b36c73b\" class=\"uvc-heading ult-adjust-bottom-margin ultimate-heading-987369d990b36c73b uvc-6796\" data-hspacer=\"no_spacer\"  data-halign=\"center\" style=\"text-align:center\"><div class=\"uvc-heading-spacer no_spacer\" style=\"top\"><\/div><div class=\"uvc-main-heading ult-responsive\"  data-ultimate-target='.uvc-heading.ultimate-heading-987369d990b36c73b h3'  data-responsive-json-new='{\"font-size\":\"\",\"line-height\":\"\"}' ><h3 style=\"font-weight:normal;\">Comparar tasas de CD<\/h3><\/div><\/div>\n\t<div class=\"wpb_raw_code wpb_content_element wpb_raw_html\" >\n\t\t<div class=\"wpb_wrapper\">\n\t\t\t<style>\n  .feature-table {\n    margin: 20px 0 10px;\n    text-align: center;\n    font-family: \"Open Sans\", sans-serif;\n    width: 100%;\n  }\n  .feature-table table {\n    width: 100%;\n    margin: 0 auto;\n    border-collapse: collapse;\n  }\n  .feature-table td {\n    color: #00475f;\n    font-size: 16px;\n    font-weight: 400;\n    padding: 15px;\n    text-align: center;\n    border: 1px solid #ddd;\n  }\n  .feature-table .feature-row-1 {\n    background-color: #f9f9f9;\n  }\n  .feature-table .feature-row-2 {\n    background-color: #fff;\n  }\n  .feature-table .feature-row-header {\n    font-weight: 600;\n    background-color: #00475f;\n    color: #fff;\n    padding: 15px;\n  }\n  .feature-table .btn {\n    background-color: #00475f;\n    color: #fff;\n    padding: 10px 20px;\n    border-radius: 5px;\n    text-decoration: none;\n    display: inline-block;\n  }\n  .feature-table .btn:hover {\n    background-color: #003a4c;\n  }\n  \n  @media (max-width: 550px) {\n    .feature-table table, .feature-table thead, .feature-table tbody, .feature-table tr, .feature-table td {\n      display: block;\n    }\n    .feature-table tr {\n      margin-bottom: 15px;\n      border: 1px solid #ddd;\n    }\n    .feature-table td {\n      border: none;\n      position: relative;\n      padding-left: 50%;\n      text-align: left;\n    }\n    .feature-table td:before {\n      content: attr(data-label);\n      position: absolute;\n      left: 6px;\n      width: 45%;\n      padding-right: 10px;\n      white-space: nowrap;\n      font-weight: bold;\n    }\n    .feature-table .feature-row-header {\n      display: none;\n    }\n    .feature-table .btn {\n      display: block;\n      width: 100%;\n      box-sizing: border-box;\n    }\n  }\n<\/style>\n\n<div class=\"feature-table\">\n  <table>\n    <tr>\n      <td class=\"feature-row-header\">T\u00e9rmino<\/td>\n      <td class=\"feature-row-header\">APY<\/td>\n      <td class=\"feature-row-header\">Opciones<\/td>\n    <\/tr>\n    <tr class=\"feature-row-1\">\n      <td data-label=\"Term\"><span class=\"feature-label\">CD de 1 mes<\/span><\/td>\n      <td data-label=\"APY\"><span><b>3.75%<\/b><\/span><\/td>\n      <td data-label=\"Options\"><a target=\"_blank\" href=\"https:\/\/app.loanspq.com\/apply.aspx?enc=Kw21Wblm1yxpjJabdoZaD387N2JxsZCKo346rct2X6oksGgk0G9KDJQenA2LEXKLuXsUAgyalFZnecXQMBTewbYaWmo1ddfy0R_2Gujj3kEVXMDFVnDGz4tJ_q2WVhuV\"><span class=\"btn\">ABRIR CUENTA<\/span><\/a><\/td>\n    <\/tr>\n    <tr class=\"feature-row-2\">\n      <td data-label=\"Term\"><span class=\"feature-label\">CD de 2 meses<\/span><\/td>\n      <td data-label=\"APY\"><span><b>3.75%<\/b><\/span><\/td>\n      <td data-label=\"Options\"><a target=\"_blank\" href=\"https:\/\/app.loanspq.com\/apply.aspx?enc=Kw21Wblm1yxpjJabdoZaD387N2JxsZCKo346rct2X6oksGgk0G9KDJQenA2LEXKLuXsUAgyalFZnecXQMBTewbYaWmo1ddfy0R_2Gujj3kEVXMDFVnDGz4tJ_q2WVhuV\"><span class=\"btn\">ABRIR CUENTA<\/span><\/a><\/td>\n    <\/tr>\n    <tr class=\"feature-row-1\">\n      <td data-label=\"Term\"><span class=\"feature-label\">CD de 3 meses<\/span><\/td>\n      <td data-label=\"APY\"><span><b>3.75%<\/b><\/span><\/td>\n      <td data-label=\"Options\"><a target=\"_blank\" href=\"https:\/\/app.loanspq.com\/apply.aspx?enc=Kw21Wblm1yxpjJabdoZaD387N2JxsZCKo346rct2X6oksGgk0G9KDJQenA2LEXKLuXsUAgyalFZnecXQMBTewbYaWmo1ddfy0R_2Gujj3kEVXMDFVnDGz4tJ_q2WVhuV\"><span class=\"btn\">ABRIR CUENTA<\/span><\/a><\/td>\n    <\/tr>\n    <tr class=\"feature-row-2\">\n      <td data-label=\"Term\"><span class=\"feature-label\">CD de 6 meses<\/span><\/td>\n      <td data-label=\"APY\"><span><b>4.05% (4.50% para PSM)<\/b><\/span><\/td>\n      <td data-label=\"Options\"><a target=\"_blank\" href=\"https:\/\/app.loanspq.com\/apply.aspx?enc=Kw21Wblm1yxpjJabdoZaD387N2JxsZCKo346rct2X6oksGgk0G9KDJQenA2LEXKLuXsUAgyalFZnecXQMBTewbYaWmo1ddfy0R_2Gujj3kEVXMDFVnDGz4tJ_q2WVhuV\"><span class=\"btn\">ABRIR CUENTA<\/span><\/a><\/td>\n    <\/tr>\n    <tr class=\"feature-row-1\">\n      <td data-label=\"Term\"><span class=\"feature-label\">CD de 13 meses<\/span><\/td>\n      <td data-label=\"APY\"><span><b><b>4.50%<\/b><\/b><\/span><\/td>\n      <td data-label=\"Options\"><a target=\"_blank\" href=\"https:\/\/app.loanspq.com\/apply.aspx?enc=Kw21Wblm1yxpjJabdoZaD387N2JxsZCKo346rct2X6oksGgk0G9KDJQenA2LEXKLuXsUAgyalFZnecXQMBTewbYaWmo1ddfy0R_2Gujj3kEVXMDFVnDGz4tJ_q2WVhuV\"><span class=\"btn\">ABRIR CUENTA<\/span><\/a><\/td>\n    <\/tr>\n    \n  <\/table>\n<\/div>\n\t\t<\/div>\n\t<\/div>\n<\/div><\/div><\/div><\/div><\/div><script id=\"script-row-unique-1\" data-row=\"script-row-unique-1\" type=\"text\/javascript\" class=\"vc_controls\">UNCODE.initRow(document.getElementById(\"row-unique-1\"));<\/script><\/div><\/div><\/div><div data-parent=\"true\" class=\"vc_row style-color-lxmt-bg vc_custom_1678195615015 row-container\" style=\"padding-top: 20px ;\" id=\"benefitsarea\"><div class=\"row limit-width row-parent\"><div class=\"wpb_row row-inner\"><div class=\"wpb_column pos-top pos-center align_left column_parent col-lg-12 single-internal-gutter\"><div class=\"uncol style-light\"  ><div class=\"uncoltable\"><div class=\"uncell no-block-padding\" ><div class=\"uncont\" ><div id=\"ultimate-heading-188969d990b36d8ab\" class=\"uvc-heading ult-adjust-bottom-margin ultimate-heading-188969d990b36d8ab uvc-6606\" data-hspacer=\"no_spacer\"  data-halign=\"center\" style=\"text-align:center\"><div class=\"uvc-heading-spacer no_spacer\" style=\"top\"><\/div><div class=\"uvc-main-heading ult-responsive\"  data-ultimate-target='.uvc-heading.ultimate-heading-188969d990b36d8ab h3'  data-responsive-json-new='{\"font-size\":\"\",\"line-height\":\"\"}' ><h3 style=\"font-weight:normal;\">Beneficios del CD<\/h3><\/div><\/div><div class=\"vc_row row-internal row-container\"><div class=\"row row-child\"><div class=\"wpb_row row-inner\"><div class=\"wpb_column pos-top pos-center align_left column_child col-lg-4 single-internal-gutter\"><div class=\"uncol style-light\" ><div class=\"uncoltable\"><div class=\"uncell no-block-padding\" ><div class=\"uncont\" ><div class=\"aio-icon-component    style_2\"><a class=\"aio-icon-box-link\" ><div id=\"Info-box-wrap-9537\" class=\"aio-icon-box top-icon\" style=\"\"  ><div class=\"aio-icon-top\"><div class=\"ult-just-icon-wrapper\"><div class=\"align-icon\" style=\"text-align:center;\">\n<div class=\"aio-icon none\"  style=\"color:#00475f;font-size:64px;display:inline-block;\">\n\t<i class=\"Defaults-star-o\"><\/i>\n<\/div><\/div><\/div><\/div><div class=\"aio-icon-header\" ><h3 class=\"aio-icon-title ult-responsive\"  data-ultimate-target='#Info-box-wrap-9537 .aio-icon-title'  data-responsive-json-new='{\"font-size\":\"desktop:26px;\",\"line-height\":\"\"}'  style=\"font-weight:bold;\">Rentabilidad competitiva<\/h3><\/div> <!-- header --><div class=\"aio-icon-description ult-responsive\"  data-ultimate-target='#Info-box-wrap-9537 .aio-icon-description'  data-responsive-json-new='{\"font-size\":\"\",\"line-height\":\"\"}'  style=\"\">Ofrecemos algunas de las tasas de ahorro m\u00e1s altas en certificados de dep\u00f3sito en el sur de Florida.<\/div> <!-- description --><\/div> <!-- aio-icon-box --><\/a><\/div> <!-- aio-icon-component --><\/div><\/div><\/div><\/div><\/div><div class=\"wpb_column pos-top pos-center align_left column_child col-lg-4 single-internal-gutter\"><div class=\"uncol style-light\" ><div class=\"uncoltable\"><div class=\"uncell no-block-padding\" ><div class=\"uncont\" ><div class=\"aio-icon-component    style_2\"><a class=\"aio-icon-box-link\" ><div id=\"Info-box-wrap-5786\" class=\"aio-icon-box top-icon\" style=\"\"  ><div class=\"aio-icon-top\"><div class=\"ult-just-icon-wrapper\"><div class=\"align-icon\" style=\"text-align:center;\">\n<div class=\"aio-icon none\"  style=\"color:#005868;font-size:64px;display:inline-block;\">\n\t<i class=\"Defaults-money\"><\/i>\n<\/div><\/div><\/div><\/div><div class=\"aio-icon-header\" ><h3 class=\"aio-icon-title ult-responsive\"  data-ultimate-target='#Info-box-wrap-5786 .aio-icon-title'  data-responsive-json-new='{\"font-size\":\"desktop:26px;\",\"line-height\":\"\"}'  style=\"font-weight:bold;\">Grandes ahorros<\/h3><\/div> <!-- header --><div class=\"aio-icon-description ult-responsive\"  data-ultimate-target='#Info-box-wrap-5786 .aio-icon-description'  data-responsive-json-new='{\"font-size\":\"\",\"line-height\":\"\"}'  style=\"\">No dejes que tu dinero se quede parado en una cuenta de ahorros com\u00fan. Haz que trabaje para ti y que te genere dinero.<\/div> <!-- description --><\/div> <!-- aio-icon-box --><\/a><\/div> <!-- aio-icon-component --><\/div><\/div><\/div><\/div><\/div><div class=\"wpb_column pos-top pos-center align_left column_child col-lg-4 single-internal-gutter\"><div class=\"uncol style-light\" ><div class=\"uncoltable\"><div class=\"uncell no-block-padding\" ><div class=\"uncont\" ><div class=\"aio-icon-component    style_2\"><a class=\"aio-icon-box-link\" ><div id=\"Info-box-wrap-9402\" class=\"aio-icon-box top-icon\" style=\"\"  ><div class=\"aio-icon-top\"><div class=\"ult-just-icon-wrapper\"><div class=\"align-icon\" style=\"text-align:center;\">\n<div class=\"aio-icon none\"  style=\"color:#00475f;font-size:64px;display:inline-block;\">\n\t<i class=\"Defaults-signal\"><\/i>\n<\/div><\/div><\/div><\/div><div class=\"aio-icon-header\" ><h3 class=\"aio-icon-title ult-responsive\"  data-ultimate-target='#Info-box-wrap-9402 .aio-icon-title'  data-responsive-json-new='{\"font-size\":\"desktop:26px;\",\"line-height\":\"\"}'  style=\"font-weight:bold;\">Inversi\u00f3n segura<\/h3><\/div> <!-- header --><div class=\"aio-icon-description ult-responsive\"  data-ultimate-target='#Info-box-wrap-9402 .aio-icon-description'  data-responsive-json-new='{\"font-size\":\"\",\"line-height\":\"\"}'  style=\"\">La inversi\u00f3n perfecta en tiempos turbulentos. Es una forma segura y confiable de invertir su dinero.<\/div> <!-- description --><\/div> <!-- aio-icon-box --><\/a><\/div> <!-- aio-icon-component --><\/div><\/div><\/div><\/div><\/div><\/div><\/div><\/div><\/div><\/div><\/div><\/div><\/div><script id=\"script-benefitsarea\" data-row=\"script-benefitsarea\" type=\"text\/javascript\" class=\"vc_controls\">UNCODE.initRow(document.getElementById(\"benefitsarea\"));<\/script><\/div><\/div><\/div><div data-parent=\"true\" class=\"vc_row style-color-xsdn-bg vc_custom_1655922632744 row-container onepage-section\" data-label=\"features\" data-name=\"features\" style=\"padding-top: 20px ;padding-bottom: 20px ;\" id=\"row-unique-2\"><div class=\"row limit-width row-parent\"><div class=\"wpb_row row-inner\"><div class=\"wpb_column pos-top pos-center align_left column_parent col-lg-12 single-internal-gutter\"><div class=\"uncol style-light\"  ><div class=\"uncoltable\"><div class=\"uncell no-block-padding\" ><div class=\"uncont\" ><div class=\"uncode_text_column\" ><\/p>\n<p style=\"font-size: .85em;\" align=\"justify\"><span style=\"color: #000000;\">* TAE = Rendimiento Porcentual Anual. Tasa = Tasa de Dividendos. Las tasas mostradas son nuestras mejores tasas; son correctas a la fecha de vigencia (<span id=\"x4\">02\/27\/25<\/span>Las tasas mostradas est\u00e1n sujetas a cambios o pueden finalizar sin previo aviso. Su tasa real puede variar seg\u00fan diversos factores, como el nivel de membres\u00eda y la duraci\u00f3n del certificado. Las comisiones podr\u00edan reducir las ganancias de su cuenta y se aplicar\u00e1 una penalizaci\u00f3n por retiros anticipados. Para m\u00e1s informaci\u00f3n, consulte con un representante de BrightStar Credit Union. Aplican t\u00e9rminos y condiciones. Se requiere ser miembro. Dep\u00f3sito m\u00ednimo de $500.00 en el Certificado de Dep\u00f3sito. Asegurado federalmente por la NCUA.<\/span><\/p>\n<p>\n<\/div><\/div><\/div><\/div><\/div><\/div><script id=\"script-row-unique-2\" data-row=\"script-row-unique-2\" type=\"text\/javascript\" class=\"vc_controls\">UNCODE.initRow(document.getElementById(\"row-unique-2\"));<\/script><\/div><\/div><\/div>","protected":false},"excerpt":{"rendered":"MAKE YOUR MONEY GO THE DISTANCE Compare CDsCompare CD Rates Term APY Options 1-Month CD 3.75% OPEN ACCOUNT 2-Month CD [...]","protected":false},"author":8,"featured_media":0,"parent":0,"menu_order":0,"comment_status":"closed","ping_status":"closed","template":"","meta":{"footnotes":""},"class_list":["post-14039","page","type-page","status-publish","hentry"],"_links":{"self":[{"href":"https:\/\/demo2.mybscu.org\/es\/wp-json\/wp\/v2\/pages\/14039","targetHints":{"allow":["GET"]}}],"collection":[{"href":"https:\/\/demo2.mybscu.org\/es\/wp-json\/wp\/v2\/pages"}],"about":[{"href":"https:\/\/demo2.mybscu.org\/es\/wp-json\/wp\/v2\/types\/page"}],"author":[{"embeddable":true,"href":"https:\/\/demo2.mybscu.org\/es\/wp-json\/wp\/v2\/users\/8"}],"replies":[{"embeddable":true,"href":"https:\/\/demo2.mybscu.org\/es\/wp-json\/wp\/v2\/comments?post=14039"}],"version-history":[{"count":4,"href":"https:\/\/demo2.mybscu.org\/es\/wp-json\/wp\/v2\/pages\/14039\/revisions"}],"predecessor-version":[{"id":17340,"href":"https:\/\/demo2.mybscu.org\/es\/wp-json\/wp\/v2\/pages\/14039\/revisions\/17340"}],"wp:attachment":[{"href":"https:\/\/demo2.mybscu.org\/es\/wp-json\/wp\/v2\/media?parent=14039"}],"curies":[{"name":"wp","href":"https:\/\/api.w.org\/{rel}","templated":true}]}}