{"id":14121,"date":"2022-12-20T10:43:09","date_gmt":"2022-12-20T15:43:09","guid":{"rendered":"https:\/\/demo2.mybscu.org\/?page_id=14121"},"modified":"2024-11-08T16:03:45","modified_gmt":"2024-11-08T21:03:45","slug":"mma","status":"publish","type":"page","link":"https:\/\/demo2.mybscu.org\/es\/mma\/","title":{"rendered":"Cuenta del mercado monetario"},"content":{"rendered":"<section data-parent=\"true\" class=\"vc_section row-container\" id=\"section-unique-0\"><div class=\"row-background background-element\">\n\t\t\t\t\t\t\t\t\t\t\t<div class=\"background-wrapper\">\n\t\t\t\t\t\t\t\t\t\t\t\t<div class=\"background-inner\" style=\"background-image: url(https:\/\/demo2.mybscu.org\/wp-content\/uploads\/2022\/12\/mm-mountain.jpg);background-repeat: no-repeat;background-position: center center;background-attachment: scroll;background-size: cover;\"><\/div>\n\t\t\t\t\t\t\t\t\t\t\t\t<div class=\"block-bg-overlay style-color-nhtu-bg\" style=\"opacity: 0.6;\"><\/div>\n\t\t\t\t\t\t\t\t\t\t\t<\/div>\n\t\t\t\t\t\t\t\t\t\t<\/div><div class=\"row no-top-padding no-bottom-padding no-h-padding full-width row-parent\"><div data-parent=\"true\" class=\"vc_row vc_custom_1622544947076 row-container has-dividers\" style=\"padding-top: 20px ;padding-bottom: 20px ;\" id=\"row-unique-0\"><div class=\"uncode-divider-wrap uncode-divider-wrap-bottom z_index_3 uncode-row-divider-invert\" style=\"height: 100px;\" data-height=\"100\" data-unit=\"px\"><svg version=\"1.1\" class=\"uncode-row-divider uncode-row-divider-curve\" x=\"0px\" y=\"0px\" width=\"240px\" height=\"24px\" viewbox=\"0 0 240 24\" enable-background=\"new 0 0 240 24\" xml:space=\"preserve\" preserveaspectratio=\"none\">\n\t\t<path fill=\"#ffffff\" fill-opacity=\"0.25\" d=\"M240,0H0v24l240-11.26V0z\"\/>\n\t\t<path fill=\"#ffffff\" d=\"M0,0h240v12.74L0,0z\"\/>\n\t\t<path fill=\"#ffffff\" fill-opacity=\"0.5\" d=\"M0,0h240v12.74H0V0z\"\/>\n\t\t<\/svg><\/div><div class=\"row limit-width row-parent\"><div class=\"wpb_row row-inner\"><div class=\"wpb_column pos-middle pos-center align_center column_parent col-lg-12 single-internal-gutter\"><div class=\"uncol style-light\"  ><div class=\"uncoltable\"><div class=\"uncell  vc_custom_1612821354555 no-block-padding\" style=\"padding-top: 100px ;padding-bottom: 100px ;\" ><div class=\"uncont\" ><div id=\"ultimate-heading-938769d990b265d98\" class=\"uvc-heading ult-adjust-bottom-margin ultimate-heading-938769d990b265d98 uvc-4474\" data-hspacer=\"no_spacer\"  data-halign=\"center\" style=\"text-align:center\"><div class=\"uvc-heading-spacer no_spacer\" style=\"top\"><\/div><div class=\"uvc-main-heading ult-responsive\"  data-ultimate-target='.uvc-heading.ultimate-heading-938769d990b265d98 h1'  data-responsive-json-new='{\"font-size\":\"\",\"line-height\":\"\"}' ><h1 style=\"font-weight:normal;color:#ffffff;\">Cuenta del mercado monetario<\/h1><\/div><div class=\"uvc-sub-heading ult-responsive\"  data-ultimate-target='.uvc-heading.ultimate-heading-938769d990b265d98 .uvc-sub-heading '  data-responsive-json-new='{\"font-size\":\"desktop:24px;\",\"line-height\":\"\"}'  style=\"font-weight:normal;color:#ffffff;\"><\/p>\n<p style=\"text-align: center;\">\u00a1Tu dinero podr\u00eda estar trabajando para ti!<\/p>\n<p><\/div><\/div><div class=\"uncode-single-media  text-center\"><div class=\"single-wrapper\" style=\"max-width: 40%;\"><div class=\"tmb tmb-light  tmb-media-first tmb-media-last tmb-content-overlay tmb-no-bg\"><div class=\"t-inside\"><div class=\"t-entry-visual\"><div class=\"t-entry-visual-tc\"><div class=\"uncode-single-media-wrapper\"><img decoding=\"async\" class=\"wp-image-11703\" src=\"https:\/\/demo2.mybscu.org\/wp-content\/uploads\/2021\/02\/sep-dec-ok.png\" width=\"1280\" height=\"70\" alt=\"\" srcset=\"https:\/\/demo2.mybscu.org\/wp-content\/uploads\/2021\/02\/sep-dec-ok.png 1280w, https:\/\/demo2.mybscu.org\/wp-content\/uploads\/2021\/02\/sep-dec-ok-300x16.png 300w, https:\/\/demo2.mybscu.org\/wp-content\/uploads\/2021\/02\/sep-dec-ok-1024x56.png 1024w, https:\/\/demo2.mybscu.org\/wp-content\/uploads\/2021\/02\/sep-dec-ok-768x42.png 768w, https:\/\/demo2.mybscu.org\/wp-content\/uploads\/2021\/02\/sep-dec-ok-125x7.png 125w, https:\/\/demo2.mybscu.org\/wp-content\/uploads\/2021\/02\/sep-dec-ok-75x4.png 75w\" sizes=\"(max-width: 1280px) 100vw, 1280px\" \/><\/div>\n\t\t\t\t\t<\/div>\n\t\t\t\t<\/div><\/div><\/div><\/div><\/div><span class=\"btn-container\" ><a href=\"https:\/\/app.loanspq.com\/xa\/xpressapp.aspx?lenderref=Brightstarcu070620&type=2&scenario=Money_Market_Promotion\" class=\"custom-link btn border-width-0 btn-heloc btn-accent btn-round btn-shadow btn-icon-left\" title=\"El enlace se abrir\u00e1 en una nueva pesta\u00f1a.\" target=\"_blank\" onclick=\"amplitude.getInstance().logEvent(&#039;Money Market App - Landing Page&#039;);\"><i class=\"fa fa-wpforms\"><\/i>Abrir cuenta<\/a><\/span><\/div><\/div><\/div><\/div><\/div><script id=\"script-row-unique-0\" data-row=\"script-row-unique-0\" type=\"text\/javascript\" class=\"vc_controls\">UNCODE.initRow(document.getElementById(\"row-unique-0\"));<\/script><\/div><\/div><\/div><script id=\"script-section-unique-0\" data-section=\"script-section-unique-0\" type=\"text\/javascript\">UNCODE.initSection(document.getElementById(\"section-unique-0\"));<\/script><\/div><\/section><div data-parent=\"true\" class=\"vc_row style-color-xsdn-bg vc_custom_1670954535640 row-container\" style=\"padding-top: 20px ;padding-bottom: 20px ;\" id=\"row-unique-1\"><div class=\"row limit-width row-parent\"><div class=\"wpb_row row-inner\"><div class=\"wpb_column pos-middle pos-left align_left column_parent col-lg-12 single-internal-gutter\"><div class=\"uncol style-light\"  ><div class=\"uncoltable\"><div class=\"uncell no-block-padding\" ><div class=\"uncont\" ><div class=\"aio-icon-component    style_1\"><div id=\"Info-box-wrap-5400\" class=\"aio-icon-box default-icon\" style=\"\"  ><div class=\"aio-icon-description ult-responsive\"  data-ultimate-target='#Info-box-wrap-5400 .aio-icon-description'  data-responsive-json-new='{\"font-size\":\"\",\"line-height\":\"\"}'  style=\"\"><span style=\"color: #000000;\">Don&#8217;t let your hard-earned money sit in a traditional savings account! When you open a BrightStar Money Market Account, you&#8217;ll start earning interest on your deposits while still having access to your funds.<\/span><\/div> <!-- description --><\/div> <!-- aio-icon-box --><\/div> <!-- aio-icon-component --><div id=\"ultimate-heading-864069d990b268dd3\" class=\"uvc-heading ult-adjust-bottom-margin ultimate-heading-864069d990b268dd3 uvc-4542\" data-hspacer=\"no_spacer\"  data-halign=\"center\" style=\"text-align:center\"><div class=\"uvc-heading-spacer no_spacer\" style=\"top\"><\/div><div class=\"uvc-main-heading ult-responsive\"  data-ultimate-target='.uvc-heading.ultimate-heading-864069d990b268dd3 h3'  data-responsive-json-new='{\"font-size\":\"\",\"line-height\":\"\"}' ><h3 style=\"font-weight:normal;color:#00475f;\">Comparar tarifas<\/h3><\/div><\/div>\n\t<div class=\"wpb_raw_code wpb_content_element wpb_raw_html\" >\n\t\t<div class=\"wpb_wrapper\">\n\t\t\t\n    <style>\n\n        \n        .rate-table {\n            width: 100%;\n            border-collapse: collapse;\n            background: white;\n            border-radius: 8px;\n            overflow: hidden;\n            box-shadow: 0 4px 6px rgba(0, 0, 0, 0.1);\n        }\n        \n        .rate-table th {\n            background: #1a365d;\n            color: white;\n            padding: 16px 12px;\n            text-align: left;\n        }\n        \n        .rate-table td {\n            padding: 16px 12px;\n            border-bottom: 1px solid #e2e8f0;\n        }\n        \n        .rate-table tr:last-child td {\n            border-bottom: none;\n        }\n        \n        .rate-table tr:hover {\n            background-color: #f8fafc;\n        }\n        \n        .highlight {\n            background-color: #f7fafc;\n        }\n\n        .premium-tier {\n            color: #2563eb;\n            font-weight: 500;\n        }\n\n        \/* Mobile Responsive Styles *\/\n        @media screen and (max-width: 600px) {\n            .container {\n                padding: 10px;\n                margin: 10px auto;\n            }\n            \n            .rate-table {\n                font-size: 14px;\n            }\n            \n            .rate-table th,\n            .rate-table td {\n                padding: 12px 8px;\n            }\n            \n            \/* Optional: Make the Balance Tier column slightly smaller on mobile *\/\n            .rate-table td:first-child {\n                font-size: 13px;\n            }\n            \n            \/* Make sure rates are easily readable *\/\n            .rate-table td:nth-child(2),\n            .rate-table td:nth-child(3) {\n                font-weight: 500;\n            }\n            \n            \/* Add some horizontal scroll indication if needed *\/\n            .container {\n                overflow-x: auto;\n                -webkit-overflow-scrolling: touch;\n            }\n\n            \/* Ensure minimum width for rate columns *\/\n            .rate-table th:nth-child(2),\n            .rate-table th:nth-child(3),\n            .rate-table td:nth-child(2),\n            .rate-table td:nth-child(3) {\n                min-width: 70px;\n            }\n        }\n    <\/style>\n\n   \n        <table class=\"rate-table\">\n            <thead>\n                <tr>\n                    <th>Nivel de equilibrio<\/th>\n                    <th>Tasa<\/th>\n                    <th>APY<\/th>\n                <\/tr>\n            <\/thead>\n            <tbody>\n                <tr>\n                    <td>Menos de $2,499<\/td>\n                    <td>0.25%<\/td>\n                    <td>0.25%<\/td>\n                <\/tr>\n                <tr>\n                    <td>$2,500 - $9,999<\/td>\n                    <td>0.25%<\/td>\n                    <td>0.25%<\/td>\n                <\/tr>\n                <tr>\n                    <td>$10,000 - $49,999<\/td>\n                    <td>0.30%<\/td>\n                    <td>0.30%<\/td>\n                <\/tr>\n                <tr>\n                    <td>$50,000 - $94,999<\/td>\n                    <td>0.45%<\/td>\n                    <td>0.45%<\/td>\n                <\/tr>\n                <tr>\n                    <td>$95,000 - $249,999<\/td>\n                    <td>0.75%<\/td>\n                    <td>0.75%<\/td>\n                <\/tr>\n                <tr class=\"premium-tier\">\n                    <td>$250,000 - $499,999<\/td>\n                    <td>3.92%<\/td>\n                    <td>4.00%<\/td>\n                <\/tr>\n                <tr class=\"highlight premium-tier\">\n                    <td>$500,000 y m\u00e1s<\/td>\n                    <td>4.40%<\/td>\n                    <td>4.50%<\/td>\n                <\/tr>\n            <\/tbody>\n        <\/table>\n\n\t\t<\/div>\n\t<\/div>\n<\/div><\/div><\/div><\/div><\/div><script id=\"script-row-unique-1\" data-row=\"script-row-unique-1\" type=\"text\/javascript\" class=\"vc_controls\">UNCODE.initRow(document.getElementById(\"row-unique-1\"));<\/script><\/div><\/div><\/div><div data-parent=\"true\" class=\"vc_row style-color-xsdn-bg vc_custom_1731099633063 row-container\" style=\"padding-top: 20px ;\" id=\"row-unique-2\"><div class=\"row limit-width row-parent\"><div class=\"wpb_row row-inner\"><div class=\"wpb_column pos-top pos-center align_left column_parent col-lg-12 single-internal-gutter\"><div class=\"uncol style-light\"  ><div class=\"uncoltable\"><div class=\"uncell no-block-padding\" ><div class=\"uncont\" ><div id=\"ultimate-heading-898769d990b269f60\" class=\"uvc-heading ult-adjust-bottom-margin ultimate-heading-898769d990b269f60 uvc-1622\" data-hspacer=\"no_spacer\"  data-halign=\"center\" style=\"text-align:center\"><div class=\"uvc-heading-spacer no_spacer\" style=\"top\"><\/div><div class=\"uvc-main-heading ult-responsive\"  data-ultimate-target='.uvc-heading.ultimate-heading-898769d990b269f60 h3'  data-responsive-json-new='{\"font-size\":\"\",\"line-height\":\"\"}' ><h3 style=\"font-weight:normal;color:#000000;\">Detalles del mercado monetario<\/h3><\/div><\/div>\n\t<div class=\"wpb_raw_code wpb_content_element wpb_raw_html\" >\n\t\t<div class=\"wpb_wrapper\">\n\t\t\t\n<!-- Tailwind CSS -->\n<script src=\"https:\/\/cdn.tailwindcss.com\"><\/script>\n<!-- Font Awesome for icons (as a reliable alternative) -->\n<link rel=\"stylesheet\" href=\"https:\/\/cdnjs.cloudflare.com\/ajax\/libs\/font-awesome\/6.0.0\/css\/all.min.css\">\n\n<div id=\"root\"><\/div>\n\n<!-- React and ReactDOM -->\n<script src=\"https:\/\/cdnjs.cloudflare.com\/ajax\/libs\/react\/18.2.0\/umd\/react.production.min.js\"><\/script>\n<script src=\"https:\/\/cdnjs.cloudflare.com\/ajax\/libs\/react-dom\/18.2.0\/umd\/react-dom.production.min.js\"><\/script>\n<!-- Babel for JSX -->\n<script src=\"https:\/\/cdnjs.cloudflare.com\/ajax\/libs\/babel-standalone\/7.21.2\/babel.min.js\"><\/script>\n\n<script type=\"text\/babel\">\n\tconst FeatureCard = ({ icon, title, description }) => (\n\t\t<div className=\"flex flex-col p-6 bg-white rounded-lg shadow-sm hover:shadow-md transition-shadow duration-200 border border-gray-100\">\n\t\t\t<div className=\"flex items-center gap-4 mb-4\">\n\t\t\t\t<div className=\"p-3 bg-blue-50 rounded-lg\">\n\t\t\t\t\t<i className={`fas ${icon} text-blue-600 text-xl`}><\/i>\n\t\t\t\t<\/div>\n\t\t\t\t<h5 className=\"font-semibold text-gray-900\">{title}<\/h5>\n\t\t\t<\/div>\n\t\t\t<p className=\"text-gray-600 text-sm\">{description}<\/p>\n\t\t<\/div>\n\t);\n\n\tconst App = () => {\n\t\tconst features = [\n\t\t\t{\n\t\t\t\ticon: \"fa-wallet\",\n\t\t\t\ttitle: \"Low-Risk Savings\",\n\t\t\t\tdescription: \"Low-risk savings option offering more return than traditional deposit accounts.\"\n\t\t\t},\n\t\t\t{\n\t\t\t\ticon: \"fa-chart-line\",\n\t\t\t\ttitle: \"Competitive Rates\",\n\t\t\t\tdescription: \"Rates range from 0.25% APY* to 4.50% APY* depending on the deposit amount.\"\n\t\t\t},\n\t\t\t{\n\t\t\t\ticon: \"fa-dollar-sign\",\n\t\t\t\ttitle: \"Minimum Balance\",\n\t\t\t\tdescription: \"Minimum balance to earn dividends is $2,500.\"\n\t\t\t},\n\t\t\t{\n\t\t\t\ticon: \"fa-arrows-up-down\",\n\t\t\t\ttitle: \"Unlimited Deposits\",\n\t\t\t\tdescription: \"Unlimited Deposits.\"\n\t\t\t},\n\t\t\t{\n\t\t\t\ticon: \"fa-globe\",\n\t\t\t\ttitle: \"Online Banking\",\n\t\t\t\tdescription: \"Easy Access to Funds with Online Banking capabilities.\"\n\t\t\t},\n\t\t\t{\n\t\t\t\ticon: \"fa-arrows-rotate\",\n\t\t\t\ttitle: \"Flexible Transfers\",\n\t\t\t\tdescription: \"Up to 6 transfers\/withdrawals per statement cycle.\"\n\t\t\t}\n\t\t];\n\n\t\treturn (\n\t\t\t<div className=\"max-w-6xl mx-auto p-4\">\n\t\t\t\t<div className=\"grid grid-cols-1 md:grid-cols-2 lg:grid-cols-3 gap-6\">\n\t\t\t\t\t{features.map((feature, index) => (\n\t\t\t\t\t\t<FeatureCard key={index} {...feature} \/>\n\t\t\t\t\t))}\n\t\t\t\t<\/div>\n\t\t\t<\/div>\n\t\t);\n\t};\n\n\t\/\/ Render the app\n\tReactDOM.render(<App \/>, document.getElementById('root'));\n<\/script>\n\n\t\t<\/div>\n\t<\/div>\n<\/div><\/div><\/div><\/div><\/div><script id=\"script-row-unique-2\" data-row=\"script-row-unique-2\" type=\"text\/javascript\" class=\"vc_controls\">UNCODE.initRow(document.getElementById(\"row-unique-2\"));<\/script><\/div><\/div><\/div><div data-parent=\"true\" class=\"vc_row style-color-xsdn-bg vc_custom_1655922632744 row-container onepage-section\" data-label=\"features\" data-name=\"features\" style=\"padding-top: 20px ;padding-bottom: 20px ;\" id=\"row-unique-3\"><div class=\"row limit-width row-parent\"><div class=\"wpb_row row-inner\"><div class=\"wpb_column pos-top pos-center align_left column_parent col-lg-12 single-internal-gutter\"><div class=\"uncol style-light\"  ><div class=\"uncoltable\"><div class=\"uncell no-block-padding\" ><div class=\"uncont\" ><div class=\"uncode_text_column\" ><\/p>\n<p style=\"text-align: left;\"><span style=\"color: #000000;\">*APY = Rendimiento Porcentual Anual. Tasa = Tasa de Dividendo. Todas las tasas mostradas son nuestras mejores tasas; son correctas a la fecha de vigencia indicada (<span id=\"effective_date\">11\/06\/24<\/span>Estas tarifas est\u00e1n sujetas a cambios o pueden finalizar sin previo aviso. Su tasa real puede variar seg\u00fan diversos factores, como el nivel de membres\u00eda y el producto que seleccione. Las comisiones podr\u00edan reducir las ganancias de su cuenta, y se aplicar\u00e1 una penalizaci\u00f3n por retiros anticipados. Consulte nuestra Tabla de Comisiones y la Informaci\u00f3n de la Cuenta para obtener m\u00e1s detalles. Para las Cuentas del Mercado Monetario, se aplican ciertas limitaciones en cuanto a la naturaleza y la cantidad de transacciones mensuales. <\/span><\/p>\n<p>\n<\/div><div class=\"uncode_text_column\" ><\/p>\n<p style=\"text-align: left;\"><span style=\"color: #000000;\">Durante el ciclo de facturaci\u00f3n, no podr\u00e1 realizar m\u00e1s de seis retiros o transferencias a otra cuenta de la cooperativa de cr\u00e9dito o a un tercero mediante transferencia preautorizada o autom\u00e1tica, transferencia electr\u00f3nica, orden o instrucci\u00f3n telef\u00f3nica, cheque, giro, tarjeta de d\u00e9bito u orden similar a un tercero. Si excede los l\u00edmites de transacciones establecidos anteriormente, su cuenta podr\u00eda ser cerrada.<\/span><\/p>\n<p>\n<\/div><\/div><\/div><\/div><\/div><\/div><script id=\"script-row-unique-3\" data-row=\"script-row-unique-3\" type=\"text\/javascript\" class=\"vc_controls\">UNCODE.initRow(document.getElementById(\"row-unique-3\"));<\/script><\/div><\/div><\/div>","protected":false},"excerpt":{"rendered":"Money Market Account Your money could be working for you! Open AccountDon't let your hard-earned money sit in a traditional [...]","protected":false},"author":8,"featured_media":0,"parent":0,"menu_order":0,"comment_status":"closed","ping_status":"closed","template":"","meta":{"footnotes":""},"class_list":["post-14121","page","type-page","status-publish","hentry"],"_links":{"self":[{"href":"https:\/\/demo2.mybscu.org\/es\/wp-json\/wp\/v2\/pages\/14121","targetHints":{"allow":["GET"]}}],"collection":[{"href":"https:\/\/demo2.mybscu.org\/es\/wp-json\/wp\/v2\/pages"}],"about":[{"href":"https:\/\/demo2.mybscu.org\/es\/wp-json\/wp\/v2\/types\/page"}],"author":[{"embeddable":true,"href":"https:\/\/demo2.mybscu.org\/es\/wp-json\/wp\/v2\/users\/8"}],"replies":[{"embeddable":true,"href":"https:\/\/demo2.mybscu.org\/es\/wp-json\/wp\/v2\/comments?post=14121"}],"version-history":[{"count":4,"href":"https:\/\/demo2.mybscu.org\/es\/wp-json\/wp\/v2\/pages\/14121\/revisions"}],"predecessor-version":[{"id":16876,"href":"https:\/\/demo2.mybscu.org\/es\/wp-json\/wp\/v2\/pages\/14121\/revisions\/16876"}],"wp:attachment":[{"href":"https:\/\/demo2.mybscu.org\/es\/wp-json\/wp\/v2\/media?parent=14121"}],"curies":[{"name":"wp","href":"https:\/\/api.w.org\/{rel}","templated":true}]}}