{"id":151,"date":"2016-08-03T19:41:04","date_gmt":"2016-08-03T19:41:04","guid":{"rendered":"https:\/\/demo2.mybscu.org\/?page_id=151"},"modified":"2018-10-24T09:07:49","modified_gmt":"2018-10-24T14:07:49","slug":"financial-fitness","status":"publish","type":"page","link":"https:\/\/demo2.mybscu.org\/es\/products-and-services\/financial-fitness\/","title":{"rendered":"Aptitud financiera"},"content":{"rendered":"<div data-parent=\"true\" class=\"vc_row row-container\" id=\"row-unique-0\"><div class=\"row limit-width row-parent\"><div class=\"wpb_row row-inner\"><div class=\"wpb_column pos-top pos-center align_left column_parent col-lg-12 single-internal-gutter\"><div class=\"uncol style-light\"  ><div class=\"uncoltable\"><div class=\"uncell  vc_custom_1469730998120 border-color-204383-color no-block-padding\" style=\"border-style: solid;border-bottom-width: 1px ;padding-bottom: 35px ;\" ><div class=\"uncont\" ><div class=\"vc_custom_heading_wrap\"><div class=\"heading-text el-text\" ><h1 class=\"h1\" ><span>Aptitud financiera<\/span><\/h1><\/div><div class=\"clear\"><\/div><\/div><\/div><\/div><\/div><\/div><\/div><script id=\"script-row-unique-0\" data-row=\"script-row-unique-0\" type=\"text\/javascript\" class=\"vc_controls\">UNCODE.initRow(document.getElementById(\"row-unique-0\"));<\/script><\/div><\/div><\/div><div data-parent=\"true\" class=\"vc_row row-container\" id=\"row-unique-1\"><div class=\"row limit-width row-parent\"><div class=\"wpb_row row-inner\"><div class=\"wpb_column pos-top pos-center align_left column_parent col-lg-8 single-internal-gutter\"><div class=\"uncol style-light\"  ><div class=\"uncoltable\"><div class=\"uncell no-block-padding\" ><div class=\"uncont\" ><div class=\"uncode_text_column vc_custom_1520961947818\"  style=\"margin-top: 40px ;margin-bottom: 40px ;\"><p><img decoding=\"async\" class=\"alignnone\" style=\"width: 100%;\" src=\"https:\/\/demo2.mybscu.org\/wp-content\/uploads\/2016\/07\/LargeImage_BSCU-FinancialFitness.jpg\" alt=\"Get financially fit with our tips.\" width=\"700\" height=\"350\" \/><\/p>\n<\/div><div class=\"vc_row vc_custom_1469730819938 border-color-204383-color row-internal row-container\" style=\"border-style: solid;margin-bottom: 75px ;border-bottom-width: 1px ;padding-bottom: 40px ;\"><div class=\"row row-child\"><div class=\"wpb_row row-inner\"><div class=\"wpb_column pos-top pos-center align_left column_child col-lg-9 single-internal-gutter\"><div class=\"uncol style-light\" ><div class=\"uncoltable\"><div class=\"uncell no-block-padding\" ><div class=\"uncont\" ><div class=\"uncode_text_column vc_custom_1520962002134\"  style=\"margin-top: 20px ;\"><\/p>\n<h2>Servicios de asesoramiento financiero GRATUITOS DE BALANCE<\/h2>\n<p><span style=\"color: #000000;\">BrightStar Credit Union y BALANCE se han asociado para brindarle educaci\u00f3n financiera, asesoramiento confidencial, calculadoras en l\u00ednea f\u00e1ciles de usar, una copia gratuita o de bajo costo de su informe de cr\u00e9dito y un programa de autoaprendizaje GRATUITO sobre c\u00f3mo administrar su cuenta corriente.<\/span><\/p>\n<\/div><\/div><\/div><\/div><\/div><\/div><div class=\"wpb_column pos-top pos-center align_left column_child col-lg-3 single-internal-gutter\"><div class=\"uncol style-light\" ><div class=\"uncoltable\"><div class=\"uncell no-block-padding\" ><div class=\"uncont\" ><div class=\"empty-space empty-double\" ><span class=\"empty-space-inner\"><\/span><\/div>\n<span class=\"btn-container btn-inline\" ><a href=\"https:\/\/demo2.mybscu.org\/es\/balance\/\" class=\"custom-link btn border-width-0 btn-accent btn-top-margin btn-icon-left\">M\u00e1s informaci\u00f3n<\/a><\/span><\/div><\/div><\/div><\/div><\/div><\/div><\/div><\/div><div class=\"vc_row vc_custom_1469730819938 border-color-204383-color row-internal row-container\" style=\"border-style: solid;margin-bottom: 75px ;border-bottom-width: 1px ;padding-bottom: 40px ;\"><div class=\"row row-child\"><div class=\"wpb_row row-inner\"><div class=\"wpb_column pos-top pos-center align_left column_child col-lg-9 single-internal-gutter\"><div class=\"uncol style-light\" ><div class=\"uncoltable\"><div class=\"uncell no-block-padding\" ><div class=\"uncont\" ><div class=\"uncode_text_column vc_custom_1520961982345\"  style=\"margin-top: 20px ;\"><\/p>\n<h2>Servicio gratuito de asesores automotrices<\/h2>\n<p><span style=\"color: #000000;\">Auto Advisors es la forma m\u00e1s sencilla y sin complicaciones de comprar un auto. Comprar un veh\u00edculo nuevo puede ser estresante, consumir mucho tiempo y ser una verdadera molestia. Ahorre tiempo y evite el estr\u00e9s hablando con los asesores de BrightStar CU Auto Advisors. El servicio es gratuito.<\/span><\/p>\n<\/div><\/div><\/div><\/div><\/div><\/div><div class=\"wpb_column pos-top pos-center align_left column_child col-lg-3 single-internal-gutter\"><div class=\"uncol style-light\" ><div class=\"uncoltable\"><div class=\"uncell no-block-padding\" ><div class=\"uncont\" ><div class=\"empty-space empty-double\" ><span class=\"empty-space-inner\"><\/span><\/div>\n<span class=\"btn-container btn-inline\" ><a href=\"https:\/\/demo2.mybscu.org\/es\/autoadvisors\/\" class=\"custom-link btn border-width-0 btn-accent btn-top-margin btn-icon-left\">M\u00e1s informaci\u00f3n<\/a><\/span><\/div><\/div><\/div><\/div><\/div><\/div><\/div><\/div><div class=\"vc_row vc_custom_1469730819938 border-color-204383-color row-internal row-container\" style=\"border-style: solid;margin-bottom: 75px ;border-bottom-width: 1px ;padding-bottom: 40px ;\"><div class=\"row row-child\"><div class=\"wpb_row row-inner\"><div class=\"wpb_column pos-top pos-center align_left column_child col-lg-9 single-internal-gutter\"><div class=\"uncol style-light\" ><div class=\"uncoltable\"><div class=\"uncell no-block-padding\" ><div class=\"uncont\" ><div class=\"uncode_text_column vc_custom_1520961962222\"  style=\"margin-top: 20px ;\"><\/p>\n<h2>Beneficios de la membres\u00eda Platinum Star<\/h2>\n<p><span style=\"color: #000000;\">Cuanto m\u00e1s uses la cooperativa de cr\u00e9dito, m\u00e1s beneficios obtendr\u00e1s. Consigue ventajas especiales seg\u00fan tu relaci\u00f3n con BrightStar. Todos los socios de BrightStar Credit Union son estrellas, pero adem\u00e1s podr\u00edas optar a nuestra membres\u00eda de \u00e9lite Platinum Star.<\/span><\/p>\n<\/div><\/div><\/div><\/div><\/div><\/div><div class=\"wpb_column pos-top pos-center align_left column_child col-lg-3 single-internal-gutter\"><div class=\"uncol style-light\" ><div class=\"uncoltable\"><div class=\"uncell no-block-padding\" ><div class=\"uncont\" ><div class=\"empty-space empty-double\" ><span class=\"empty-space-inner\"><\/span><\/div>\n<span class=\"btn-container btn-inline\" ><a href=\"https:\/\/demo2.mybscu.org\/es\/aboutus\/platinum-star-membership\/\" class=\"custom-link btn border-width-0 btn-accent btn-top-margin btn-icon-left\">M\u00e1s informaci\u00f3n<\/a><\/span><\/div><\/div><\/div><\/div><\/div><\/div><\/div><\/div><\/div><\/div><\/div><\/div><\/div><div class=\"wpb_column pos-top pos-center align_left column_parent col-lg-4 single-internal-gutter\"><div class=\"uncol style-light\"  ><div class=\"uncoltable\"><div class=\"uncell no-block-padding\" ><div class=\"uncont\" ><div class=\"uncode_text_column text-lead\" ><\/p>\n<h4>Enlaces r\u00e1pidos<\/h4>\n<p>\n<\/div><div class=\"vc_wp_custommenu wpb_content_element sidebar-nav\"  data-id=\"1\"><div class=\"widget widget_nav_menu\"><div class=\"menu-sidebar-menu-container\"><ul id=\"menu-sidebar-menu\" class=\"menu\"><li id=\"menu-item-198\" class=\"menu-item menu-item-type-post_type menu-item-object-page menu-item-198\"><a href=\"https:\/\/demo2.mybscu.org\/es\/onlinebanking\/\"><i class=\"side-icon genericon genericon-next\"><\/i>Extractos electr\u00f3nicos de BrightStar<\/a><\/li>\n<li id=\"menu-item-6514\" class=\"menu-item menu-item-type-post_type menu-item-object-page menu-item-6514\"><a href=\"https:\/\/demo2.mybscu.org\/es\/courtesypay\/\"><i class=\"side-icon genericon genericon-next\"><\/i>Pago de cortes\u00eda<\/a><\/li>\n<li id=\"menu-item-459\" class=\"menu-item menu-item-type-post_type menu-item-object-page menu-item-459\"><a href=\"https:\/\/demo2.mybscu.org\/es\/directdeposit\/\"><i class=\"side-icon genericon genericon-next\"><\/i>Dep\u00f3sito directo<\/a><\/li>\n<li id=\"menu-item-197\" class=\"menu-item menu-item-type-post_type menu-item-object-page menu-item-197\"><a href=\"https:\/\/demo2.mybscu.org\/es\/moneydesktop\/\"><i class=\"side-icon genericon genericon-next\"><\/i>Dinero de escritorio<\/a><\/li>\n<li id=\"menu-item-458\" class=\"menu-item menu-item-type-post_type menu-item-object-page menu-item-458\"><a href=\"https:\/\/demo2.mybscu.org\/es\/onlinebanking\/\"><i class=\"side-icon genericon genericon-next\"><\/i>Banca en l\u00ednea y pago de facturas<\/a><\/li>\n<li id=\"menu-item-466\" class=\"menu-item menu-item-type-post_type menu-item-object-page menu-item-466\"><a href=\"https:\/\/demo2.mybscu.org\/es\/debitcard\/\"><i class=\"side-icon genericon genericon-next\"><\/i>Tarjeta de cheques Visa<\/a><\/li>\n<li id=\"menu-item-200\" class=\"menu-item menu-item-type-post_type menu-item-object-page menu-item-200\"><a href=\"https:\/\/demo2.mybscu.org\/es\/skipapay\/\"><i class=\"side-icon genericon genericon-next\"><\/i>Saltar un pago<\/a><\/li>\n<li id=\"menu-item-196\" class=\"menu-item menu-item-type-post_type menu-item-object-page menu-item-196\"><a href=\"https:\/\/demo2.mybscu.org\/es\/mobilebanking\/\"><i class=\"side-icon genericon genericon-next\"><\/i>Aplicaciones para tel\u00e9fonos inteligentes<\/a><\/li>\n<\/ul><\/div><\/div><\/div><div class=\"uncode_text_column text-lead\" ><\/p>\n<h4>Preguntas frecuentes<\/h4>\n<p>\n<\/div><div class=\"uncode-accordion wpb_accordion wpb_content_element  sign-size-rg w-border\" data-collapsible=\"no\" data-target=\"\" data-active-tab=\"0\" >\n\t\t<div class=\"panel-group wpb_wrapper wpb_accordion_wrapper\" id=\"accordion_757557853\" role=\"tablist\" aria-multiselectable=\"true\" data-no-toggle=\"\">\n\n<div class=\"panel panel-default wpb_accordion_section group\"><div class=\"panel-heading wpb_accordion_header ui-accordion-header\" role=\"tab\"><p class=\"panel-title font-weight- text-   icon-size-rg\"><a data-toggle=\"collapse\" data-parent=\"#accordion_757557853\" href=\"#how-do-i-join-brightstar-cu-318961\"><span>\u00bfC\u00f3mo me uno a BrightStar CU?<\/span><\/a><\/p><\/div><div id=\"how-do-i-join-brightstar-cu-318961\" class=\"panel-collapse collapse\" role=\"tabpanel\"><div class=\"panel-body wpb_accordion_content ui-accordion-content half-internal-gutter single-block-padding\">\n\t\t\t\t\t\t<div class=\"uncode_text_column\" ><p>Cuando abre una cuenta de BrightStar CU, se convierte en miembro. Su membres\u00eda es su pasaporte a todo un mundo de servicios de cooperativas de cr\u00e9dito. \u00danase por tan solo $1. Una vez que sea miembro, podr\u00e1 solicitar otras cuentas, incluidas cuentas corrientes, pr\u00e9stamos, tarjetas de cr\u00e9dito y m\u00e1s. Ofrecemos 3 formas convenientes de unirse:<\/p>\n<ul>\n<li>Presentar una solicitud en l\u00ednea<\/li>\n<li>Complete una solicitud PDF en l\u00ednea y luego env\u00edela por correo<\/li>\n<li>Visite la sucursal BrightStar CU m\u00e1s cercana<\/li>\n<\/ul>\n<p>\n<\/div><\/div><\/div><\/div><div class=\"panel panel-default wpb_accordion_section group\"><div class=\"panel-heading wpb_accordion_header ui-accordion-header\" role=\"tab\"><p class=\"panel-title font-weight- text-   icon-size-rg\"><a data-toggle=\"collapse\" data-parent=\"#accordion_757557853\" href=\"#who-is-eligible-to-join-863083\"><span>\u00bfQui\u00e9n es elegible para unirse?<\/span><\/a><\/p><\/div><div id=\"who-is-eligible-to-join-863083\" class=\"panel-collapse collapse\" role=\"tabpanel\"><div class=\"panel-body wpb_accordion_content ui-accordion-content half-internal-gutter single-block-padding\">\n\t\t\t\t\t\t<div class=\"uncode_text_column\" ><\/p>\n<p class=\"p1\"><span class=\"s1\">Cualquier persona que viva, trabaje o estudie en los condados de Broward, Collier, Lee, Martin, Miami-Dade, Palm Beach o St. Lucie, Pinellas, Hillsborough, Polk, Osceola, Brevard, Manatee, Hardee, Highlands, Okeechobee, Indian River, Sarasota, DeSoto, Charlotte, Glades, Hendry y Monroe, Florida. BrightStar CU presta servicios a las escuelas de Broward, como lo hemos hecho con orgullo durante m\u00e1s de 70 a\u00f1os. Ofrecemos servicios a organizaciones asociadas locales, las cuales ofrecen BrightStar CU como beneficio para sus empleados. Los familiares de los miembros de las organizaciones mencionadas tambi\u00e9n pueden unirse.<\/span><\/p>\n<p>\n<\/div><\/div><\/div><\/div>\n\t\t<\/div><\/div><\/div><\/div><\/div><\/div><\/div><script id=\"script-row-unique-1\" data-row=\"script-row-unique-1\" type=\"text\/javascript\" class=\"vc_controls\">UNCODE.initRow(document.getElementById(\"row-unique-1\"));<\/script><\/div><\/div><\/div>","protected":false},"excerpt":{"rendered":"Financial Fitness FREE BALANCE Financial Counseling Services BrightStar Credit Union and BALANCE have partnered to provide you with financial education, [...]","protected":false},"author":8,"featured_media":0,"parent":161,"menu_order":6,"comment_status":"closed","ping_status":"closed","template":"","meta":{"footnotes":""},"class_list":["post-151","page","type-page","status-publish","hentry"],"_links":{"self":[{"href":"https:\/\/demo2.mybscu.org\/es\/wp-json\/wp\/v2\/pages\/151","targetHints":{"allow":["GET"]}}],"collection":[{"href":"https:\/\/demo2.mybscu.org\/es\/wp-json\/wp\/v2\/pages"}],"about":[{"href":"https:\/\/demo2.mybscu.org\/es\/wp-json\/wp\/v2\/types\/page"}],"author":[{"embeddable":true,"href":"https:\/\/demo2.mybscu.org\/es\/wp-json\/wp\/v2\/users\/8"}],"replies":[{"embeddable":true,"href":"https:\/\/demo2.mybscu.org\/es\/wp-json\/wp\/v2\/comments?post=151"}],"version-history":[{"count":0,"href":"https:\/\/demo2.mybscu.org\/es\/wp-json\/wp\/v2\/pages\/151\/revisions"}],"up":[{"embeddable":true,"href":"https:\/\/demo2.mybscu.org\/es\/wp-json\/wp\/v2\/pages\/161"}],"wp:attachment":[{"href":"https:\/\/demo2.mybscu.org\/es\/wp-json\/wp\/v2\/media?parent=151"}],"curies":[{"name":"wp","href":"https:\/\/api.w.org\/{rel}","templated":true}]}}