{"id":15279,"date":"2023-10-06T15:14:35","date_gmt":"2023-10-06T19:14:35","guid":{"rendered":"https:\/\/demo2.mybscu.org\/?page_id=15279"},"modified":"2024-10-10T09:21:14","modified_gmt":"2024-10-10T13:21:14","slug":"6-month-cd","status":"publish","type":"page","link":"https:\/\/demo2.mybscu.org\/es\/6-month-cd\/","title":{"rendered":"CD de 6 meses"},"content":{"rendered":"<section data-parent=\"true\" class=\"vc_section style-color-xsdn-bg row-container\" id=\"section-unique-0\"><div class=\"row-background background-element\">\n\t\t\t\t\t\t\t\t\t\t\t<div class=\"background-wrapper\">\n\t\t\t\t\t\t\t\t\t\t\t\t<div class=\"background-inner\" style=\"background-image: url(https:\/\/demo2.mybscu.org\/wp-content\/uploads\/2023\/12\/senior-sportbg.jpg);background-repeat: no-repeat;background-position: center center;background-attachment: scroll;background-size: cover;\"><\/div>\n\t\t\t\t\t\t\t\t\t\t\t\t<div class=\"block-bg-overlay style-color-jevc-bg\" style=\"opacity: 0.57;\"><\/div>\n\t\t\t\t\t\t\t\t\t\t\t<\/div>\n\t\t\t\t\t\t\t\t\t\t<\/div><div class=\"row no-top-padding no-bottom-padding no-h-padding full-width row-parent\"><div data-parent=\"true\" class=\"vc_row vc_custom_1696620457569 row-container has-dividers\" style=\"padding-top: 80px ;padding-bottom: 80px ;\" id=\"row-unique-0\"><div class=\"uncode-divider-wrap uncode-divider-wrap-bottom z_index_0 uncode-row-divider-invert\" style=\"height: 100px;\" data-height=\"100\" data-unit=\"px\"><svg version=\"1.1\" class=\"uncode-row-divider uncode-row-divider-curve\" x=\"0px\" y=\"0px\" width=\"240px\" height=\"24px\" viewbox=\"0 0 240 24\" enable-background=\"new 0 0 240 24\" xml:space=\"preserve\" preserveaspectratio=\"none\">\n\t\t<path fill=\"#f7f7f7\" fill-opacity=\"0.25\" d=\"M240,0H0v24l240-11.26V0z\"\/>\n\t\t<path fill=\"#f7f7f7\" d=\"M0,0h240v12.74L0,0z\"\/>\n\t\t<path fill=\"#f7f7f7\" fill-opacity=\"0.5\" d=\"M0,0h240v12.74H0V0z\"\/>\n\t\t<\/svg><\/div><div class=\"row unequal full-width row-parent\" data-height-ratio=\"25\" data-minheight=\"300\"><div class=\"wpb_row row-inner\"><div class=\"wpb_column pos-middle pos-center align_center align_center_mobile column_parent col-lg-12 col-sm-100 no-internal-gutter\"><div class=\"uncol style-light\"  ><div class=\"uncoltable\"><div class=\"uncell no-block-padding\" ><div class=\"uncont\" ><div id=\"ultimate-heading-851769d991046c0f1\" class=\"uvc-heading ult-adjust-bottom-margin ultimate-heading-851769d991046c0f1 uvc-3332\" data-hspacer=\"no_spacer\"  data-halign=\"center\" style=\"text-align:center\"><div class=\"uvc-heading-spacer no_spacer\" style=\"top\"><\/div><div class=\"uvc-main-heading ult-responsive\"  data-ultimate-target='.uvc-heading.ultimate-heading-851769d991046c0f1 h1'  data-responsive-json-new='{\"font-size\":\"desktop:30px;mobile:20px;\",\"line-height\":\"\"}' ><h1 style=\"font-weight:normal;color:#ffffff;\">Gana hasta<\/h1><\/div><div class=\"uvc-sub-heading ult-responsive\"  data-ultimate-target='.uvc-heading.ultimate-heading-851769d991046c0f1 .uvc-sub-heading '  data-responsive-json-new='{\"font-size\":\"desktop:22px;\",\"line-height\":\"\"}'  style=\"font-weight:normal;color:#ffffff;\"><\/p>\n<p style=\"text-align: center;\"><strong style=\"font-size: 80px; color: #ffffff;\">4,50 APY<sup>*<\/sup><\/strong><\/p>\n<p><\/div><\/div><div class=\"uncode_text_column\" ><\/p>\n<p style=\"text-align: center;\"><span style=\"color: #ffffff; font-size: 30px;\">Con un CD de alto rendimiento a 6 meses<\/span><\/p>\n<p>\n<\/div><div class=\"ult-spacer spacer-69d991046c602\" data-id=\"69d991046c602\" data-height=\"10\" data-height-mobile=\"10\" data-height-tab=\"10\" data-height-tab-portrait=\"\" data-height-mobile-landscape=\"\" style=\"clear:both;display:block;\"><\/div><span class=\"btn-container\" ><a href=\"https:\/\/app.loanspq.com\/apply.aspx?enc=Kw21Wblm1yxpjJabdoZaD387N2JxsZCKo346rct2X6oksGgk0G9KDJQenA2LEXKLuXsUAgyalFZnecXQMBTewbYaWmo1ddfy0R_2Gujj3kEVXMDFVnDGz4tJ_q2WVhuV\" class=\"custom-link btn border-width-0 btn-heloc btn-accent btn-round btn-shadow btn-icon-left\" title=\"El enlace se abrir\u00e1 en una nueva pesta\u00f1a.\" target=\"_blank\" onclick=\"amplitude.getInstance().logEvent(&#039;Membership App - Early Pay Page&#039;);\"><i class=\"fa fa-wpforms\"><\/i>Abrir cuenta<\/a><\/span>\n\t<div class=\"wpb_raw_code wpb_content_element wpb_raw_html\" >\n\t\t<div class=\"wpb_wrapper\">\n\t\t\t<a href=\"#more\">\n<div class=\"scroll-container\">\n<div class=\"scroll-arrow\"><\/div>\n<div class=\"scroll-arrow\"><\/div>\n<div class=\"scroll-arrow\"><\/div>\n<\/div>\n<\/a>\n\t\t<\/div>\n\t<\/div>\n<\/div><\/div><\/div><\/div><\/div><script id=\"script-row-unique-0\" data-row=\"script-row-unique-0\" type=\"text\/javascript\" class=\"vc_controls\">UNCODE.initRow(document.getElementById(\"row-unique-0\"));<\/script><\/div><\/div><\/div><script id=\"script-section-unique-0\" data-section=\"script-section-unique-0\" type=\"text\/javascript\">UNCODE.initSection(document.getElementById(\"section-unique-0\"));<\/script><\/div><\/section><div data-parent=\"true\" class=\"vc_row style-color-lxmt-bg vc_custom_1696620026350 row-container onepage-section\" data-label=\"more\" data-name=\"more\" style=\"padding-top: 20px ;\" id=\"row-unique-1\"><div class=\"row limit-width row-parent\"><div class=\"wpb_row row-inner\"><div class=\"wpb_column pos-top pos-center align_left column_parent col-lg-12 single-internal-gutter\"><div class=\"uncol style-light\"  ><div class=\"uncoltable\"><div class=\"uncell no-block-padding\" ><div class=\"uncont\" ><div id=\"ultimate-heading-665569d991046e072\" class=\"uvc-heading ult-adjust-bottom-margin ultimate-heading-665569d991046e072 uvc-3013\" data-hspacer=\"no_spacer\"  data-halign=\"center\" style=\"text-align:center\"><div class=\"uvc-heading-spacer no_spacer\" style=\"top\"><\/div><div class=\"uvc-main-heading ult-responsive\"  data-ultimate-target='.uvc-heading.ultimate-heading-665569d991046e072 h3'  data-responsive-json-new='{\"font-size\":\"\",\"line-height\":\"\"}' ><h3 style=\"font-weight:normal;\">Beneficios del CD<\/h3><\/div><\/div><div class=\"vc_row row-internal row-container\"><div class=\"row row-child\"><div class=\"wpb_row row-inner\"><div class=\"wpb_column pos-top pos-center align_left column_child col-lg-4 single-internal-gutter\"><div class=\"uncol style-light\" ><div class=\"uncoltable\"><div class=\"uncell no-block-padding\" ><div class=\"uncont\" ><div class=\"aio-icon-component    style_2\"><a class=\"aio-icon-box-link\" ><div id=\"Info-box-wrap-4499\" class=\"aio-icon-box top-icon\" style=\"\"  ><div class=\"aio-icon-top\"><div class=\"ult-just-icon-wrapper\"><div class=\"align-icon\" style=\"text-align:center;\">\n<div class=\"aio-icon none\"  style=\"color:#00475f;font-size:64px;display:inline-block;\">\n\t<i class=\"Defaults-star-o\"><\/i>\n<\/div><\/div><\/div><\/div><div class=\"aio-icon-header\" ><h3 class=\"aio-icon-title ult-responsive\"  data-ultimate-target='#Info-box-wrap-4499 .aio-icon-title'  data-responsive-json-new='{\"font-size\":\"desktop:26px;\",\"line-height\":\"\"}'  style=\"font-weight:bold;\">Rentabilidad competitiva<\/h3><\/div> <!-- header --><div class=\"aio-icon-description ult-responsive\"  data-ultimate-target='#Info-box-wrap-4499 .aio-icon-description'  data-responsive-json-new='{\"font-size\":\"\",\"line-height\":\"\"}'  style=\"\">Ofrecemos algunas de las tasas de ahorro m\u00e1s altas en certificados de dep\u00f3sito en el sur de Florida.<\/div> <!-- description --><\/div> <!-- aio-icon-box --><\/a><\/div> <!-- aio-icon-component --><\/div><\/div><\/div><\/div><\/div><div class=\"wpb_column pos-top pos-center align_left column_child col-lg-4 single-internal-gutter\"><div class=\"uncol style-light\" ><div class=\"uncoltable\"><div class=\"uncell no-block-padding\" ><div class=\"uncont\" ><div class=\"aio-icon-component    style_2\"><a class=\"aio-icon-box-link\" ><div id=\"Info-box-wrap-2132\" class=\"aio-icon-box top-icon\" style=\"\"  ><div class=\"aio-icon-top\"><div class=\"ult-just-icon-wrapper\"><div class=\"align-icon\" style=\"text-align:center;\">\n<div class=\"aio-icon none\"  style=\"color:#005868;font-size:64px;display:inline-block;\">\n\t<i class=\"Defaults-money\"><\/i>\n<\/div><\/div><\/div><\/div><div class=\"aio-icon-header\" ><h3 class=\"aio-icon-title ult-responsive\"  data-ultimate-target='#Info-box-wrap-2132 .aio-icon-title'  data-responsive-json-new='{\"font-size\":\"desktop:26px;\",\"line-height\":\"\"}'  style=\"font-weight:bold;\">Grandes ahorros<\/h3><\/div> <!-- header --><div class=\"aio-icon-description ult-responsive\"  data-ultimate-target='#Info-box-wrap-2132 .aio-icon-description'  data-responsive-json-new='{\"font-size\":\"\",\"line-height\":\"\"}'  style=\"\">No dejes que tu dinero se quede parado en una cuenta de ahorros com\u00fan. Haz que trabaje para ti y que te genere dinero.<\/div> <!-- description --><\/div> <!-- aio-icon-box --><\/a><\/div> <!-- aio-icon-component --><\/div><\/div><\/div><\/div><\/div><div class=\"wpb_column pos-top pos-center align_left column_child col-lg-4 single-internal-gutter\"><div class=\"uncol style-light\" ><div class=\"uncoltable\"><div class=\"uncell no-block-padding\" ><div class=\"uncont\" ><div class=\"aio-icon-component    style_2\"><a class=\"aio-icon-box-link\" ><div id=\"Info-box-wrap-4544\" class=\"aio-icon-box top-icon\" style=\"\"  ><div class=\"aio-icon-top\"><div class=\"ult-just-icon-wrapper\"><div class=\"align-icon\" style=\"text-align:center;\">\n<div class=\"aio-icon none\"  style=\"color:#00475f;font-size:64px;display:inline-block;\">\n\t<i class=\"Defaults-signal\"><\/i>\n<\/div><\/div><\/div><\/div><div class=\"aio-icon-header\" ><h3 class=\"aio-icon-title ult-responsive\"  data-ultimate-target='#Info-box-wrap-4544 .aio-icon-title'  data-responsive-json-new='{\"font-size\":\"desktop:26px;\",\"line-height\":\"\"}'  style=\"font-weight:bold;\">Inversi\u00f3n segura<\/h3><\/div> <!-- header --><div class=\"aio-icon-description ult-responsive\"  data-ultimate-target='#Info-box-wrap-4544 .aio-icon-description'  data-responsive-json-new='{\"font-size\":\"\",\"line-height\":\"\"}'  style=\"\">La inversi\u00f3n perfecta en tiempos turbulentos. Es una forma segura y confiable de invertir su dinero.<\/div> <!-- description --><\/div> <!-- aio-icon-box --><\/a><\/div> <!-- aio-icon-component --><\/div><\/div><\/div><\/div><\/div><\/div><\/div><\/div><\/div><\/div><\/div><\/div><\/div><script id=\"script-row-unique-1\" data-row=\"script-row-unique-1\" type=\"text\/javascript\" class=\"vc_controls\">UNCODE.initRow(document.getElementById(\"row-unique-1\"));<\/script><\/div><\/div><\/div><div data-parent=\"true\" class=\"vc_row style-color-772071-bg vc_custom_1694625999125 row-container onepage-section\" data-label=\"more\" data-name=\"more\" style=\"padding-top: 20px ;padding-bottom: 20px ;\" id=\"row-unique-2\"><div class=\"row limit-width row-parent\"><div class=\"wpb_row row-inner\"><div class=\"wpb_column pos-middle pos-center align_center column_parent col-lg-12 single-internal-gutter\"><div class=\"uncol style-light\"  ><div class=\"uncoltable\"><div class=\"uncell no-block-padding\" ><div class=\"uncont\" ><div class=\"uncode_text_column\" ><\/p>\n<p style=\"font-size: .85em;\" align=\"justify\"><span style=\"color: #ffffff;\">* TAE = Rendimiento Porcentual Anual. Tasa = Tasa de Dividendos. Las tasas mostradas son nuestras mejores tasas; son correctas a la fecha de vigencia (10\/10\/24) indicada y est\u00e1n sujetas a cambios o finalizaci\u00f3n sin previo aviso. Las tasas reflejadas son las tasas para Miembros Platinum Star. Su(s) tasa(s) real(es) puede(n) variar seg\u00fan diversos factores, incluyendo el nivel de membres\u00eda y la duraci\u00f3n del certificado. Las comisiones podr\u00edan reducir las ganancias de una cuenta; se aplicar\u00e1 o podr\u00eda aplicarse una penalizaci\u00f3n por retiros anticipados. Consulte a un representante de BrightStar Credit Union para obtener m\u00e1s informaci\u00f3n. Aplican t\u00e9rminos y condiciones. Se requiere ser miembro. Dep\u00f3sito m\u00ednimo de $500.00 en el Certificado de Dep\u00f3sito. Asegurado federalmente por la NCUA.<\/span><\/p>\n<p>\n<\/div><\/div><\/div><\/div><\/div><\/div><script id=\"script-row-unique-2\" data-row=\"script-row-unique-2\" type=\"text\/javascript\" class=\"vc_controls\">UNCODE.initRow(document.getElementById(\"row-unique-2\"));<\/script><\/div><\/div><\/div>","protected":false},"excerpt":{"rendered":"Earn Up to 4.50 APY* With a High Yield 6 Month CD Open Account CD Benefits Competitive Returns We offer [...]","protected":false},"author":8,"featured_media":0,"parent":0,"menu_order":0,"comment_status":"closed","ping_status":"closed","template":"","meta":{"footnotes":""},"class_list":["post-15279","page","type-page","status-publish","hentry"],"_links":{"self":[{"href":"https:\/\/demo2.mybscu.org\/es\/wp-json\/wp\/v2\/pages\/15279","targetHints":{"allow":["GET"]}}],"collection":[{"href":"https:\/\/demo2.mybscu.org\/es\/wp-json\/wp\/v2\/pages"}],"about":[{"href":"https:\/\/demo2.mybscu.org\/es\/wp-json\/wp\/v2\/types\/page"}],"author":[{"embeddable":true,"href":"https:\/\/demo2.mybscu.org\/es\/wp-json\/wp\/v2\/users\/8"}],"replies":[{"embeddable":true,"href":"https:\/\/demo2.mybscu.org\/es\/wp-json\/wp\/v2\/comments?post=15279"}],"version-history":[{"count":4,"href":"https:\/\/demo2.mybscu.org\/es\/wp-json\/wp\/v2\/pages\/15279\/revisions"}],"predecessor-version":[{"id":16808,"href":"https:\/\/demo2.mybscu.org\/es\/wp-json\/wp\/v2\/pages\/15279\/revisions\/16808"}],"wp:attachment":[{"href":"https:\/\/demo2.mybscu.org\/es\/wp-json\/wp\/v2\/media?parent=15279"}],"curies":[{"name":"wp","href":"https:\/\/api.w.org\/{rel}","templated":true}]}}