{"id":15472,"date":"2023-12-12T13:12:35","date_gmt":"2023-12-12T18:12:35","guid":{"rendered":"https:\/\/demo2.mybscu.org\/?page_id=15472"},"modified":"2024-12-09T09:49:22","modified_gmt":"2024-12-09T14:49:22","slug":"edudrive","status":"publish","type":"page","link":"https:\/\/demo2.mybscu.org\/es\/edudrive\/","title":{"rendered":"Unidad educativa"},"content":{"rendered":"<section data-parent=\"true\" class=\"vc_section row-container\" id=\"section-unique-0\"><div class=\"row-background background-element\">\n\t\t\t\t\t\t\t\t\t\t\t<div class=\"background-wrapper\">\n\t\t\t\t\t\t\t\t\t\t\t\t<div class=\"background-inner\" style=\"background-image: url(https:\/\/demo2.mybscu.org\/wp-content\/uploads\/2024\/01\/edudrivebg.jpg);background-repeat: no-repeat;background-position: center center;background-attachment: scroll;background-size: cover;\"><\/div>\n\t\t\t\t\t\t\t\t\t\t\t\t<div class=\"block-bg-overlay style-accent-bg\" style=\"opacity: 0.6;\"><\/div>\n\t\t\t\t\t\t\t\t\t\t\t<\/div>\n\t\t\t\t\t\t\t\t\t\t<\/div><div class=\"row no-top-padding no-bottom-padding no-h-padding full-width row-parent\"><div data-parent=\"true\" class=\"vc_row vc_custom_1705090613510 row-container has-dividers\" style=\"padding-top: 20px ;padding-bottom: 20px ;\" id=\"row-unique-0\"><div class=\"uncode-divider-wrap uncode-divider-wrap-bottom z_index_3 uncode-row-divider-invert\" style=\"height: 100px;\" data-height=\"100\" data-unit=\"px\"><svg version=\"1.1\" class=\"uncode-row-divider uncode-row-divider-curve\" x=\"0px\" y=\"0px\" width=\"240px\" height=\"24px\" viewbox=\"0 0 240 24\" enable-background=\"new 0 0 240 24\" xml:space=\"preserve\" preserveaspectratio=\"none\">\n\t\t<path fill=\"#ffffff\" fill-opacity=\"0.25\" d=\"M240,0H0v24l240-11.26V0z\"\/>\n\t\t<path fill=\"#ffffff\" d=\"M0,0h240v12.74L0,0z\"\/>\n\t\t<path fill=\"#ffffff\" fill-opacity=\"0.5\" d=\"M0,0h240v12.74H0V0z\"\/>\n\t\t<\/svg><\/div><div class=\"row limit-width row-parent\" data-minheight=\"300\"><div class=\"wpb_row row-inner\"><div class=\"wpb_column pos-middle pos-center align_center column_parent col-lg-12 single-internal-gutter\"><div class=\"uncol style-light\"  ><div class=\"uncoltable\"><div class=\"uncell  vc_custom_1612821354555 no-block-padding\" style=\"padding-top: 100px ;padding-bottom: 100px ;\" ><div class=\"uncont\" ><div class=\"uncode-single-media  text-center\"><div class=\"single-wrapper\" style=\"max-width: 40%;\"><div class=\"tmb tmb-light  tmb-media-first tmb-media-last tmb-content-overlay tmb-no-bg\"><div class=\"t-inside\"><div class=\"t-entry-visual\"><div class=\"t-entry-visual-tc\"><div class=\"uncode-single-media-wrapper\"><img decoding=\"async\" class=\"wp-image-15516\" src=\"https:\/\/demo2.mybscu.org\/wp-content\/uploads\/2024\/01\/edudlg.png\" width=\"613\" height=\"175\" alt=\"\" srcset=\"https:\/\/demo2.mybscu.org\/wp-content\/uploads\/2024\/01\/edudlg.png 613w, https:\/\/demo2.mybscu.org\/wp-content\/uploads\/2024\/01\/edudlg-300x86.png 300w, https:\/\/demo2.mybscu.org\/wp-content\/uploads\/2024\/01\/edudlg-350x100.png 350w\" sizes=\"(max-width: 613px) 100vw, 613px\" \/><\/div>\n\t\t\t\t\t<\/div>\n\t\t\t\t<\/div><\/div><\/div><\/div><\/div><div class=\"uncode_text_column\" ><\/p>\n<p style=\"text-align: center;\"><span style=\"color: #ffffff; font-size: 20px;\">Pr\u00e9stamo para autom\u00f3vil para empleados escolares<\/span><\/p>\n<p>\n<\/div><div class=\"ult-spacer spacer-69d990cf7491c\" data-id=\"69d990cf7491c\" data-height=\"10\" data-height-mobile=\"10\" data-height-tab=\"10\" data-height-tab-portrait=\"\" data-height-mobile-landscape=\"\" style=\"clear:both;display:block;\"><\/div><span class=\"btn-container animate_when_almost_visible zoom-in\" ><a href=\"https:\/\/app.loanspq.com\/vl\/VehicleLoan.aspx?lenderref=Brightstarcu070620\" class=\"custom-link btn border-width-0 btn-color-xsdn btn-round btn-shadow btn-shadow-std btn-icon-left btn-ripple-in btn-border-animated\" title=\"\u00a1SOLICITA UN PR\u00c9STAMO!\" target=\"_blank\"><i class=\"fa fa-key2\"><\/i>OBTENGA LA APROBACI\u00d3N PREVIA<\/a><\/span><\/div><\/div><\/div><\/div><\/div><script id=\"script-row-unique-0\" data-row=\"script-row-unique-0\" type=\"text\/javascript\" class=\"vc_controls\">UNCODE.initRow(document.getElementById(\"row-unique-0\"));<\/script><\/div><\/div><\/div><script id=\"script-section-unique-0\" data-section=\"script-section-unique-0\" type=\"text\/javascript\">UNCODE.initSection(document.getElementById(\"section-unique-0\"));<\/script><\/div><\/section><div data-parent=\"true\" class=\"vc_row style-color-xsdn-bg row-container onepage-section\" data-label=\"features\" data-name=\"features\" id=\"row-unique-1\"><div class=\"row limit-width row-parent\"><div class=\"wpb_row row-inner\"><div class=\"wpb_column pos-middle pos-center align_center column_parent col-lg-12 single-internal-gutter\"><div class=\"uncol style-light\"  ><div class=\"uncoltable\"><div class=\"uncell  vc_custom_1508767820331 no-block-padding\" style=\"padding-top: 20px ;\" ><div class=\"uncont\" ><div class=\"uncode_text_column\" ><p><span style=\"color: #000000;\">El <strong>Unidad educativa<\/strong> El Programa de Pr\u00e9stamos para Autom\u00f3viles es una iniciativa financiera dise\u00f1ada especialmente para apoyar a los empleados escolares en la compra de un veh\u00edculo. En BrightStar, comprendemos el papel fundamental que desempe\u00f1an los educadores en la formaci\u00f3n del futuro; este programa ofrece condiciones de pr\u00e9stamo favorables, tasas de inter\u00e9s reducidas y opciones de pago flexibles.<\/span><\/p>\n<\/div><\/div><\/div><\/div><\/div><\/div><script id=\"script-row-unique-1\" data-row=\"script-row-unique-1\" type=\"text\/javascript\" class=\"vc_controls\">UNCODE.initRow(document.getElementById(\"row-unique-1\"));<\/script><\/div><\/div><\/div><div data-parent=\"true\" class=\"vc_row style-color-lxmt-bg vc_custom_1704987452390 row-container\" style=\"padding-top: 50px ;padding-bottom: 25px ;\" id=\"row-unique-2\"><div class=\"row limit-width row-parent\"><div class=\"wpb_row row-inner\"><div class=\"wpb_column pos-top pos-center align_left column_parent col-lg-12 single-internal-gutter\"><div class=\"uncol style-light\"  ><div class=\"uncoltable\"><div class=\"uncell no-block-padding\" ><div class=\"uncont\" >\n\t<div class=\"wpb_raw_code wpb_content_element wpb_raw_html\" >\n\t\t<div class=\"wpb_wrapper\">\n\t\t\t\n    <script src=\"https:\/\/cdnjs.cloudflare.com\/ajax\/libs\/react\/18.2.0\/umd\/react.production.min.js\"><\/script>\n    <script src=\"https:\/\/cdnjs.cloudflare.com\/ajax\/libs\/react-dom\/18.2.0\/umd\/react-dom.production.min.js\"><\/script>\n    <script src=\"https:\/\/cdnjs.cloudflare.com\/ajax\/libs\/babel-standalone\/7.21.2\/babel.min.js\"><\/script>\n    <script src=\"https:\/\/cdn.tailwindcss.com\"><\/script>\n    <link rel=\"stylesheet\" href=\"https:\/\/cdnjs.cloudflare.com\/ajax\/libs\/font-awesome\/6.4.0\/css\/all.min.css\" \/>\n    <div id=\"root\"><\/div>\n\n    <script type=\"text\/babel\">\n        const BenefitIcon = ({ iconType }) => {\n            const icons = {\n                rates: (\n                    <svg xmlns=\"http:\/\/www.w3.org\/2000\/svg\" viewBox=\"0 0 24 24\" fill=\"none\" stroke=\"currentColor\" strokeWidth=\"2\" strokeLinecap=\"round\" strokeLinejoin=\"round\" className=\"w-6 h-6\">\n                        <path d=\"M12 2v20M17 5H9.5a3.5 3.5 0 0 0 0 7h5a3.5 3.5 0 0 1 0 7H6\" \/>\n                    <\/svg>\n                ),\n                calendar: (\n                    <svg xmlns=\"http:\/\/www.w3.org\/2000\/svg\" viewBox=\"0 0 24 24\" fill=\"none\" stroke=\"currentColor\" strokeWidth=\"2\" strokeLinecap=\"round\" strokeLinejoin=\"round\" className=\"w-6 h-6\">\n                        <rect x=\"3\" y=\"4\" width=\"18\" height=\"18\" rx=\"2\" ry=\"2\" \/>\n                        <line x1=\"16\" y1=\"2\" x2=\"16\" y2=\"6\" \/>\n                        <line x1=\"8\" y1=\"2\" x2=\"8\" y2=\"6\" \/>\n                        <line x1=\"3\" y1=\"10\" x2=\"21\" y2=\"10\" \/>\n                    <\/svg>\n                ),\n                skip: (\n                    <svg xmlns=\"http:\/\/www.w3.org\/2000\/svg\" viewBox=\"0 0 24 24\" fill=\"none\" stroke=\"currentColor\" strokeWidth=\"2\" strokeLinecap=\"round\" strokeLinejoin=\"round\" className=\"w-6 h-6\">\n                        <path d=\"M17 17H7c-2 0-4-1-4-3.5S5 10 7 10h10c2 0 4 1 4 3.5S19 17 17 17Z\" \/>\n                        <path d=\"M12 17v4\" \/>\n                        <path d=\"M8 17v4\" \/>\n                        <path d=\"M16 17v4\" \/>\n                        <path d=\"M12 3v7\" \/>\n                    <\/svg>\n                )\n            };\n\n            return icons[iconType] || null;\n        };\n\n        const EduDriveOffer = () => {\n            const benefits = [\n                {\n                    icon: \"rates\",\n                    title: \"Low Rates Starting at 4.99% APR* for 72 Months\",\n                    description: \"Save more with competitive financing.\"\n                },\n                {\n                    icon: \"calendar\",\n                    title: \"No Payments for 90 Days\",\n                    description: \"Enjoy financial breathing room before your first payment.\"\n                },\n                {\n                    icon: \"skip\",\n                    title: \"2 Free Skip-a-Payment Options\",\n                    description: \"Manage unexpected expenses with flexibility per rolling 12-months.\"\n                }\n            ];\n\n            const requirements = [\n                \"Show proof of education-based employment (paycheck stub or school ID).\",\n                \"Enroll in direct deposit equivalent to your monthly loan payment.\",\n                \"Activate autopay for your loan.\"\n            ];\n\n            return (\n                <div className=\"max-w-6xl mx-auto p-6 bg-white rounded-lg shadow-lg\">\n                    <h2 className=\"text-3xl font-bold text-center mb-8 text-[#00475f]\">\n                        Why Choose EduDrive?\n                    <\/h2>\n\n                    <div className=\"grid md:grid-cols-3 gap-6 mb-12\">\n                        {benefits.map((benefit, index) => (\n                            <div \n                                key={index} \n                                className=\"p-6 rounded-lg border border-gray-200 hover:shadow-md transition-shadow\"\n                            >\n                                <div className=\"flex items-start gap-3\">\n                                    <div className=\"text-[#00475f] flex-shrink-0\">\n                                        <BenefitIcon iconType={benefit.icon} \/>\n                                    <\/div>\n                                    <div>\n                                        <h5 className=\"font-semibold text-lg text-[#00475f] mb-2\">\n                                            {benefit.title}\n                                        <\/h5>\n                                        <p className=\"text-gray-600\">\n                                            {benefit.description}\n                                        <\/p>\n                                    <\/div>\n                                <\/div>\n                            <\/div>\n                        ))}\n                    <\/div>\n\n                    <div className=\"bg-gray-50 p-6 rounded-lg\">\n                        <h3 className=\"text-2xl font-bold text-[#00475f] mb-6\">\n                            Eligibility Requirements for EduDrive\n                        <\/h3>\n                        <div className=\"space-y-4\">\n                            {requirements.map((requirement, index) => (\n                                <div key={index} className=\"flex items-start gap-3\">\n                                    <i className=\"fas fa-check text-[#00475f] mt-1.5\"><\/i>\n                                    <p className=\"text-gray-700\">{requirement}<\/p>\n                                <\/div>\n                            ))}\n                        <\/div>\n                    <\/div>\n\n                    <p className=\"text-xs text-gray-500 mt-6\">\n                        *APR = Annual Percentage Rate. Membership eligibility required. Certain terms, conditions and exclusions apply. Conditions and credit approval apply. Rates are based on individual credit history and other factors. Actual rates may vary. Paycheck stub or school ID required. BrightStar Credit Union is federally insured by the NCUA.\n                    <\/p>\n                <\/div>\n            );\n        };\n\n        const root = ReactDOM.createRoot(document.getElementById('root'));\n        root.render(<EduDriveOffer \/>);\n    <\/script>\n\t\t<\/div>\n\t<\/div>\n<\/div><\/div><\/div><\/div><\/div><script id=\"script-row-unique-2\" data-row=\"script-row-unique-2\" type=\"text\/javascript\" class=\"vc_controls\">UNCODE.initRow(document.getElementById(\"row-unique-2\"));<\/script><\/div><\/div><\/div><div data-parent=\"true\" class=\"vc_row style-color-xsdn-bg vc_custom_1704988328191 row-container\" style=\"padding-top: 20px ;padding-bottom: 20px ;\" id=\"row-unique-3\"><div class=\"row limit-width row-parent\"><div class=\"wpb_row row-inner\"><div class=\"wpb_column pos-middle pos-center align_center column_parent col-lg-12 no-internal-gutter\"><div class=\"uncol style-light\"  ><div class=\"uncoltable\"><div class=\"uncell no-block-padding\" ><div class=\"uncont\" >\n\t<div class=\"wpb_raw_code wpb_content_element wpb_raw_html\" >\n\t\t<div class=\"wpb_wrapper\">\n\t\t\t<img decoding=\"async\" height=\"1\" width=\"1\" style=\"border-style:none;\" alt=\"\" src=\"https:\/\/insight.adsrvr.org\/track\/pxl\/?adv=beqxvrv&ct=0:a9b0p9u&fmt=3\"\/>\n\t\t<\/div>\n\t<\/div>\n<\/div><\/div><\/div><\/div><\/div><script id=\"script-row-unique-3\" data-row=\"script-row-unique-3\" type=\"text\/javascript\" class=\"vc_controls\">UNCODE.initRow(document.getElementById(\"row-unique-3\"));<\/script><\/div><\/div><\/div>","protected":false},"excerpt":{"rendered":"The Auto Loan for School Employees GET PRE-APPROVEDThe EDUDRIVE Car Loan Program is a specially tailored financial initiative designed to [...]","protected":false},"author":8,"featured_media":0,"parent":0,"menu_order":0,"comment_status":"closed","ping_status":"closed","template":"","meta":{"footnotes":""},"class_list":["post-15472","page","type-page","status-publish","hentry"],"_links":{"self":[{"href":"https:\/\/demo2.mybscu.org\/es\/wp-json\/wp\/v2\/pages\/15472","targetHints":{"allow":["GET"]}}],"collection":[{"href":"https:\/\/demo2.mybscu.org\/es\/wp-json\/wp\/v2\/pages"}],"about":[{"href":"https:\/\/demo2.mybscu.org\/es\/wp-json\/wp\/v2\/types\/page"}],"author":[{"embeddable":true,"href":"https:\/\/demo2.mybscu.org\/es\/wp-json\/wp\/v2\/users\/8"}],"replies":[{"embeddable":true,"href":"https:\/\/demo2.mybscu.org\/es\/wp-json\/wp\/v2\/comments?post=15472"}],"version-history":[{"count":3,"href":"https:\/\/demo2.mybscu.org\/es\/wp-json\/wp\/v2\/pages\/15472\/revisions"}],"predecessor-version":[{"id":16932,"href":"https:\/\/demo2.mybscu.org\/es\/wp-json\/wp\/v2\/pages\/15472\/revisions\/16932"}],"wp:attachment":[{"href":"https:\/\/demo2.mybscu.org\/es\/wp-json\/wp\/v2\/media?parent=15472"}],"curies":[{"name":"wp","href":"https:\/\/api.w.org\/{rel}","templated":true}]}}