{"id":161,"date":"2016-08-04T13:59:42","date_gmt":"2016-08-04T13:59:42","guid":{"rendered":"https:\/\/demo2.mybscu.org\/?page_id=161"},"modified":"2025-03-05T23:14:19","modified_gmt":"2025-03-06T04:14:19","slug":"products-and-services","status":"publish","type":"page","link":"https:\/\/demo2.mybscu.org\/es\/products-and-services\/","title":{"rendered":"Productos y servicios"},"content":{"rendered":"<section data-parent=\"true\" class=\"vc_section row-container with-parallax\" id=\"section-unique-0\"><div class=\"row-background background-element\">\n\t\t\t\t\t\t\t\t\t\t\t<div class=\"background-wrapper\">\n\t\t\t\t\t\t\t\t\t\t\t\t<div class=\"background-inner\" style=\"background-image: url(https:\/\/demo2.mybscu.org\/wp-content\/uploads\/2023\/01\/products-bg.jpg);background-repeat: no-repeat;background-position: center center;background-size: cover;\"><\/div>\n\t\t\t\t\t\t\t\t\t\t\t\t<div class=\"block-bg-overlay style-color-nhtu-bg\" style=\"opacity: 0.6;\"><\/div>\n\t\t\t\t\t\t\t\t\t\t\t<\/div>\n\t\t\t\t\t\t\t\t\t\t<\/div><div class=\"row no-top-padding no-bottom-padding no-h-padding full-width row-parent\"><div data-parent=\"true\" class=\"vc_row vc_custom_1741231866072 row-container\" style=\"padding-top: 20px ;padding-bottom: 20px ;\" id=\"row-unique-0\"><div class=\"row limit-width row-parent\"><div class=\"wpb_row row-inner\"><div class=\"wpb_column pos-middle pos-center align_center column_parent col-lg-12 single-internal-gutter\"><div class=\"uncol style-light\"  ><div class=\"uncoltable\"><div class=\"uncell  vc_custom_1612821354555 no-block-padding\" style=\"padding-top: 100px ;padding-bottom: 100px ;\" ><div class=\"uncont\" ><div id=\"ultimate-heading-137169d9906427e32\" class=\"uvc-heading ult-adjust-bottom-margin ultimate-heading-137169d9906427e32 uvc-3250\" data-hspacer=\"no_spacer\"  data-halign=\"center\" style=\"text-align:center\"><div class=\"uvc-heading-spacer no_spacer\" style=\"top\"><\/div><div class=\"uvc-main-heading ult-responsive\"  data-ultimate-target='.uvc-heading.ultimate-heading-137169d9906427e32 h1'  data-responsive-json-new='{\"font-size\":\"\",\"line-height\":\"\"}' ><h1 style=\"font-weight:normal;color:#ffffff;\">Productos y servicios<\/h1><\/div><\/div><div class=\"uncode-single-media  text-center\"><div class=\"single-wrapper\" style=\"max-width: 40%;\"><div class=\"tmb tmb-light  tmb-media-first tmb-media-last tmb-content-overlay tmb-no-bg\"><div class=\"t-inside\"><div class=\"t-entry-visual\"><div class=\"t-entry-visual-tc\"><div class=\"uncode-single-media-wrapper\"><img decoding=\"async\" class=\"wp-image-11703\" src=\"https:\/\/demo2.mybscu.org\/wp-content\/uploads\/2021\/02\/sep-dec-ok.png\" width=\"1280\" height=\"70\" alt=\"\" srcset=\"https:\/\/demo2.mybscu.org\/wp-content\/uploads\/2021\/02\/sep-dec-ok.png 1280w, https:\/\/demo2.mybscu.org\/wp-content\/uploads\/2021\/02\/sep-dec-ok-300x16.png 300w, https:\/\/demo2.mybscu.org\/wp-content\/uploads\/2021\/02\/sep-dec-ok-1024x56.png 1024w, https:\/\/demo2.mybscu.org\/wp-content\/uploads\/2021\/02\/sep-dec-ok-768x42.png 768w, https:\/\/demo2.mybscu.org\/wp-content\/uploads\/2021\/02\/sep-dec-ok-125x7.png 125w, https:\/\/demo2.mybscu.org\/wp-content\/uploads\/2021\/02\/sep-dec-ok-75x4.png 75w\" sizes=\"(max-width: 1280px) 100vw, 1280px\" \/><\/div>\n\t\t\t\t\t<\/div>\n\t\t\t\t<\/div><\/div><\/div><\/div><\/div><\/div><\/div><\/div><\/div><\/div><script id=\"script-row-unique-0\" data-row=\"script-row-unique-0\" type=\"text\/javascript\" class=\"vc_controls\">UNCODE.initRow(document.getElementById(\"row-unique-0\"));<\/script><\/div><\/div><\/div><script id=\"script-section-unique-0\" data-section=\"script-section-unique-0\" type=\"text\/javascript\">UNCODE.initSection(document.getElementById(\"section-unique-0\"));<\/script><\/div><\/section><div data-parent=\"true\" class=\"vc_row style-color-xsdn-bg vc_custom_1625000629023 row-container\" style=\"padding-top: 20px ;\" id=\"row-unique-1\"><div class=\"row limit-width row-parent\"><div class=\"wpb_row row-inner\"><div class=\"wpb_column pos-middle pos-left align_left column_parent col-lg-12 single-internal-gutter\"><div class=\"uncol style-light\"  ><div class=\"uncoltable\"><div class=\"uncell no-block-padding\" ><div class=\"uncont\" ><div class=\"aio-icon-component    style_1\"><div id=\"Info-box-wrap-7910\" class=\"aio-icon-box default-icon\" style=\"\"  ><div class=\"aio-icon-description ult-responsive\"  data-ultimate-target='#Info-box-wrap-7910 .aio-icon-description'  data-responsive-json-new='{\"font-size\":\"\",\"line-height\":\"\"}'  style=\"\"><span style=\"color: #000000;\">Nuestra cooperativa de cr\u00e9dito ofrece una amplia gama de servicios financieros. <strong>productos y servicios<\/strong> Dise\u00f1ados para satisfacer las necesidades de nuestros miembros. Estos incluyen cuentas corrientes y de ahorro, pr\u00e9stamos, hipotecas, tarjetas de cr\u00e9dito y banca en l\u00ednea.<\/span><\/div> <!-- description --><\/div> <!-- aio-icon-box --><\/div> <!-- aio-icon-component --><\/div><\/div><\/div><\/div><\/div><script id=\"script-row-unique-1\" data-row=\"script-row-unique-1\" type=\"text\/javascript\" class=\"vc_controls\">UNCODE.initRow(document.getElementById(\"row-unique-1\"));<\/script><\/div><\/div><\/div><div data-parent=\"true\" class=\"vc_row style-color-xsdn-bg vc_custom_1741231887507 row-container onepage-section\" data-label=\"start\" data-name=\"start\" style=\"padding-top: 20px ;\" id=\"row-unique-2\"><div class=\"row limit-width row-parent\"><div class=\"wpb_row row-inner\"><div class=\"wpb_column pos-top pos-center align_left column_parent col-lg-12 single-internal-gutter\"><div class=\"uncol style-light\"  ><div class=\"uncoltable\"><div class=\"uncell no-block-padding\" ><div class=\"uncont\" >\n\t<div class=\"wpb_raw_code wpb_content_element wpb_raw_html\" >\n\t\t<div class=\"wpb_wrapper\">\n\t\t\t<!-- FCCU Services Section - Start -->\n<div class=\"fccu-services-wrapper\">\n  <style>\n    \/* Heavily namespaced CSS to avoid WordPress theme conflicts *\/\n    .fccu-services-wrapper {\n      width: 100%;\n      padding: 0;\n      margin: 0;\n    }\n    \n    .fccu-services-wrapper * {\n      box-sizing: border-box;\n    }\n    \n    .fccu-services-container {\n      max-width: 1200px;\n      margin: 0 auto !important;\n      padding: 40px 20px;\n    }\n    \n    .fccu-services-heading {\n      text-align: center;\n      margin-bottom: 50px;\n      position: relative;\n    }\n    \n    .fccu-services-heading h2 {\n      font-size: 36px !important;\n      color: #00475f !important;\n      margin-bottom: 20px !important;\n      font-weight: 700 !important;\n      position: relative;\n      display: inline-block;\n      font-family: inherit !important;\n      text-transform: none !important;\n      line-height: 1.2 !important;\n      text-align: center !important;\n    }\n    \n    .fccu-services-heading h2::after {\n      content: '' !important;\n      position: absolute !important;\n      bottom: -10px !important;\n      left: 50% !important;\n      transform: translateX(-50%) !important;\n      width: 80px !important;\n      height: 4px !important;\n      background-color: #eaaf00 !important;\n      border-radius: 2px !important;\n    }\n    \n    .fccu-services-grid {\n      display: flex !important;\n      flex-direction: column !important;\n      gap: 30px !important;\n      margin: 0 !important;\n      padding: 0 !important;\n      list-style: none !important;\n    }\n    \n    .fccu-service-card {\n      display: flex !important;\n      background-color: #fff !important;\n      border-radius: 12px !important;\n      overflow: hidden !important;\n      box-shadow: 0 5px 15px rgba(0, 0, 0, 0.08) !important;\n      transition: all 0.3s ease !important;\n      margin: 0 !important;\n      border: none !important;\n    }\n    \n    .fccu-service-card:hover {\n      transform: translateY(-5px) !important;\n      box-shadow: 0 15px 30px rgba(0, 0, 0, 0.12) !important;\n    }\n    \n    .fccu-service-image {\n      width: 35% !important;\n      min-width: 250px !important;\n      position: relative !important;\n      overflow: hidden !important;\n      margin: 0 !important;\n      padding: 0 !important;\n    }\n    \n    .fccu-service-image img {\n      width: 100% !important;\n      height: 100% !important;\n      object-fit: cover !important;\n      transition: all 0.3s ease !important;\n      margin: 0 !important;\n      display: block !important;\n      border: none !important;\n      border-radius: 0 !important;\n      box-shadow: none !important;\n    }\n    \n    .fccu-service-card:hover .fccu-service-image img {\n      transform: scale(1.05) !important;\n    }\n    \n    .fccu-service-icon {\n      position: absolute !important;\n      bottom: 20px !important;\n      left: 20px !important;\n      width: 60px !important;\n      height: 60px !important;\n      background-color: #00475f !important;\n      border-radius: 50% !important;\n      display: flex !important;\n      align-items: center !important;\n      justify-content: center !important;\n      color: #eaaf00 !important;\n      font-size: 24px !important;\n      box-shadow: 0 5px 15px rgba(0, 0, 0, 0.2) !important;\n      z-index: 1 !important;\n      margin: 0 !important;\n      padding: 0 !important;\n    }\n    \n    .fccu-service-content {\n      width: 65% !important;\n      padding: 30px !important;\n      display: flex !important;\n      flex-direction: column !important;\n      margin: 0 !important;\n      background: none !important;\n      border: none !important;\n    }\n    \n    .fccu-service-header {\n      margin-bottom: 15px !important;\n      padding: 0 !important;\n      background: none !important;\n      border: none !important;\n    }\n    \n    .fccu-service-header h3 {\n      font-size: 24px !important;\n      font-weight: 600 !important;\n      color: #00475f !important;\n      margin: 0 0 10px 0 !important;\n      padding: 0 !important;\n      font-family: inherit !important;\n      text-transform: none !important;\n      line-height: 1.2 !important;\n      text-align: left !important;\n      background: none !important;\n      border: none !important;\n    }\n    \n    .fccu-service-header p {\n      color: #333 !important;\n      margin: 0 0 20px 0 !important;\n      padding: 0 !important;\n      font-size: inherit !important;\n      line-height: 1.6 !important;\n      text-align: left !important;\n    }\n    \n    .fccu-service-list {\n      list-style: none !important;\n      flex-grow: 1 !important;\n      overflow-y: auto !important;\n      max-height: 250px !important;\n      padding: 0 15px 0 0 !important;\n      margin: 0 !important;\n      background: none !important;\n      border: none !important;\n    }\n    \n    .fccu-service-list::-webkit-scrollbar {\n      width: 5px !important;\n    }\n    \n    .fccu-service-list::-webkit-scrollbar-thumb {\n      background-color: #eaaf00 !important;\n      border-radius: 10px !important;\n    }\n    \n    .fccu-service-list li {\n      margin: 0 0 12px 0 !important;\n      padding: 0 0 0 25px !important;\n      position: relative !important;\n      text-indent: 0 !important;\n      list-style: none !important;\n      background: none !important;\n      border: none !important;\n      line-height: 1.6 !important;\n    }\n    \n    .fccu-service-list li::before {\n      content: '' !important;\n      position: absolute !important;\n      left: 0 !important;\n      top: 8px !important;\n      width: 8px !important;\n      height: 8px !important;\n      background-color: #eaaf00 !important;\n      border-radius: 50% !important;\n      margin: 0 !important;\n      padding: 0 !important;\n    }\n    \n    .fccu-service-item-title {\n      font-weight: 600 !important;\n      color: #00475f !important;\n      margin-right: 5px !important;\n    }\n    \n    .fccu-service-button {\n      display: inline-block !important;\n      padding: 12px 25px !important;\n      background-color: #00475f !important;\n      color: #fff !important;\n      border: none !important;\n      border-radius: 6px !important;\n      font-weight: 600 !important;\n      margin: 20px 0 0 0 !important;\n      cursor: pointer !important;\n      transition: all 0.3s ease !important;\n      text-decoration: none !important;\n      align-self: flex-start !important;\n      line-height: normal !important;\n      text-align: center !important;\n      font-size: 16px !important;\n      font-family: inherit !important;\n      box-shadow: none !important;\n      text-transform: none !important;\n    }\n    \n    .fccu-service-button:hover {\n      background-color: #eaaf00 !important;\n      color: #333 !important;\n      text-decoration: none !important;\n    }\n    \n    \/* Mobile Responsive Adjustments *\/\n    @media (max-width: 768px) {\n      .fccu-service-card {\n        flex-direction: column !important;\n      }\n      \n      .fccu-service-image {\n        width: 100% !important;\n        height: 200px !important;\n      }\n      \n      .fccu-service-content {\n        width: 100% !important;\n      }\n      \n      .fccu-service-icon {\n        top: 20px !important;\n        bottom: auto !important;\n      }\n    }\n  <\/style>\n\n  <div class=\"fccu-services-container\">\n    <div class=\"fccu-services-heading\">\n      <h2>Nuestros servicios<\/h2>\n    <\/div>\n    \n    <div class=\"fccu-services-grid\">\n      <!-- Checking Services -->\n      <div class=\"fccu-service-card\">\n        <div class=\"fccu-service-image\">\n          <img decoding=\"async\" src=\"https:\/\/demo2.mybscu.org\/wp-content\/uploads\/2025\/03\/cu847523.jpg\" alt=\"Checking Services\">\n          <div class=\"fccu-service-icon\">\n            <i class=\"fas fa-check-circle\"><\/i>\n          <\/div>\n        <\/div>\n        <div class=\"fccu-service-content\">\n          <div class=\"fccu-service-header\">\n            <h3>Servicios de comprobaci\u00f3n<\/h3>\n            <p>Gestiona tus necesidades bancarias diarias con nuestras opciones de cuenta corriente flexibles y convenientes.<\/p>\n          <\/div>\n          <ul class=\"fccu-service-list\">\n            <li><span class=\"fccu-service-item-title\">Cuenta corriente gratuita<\/span> \u2013 Sin cuotas mensuales, sin complicaciones.<\/li>\n            <li><span class=\"fccu-service-item-title\">Cuenta corriente sin sobregiro<\/span> \u2013 Dise\u00f1ado para una banca sin preocupaciones.<\/li>\n            <li><span class=\"fccu-service-item-title\">Cuenta Corriente para J\u00f3venes<\/span> \u2013 Una excelente manera de ense\u00f1ar responsabilidad financiera.<\/li>\n            <li><span class=\"fccu-service-item-title\">Cuenta Corriente Advantage<\/span> \u2013 Ventajas y recompensas premium.<\/li>\n            <li><span class=\"fccu-service-item-title\">Cuenta corriente con intereses<\/span> \u2013 Gana mientras gastas.<\/li>\n            <li><span class=\"fccu-service-item-title\">Banca en l\u00ednea y pago de facturas<\/span> Gestiona tu dinero en cualquier momento y lugar.<\/li>\n            <li><span class=\"fccu-service-item-title\">Dep\u00f3sito directo<\/span> \u2013 Reciba sus pagos de forma m\u00e1s r\u00e1pida y segura.<\/li>\n            <li><span class=\"fccu-service-item-title\">Tarjeta de d\u00e9bito<\/span> \u2013 Seguro, pr\u00e1ctico y ampliamente aceptado.<\/li>\n          <\/ul>\n          <a href=\"#\" class=\"fccu-service-button\">M\u00e1s informaci\u00f3n<\/a>\n        <\/div>\n      <\/div>\n      \n      <!-- Savings & Investments -->\n      <div class=\"fccu-service-card\">\n        <div class=\"fccu-service-image\">\n          <img decoding=\"async\" src=\"https:\/\/demo2.mybscu.org\/wp-content\/uploads\/2025\/03\/cu545263.jpg\" alt=\"Savings & Investments\">\n          <div class=\"fccu-service-icon\">\n            <i class=\"fas fa-piggy-bank\"><\/i>\n          <\/div>\n        <\/div>\n        <div class=\"fccu-service-content\">\n          <div class=\"fccu-service-header\">\n            <h3>Ahorros e inversiones<\/h3>\n            <p>Planifique su futuro con nuestras soluciones de ahorro e inversi\u00f3n.<\/p>\n          <\/div>\n          <ul class=\"fccu-service-list\">\n            <li><span class=\"fccu-service-item-title\">Cuentas de ahorro<\/span> \u2013 Opciones de ahorro seguras y accesibles.<\/li>\n            <li><span class=\"fccu-service-item-title\">Opciones de Certificado de Dep\u00f3sito (CD)<\/span> \u2013 Ahorros a plazo fijo con tipos de inter\u00e9s competitivos.<\/li>\n            <li><span class=\"fccu-service-item-title\">Cuentas del mercado monetario<\/span> Mayor inter\u00e9s con acceso flexible.<\/li>\n            <li><span class=\"fccu-service-item-title\">IRA<\/span> \u2013 Ahorrar para la jubilaci\u00f3n nunca fue tan f\u00e1cil.<\/li>\n            <li><span class=\"fccu-service-item-title\">Servicios de inversi\u00f3n<\/span> \u2013 Asesoramiento experto para el crecimiento patrimonial.<\/li>\n          <\/ul>\n          <a href=\"#\" class=\"fccu-service-button\">M\u00e1s informaci\u00f3n<\/a>\n        <\/div>\n      <\/div>\n      \n      <!-- Loan Products -->\n      <div class=\"fccu-service-card\">\n        <div class=\"fccu-service-image\">\n          <img decoding=\"async\" src=\"https:\/\/demo2.mybscu.org\/wp-content\/uploads\/2025\/03\/cu9845263.jpg\" alt=\"Loan Products\">\n          <div class=\"fccu-service-icon\">\n            <i class=\"fas fa-hand-holding-usd\"><\/i>\n          <\/div>\n        <\/div>\n        <div class=\"fccu-service-content\">\n          <div class=\"fccu-service-header\">\n            <h3>Productos de pr\u00e9stamo<\/h3>\n            <p>Soluciones de financiaci\u00f3n flexibles que se adaptan a tu estilo de vida y objetivos.<\/p>\n          <\/div>\n          <ul class=\"fccu-service-list\">\n            <li><span class=\"fccu-service-item-title\">Pr\u00e9stamos y refinanciamiento de autom\u00f3viles<\/span> \u2013 Tarifas competitivas para veh\u00edculos nuevos y usados.<\/li>\n            <li><span class=\"fccu-service-item-title\">Pr\u00e9stamos hipotecarios<\/span> \u2013 Financiaci\u00f3n de vivienda simplificada.<\/li>\n            <li><span class=\"fccu-service-item-title\">Opciones de capital inmobiliario<\/span> \u2013 S\u00e1cale partido al valor de tu vivienda.<\/li>\n            <li><span class=\"fccu-service-item-title\">Pr\u00e9stamos personales<\/span> Fondos para cualquier necesidad, grande o peque\u00f1a.<\/li>\n            <li><span class=\"fccu-service-item-title\">Pr\u00e9stamos para estudiantes<\/span> \u2013 Apoyo para tus gastos educativos.<\/li>\n            <li><span class=\"fccu-service-item-title\">Tarjetas de cr\u00e9dito<\/span> \u2013 Elija entre una variedad de recompensas y opciones de bajo costo.<\/li>\n            <li><span class=\"fccu-service-item-title\">Pr\u00e9stamos especializados<\/span> \u2013 Financiaci\u00f3n para barcos, autocaravanas y caravanas.<\/li>\n          <\/ul>\n          <a href=\"#\" class=\"fccu-service-button\">M\u00e1s informaci\u00f3n<\/a>\n        <\/div>\n      <\/div>\n      \n      <!-- Insurance & Protection -->\n      <div class=\"fccu-service-card\">\n        <div class=\"fccu-service-image\">\n          <img decoding=\"async\" src=\"https:\/\/demo2.mybscu.org\/wp-content\/uploads\/2025\/03\/cu8475346.jpg\" alt=\"Insurance & Protection\">\n          <div class=\"fccu-service-icon\">\n            <i class=\"fas fa-shield-alt\"><\/i>\n          <\/div>\n        <\/div>\n        <div class=\"fccu-service-content\">\n          <div class=\"fccu-service-header\">\n            <h3>Seguros y protecci\u00f3n<\/h3>\n            <p>Asegure lo que m\u00e1s le importa con nuestros planes de protecci\u00f3n.<\/p>\n          <\/div>\n          <ul class=\"fccu-service-list\">\n            <li><span class=\"fccu-service-item-title\">Verificaci\u00f3n de seguros de hogar y autom\u00f3vil<\/span> \u2013 Aseg\u00farese de tener la cobertura adecuada.<\/li>\n            <li><span class=\"fccu-service-item-title\">Protecci\u00f3n de la deuda<\/span> \u2013 Proteja sus finanzas en tiempos de incertidumbre.<\/li>\n            <li><span class=\"fccu-service-item-title\">GAP (Protecci\u00f3n de Activos Garantizada)<\/span> \u2013 Cobertura adicional para su pr\u00e9stamo de autom\u00f3vil.<\/li>\n          <\/ul>\n          <a href=\"#\" class=\"fccu-service-button\">M\u00e1s informaci\u00f3n<\/a>\n        <\/div>\n      <\/div>\n      \n      <!-- Financial Wellness -->\n      <div class=\"fccu-service-card\">\n        <div class=\"fccu-service-image\">\n          <img decoding=\"async\" src=\"https:\/\/demo2.mybscu.org\/wp-content\/uploads\/2025\/03\/cu972263.jpg\" alt=\"Financial Wellness\">\n          <div class=\"fccu-service-icon\">\n            <i class=\"fas fa-heart\"><\/i>\n          <\/div>\n        <\/div>\n        <div class=\"fccu-service-content\">\n          <div class=\"fccu-service-header\">\n            <h3>Bienestar financiero<\/h3>\n            <p>Herramientas y recursos para ayudarte a alcanzar el \u00e9xito financiero.<\/p>\n          <\/div>\n          <ul class=\"fccu-service-list\">\n            <li><span class=\"fccu-service-item-title\">Asesoramiento financiero<\/span> \u2013 Orientaci\u00f3n personalizada para un futuro financiero m\u00e1s s\u00f3lido.<\/li>\n            <li><span class=\"fccu-service-item-title\">Recursos de educaci\u00f3n financiera<\/span> \u2013 Aprende h\u00e1bitos financieros inteligentes.<\/li>\n            <li><span class=\"fccu-service-item-title\">Servicios de asesoramiento financiero Balance<\/span> \u2013 Consejos de expertos para una mejor gesti\u00f3n del dinero.<\/li>\n            <li><span class=\"fccu-service-item-title\">Asesores de autom\u00f3viles\u2122<\/span> \u2013 Encuentra el veh\u00edculo adecuado con ayuda de expertos.<\/li>\n            <li><span class=\"fccu-service-item-title\">Membres\u00eda Estrella Platino<\/span> \u2013 Beneficios exclusivos para nuestros miembros m\u00e1s valiosos.<\/li>\n          <\/ul>\n          <a href=\"#\" class=\"fccu-service-button\">M\u00e1s informaci\u00f3n<\/a>\n        <\/div>\n      <\/div>\n      \n      <!-- Business Services -->\n      <div class=\"fccu-service-card\">\n        <div class=\"fccu-service-image\">\n          <img decoding=\"async\" src=\"https:\/\/demo2.mybscu.org\/wp-content\/uploads\/2025\/03\/cu232743.jpg\" alt=\"Business Services\">\n          <div class=\"fccu-service-icon\">\n            <i class=\"fas fa-briefcase\"><\/i>\n          <\/div>\n        <\/div>\n        <div class=\"fccu-service-content\">\n          <div class=\"fccu-service-header\">\n            <h3>Servicios empresariales<\/h3>\n            <p>Apoyamos a las empresas con soluciones financieras a medida.<\/p>\n          <\/div>\n          <ul class=\"fccu-service-list\">\n            <li><span class=\"fccu-service-item-title\">Cuentas comerciales<\/span> \u2013 Opciones de cuentas corrientes y de ahorro para empresas de todos los tama\u00f1os.<\/li>\n            <li><span class=\"fccu-service-item-title\">Pr\u00e9stamos Comerciales<\/span> \u2013 Financiaci\u00f3n flexible para el crecimiento y las operaciones.<\/li>\n            <li><span class=\"fccu-service-item-title\">Servicios para comerciantes<\/span> \u2013 Procesamiento de pagos seguro y eficiente.<\/li>\n          <\/ul>\n          <a href=\"#\" class=\"fccu-service-button\">M\u00e1s informaci\u00f3n<\/a>\n        <\/div>\n      <\/div>\n      \n      <!-- Special Programs -->\n      <div class=\"fccu-service-card\">\n        <div class=\"fccu-service-image\">\n          <img decoding=\"async\" src=\"https:\/\/demo2.mybscu.org\/wp-content\/uploads\/2025\/03\/cu485322.jpg\" alt=\"Special Programs\">\n          <div class=\"fccu-service-icon\">\n            <i class=\"fas fa-award\"><\/i>\n          <\/div>\n        <\/div>\n        <div class=\"fccu-service-content\">\n          <div class=\"fccu-service-header\">\n            <h3>Programas especiales<\/h3>\n            <p>Programas exclusivos dise\u00f1ados para educadores y profesionales.<\/p>\n          <\/div>\n          <ul class=\"fccu-service-list\">\n            <li><span class=\"fccu-service-item-title\">Beneficios para el educador<\/span> \u2013 Beneficios especiales para profesores y personal escolar.<\/li>\n            <li><span class=\"fccu-service-item-title\">Unidad educativa<\/span> \u2013 Descuentos en pr\u00e9stamos para autom\u00f3viles para educadores.<\/li>\n            <li><span class=\"fccu-service-item-title\">L\u00ednea de cr\u00e9dito hipotecario especial para educadores<\/span> \u2013 Soluciones asequibles de capital inmobiliario.<\/li>\n            <li><span class=\"fccu-service-item-title\">Tarjeta de recompensas para educadores<\/span> \u2013 Obt\u00e9n recompensas por tus gastos diarios.<\/li>\n          <\/ul>\n          <a href=\"#\" class=\"fccu-service-button\">M\u00e1s informaci\u00f3n<\/a>\n        <\/div>\n      <\/div>\n      \n      <!-- Additional Services -->\n      <div class=\"fccu-service-card\">\n        <div class=\"fccu-service-image\">\n          <img decoding=\"async\" src=\"https:\/\/demo2.mybscu.org\/wp-content\/uploads\/2025\/03\/cu432743.jpg\" alt=\"Additional Services\">\n          <div class=\"fccu-service-icon\">\n            <i class=\"fas fa-plus-circle\"><\/i>\n          <\/div>\n        <\/div>\n        <div class=\"fccu-service-content\">\n          <div class=\"fccu-service-header\">\n            <h3>Servicios adicionales<\/h3>\n            <p>Comodidad y asistencia que van m\u00e1s all\u00e1 de la banca.<\/p>\n          <\/div>\n          <ul class=\"fccu-service-list\">\n            <li><span class=\"fccu-service-item-title\">Banca en l\u00ednea y m\u00f3vil<\/span> \u2013 Acceda a sus cuentas en cualquier momento.<\/li>\n            <li><span class=\"fccu-service-item-title\">Omitir opciones de pago<\/span> \u2013 Flexibilidad cuando la necesites.<\/li>\n            <li><span class=\"fccu-service-item-title\">Seguimiento del estado de la aplicaci\u00f3n<\/span> \u2013 Mant\u00e9ngase al d\u00eda sobre su solicitud de pr\u00e9stamo o cuenta.<\/li>\n          <\/ul>\n          <a href=\"#\" class=\"fccu-service-button\">M\u00e1s informaci\u00f3n<\/a>\n        <\/div>\n      <\/div>\n    <\/div>\n  <\/div>\n<\/div>\n<!-- FCCU Services Section - End -->\n\t\t<\/div>\n\t<\/div>\n<\/div><\/div><\/div><\/div><\/div><script id=\"script-row-unique-2\" data-row=\"script-row-unique-2\" type=\"text\/javascript\" class=\"vc_controls\">UNCODE.initRow(document.getElementById(\"row-unique-2\"));<\/script><\/div><\/div><\/div>","protected":false},"excerpt":{"rendered":"Products &amp; Services Our credit union offers a wide range of financial products and services designed to meet the needs [...]","protected":false},"author":8,"featured_media":0,"parent":0,"menu_order":26,"comment_status":"closed","ping_status":"closed","template":"","meta":{"footnotes":""},"class_list":["post-161","page","type-page","status-publish","hentry"],"_links":{"self":[{"href":"https:\/\/demo2.mybscu.org\/es\/wp-json\/wp\/v2\/pages\/161","targetHints":{"allow":["GET"]}}],"collection":[{"href":"https:\/\/demo2.mybscu.org\/es\/wp-json\/wp\/v2\/pages"}],"about":[{"href":"https:\/\/demo2.mybscu.org\/es\/wp-json\/wp\/v2\/types\/page"}],"author":[{"embeddable":true,"href":"https:\/\/demo2.mybscu.org\/es\/wp-json\/wp\/v2\/users\/8"}],"replies":[{"embeddable":true,"href":"https:\/\/demo2.mybscu.org\/es\/wp-json\/wp\/v2\/comments?post=161"}],"version-history":[{"count":3,"href":"https:\/\/demo2.mybscu.org\/es\/wp-json\/wp\/v2\/pages\/161\/revisions"}],"predecessor-version":[{"id":17300,"href":"https:\/\/demo2.mybscu.org\/es\/wp-json\/wp\/v2\/pages\/161\/revisions\/17300"}],"wp:attachment":[{"href":"https:\/\/demo2.mybscu.org\/es\/wp-json\/wp\/v2\/media?parent=161"}],"curies":[{"name":"wp","href":"https:\/\/api.w.org\/{rel}","templated":true}]}}