{"id":16345,"date":"2024-07-03T13:56:36","date_gmt":"2024-07-03T17:56:36","guid":{"rendered":"https:\/\/demo2.mybscu.org\/?page_id=16345"},"modified":"2024-09-24T09:34:52","modified_gmt":"2024-09-24T13:34:52","slug":"newdebitcard","status":"publish","type":"page","link":"https:\/\/demo2.mybscu.org\/es\/newdebitcard\/","title":{"rendered":"Nueva tarjeta de d\u00e9bito"},"content":{"rendered":"<section data-parent=\"true\" class=\"vc_section style-color-xsdn-bg row-container with-parallax\" id=\"section-unique-0\"><div class=\"row-background background-element\">\n\t\t\t\t\t\t\t\t\t\t\t<div class=\"background-wrapper\">\n\t\t\t\t\t\t\t\t\t\t\t\t<div class=\"background-inner\" style=\"background-image: url(https:\/\/demo2.mybscu.org\/wp-content\/uploads\/2024\/09\/Website-Slider-2024-5.jpg);background-repeat: no-repeat;background-position: center top;background-size: cover;\"><\/div>\n\t\t\t\t\t\t\t\t\t\t\t\t\n\t\t\t\t\t\t\t\t\t\t\t<\/div>\n\t\t\t\t\t\t\t\t\t\t<\/div><div class=\"row no-top-padding no-bottom-padding no-h-padding full-width row-parent\"><div data-parent=\"true\" class=\"vc_row vc_custom_1726062558409 row-container has-dividers\" style=\"padding-top: 100px ;padding-bottom: 100px ;\" id=\"row-unique-0\"><div class=\"uncode-divider-wrap uncode-divider-wrap-bottom z_index_0\" style=\"height: 50px;\" data-height=\"50\" data-unit=\"px\"><svg version=\"1.1\" class=\"uncode-row-divider uncode-row-divider-fan-opacity\" x=\"0px\" y=\"0px\" width=\"240px\" height=\"24px\" viewbox=\"0 0 240 24\" enable-background=\"new 0 0 240 24\" xml:space=\"preserve\" preserveaspectratio=\"none\">\n\t\t<path fill=\"#ffffff\" fill-opacity=\"0.25\" d=\"M0,24h240V0L0,11.26V24z\"\/>\n\t\t<path fill=\"#ffffff\" d=\"M240,24H0V11.26L240,24z\"\/>\n\t\t<path fill=\"#ffffff\" fill-opacity=\"0.5\" d=\"M240,24H0V11.26h240V24z\"\/>\n\t\t<\/svg><\/div><div class=\"row unequal limit-width row-parent\" data-height-ratio=\"25\" data-minheight=\"150\"><div class=\"wpb_row row-inner\"><div class=\"wpb_column pos-middle pos-left align_left align_left_tablet align_left_mobile column_parent col-lg-6 col-sm-100 no-internal-gutter\"><div class=\"uncol style-light\"  ><div class=\"uncoltable\"><div class=\"uncell  vc_custom_1726001197850 no-block-padding\" style=\"padding-top: 20px ;padding-bottom: 20px ;\" ><div class=\"uncont\" ><div class=\"vc_custom_heading_wrap\"><div class=\"heading-text el-text\" ><h2 class=\"h2 font-weight-600 text-color-xsdn-color\" ><span>Aviso importante sobre su tarjeta de d\u00e9bito<\/span><\/h2><div><p>\u00a1Es hora de activarla! Aprende c\u00f3mo activar correctamente y empezar a usar tu nueva tarjeta de d\u00e9bito BrightStar.<\/p>\n<\/div><\/div><div class=\"clear\"><\/div><\/div><\/div><\/div><\/div><\/div><\/div><div class=\"wpb_column pos-middle pos-center align_left column_parent col-lg-6 col-sm-clear single-internal-gutter\"><div class=\"uncol style-light\"  ><div class=\"uncoltable\"><div class=\"uncell no-block-padding\" ><div class=\"uncont\" ><\/div><\/div><\/div><\/div><\/div><script id=\"script-row-unique-0\" data-row=\"script-row-unique-0\" type=\"text\/javascript\" class=\"vc_controls\">UNCODE.initRow(document.getElementById(\"row-unique-0\"));<\/script><\/div><\/div><\/div><script id=\"script-section-unique-0\" data-section=\"script-section-unique-0\" type=\"text\/javascript\">UNCODE.initSection(document.getElementById(\"section-unique-0\"));<\/script><\/div><\/section><div data-parent=\"true\" class=\"vc_row style-color-xsdn-bg vc_custom_1695219505308 row-container onepage-section\" data-label=\"more\" data-name=\"more\" style=\"padding-top: 20px ;padding-bottom: 20px ;\" id=\"row-unique-1\"><div class=\"row col-half-gutter limit-width row-parent\"><div class=\"wpb_row row-inner\"><div class=\"wpb_column pos-top pos-left align_left column_parent col-lg-12 single-internal-gutter\"><div class=\"uncol style-light\"  ><div class=\"uncoltable\"><div class=\"uncell no-block-padding\" ><div class=\"uncont\" ><div id=\"ultimate-heading-937769d990d1f1fa7\" class=\"uvc-heading ult-adjust-bottom-margin ultimate-heading-937769d990d1f1fa7 uvc-4396\" data-hspacer=\"no_spacer\"  data-halign=\"left\" style=\"text-align:left\"><div class=\"uvc-heading-spacer no_spacer\" style=\"top\"><\/div><div class=\"uvc-main-heading ult-responsive\"  data-ultimate-target='.uvc-heading.ultimate-heading-937769d990d1f1fa7 h3'  data-responsive-json-new='{\"font-size\":\"\",\"line-height\":\"\"}' ><h3 style=\"font-weight:bold;\">Activa tu tarjeta de d\u00e9bito con estos sencillos pasos:<\/h3><\/div><\/div>\n\t<div class=\"wpb_raw_code wpb_content_element wpb_raw_html\" >\n\t\t<div class=\"wpb_wrapper\">\n\t\t\t<!-- wp:html -->\n<style>\n    .debit-card-steps {\n  \n        margin: 2rem auto;\n        padding: 2rem;\n        background-color: #ffffff;\n        border-radius: 10px;\n        box-shadow: 0 4px 6px rgba(0, 0, 0, 0.1);\n    }\n    .debit-card-steps h2 {\n        color: #1a202c;\n        font-size: 2rem;\n        text-align: center;\n        margin-bottom: 2rem;\n    }\n    .debit-card-step {\n        display: flex;\n        align-items: flex-start;\n        margin-bottom: 1.5rem;\n        padding: 1rem;\n        background-color: #f7fafc;\n        border-radius: 8px;\n        transition: transform 0.3s ease, box-shadow 0.3s ease;\n    }\n    .debit-card-step:hover {\n        transform: translateY(-5px);\n        box-shadow: 0 6px 12px rgba(0, 0, 0, 0.1);\n    }\n    .debit-card-step-icon {\n        flex-shrink: 0;\n        width: 50px;\n        height: 50px;\n        margin-right: 1rem;\n        background-color: #4299e1;\n        border-radius: 50%;\n        display: flex;\n        align-items: center;\n        justify-content: center;\n    }\n    .debit-card-step-icon svg {\n        width: 24px;\n        height: 24px;\n        fill: white;\n    }\n    .debit-card-step-content {\n        flex: 1;\n    }\n    .debit-card-step-number {\n        font-weight: bold;\n        font-size: 1.1rem;\n        color: #2b6cb0;\n        margin-bottom: 0.5rem;\n    }\n    .debit-card-step-description {\n        color: #4a5568;\n        font-size: 1rem;\n        line-height: 1.5;\n    }\n    @media (max-width: 600px) {\n        .debit-card-step {\n            flex-direction: column;\n            align-items: center;\n            text-align: center;\n        }\n        .debit-card-step-icon {\n            margin-right: 0;\n            margin-bottom: 1rem;\n        }\n    }\n<\/style>\n\n<div class=\"debit-card-steps\">\n\n    \n    <div class=\"debit-card-step\">\n        <div class=\"debit-card-step-icon\">\n            <svg xmlns=\"http:\/\/www.w3.org\/2000\/svg\" viewbox=\"0 0 24 24\">\n                <path d=\"M20 15.5c-1.25 0-2.45-.2-3.57-.57a1.02 1.02 0 0 0-1.02.24l-2.2 2.2a15.045 15.045 0 0 1-6.59-6.59l2.2-2.21a.96.96 0 0 0 .25-1A11.36 11.36 0 0 1 8.5 4c0-.55-.45-1-1-1H4c-.55 0-1 .45-1 1 0 9.39 7.61 17 17 17 .55 0 1-.45 1-1v-3.5c0-.55-.45-1-1-1z\"\/>\n            <\/svg>\n        <\/div>\n        <div class=\"debit-card-step-content\">\n            <div class=\"debit-card-step-number\">Paso 1<\/div>\n            <p class=\"debit-card-step-description\">Llamar <b>866-985-2273<\/b> (el n\u00famero que aparece en la pegatina de su nueva tarjeta de d\u00e9bito) y <b>Debes configurar tu PIN.<\/b>.<\/p>\n        <\/div>\n    <\/div>\n    \n    <div class=\"debit-card-step\">\n        <div class=\"debit-card-step-icon\">\n            <svg xmlns=\"http:\/\/www.w3.org\/2000\/svg\" viewbox=\"0 0 24 24\">\n                <path d=\"M12 1L3 5v6c0 5.55 3.84 10.74 9 12 5.16-1.26 9-6.45 9-12V5l-9-4zm0 10.99h7c-.53 4.12-3.28 7.79-7 8.94V12H5V6.3l7-3.11v8.8z\"\/>\n            <\/svg>\n        <\/div>\n        <div class=\"debit-card-step-content\">\n            <div class=\"debit-card-step-number\">Paso 2<\/div>\n            <p class=\"debit-card-step-description\">Tenga a mano el n\u00famero de tel\u00e9fono principal asociado a su cuenta, la informaci\u00f3n de su tarjeta y los \u00faltimos cuatro d\u00edgitos de su n\u00famero de seguro social.<\/p>\n        <\/div>\n    <\/div>\n    \n    <div class=\"debit-card-step\">\n        <div class=\"debit-card-step-icon\">\n            <svg xmlns=\"http:\/\/www.w3.org\/2000\/svg\" viewbox=\"0 0 24 24\">\n                <path d=\"M12 4V1L8 5l4 4V6c3.31 0 6 2.69 6 6 0 1.01-.25 1.97-.7 2.8l1.46 1.46A7.93 7.93 0 0 0 20 12c0-4.42-3.58-8-8-8zm0 14c-3.31 0-6-2.69-6-6 0-1.01.25-1.97.7-2.8L5.24 7.74A7.93 7.93 0 0 0 4 12c0 4.42 3.58 8 8 8v3l4-4-4-4v3z\"\/>\n            <\/svg>\n        <\/div>\n        <div class=\"debit-card-step-content\">\n            <div class=\"debit-card-step-number\">Paso 3<\/div>\n            <p class=\"debit-card-step-description\">Restablezca cualquier facturaci\u00f3n autom\u00e1tica con los comercios despu\u00e9s de activar su nueva tarjeta de d\u00e9bito.<\/p>\n        <\/div>\n    <\/div>\n    \n    <div class=\"debit-card-step\">\n        <div class=\"debit-card-step-icon\">\n            <svg xmlns=\"http:\/\/www.w3.org\/2000\/svg\" viewbox=\"0 0 24 24\">\n                <path d=\"M20 4H4c-1.11 0-1.99.89-1.99 2L2 18c0 1.11.89 2 2 2h16c1.11 0 2-.89 2-2V6c0-1.11-.89-2-2-2zm0 14H4v-6h16v6zm0-10H4V6h16v2z\"\/>\n            <\/svg>\n        <\/div>\n        <div class=\"debit-card-step-content\">\n            <div class=\"debit-card-step-number\">Paso 4<\/div>\n            <p class=\"debit-card-step-description\">Agrega tu nueva tarjeta de d\u00e9bito Visa de BSCU a tu billetera m\u00f3vil.<\/p>\n        <\/div>\n    <\/div>\n<\/div>\n<!-- \/wp:html -->\n\t\t<\/div>\n\t<\/div>\n<\/div><\/div><\/div><\/div><\/div><script id=\"script-row-unique-1\" data-row=\"script-row-unique-1\" type=\"text\/javascript\" class=\"vc_controls\">UNCODE.initRow(document.getElementById(\"row-unique-1\"));<\/script><\/div><\/div><\/div><div data-parent=\"true\" class=\"vc_row style-color-xsdn-bg vc_custom_1701289890553 row-container onepage-section\" data-label=\"howtoadd\" data-name=\"howtoadd\" style=\"padding-top: 20px ;\" id=\"row-unique-2\"><div class=\"row limit-width row-parent\"><div class=\"wpb_row row-inner\"><div class=\"wpb_column pos-top pos-center align_left column_parent col-lg-12 single-internal-gutter\"><div class=\"uncol style-light\"  ><div class=\"uncoltable\"><div class=\"uncell no-block-padding\" ><div class=\"uncont\" ><div id=\"ultimate-heading-150069d990d1f3245\" class=\"uvc-heading ult-adjust-bottom-margin ultimate-heading-150069d990d1f3245 uvc-9107\" data-hspacer=\"no_spacer\"  data-halign=\"left\" style=\"text-align:left\"><div class=\"uvc-heading-spacer no_spacer\" style=\"top\"><\/div><div class=\"uvc-main-heading ult-responsive\"  data-ultimate-target='.uvc-heading.ultimate-heading-150069d990d1f3245 h3'  data-responsive-json-new='{\"font-size\":\"\",\"line-height\":\"\"}' ><h3 style=\"font-weight:bold;\">Preguntas frecuentes sobre la nueva tarjeta de d\u00e9bito<\/h3><\/div><\/div>\n\t<div class=\"wpb_raw_code wpb_content_element wpb_raw_html\" >\n\t\t<div class=\"wpb_wrapper\">\n\t\t\t<div class=\"faq-container\">\n    <div class=\"faq-search\">\n        <input type=\"text\" id=\"faq-search-input\" placeholder=\"Buscar preguntas frecuentes...\">\n    <\/div>\n    <div class=\"faq-list\">\n        <div class=\"faq-item\">\n            <button class=\"faq-question\">\n                \u00bfC\u00f3mo puedo configurar o cambiar mi PIN?\n                <span class=\"faq-icon\"><\/span>\n            <\/button>\n            <div class=\"faq-answer\">\n                <p>Puedes configurarlo llamando al <b>FIJAR AHORA<\/b> en <b>866-985-2273<\/b>No necesitas saber tu PIN anterior para completar el proceso. <\/p>\n\n<p>Si se le deneg\u00f3 una transacci\u00f3n en su nueva tarjeta de d\u00e9bito debido a un n\u00famero PIN inv\u00e1lido o no pudo configurar correctamente su PIN, haga lo siguiente: <\/p>\n\n<p>Llamar <b>866-985-2273<\/b>Deber\u00e1 proporcionar el n\u00famero de tel\u00e9fono principal asociado a su cuenta, la informaci\u00f3n de su tarjeta y los \u00faltimos cuatro d\u00edgitos de su n\u00famero de seguro social (SSN). <b>Tendr\u00e1s 3 intentos cada 24 horas para configurar tu PIN correctamente.<\/b>. <\/p>\n               \n            <\/div>\n        <\/div>\n        <div class=\"faq-item\">\n            <button class=\"faq-question\">\n                Todav\u00eda no he recibido mi tarjeta de d\u00e9bito, \u00bfcon qui\u00e9n me pongo en contacto? \n                <span class=\"faq-icon\"><\/span>\n            <\/button>\n            <div class=\"faq-answer\">\n                <p>Si no ha recibido su nueva tarjeta de d\u00e9bito BSCU, inicie sesi\u00f3n en <a target=\"_blank\" href=\"https:\/\/olb.bscu.org\/bscu\/uux.aspx#\/landingPage\"><b>Banca en L\u00ednea<\/b><\/a> y complete el formulario seguro para confirmar o actualizar la direcci\u00f3n asociada a su cuenta. BrightStar le enviar\u00e1 su nueva tarjeta de d\u00e9bito a la direcci\u00f3n m\u00e1s actualizada registrada en su cuenta.<\/p>\n                \n<p>\u00bfNo est\u00e1s inscrito en la banca en l\u00ednea? <a target=\"_blank\" href=\"https:\/\/www.bscu.org\/online-banking\"><b>Inscr\u00edbete hoy<\/b><\/a><\/p>\n            <\/div>\n        <\/div>\n    \n\n        \n                <div class=\"faq-item\">\n            <button class=\"faq-question\">\n                \u00bfPor qu\u00e9 BSCU est\u00e1 emitiendo nuevas tarjetas de d\u00e9bito Visa?\n                <span class=\"faq-icon\"><\/span>\n            <\/button>\n            <div class=\"faq-answer\">\n                <p>Nos esforzamos por ofrecer a nuestros socios y empleados los mejores productos y servicios. BrightStar Credit Union ha renovado su programa de tarjetas de d\u00e9bito, brind\u00e1ndoles nuevas funciones actualizadas. Ahora pueden disfrutar de beneficios como tarjetas sin contacto y emisi\u00f3n digital de forma r\u00e1pida, sin necesidad de una aplicaci\u00f3n independiente. Todas las alertas y controles se gestionan a trav\u00e9s de la Banca en L\u00ednea.<\/p>\n            <\/div>\n        <\/div>\n        \n                        <div class=\"faq-item\">\n            <button class=\"faq-question\">\n                \u00bfCambiar\u00e1 mi n\u00famero de tarjeta?\n                <span class=\"faq-icon\"><\/span>\n            <\/button>\n            <div class=\"faq-answer\">\n                <p>S\u00ed, el n\u00famero de tarjeta de d\u00e9bito, la fecha de vencimiento y el c\u00f3digo CVV ser\u00e1n diferentes a los de tu tarjeta actual. Una vez que actives tu nueva tarjeta de d\u00e9bito, podr\u00e1s actualizar tu informaci\u00f3n de pago autom\u00e1tica y guardada.<\/p>\n            <\/div>\n        <\/div>\n\n                        <div class=\"faq-item\">\n            <button class=\"faq-question\">\n                \u00bfExisten costos o tarifas asociados con el reemplazo de mi tarjeta de d\u00e9bito actual?\n                <span class=\"faq-icon\"><\/span>\n            <\/button>\n            <div class=\"faq-answer\">\n                <p>No hay ning\u00fan cargo asociado a la obtenci\u00f3n de su nueva tarjeta de d\u00e9bito.<\/p>\n            <\/div>\n        <\/div>\n                                <div class=\"faq-item\">\n            <button class=\"faq-question\">\n                \u00bfConservar\u00e9 mis puntos de recompensa de la tarjeta de d\u00e9bito?\n                <span class=\"faq-icon\"><\/span>\n            <\/button>\n            <div class=\"faq-answer\">\n                <p>S\u00ed, los puntos de recompensa de tu tarjeta de d\u00e9bito Debit Rewards se transferir\u00e1n a la nueva tarjeta de d\u00e9bito.<\/p>\n            <\/div>\n        <\/div>\n        \n                <div class=\"faq-item\">\n            <button class=\"faq-question\">\n                \u00bfSe convertir\u00e1n las alertas de mi tarjeta actual a la nueva tarjeta de d\u00e9bito?\n                <span class=\"faq-icon\"><\/span>\n            <\/button>\n            <div class=\"faq-answer\">\n                <p>No, deber\u00e1 configurar alertas para su nueva tarjeta de d\u00e9bito. Todas las funciones de la aplicaci\u00f3n BrightStar Card se est\u00e1n trasladando a la banca en l\u00ednea; la tarjeta de d\u00e9bito ya no ser\u00e1 compatible con la aplicaci\u00f3n.<\/p>            \n            <\/div>\n        <\/div>\n        \n                        <div class=\"faq-item\">\n            <button class=\"faq-question\">\n                \u00bfQu\u00e9 debo hacer si pierdo mi tarjeta de d\u00e9bito, me la roban o queda comprometida?\n                <span class=\"faq-icon\"><\/span>\n            <\/button>\n            <div class=\"faq-answer\">\n                <p>Si pierde su tarjeta de d\u00e9bito, se la roban o se ve comprometida, llame al <b>888-266-0464<\/b> Denunciarlo inmediatamente.<\/p>            \n            <\/div>\n        <\/div>\n        \n                                <div class=\"faq-item\">\n            <button class=\"faq-question\">\n                \u00bfNecesito actualizar la informaci\u00f3n de mi tarjeta de d\u00e9bito en los comercios en l\u00ednea?\n                <span class=\"faq-icon\"><\/span>\n            <\/button>\n            <div class=\"faq-answer\">\n                <p>S\u00ed, es posible que necesites actualizar tu informaci\u00f3n de pago con los comercios en l\u00ednea. Si bien la mayor\u00eda de los grandes comercios actualizan autom\u00e1ticamente el n\u00famero de tu tarjeta de d\u00e9bito mediante servicios como Visa Account Updater, los comercios m\u00e1s peque\u00f1os pueden requerir una actualizaci\u00f3n manual del n\u00famero y la fecha de vencimiento. Por lo tanto, es importante que revises y actualices tu informaci\u00f3n de pago, especialmente para las cuentas de pago recurrentes o guardadas con empresas como Netflix, Amazon, Apple, etc.<\/p>            \n            <\/div>\n        <\/div>\n\n\n        \n        <!-- Add more FAQ items here following the same structure -->\n    <\/div>\n<\/div>\n\n\n\n<style>\n:root {\n    --primary-color: #0066cc;\n    --secondary-color: #f8f9fa;\n    --text-color: #333;\n    --border-color: #e0e0e0;\n    --hover-color: #e8e8e8;\n    --transition-speed: 0.3s;\n}\n\n.faq-container {\n    margin: 0 auto;\n    color: var(--text-color);\n    padding: 20px;\n}\n\n.faq-title {\n    text-align: center;\n    color: var(--primary-color);\n    margin-bottom: 30px;\n    font-size: 2.5em;\n}\n\n.faq-search {\n    margin-bottom: 30px;\n}\n\n#faq-search-input {\n    width: 100%;\n    padding: 12px 20px;\n    font-size: 16px;\n    border: 2px solid var(--border-color);\n    border-radius: 25px;\n    transition: border-color var(--transition-speed) ease;\n}\n\n#faq-search-input:focus {\n    outline: none;\n    border-color: var(--primary-color);\n}\n\n.faq-list {\n    display: flex;\n    flex-direction: column;\n    gap: 20px;\n}\n\n.faq-item {\n    border: 1px solid var(--border-color);\n    border-radius: 8px;\n    overflow: hidden;\n    transition: box-shadow var(--transition-speed) ease;\n}\n\n.faq-item:hover {\n    box-shadow: 0 4px 10px rgba(0, 0, 0, 0.1);\n}\n\n.faq-question {\n    width: 100%;\n    text-align: left;\n    padding: 20px;\n    background-color: var(--secondary-color);\n    border: none;\n    cursor: pointer;\n    font-weight: bold;\n    font-size: 18px;\n    display: flex;\n    justify-content: space-between;\n    align-items: center;\n    transition: background-color var(--transition-speed) ease;\n}\n\n.faq-icon {\n    width: 20px;\n    height: 20px;\n    position: relative;\n    flex-shrink: 0; \/* Prevent icon from shrinking *\/\n    margin-left: 10px; \/* Add some space between text and icon *\/\n}\n\n.faq-icon::before,\n.faq-icon::after {\n    content: '';\n    position: absolute;\n    background-color: var(--primary-color);\n    transition: all var(--transition-speed) ease;\n}\n\n.faq-icon::before {\n    top: 50%;\n    left: 0;\n    right: 0;\n    height: 2px;\n    margin-top: -1px;\n}\n\n.faq-icon::after {\n    top: 0;\n    left: 50%;\n    bottom: 0;\n    width: 2px;\n    margin-left: -1px;\n}\n\n.faq-item.active .faq-icon::after {\n    transform: rotate(90deg);\n}\n\n.faq-question:hover {\n    background-color: var(--hover-color);\n}\n\n.faq-icon {\n    width: 20px;\n    height: 20px;\n    position: relative;\n}\n\n.faq-icon::before,\n.faq-icon::after {\n    content: '';\n    position: absolute;\n    background-color: var(--primary-color);\n    transition: all var(--transition-speed) ease;\n}\n\n.faq-icon::before {\n    top: 50%;\n    left: 0;\n    right: 0;\n    height: 2px;\n    margin-top: -1px;\n}\n\n.faq-icon::after {\n    top: 0;\n    left: 50%;\n    bottom: 0;\n    width: 2px;\n    margin-left: -1px;\n}\n\n.faq-item.active .faq-icon::after {\n    transform: rotate(90deg);\n}\n\n.faq-answer {\n    padding: 0 20px;\n    max-height: 0;\n    overflow: hidden;\n    transition: max-height var(--transition-speed) ease, padding var(--transition-speed) ease;\n}\n\n.faq-item.active .faq-answer {\n    padding: 20px;\n    max-height: 1000px;\n}\n\n.faq-answer p, .faq-answer ul {\n    margin-bottom: 15px;\n}\n\n.faq-answer ul {\n    padding-left: 20px;\n}\n\n.faq-answer li {\n    margin-bottom: 10px;\n}\n\n@media (max-width: 768px) {\n    .faq-container {\n        padding: 10px;\n    }\n\n    .faq-title {\n        font-size: 2em;\n    }\n\n    .faq-question {\n        font-size: 16px;\n        padding: 15px;\n        align-items: flex-start; \/* Align items to the top on mobile *\/\n    }\n\n    .faq-icon {\n        margin-top: 2px; \/* Adjust icon position on mobile *\/\n    }\n}\n<\/style>\n\n<script>\ndocument.addEventListener('DOMContentLoaded', function() {\n    const faqItems = document.querySelectorAll('.faq-item');\n    const searchInput = document.getElementById('faq-search-input');\n    \n    faqItems.forEach(item => {\n        const question = item.querySelector('.faq-question');\n        question.addEventListener('click', () => {\n            item.classList.toggle('active');\n        });\n    });\n\n    searchInput.addEventListener('input', function() {\n        const searchTerm = this.value.toLowerCase();\n        \n        faqItems.forEach(item => {\n            const question = item.querySelector('.faq-question').textContent.toLowerCase();\n            const answer = item.querySelector('.faq-answer').textContent.toLowerCase();\n            \n            if (question.includes(searchTerm) || answer.includes(searchTerm)) {\n                item.style.display = '';\n            } else {\n                item.style.display = 'none';\n            }\n        });\n    });\n});\n<\/script>\n\t\t<\/div>\n\t<\/div>\n<\/div><\/div><\/div><\/div><\/div><script id=\"script-row-unique-2\" data-row=\"script-row-unique-2\" type=\"text\/javascript\" class=\"vc_controls\">UNCODE.initRow(document.getElementById(\"row-unique-2\"));<\/script><\/div><\/div><\/div>","protected":false},"excerpt":{"rendered":"Important Notice About Your Debit CardIt\u2019s time to activate! Learn how to successfully activate and begin using your new BrightStar [...]","protected":false},"author":8,"featured_media":0,"parent":0,"menu_order":0,"comment_status":"closed","ping_status":"closed","template":"","meta":{"footnotes":""},"class_list":["post-16345","page","type-page","status-publish","hentry"],"_links":{"self":[{"href":"https:\/\/demo2.mybscu.org\/es\/wp-json\/wp\/v2\/pages\/16345","targetHints":{"allow":["GET"]}}],"collection":[{"href":"https:\/\/demo2.mybscu.org\/es\/wp-json\/wp\/v2\/pages"}],"about":[{"href":"https:\/\/demo2.mybscu.org\/es\/wp-json\/wp\/v2\/types\/page"}],"author":[{"embeddable":true,"href":"https:\/\/demo2.mybscu.org\/es\/wp-json\/wp\/v2\/users\/8"}],"replies":[{"embeddable":true,"href":"https:\/\/demo2.mybscu.org\/es\/wp-json\/wp\/v2\/comments?post=16345"}],"version-history":[{"count":4,"href":"https:\/\/demo2.mybscu.org\/es\/wp-json\/wp\/v2\/pages\/16345\/revisions"}],"predecessor-version":[{"id":16725,"href":"https:\/\/demo2.mybscu.org\/es\/wp-json\/wp\/v2\/pages\/16345\/revisions\/16725"}],"wp:attachment":[{"href":"https:\/\/demo2.mybscu.org\/es\/wp-json\/wp\/v2\/media?parent=16345"}],"curies":[{"name":"wp","href":"https:\/\/api.w.org\/{rel}","templated":true}]}}