{"id":183,"date":"2016-08-04T19:40:28","date_gmt":"2016-08-04T19:40:28","guid":{"rendered":"https:\/\/demo2.mybscu.org\/?page_id=183"},"modified":"2023-02-15T19:01:09","modified_gmt":"2023-02-16T00:01:09","slug":"skipapay","status":"publish","type":"page","link":"https:\/\/demo2.mybscu.org\/es\/skipapay\/","title":{"rendered":"Saltar un pago"},"content":{"rendered":"<section data-parent=\"true\" class=\"vc_section row-container\" id=\"section-unique-0\"><div class=\"row-background background-element\">\n\t\t\t\t\t\t\t\t\t\t\t<div class=\"background-wrapper\">\n\t\t\t\t\t\t\t\t\t\t\t\t<div class=\"background-inner\" style=\"background-image: url(https:\/\/demo2.mybscu.org\/wp-content\/uploads\/2022\/02\/skippay.jpeg);background-repeat: no-repeat;background-position: center center;background-attachment: scroll;background-size: cover;\"><\/div>\n\t\t\t\t\t\t\t\t\t\t\t\t<div class=\"block-bg-overlay style-accent-bg\" style=\"opacity: 0.6;\"><\/div>\n\t\t\t\t\t\t\t\t\t\t\t<\/div>\n\t\t\t\t\t\t\t\t\t\t<\/div><div class=\"row no-top-padding no-bottom-padding no-h-padding full-width row-parent\"><div data-parent=\"true\" class=\"vc_row vc_custom_1612893245499 row-container has-dividers\" style=\"padding-top: 20px ;padding-bottom: 20px ;\" id=\"row-unique-0\"><div class=\"uncode-divider-wrap uncode-divider-wrap-bottom z_index_3 uncode-row-divider-invert\" style=\"height: 100px;\" data-height=\"100\" data-unit=\"px\"><svg version=\"1.1\" class=\"uncode-row-divider uncode-row-divider-curve\" x=\"0px\" y=\"0px\" width=\"240px\" height=\"24px\" viewbox=\"0 0 240 24\" enable-background=\"new 0 0 240 24\" xml:space=\"preserve\" preserveaspectratio=\"none\">\n\t\t<path fill=\"#ffffff\" fill-opacity=\"0.25\" d=\"M240,0H0v24l240-11.26V0z\"\/>\n\t\t<path fill=\"#ffffff\" d=\"M0,0h240v12.74L0,0z\"\/>\n\t\t<path fill=\"#ffffff\" fill-opacity=\"0.5\" d=\"M0,0h240v12.74H0V0z\"\/>\n\t\t<\/svg><\/div><div class=\"row limit-width row-parent\"><div class=\"wpb_row row-inner\"><div class=\"wpb_column pos-middle pos-center align_center column_parent col-lg-12 single-internal-gutter\"><div class=\"uncol style-light\"  ><div class=\"uncoltable\"><div class=\"uncell  vc_custom_1612821354555 no-block-padding\" style=\"padding-top: 100px ;padding-bottom: 100px ;\" ><div class=\"uncont\" ><div id=\"ultimate-heading-500669d99062ca3b7\" class=\"uvc-heading ult-adjust-bottom-margin ultimate-heading-500669d99062ca3b7 uvc-7186\" data-hspacer=\"no_spacer\"  data-halign=\"center\" style=\"text-align:center\"><div class=\"uvc-heading-spacer no_spacer\" style=\"top\"><\/div><div class=\"uvc-main-heading ult-responsive\"  data-ultimate-target='.uvc-heading.ultimate-heading-500669d99062ca3b7 h1'  data-responsive-json-new='{\"font-size\":\"\",\"line-height\":\"\"}' ><h1 style=\"font-weight:normal;color:#ffffff;\">Saltar un pago<\/h1><\/div><div class=\"uvc-sub-heading ult-responsive\"  data-ultimate-target='.uvc-heading.ultimate-heading-500669d99062ca3b7 .uvc-sub-heading '  data-responsive-json-new='{\"font-size\":\"desktop:20px;\",\"line-height\":\"\"}'  style=\"font-weight:normal;color:#ffffff;\"><\/p>\n<p style=\"text-align: center;\">Guarda tus pagos y prep\u00e1rate para una escapada.<\/p>\n<p><\/div><\/div><div class=\"ult-spacer spacer-69d99062ca3f1\" data-id=\"69d99062ca3f1\" data-height=\"10\" data-height-mobile=\"10\" data-height-tab=\"10\" data-height-tab-portrait=\"\" data-height-mobile-landscape=\"\" style=\"clear:both;display:block;\"><\/div><\/div><\/div><\/div><\/div><\/div><script id=\"script-row-unique-0\" data-row=\"script-row-unique-0\" type=\"text\/javascript\" class=\"vc_controls\">UNCODE.initRow(document.getElementById(\"row-unique-0\"));<\/script><\/div><\/div><\/div><script id=\"script-section-unique-0\" data-section=\"script-section-unique-0\" type=\"text\/javascript\">UNCODE.initSection(document.getElementById(\"section-unique-0\"));<\/script><\/div><\/section><div data-parent=\"true\" class=\"vc_row style-color-xsdn-bg vc_custom_1671589822874 row-container onepage-section\" data-label=\"features\" data-name=\"features\" style=\"padding-top: 20px ;padding-bottom: 20px ;\" id=\"row-unique-1\"><div class=\"row limit-width row-parent\"><div class=\"wpb_row row-inner\"><div class=\"wpb_column pos-middle pos-left align_left column_parent col-lg-12 single-internal-gutter\"><div class=\"uncol style-light\"  ><div class=\"uncoltable\"><div class=\"uncell  vc_custom_1644939122457 no-block-padding\" style=\"padding-top: 20px ;\" ><div class=\"uncont\" ><div class=\"aio-icon-component    style_1\"><div id=\"Info-box-wrap-8332\" class=\"aio-icon-box default-icon\" style=\"\"  ><div class=\"aio-icon-header\" ><h3 class=\"aio-icon-title ult-responsive\"  data-ultimate-target='#Info-box-wrap-8332 .aio-icon-title'  data-responsive-json-new='{\"font-size\":\"desktop:18px;\",\"line-height\":\"\"}'  style=\"color:#031c32;\">\u00bfNecesitas ahorrar algo de dinero? Puedes omitir el pago de tu pr\u00e9stamo de auto si est\u00e1s al corriente y has realizado 6 pagos consecutivos. Omitir un pago es una manera f\u00e1cil y conveniente de obtener un poco de dinero extra.<\/h3><\/div> <!-- header --><\/div> <!-- aio-icon-box --><\/div> <!-- aio-icon-component --><span class=\"btn-container\" ><a href=\"https:\/\/demo2.mybscu.org\/es\/forms\/eforms\/skip-a-pay-pro\/55\/\" class=\"custom-link btn border-width-0 btn-heloc btn-accent btn-round btn-shadow btn-icon-left\" title=\"El enlace se abrir\u00e1 en una nueva pesta\u00f1a.\" target=\"_blank\" onclick=\"amplitude.getInstance().logEvent(&#039;Skip App - Landing Page&#039;);\"><i class=\"fa fa-wpforms\"><\/i>Solicitud de omisi\u00f3n en l\u00ednea<\/a><\/span><\/div><\/div><\/div><\/div><\/div><script id=\"script-row-unique-1\" data-row=\"script-row-unique-1\" type=\"text\/javascript\" class=\"vc_controls\">UNCODE.initRow(document.getElementById(\"row-unique-1\"));<\/script><\/div><\/div><\/div>","protected":false},"excerpt":{"rendered":"Skip-A-Pay Pack Your Payments Away &amp; Gear Up for a Getaway Looking for extra room in your budget? You can [...]","protected":false},"author":8,"featured_media":0,"parent":0,"menu_order":21,"comment_status":"closed","ping_status":"closed","template":"","meta":{"footnotes":""},"class_list":["post-183","page","type-page","status-publish","hentry"],"_links":{"self":[{"href":"https:\/\/demo2.mybscu.org\/es\/wp-json\/wp\/v2\/pages\/183","targetHints":{"allow":["GET"]}}],"collection":[{"href":"https:\/\/demo2.mybscu.org\/es\/wp-json\/wp\/v2\/pages"}],"about":[{"href":"https:\/\/demo2.mybscu.org\/es\/wp-json\/wp\/v2\/types\/page"}],"author":[{"embeddable":true,"href":"https:\/\/demo2.mybscu.org\/es\/wp-json\/wp\/v2\/users\/8"}],"replies":[{"embeddable":true,"href":"https:\/\/demo2.mybscu.org\/es\/wp-json\/wp\/v2\/comments?post=183"}],"version-history":[{"count":4,"href":"https:\/\/demo2.mybscu.org\/es\/wp-json\/wp\/v2\/pages\/183\/revisions"}],"predecessor-version":[{"id":14655,"href":"https:\/\/demo2.mybscu.org\/es\/wp-json\/wp\/v2\/pages\/183\/revisions\/14655"}],"wp:attachment":[{"href":"https:\/\/demo2.mybscu.org\/es\/wp-json\/wp\/v2\/media?parent=183"}],"curies":[{"name":"wp","href":"https:\/\/api.w.org\/{rel}","templated":true}]}}