{"id":334,"date":"2016-08-17T16:19:22","date_gmt":"2016-08-17T16:19:22","guid":{"rendered":"https:\/\/demo2.mybscu.org\/?page_id=334"},"modified":"2018-10-24T08:55:03","modified_gmt":"2018-10-24T13:55:03","slug":"atm-safety","status":"publish","type":"page","link":"https:\/\/demo2.mybscu.org\/es\/fraudcenter\/atm-safety\/","title":{"rendered":"Seguridad en los cajeros autom\u00e1ticos"},"content":{"rendered":"<div data-parent=\"true\" class=\"vc_row row-container\" id=\"row-unique-0\"><div class=\"row limit-width row-parent\"><div class=\"wpb_row row-inner\"><div class=\"wpb_column pos-top pos-center align_left column_parent col-lg-12 single-internal-gutter\"><div class=\"uncol style-light\"  ><div class=\"uncoltable\"><div class=\"uncell  vc_custom_1469730998120 border-color-204383-color no-block-padding\" style=\"border-style: solid;border-bottom-width: 1px ;padding-bottom: 35px ;\" ><div class=\"uncont\" ><div class=\"vc_custom_heading_wrap\"><div class=\"heading-text el-text\" ><h1 class=\"h1\" ><span>Usar un cajero autom\u00e1tico de forma segura<\/span><\/h1><\/div><div class=\"clear\"><\/div><\/div><\/div><\/div><\/div><\/div><\/div><script id=\"script-row-unique-0\" data-row=\"script-row-unique-0\" type=\"text\/javascript\" class=\"vc_controls\">UNCODE.initRow(document.getElementById(\"row-unique-0\"));<\/script><\/div><\/div><\/div><div data-parent=\"true\" class=\"vc_row vc_custom_1471450454797 row-container\" style=\"margin-bottom: 75px ;\" id=\"row-unique-1\"><div class=\"row limit-width row-parent\"><div class=\"wpb_row row-inner\"><div class=\"wpb_column pos-top pos-center align_left column_parent col-lg-8 single-internal-gutter\"><div class=\"uncol style-light\"  ><div class=\"uncoltable\"><div class=\"uncell no-block-padding\" ><div class=\"uncont\" ><div class=\"uncode_text_column vc_custom_1476818277077\"  style=\"margin-top: 40px ;margin-bottom: 40px ;\"><p><img decoding=\"async\" style=\"width: 100%;\" src=\"https:\/\/demo2.mybscu.org\/wp-content\/uploads\/2016\/07\/LargeImage_BSCU-ATMSafely.jpg\" \/><\/p>\n<\/div><div class=\"uncode_text_column vc_custom_1476818390803\"  style=\"margin-top: 20px ;\"><\/p>\n<h2>Aqu\u00ed tienes algunos consejos \u00fatiles.<\/h2>\n<ul style=\"list-style-type: none;\">\n<li>Al usar un cajero autom\u00e1tico, est\u00e9 atento a su entorno y a las personas que est\u00e1n en la fila detr\u00e1s de usted. Col\u00f3quese frente al cajero para evitar que alguien vea su PIN. Mantenga una distancia prudencial mientras espera en la fila y permita que la persona que est\u00e1 delante de usted complete su transacci\u00f3n antes de acercarse a la m\u00e1quina.<\/li>\n<li>Complete los formularios de dep\u00f3sito y tenga su tarjeta lista antes de acercarse al cajero autom\u00e1tico.<\/li>\n<li>Cuando la transacci\u00f3n haya finalizado, guarda tu tarjeta y el efectivo en tu bolsillo. Podr\u00e1s contarlo m\u00e1s tarde, en la seguridad de tu coche o casa.<\/li>\n<li>Por la noche, aparque en una zona bien iluminada y, si es posible, vaya acompa\u00f1ado.<\/li>\n<li>En los cajeros autom\u00e1ticos para autos, cierre las puertas con llave, mantenga las dem\u00e1s ventanillas del auto cerradas y deje el motor encendido.<\/li>\n<li>Si observa algo sospechoso, cancele la transacci\u00f3n, guarde su tarjeta y v\u00e1yase inmediatamente. Dir\u00edjase a un lugar seguro, utilice otro cajero autom\u00e1tico o regrese m\u00e1s tarde. Llame a la polic\u00eda si sospecha de alguna actividad peligrosa o ilegal.<\/li>\n<li>Si presencias un delito, den\u00fancialo a la polic\u00eda y al operador del cajero autom\u00e1tico.<\/li>\n<\/ul>\n<p>\n<\/div><\/div><\/div><\/div><\/div><\/div><div class=\"wpb_column pos-top pos-center align_left column_parent col-lg-4 single-internal-gutter\"><div class=\"uncol style-light\"  ><div class=\"uncoltable\"><div class=\"uncell no-block-padding\" ><div class=\"uncont\" ><div class=\"uncode_text_column text-lead\" ><\/p>\n<h4>Enlaces r\u00e1pidos<\/h4>\n<p>\n<\/div><div class=\"vc_wp_custommenu wpb_content_element sidebar-nav\"  data-id=\"1\"><div class=\"widget widget_nav_menu\"><div class=\"menu-sidebar-menu-container\"><ul id=\"menu-sidebar-menu\" class=\"menu\"><li id=\"menu-item-198\" class=\"menu-item menu-item-type-post_type menu-item-object-page menu-item-198\"><a href=\"https:\/\/demo2.mybscu.org\/es\/onlinebanking\/\"><i class=\"side-icon genericon genericon-next\"><\/i>Extractos electr\u00f3nicos de BrightStar<\/a><\/li>\n<li id=\"menu-item-6514\" class=\"menu-item menu-item-type-post_type menu-item-object-page menu-item-6514\"><a href=\"https:\/\/demo2.mybscu.org\/es\/courtesypay\/\"><i class=\"side-icon genericon genericon-next\"><\/i>Pago de cortes\u00eda<\/a><\/li>\n<li id=\"menu-item-459\" class=\"menu-item menu-item-type-post_type menu-item-object-page menu-item-459\"><a href=\"https:\/\/demo2.mybscu.org\/es\/directdeposit\/\"><i class=\"side-icon genericon genericon-next\"><\/i>Dep\u00f3sito directo<\/a><\/li>\n<li id=\"menu-item-197\" class=\"menu-item menu-item-type-post_type menu-item-object-page menu-item-197\"><a href=\"https:\/\/demo2.mybscu.org\/es\/moneydesktop\/\"><i class=\"side-icon genericon genericon-next\"><\/i>Dinero de escritorio<\/a><\/li>\n<li id=\"menu-item-458\" class=\"menu-item menu-item-type-post_type menu-item-object-page menu-item-458\"><a href=\"https:\/\/demo2.mybscu.org\/es\/onlinebanking\/\"><i class=\"side-icon genericon genericon-next\"><\/i>Banca en l\u00ednea y pago de facturas<\/a><\/li>\n<li id=\"menu-item-466\" class=\"menu-item menu-item-type-post_type menu-item-object-page menu-item-466\"><a href=\"https:\/\/demo2.mybscu.org\/es\/debitcard\/\"><i class=\"side-icon genericon genericon-next\"><\/i>Tarjeta de cheques Visa<\/a><\/li>\n<li id=\"menu-item-200\" class=\"menu-item menu-item-type-post_type menu-item-object-page menu-item-200\"><a href=\"https:\/\/demo2.mybscu.org\/es\/skipapay\/\"><i class=\"side-icon genericon genericon-next\"><\/i>Saltar un pago<\/a><\/li>\n<li id=\"menu-item-196\" class=\"menu-item menu-item-type-post_type menu-item-object-page menu-item-196\"><a href=\"https:\/\/demo2.mybscu.org\/es\/mobilebanking\/\"><i class=\"side-icon genericon genericon-next\"><\/i>Aplicaciones para tel\u00e9fonos inteligentes<\/a><\/li>\n<\/ul><\/div><\/div><\/div><div class=\"uncode_text_column text-lead\" ><\/p>\n<h4>Preguntas frecuentes<\/h4>\n<p>\n<\/div><div class=\"uncode-accordion wpb_accordion wpb_content_element  sign-size-rg w-border\" data-collapsible=\"no\" data-target=\"\" data-active-tab=\"0\" >\n\t\t<div class=\"panel-group wpb_wrapper wpb_accordion_wrapper\" id=\"accordion_1742405847\" role=\"tablist\" aria-multiselectable=\"true\" data-no-toggle=\"\">\n\n<div class=\"panel panel-default wpb_accordion_section group\"><div class=\"panel-heading wpb_accordion_header ui-accordion-header\" role=\"tab\"><p class=\"panel-title font-weight- text-   icon-size-rg\"><a data-toggle=\"collapse\" data-parent=\"#accordion_1742405847\" href=\"#how-do-i-join-brightstar-cu-423172\"><span>\u00bfC\u00f3mo me uno a BrightStar CU?<\/span><\/a><\/p><\/div><div id=\"how-do-i-join-brightstar-cu-423172\" class=\"panel-collapse collapse\" role=\"tabpanel\"><div class=\"panel-body wpb_accordion_content ui-accordion-content half-internal-gutter single-block-padding\">\n\t\t\t\t\t\t<div class=\"uncode_text_column\" ><p>Cuando abre una cuenta de BrightStar CU, se convierte en miembro. Su membres\u00eda es su pasaporte a todo un mundo de servicios de cooperativas de cr\u00e9dito. \u00danase por tan solo $1. Una vez que sea miembro, podr\u00e1 solicitar otras cuentas, incluidas cuentas corrientes, pr\u00e9stamos, tarjetas de cr\u00e9dito y m\u00e1s. Ofrecemos 3 formas convenientes de unirse:<\/p>\n<ul>\n<li>Presentar una solicitud en l\u00ednea<\/li>\n<li>Complete una solicitud PDF en l\u00ednea y luego env\u00edela por correo<\/li>\n<li>Visite la sucursal BrightStar CU m\u00e1s cercana<\/li>\n<\/ul>\n<p>\n<\/div><\/div><\/div><\/div><div class=\"panel panel-default wpb_accordion_section group\"><div class=\"panel-heading wpb_accordion_header ui-accordion-header\" role=\"tab\"><p class=\"panel-title font-weight- text-   icon-size-rg\"><a data-toggle=\"collapse\" data-parent=\"#accordion_1742405847\" href=\"#who-is-eligible-to-join-674569\"><span>\u00bfQui\u00e9n es elegible para unirse?<\/span><\/a><\/p><\/div><div id=\"who-is-eligible-to-join-674569\" class=\"panel-collapse collapse\" role=\"tabpanel\"><div class=\"panel-body wpb_accordion_content ui-accordion-content half-internal-gutter single-block-padding\">\n\t\t\t\t\t\t<div class=\"uncode_text_column\" ><\/p>\n<p class=\"p1\"><span class=\"s1\">Cualquier persona que viva, trabaje o estudie en los condados de Broward, Collier, Lee, Martin, Miami-Dade, Palm Beach o St. Lucie, Pinellas, Hillsborough, Polk, Osceola, Brevard, Manatee, Hardee, Highlands, Okeechobee, Indian River, Sarasota, DeSoto, Charlotte, Glades, Hendry y Monroe, Florida. BrightStar CU presta servicios a las escuelas de Broward, como lo hemos hecho con orgullo durante m\u00e1s de 70 a\u00f1os. Ofrecemos servicios a organizaciones asociadas locales, las cuales ofrecen BrightStar CU como beneficio para sus empleados. Los familiares de los miembros de las organizaciones mencionadas tambi\u00e9n pueden unirse.<\/span><\/p>\n<p>\n<\/div><\/div><\/div><\/div>\n\t\t<\/div><\/div><\/div><\/div><\/div><\/div><\/div><script id=\"script-row-unique-1\" data-row=\"script-row-unique-1\" type=\"text\/javascript\" class=\"vc_controls\">UNCODE.initRow(document.getElementById(\"row-unique-1\"));<\/script><\/div><\/div><\/div>","protected":false},"excerpt":{"rendered":"Using an ATM Safely Here are some helpful Tips When using an ATM, be aware of your surroundings and others [...]","protected":false},"author":8,"featured_media":0,"parent":369,"menu_order":0,"comment_status":"closed","ping_status":"closed","template":"","meta":{"footnotes":""},"class_list":["post-334","page","type-page","status-publish","hentry"],"_links":{"self":[{"href":"https:\/\/demo2.mybscu.org\/es\/wp-json\/wp\/v2\/pages\/334","targetHints":{"allow":["GET"]}}],"collection":[{"href":"https:\/\/demo2.mybscu.org\/es\/wp-json\/wp\/v2\/pages"}],"about":[{"href":"https:\/\/demo2.mybscu.org\/es\/wp-json\/wp\/v2\/types\/page"}],"author":[{"embeddable":true,"href":"https:\/\/demo2.mybscu.org\/es\/wp-json\/wp\/v2\/users\/8"}],"replies":[{"embeddable":true,"href":"https:\/\/demo2.mybscu.org\/es\/wp-json\/wp\/v2\/comments?post=334"}],"version-history":[{"count":0,"href":"https:\/\/demo2.mybscu.org\/es\/wp-json\/wp\/v2\/pages\/334\/revisions"}],"up":[{"embeddable":true,"href":"https:\/\/demo2.mybscu.org\/es\/wp-json\/wp\/v2\/pages\/369"}],"wp:attachment":[{"href":"https:\/\/demo2.mybscu.org\/es\/wp-json\/wp\/v2\/media?parent=334"}],"curies":[{"name":"wp","href":"https:\/\/api.w.org\/{rel}","templated":true}]}}