{"id":3401,"date":"2017-06-12T16:56:23","date_gmt":"2017-06-12T16:56:23","guid":{"rendered":"https:\/\/demo2.mybscu.org\/?page_id=3401"},"modified":"2024-08-20T14:33:17","modified_gmt":"2024-08-20T18:33:17","slug":"businesselite","status":"publish","type":"page","link":"https:\/\/demo2.mybscu.org\/es\/businesselite\/","title":{"rendered":"Tarjeta de cr\u00e9dito Business Elite Rewards"},"content":{"rendered":"<section data-parent=\"true\" class=\"vc_section row-container\" id=\"section-unique-0\"><div class=\"row-background background-element\">\n\t\t\t\t\t\t\t\t\t\t\t<div class=\"background-wrapper\">\n\t\t\t\t\t\t\t\t\t\t\t\t<div class=\"background-inner\" style=\"background-image: url(https:\/\/demo2.mybscu.org\/wp-content\/uploads\/2017\/06\/shutterstock_558988516.jpg);background-repeat: no-repeat;background-position: center top;background-attachment: scroll;background-size: cover;\"><\/div>\n\t\t\t\t\t\t\t\t\t\t\t\t<div class=\"block-bg-overlay style-accent-bg\" style=\"opacity: 0.65;\"><\/div>\n\t\t\t\t\t\t\t\t\t\t\t<\/div>\n\t\t\t\t\t\t\t\t\t\t<\/div><div class=\"row no-top-padding no-bottom-padding no-h-padding full-width row-parent\"><div data-parent=\"true\" class=\"vc_row row-container has-dividers\" id=\"row-unique-0\"><div class=\"uncode-divider-wrap uncode-divider-wrap-bottom z_index_0 uncode-row-divider-invert\" style=\"height: 100px;\" data-height=\"100\" data-unit=\"px\"><svg version=\"1.1\" class=\"uncode-row-divider uncode-row-divider-curve\" x=\"0px\" y=\"0px\" width=\"240px\" height=\"24px\" viewbox=\"0 0 240 24\" enable-background=\"new 0 0 240 24\" xml:space=\"preserve\" preserveaspectratio=\"none\">\n\t\t<path fill=\"#ffffff\" fill-opacity=\"0.25\" d=\"M240,0H0v24l240-11.26V0z\"\/>\n\t\t<path fill=\"#ffffff\" d=\"M0,0h240v12.74L0,0z\"\/>\n\t\t<path fill=\"#ffffff\" fill-opacity=\"0.5\" d=\"M0,0h240v12.74H0V0z\"\/>\n\t\t<\/svg><\/div><div class=\"row unequal limit-width row-parent\" data-height-ratio=\"40\" data-minheight=\"300\"><div class=\"wpb_row row-inner\"><div class=\"wpb_column pos-middle pos-center align_center align_center_mobile column_parent col-lg-12 no-internal-gutter\"><div class=\"uncol style-light\"  ><div class=\"uncoltable\"><div class=\"uncell no-block-padding\" ><div class=\"uncont\" ><div id=\"ultimate-heading-229469d990ae57d5b\" class=\"uvc-heading ult-adjust-bottom-margin ultimate-heading-229469d990ae57d5b uvc-8573\" data-hspacer=\"no_spacer\"  data-halign=\"center\" style=\"text-align:center\"><div class=\"uvc-heading-spacer no_spacer\" style=\"top\"><\/div><div class=\"uvc-main-heading ult-responsive\"  data-ultimate-target='.uvc-heading.ultimate-heading-229469d990ae57d5b h1'  data-responsive-json-new='{\"font-size\":\"\",\"line-height\":\"\"}' ><h1 style=\"font-weight:normal;color:#ffffff;\">Tarjeta de cr\u00e9dito Business Elite Rewards<\/h1><\/div><div class=\"uvc-sub-heading ult-responsive\"  data-ultimate-target='.uvc-heading.ultimate-heading-229469d990ae57d5b .uvc-sub-heading '  data-responsive-json-new='{\"font-size\":\"desktop:24px;\",\"line-height\":\"\"}'  style=\"font-weight:normal;color:#ffffff;\"><\/p>\n<p style=\"text-align: center;\">Designed for Small Businesses &#8230; Just Like Yours<\/p>\n<p><\/div><\/div><\/div><\/div><\/div><\/div><\/div><script id=\"script-row-unique-0\" data-row=\"script-row-unique-0\" type=\"text\/javascript\" class=\"vc_controls\">UNCODE.initRow(document.getElementById(\"row-unique-0\"));<\/script><\/div><\/div><\/div><script id=\"script-section-unique-0\" data-section=\"script-section-unique-0\" type=\"text\/javascript\">UNCODE.initSection(document.getElementById(\"section-unique-0\"));<\/script><\/div><\/section><div data-parent=\"true\" class=\"vc_row style-color-xsdn-bg row-container\" id=\"row-unique-1\"><div class=\"row limit-width row-parent\"><div class=\"wpb_row row-inner\"><div class=\"wpb_column pos-top pos-center align_left column_parent col-lg-12 single-internal-gutter\"><div class=\"uncol style-light\"  ><div class=\"uncoltable\"><div class=\"uncell no-block-padding\" ><div class=\"uncont\" ><div class=\"aio-icon-component    style_1\"><div id=\"Info-box-wrap-9318\" class=\"aio-icon-box default-icon\" style=\"\"  ><div class=\"aio-icon-default\"><div class=\"ult-just-icon-wrapper\"><div class=\"align-icon\" style=\"text-align:center;\">\n<div class=\"aio-icon none\" data-animation=\"slideInLeft\" data-animation-delay=\"03\" style=\"color:#eaaf00;font-size:48px;display:inline-block;\">\n\t<i class=\"Defaults-suitcase\"><\/i>\n<\/div><\/div><\/div><\/div><div class=\"aio-icon-header\" ><h3 class=\"aio-icon-title ult-responsive\"  data-ultimate-target='#Info-box-wrap-9318 .aio-icon-title'  data-responsive-json-new='{\"font-size\":\"desktop:23px;\",\"line-height\":\"\"}'  style=\"color:#000000;\">\u00a1Aproveche una tarjeta de cr\u00e9dito empresarial con un enfoque centrado en el cliente! Ofrecida exclusivamente por SU Cooperativa de Cr\u00e9dito para el \u00e9xito de su negocio y su tranquilidad.<\/h3><\/div> <!-- header --><\/div> <!-- aio-icon-box --><\/div> <!-- aio-icon-component --><\/div><\/div><\/div><\/div><\/div><script id=\"script-row-unique-1\" data-row=\"script-row-unique-1\" type=\"text\/javascript\" class=\"vc_controls\">UNCODE.initRow(document.getElementById(\"row-unique-1\"));<\/script><\/div><\/div><\/div><div data-parent=\"true\" class=\"vc_row style-color-lxmt-bg vc_custom_1588957976782 row-container onepage-section\" data-label=\"business\" data-name=\"business\" style=\"padding-top: 20px ;padding-bottom: 20px ;\" id=\"sec_business\"><div class=\"row limit-width row-parent\"><div class=\"wpb_row row-inner\"><div class=\"wpb_column pos-middle pos-center align_center column_parent col-lg-3 single-internal-gutter\"><div class=\"uncol style-light\"  ><div class=\"uncoltable\"><div class=\"uncell no-block-padding\" ><div class=\"uncont\" ><div class=\"uncode-single-media  text-left\"><div class=\"single-wrapper\" style=\"max-width: 100%;\"><div class=\"tmb tmb-light  tmb-media-first tmb-media-last tmb-content-overlay tmb-no-bg\"><div class=\"t-inside\"><div class=\"t-entry-visual\"><div class=\"t-entry-visual-tc\"><div class=\"uncode-single-media-wrapper\"><img decoding=\"async\" class=\"wp-image-16252\" src=\"https:\/\/demo2.mybscu.org\/wp-content\/uploads\/2024\/06\/beccc24.png\" width=\"600\" height=\"485\" alt=\"Business Elite Rewards Card Mockup\" srcset=\"https:\/\/demo2.mybscu.org\/wp-content\/uploads\/2024\/06\/beccc24.png 600w, https:\/\/demo2.mybscu.org\/wp-content\/uploads\/2024\/06\/beccc24-300x243.png 300w, https:\/\/demo2.mybscu.org\/wp-content\/uploads\/2024\/06\/beccc24-350x283.png 350w\" sizes=\"(max-width: 600px) 100vw, 600px\" \/><\/div>\n\t\t\t\t\t<\/div>\n\t\t\t\t<\/div><\/div><\/div><\/div><\/div><\/div><\/div><\/div><\/div><\/div><div class=\"wpb_column pos-top pos-center align_left column_parent col-lg-6 single-internal-gutter\"><div class=\"uncol style-light\"  ><div class=\"uncoltable\"><div class=\"uncell no-block-padding\" ><div class=\"uncont\" ><div class=\"aio-icon-component    style_2\"><div id=\"Info-box-wrap-8695\" class=\"aio-icon-box default-icon\" style=\"\"  ><div class=\"aio-icon-default\"><div class=\"ult-just-icon-wrapper\"><div class=\"align-icon\" style=\"text-align:center;\">\n<div class=\"aio-icon none\" data-animation=\"swing\" data-animation-delay=\"03\" style=\"color:#00475f;font-size:32px;display:inline-block;\">\n\t<i class=\"Defaults-credit-card\"><\/i>\n<\/div><\/div><\/div><\/div><div class=\"aio-icon-header\" ><h3 class=\"aio-icon-title ult-responsive\"  data-ultimate-target='#Info-box-wrap-8695 .aio-icon-title'  data-responsive-json-new='{\"font-size\":\"desktop:20px;\",\"line-height\":\"\"}'  style=\"\">Caracter\u00edsticas y beneficios<\/h3><\/div> <!-- header --><\/div> <!-- aio-icon-box --><\/div> <!-- aio-icon-component --><div class=\"uavc-list-icon uavc-list-icon-wrapper ult-adjust-bottom-margin\"><ul class=\"uavc-list\"><li><div class=\"uavc-list-content\" id=\"list-icon-wrap-7712\">\n<div class=\"uavc-list-icon\" data-animation=\"\" data-animation-delay=\"03\" style=\"margin-right:5px;\"><div class=\"ult-just-icon-wrapper\"><div class=\"align-icon\" style=\"text-align:center;\">\n<div class=\"aio-icon none\"  style=\"color:#031c32;font-size:20px;display:inline-block;\">\n\t<i class=\"Defaults-circle-thin genderless\"><\/i>\n<\/div><\/div><\/div>\n<\/div><span  data-ultimate-target='#list-icon-wrap-7712 .uavc-list-desc'  data-responsive-json-new='{\"font-size\":\"\",\"line-height\":\"\"}'  class=\"uavc-list-desc ult-responsive\" style=\"\"><span style=\"color: #000000;\">0% TAE en compras para <span id=\"xs5\">00<\/span>-meses, despu\u00e9s de eso tan bajo como <span id=\"x6\">00.00%<\/span> ABR<\/span><\/span><\/div><\/li><li><div class=\"uavc-list-content\" id=\"list-icon-wrap-1634\">\n<div class=\"uavc-list-icon\" data-animation=\"\" data-animation-delay=\"03\" style=\"margin-right:5px;\"><div class=\"ult-just-icon-wrapper\"><div class=\"align-icon\" style=\"text-align:center;\">\n<div class=\"aio-icon none\"  style=\"color:#031c32;font-size:20px;display:inline-block;\">\n\t<i class=\"Defaults-circle-thin genderless\"><\/i>\n<\/div><\/div><\/div>\n<\/div><span  data-ultimate-target='#list-icon-wrap-1634 .uavc-list-desc'  data-responsive-json-new='{\"font-size\":\"\",\"line-height\":\"\"}'  class=\"uavc-list-desc ult-responsive\" style=\"\"><span style=\"color: #000000;\"><span id=\"xb3\">0.00%<\/span> ABR<sup>\u2020\u2020<\/sup> sobre transferencias de saldo para <span id=\"xs6\">00<\/span>-meses, despu\u00e9s de eso tan bajo como <span id=\"x7\">00.00%<\/span> ABR<\/span><\/span><\/div><\/li><li><div class=\"uavc-list-content\" id=\"list-icon-wrap-2282\">\n<div class=\"uavc-list-icon\" data-animation=\"\" data-animation-delay=\"03\" style=\"margin-right:5px;\"><div class=\"ult-just-icon-wrapper\"><div class=\"align-icon\" style=\"text-align:center;\">\n<div class=\"aio-icon none\"  style=\"color:#031c32;font-size:20px;display:inline-block;\">\n\t<i class=\"Defaults-circle-thin genderless\"><\/i>\n<\/div><\/div><\/div>\n<\/div><span  data-ultimate-target='#list-icon-wrap-2282 .uavc-list-desc'  data-responsive-json-new='{\"font-size\":\"\",\"line-height\":\"\"}'  class=\"uavc-list-desc ult-responsive\" style=\"\"><span style=\"color: #000000;\">Sin cuota anual ni comisi\u00f3n por transferencia de saldo.<\/span><\/span><\/div><\/li><li><div class=\"uavc-list-content\" id=\"list-icon-wrap-3302\">\n<div class=\"uavc-list-icon\" data-animation=\"\" data-animation-delay=\"03\" style=\"margin-right:5px;\"><div class=\"ult-just-icon-wrapper\"><div class=\"align-icon\" style=\"text-align:center;\">\n<div class=\"aio-icon none\"  style=\"color:#031c32;font-size:20px;display:inline-block;\">\n\t<i class=\"Defaults-circle-thin genderless\"><\/i>\n<\/div><\/div><\/div>\n<\/div><span  data-ultimate-target='#list-icon-wrap-3302 .uavc-list-desc'  data-responsive-json-new='{\"font-size\":\"\",\"line-height\":\"\"}'  class=\"uavc-list-desc ult-responsive\" style=\"\"><span style=\"color: #000000;\">SIN recargos por mora.<\/span><\/span><\/div><\/li><li><div class=\"uavc-list-content\" id=\"list-icon-wrap-2517\">\n<div class=\"uavc-list-icon\" data-animation=\"\" data-animation-delay=\"03\" style=\"margin-right:5px;\"><div class=\"ult-just-icon-wrapper\"><div class=\"align-icon\" style=\"text-align:center;\">\n<div class=\"aio-icon none\"  style=\"color:#031c32;font-size:20px;display:inline-block;\">\n\t<i class=\"Defaults-circle-thin genderless\"><\/i>\n<\/div><\/div><\/div>\n<\/div><span  data-ultimate-target='#list-icon-wrap-2517 .uavc-list-desc'  data-responsive-json-new='{\"font-size\":\"\",\"line-height\":\"\"}'  class=\"uavc-list-desc ult-responsive\" style=\"\"><span style=\"color: #000000;\">L\u00edmites de cr\u00e9dito hasta $50,000.<\/span><\/span><\/div><\/li><li><div class=\"uavc-list-content\" id=\"list-icon-wrap-5861\">\n<div class=\"uavc-list-icon\" data-animation=\"\" data-animation-delay=\"03\" style=\"margin-right:5px;\"><div class=\"ult-just-icon-wrapper\"><div class=\"align-icon\" style=\"text-align:center;\">\n<div class=\"aio-icon none\"  style=\"color:#031c32;font-size:20px;display:inline-block;\">\n\t<i class=\"Defaults-circle-thin genderless\"><\/i>\n<\/div><\/div><\/div>\n<\/div><span  data-ultimate-target='#list-icon-wrap-5861 .uavc-list-desc'  data-responsive-json-new='{\"font-size\":\"\",\"line-height\":\"\"}'  class=\"uavc-list-desc ult-responsive\" style=\"\"><span style=\"color: #000000;\">Gana puntos de recompensa canjeables por tarjetas de regalo, reembolsos en efectivo, recompensas de viaje y mucho m\u00e1s.<br \/>\n<\/span><\/span><\/div><\/li><li><div class=\"uavc-list-content\" id=\"list-icon-wrap-6953\">\n<div class=\"uavc-list-icon\" data-animation=\"\" data-animation-delay=\"03\" style=\"margin-right:5px;\"><div class=\"ult-just-icon-wrapper\"><div class=\"align-icon\" style=\"text-align:center;\">\n<div class=\"aio-icon none\"  style=\"color:#031c32;font-size:20px;display:inline-block;\">\n\t<i class=\"Defaults-circle-thin genderless\"><\/i>\n<\/div><\/div><\/div>\n<\/div><span  data-ultimate-target='#list-icon-wrap-6953 .uavc-list-desc'  data-responsive-json-new='{\"font-size\":\"\",\"line-height\":\"\"}'  class=\"uavc-list-desc ult-responsive\" style=\"\"><span style=\"color: #000000;\">Protecci\u00f3n de compra premium y garant\u00eda extendida.<br \/>\n<\/span><\/span><\/div><\/li><li><div class=\"uavc-list-content\" id=\"list-icon-wrap-1550\">\n<div class=\"uavc-list-icon\" data-animation=\"\" data-animation-delay=\"03\" style=\"margin-right:5px;\"><div class=\"ult-just-icon-wrapper\"><div class=\"align-icon\" style=\"text-align:center;\">\n<div class=\"aio-icon none\"  style=\"color:#031c32;font-size:20px;display:inline-block;\">\n\t<i class=\"Defaults-circle-thin genderless\"><\/i>\n<\/div><\/div><\/div>\n<\/div><span  data-ultimate-target='#list-icon-wrap-1550 .uavc-list-desc'  data-responsive-json-new='{\"font-size\":\"\",\"line-height\":\"\"}'  class=\"uavc-list-desc ult-responsive\" style=\"\"><span style=\"color: #000000;\">Protecci\u00f3n contra el robo de identidad NortonLifeLock\u2122.<\/span><\/span><\/div><\/li><\/ul><\/div><\/div><\/div><\/div><\/div><\/div><div class=\"wpb_column pos-middle pos-center align_center column_parent col-lg-3 single-internal-gutter\"><div class=\"uncol style-light\"  ><div class=\"uncoltable\"><div class=\"uncell no-block-padding\" ><div class=\"uncont\" ><span class=\"btn-container btn-block btn-inline\" ><a href=\"https:\/\/demo2.mybscu.org\/es\/cardinfo\/\" class=\"custom-link btn border-width-0 btn-color-772071 btn-round btn-shadow btn-block btn-icon-left\" title=\"El enlace se abrir\u00e1 en una ventana emergente.\" target=\"_blank\"><i class=\"fa fa-profile-male\"><\/i>Inicio de sesi\u00f3n con tarjeta<\/a><\/span><span class=\"btn-container btn-block btn-inline\" ><a href=\"https:\/\/app.loanspq.com\/cc\/CreditCard.aspx?lenderref=Brightstarcu070620&Cname=Business+Elite+Rewards&LoanPurpose=New+Business+Elite+Rewards\" class=\"custom-link btn border-width-0 btn-accent btn-round btn-shadow btn-block btn-icon-left\" title=\"El enlace se abrir\u00e1 en una nueva pesta\u00f1a.\" onclick=\"amplitude.getInstance().logEvent(&#039;CC Application - BECC Page&#039;);\">Aplicar ahora<\/a><\/span><span class=\"btn-container btn-block btn-inline\" ><a href=\"https:\/\/app.loanspq.com\/cc\/CreditCard.aspx?lenderref=Brightstarcu070620&Cname=Business+Elite+Rewards&LoanPurpose=Line+Increase+Business+Elite+Rewards\" class=\"custom-link btn border-width-0 btn-accent btn-round btn-shadow btn-block btn-icon-left\" title=\"Se abre en una ventana nueva\" target=\"_blank\" onclick=\"amplitude.getInstance().logEvent(&#039;LI Application - BECC Page&#039;);\">Incremento del l\u00edmite<\/a><\/span><\/div><\/div><\/div><\/div><\/div><script id=\"script-sec_business\" data-row=\"script-sec_business\" type=\"text\/javascript\" class=\"vc_controls\">UNCODE.initRow(document.getElementById(\"sec_business\"));<\/script><\/div><\/div><\/div><div data-parent=\"true\" class=\"vc_row style-color-lxmt-bg row-container\" id=\"row-unique-2\"><div class=\"row col-half-gutter limit-width row-parent\"><div class=\"wpb_row row-inner\"><div class=\"wpb_column pos-top pos-center align_left column_parent col-lg-12 single-internal-gutter\"><div class=\"uncol style-light\"  ><div class=\"uncoltable\"><div class=\"uncell no-block-padding\" ><div class=\"uncont\" ><div id=\"ultimate-heading-859969d990ae5dcd4\" class=\"uvc-heading ult-adjust-bottom-margin ultimate-heading-859969d990ae5dcd4 uvc-6553\" data-hspacer=\"line_only\"  data-halign=\"center\" style=\"text-align:center\"><div class=\"uvc-main-heading ult-responsive\"  data-ultimate-target='.uvc-heading.ultimate-heading-859969d990ae5dcd4 h3'  data-responsive-json-new='{\"font-size\":\"\",\"line-height\":\"\"}' ><h3 style=\"font-weight:normal;\">Productos relacionados<\/h3><\/div><div class=\"uvc-heading-spacer line_only\" style=\"topheight:3px;\"><span class=\"uvc-headings-line\" style=\"border-style:solid;border-bottom-width:3px;border-color:#031c32;width:100px;\"><\/span><\/div><\/div><div class=\"vc_row row-internal row-container\"><div class=\"row row-child\"><div class=\"wpb_row row-inner row-inner-force\"><div class=\"wpb_column pos-middle pos-center align_center column_child col-lg-6 single-internal-gutter\"><div class=\"uncol style-light\" ><div class=\"uncoltable\"><div class=\"uncell no-block-padding\" ><div class=\"uncont\" ><div id=\"ultib3-110238939269d990ae5ed33\" class=\"ultb3-box ult-adjust-bottom-margin bb-cla\" style=\"\"><div class=\"ultb3-box-overlay\" style=\"background:rgba(0,71,95,0.8);\"><\/div><img decoding=\"async\" src=\"https:\/\/demo2.mybscu.org\/wp-content\/uploads\/2017\/06\/shutterstock_587659154.jpg\" style=\"\" class=\"ultb3-img ultb3-img-center\" alt=\"null\"\/><div id=\"Info-banner-wrap2561\" class=\"ultb3-info ib3-info-left\" data-animation=\"fadeIn\" data-animation-delay=\"03\"><div class=\"ultb3-title ult-responsive\"  data-ultimate-target='#Info-banner-wrap2561 .ultb3-title'  data-responsive-json-new='{\"font-size\":\"desktop:24px;\",\"line-height\":\"\"}'  style=\"font-weight:normal;color:#eaaf00;\">Cuentas corrientes comerciales de BrightStar<\/div><div class=\"ultb3-desc ult-responsive\"  data-ultimate-target='#Info-banner-wrap2561 .ultb3-desc'  data-responsive-json-new='{\"font-size\":\"desktop:14px;\",\"line-height\":\"\"}'  style=\"font-weight:normal;color:#ffffff;\">Banca en l\u00ednea para empresas GRATIS, extractos en l\u00ednea, im\u00e1genes de cheques en l\u00ednea y tarjeta de d\u00e9bito Visa para empresas<\/div><a href=\"https:\/\/demo2.mybscu.org\/es\/businessservices\/business-checking\/\"  class=\"ultb3-btn ult-responsive\"  data-ultimate-target='#Info-banner-wrap2561 .ultb3-btn'  data-responsive-json-new='{\"font-size\":\"desktop:15px;\",\"line-height\":\"\"}'  style=\"font-weight:normal;\">Leer m\u00e1s<i class=\"Defaults-angle-right\"><\/i><\/a><\/div><\/div><style>\r\n\t\t\t\t\t#ultib3-110238939269d990ae5ed33 {\r\n\t\t\t\t\t\tmin-height:350px;\r\n\t\t\t\t\t}\r\n\t\t\t\t\t#ultib3-110238939269d990ae5ed33 img.ultb3-img {\r\n\t\t\t\t\t\theight: px;\r\n\t\t\t\t\t}\r\n\t\t\t\t\t#ultib3-110238939269d990ae5ed33 .ultb3-btn {\r\n\t\t\t\t\t\tborder:2px solid #eaaf00;border-radius:50px;color:#ffffff;\r\n\t\t\t\t\t}\r\n\t\t\t\t\t#ultib3-110238939269d990ae5ed33 .ultb3-btn:hover {\r\n\t\t\t\t\t\tbackground:#eaaf00;color:#ffffff;\r\n\t\t\t\t\t}\r\n\t\t\t\t<\/style><\/div><\/div><\/div><\/div><\/div><div class=\"wpb_column pos-middle pos-center align_center column_child col-lg-6 single-internal-gutter\"><div class=\"uncol style-light\" ><div class=\"uncoltable\"><div class=\"uncell no-block-padding\" ><div class=\"uncont\" ><div id=\"ultib3-329699317669d990ae61e1e\" class=\"ultb3-box ult-adjust-bottom-margin bb-cla\" style=\"\"><div class=\"ultb3-box-overlay\" style=\"background:rgba(0,71,95,0.8);\"><\/div><img decoding=\"async\" src=\"https:\/\/demo2.mybscu.org\/wp-content\/uploads\/2017\/06\/shutterstock_602844200.jpg\" style=\"\" class=\"ultb3-img ultb3-img-center\" alt=\"null\"\/><div id=\"Info-banner-wrap6715\" class=\"ultb3-info ib3-info-left\" data-animation=\"fadeIn\" data-animation-delay=\"03\"><div class=\"ultb3-title ult-responsive\"  data-ultimate-target='#Info-banner-wrap6715 .ultb3-title'  data-responsive-json-new='{\"font-size\":\"desktop:24px;\",\"line-height\":\"\"}'  style=\"font-weight:normal;color:#eaaf00;\">Banca en l\u00ednea para empresas<\/div><div class=\"ultb3-desc ult-responsive\"  data-ultimate-target='#Info-banner-wrap6715 .ultb3-desc'  data-responsive-json-new='{\"font-size\":\"desktop:14px;\",\"line-height\":\"\"}'  style=\"font-weight:normal;color:#ffffff;\">La banca en l\u00ednea para empresas de BrightStar es GRATUITA, segura y conveniente. Consulte los saldos de sus cuentas, transfiera fondos, vea sus estados de cuenta y vea im\u00e1genes de cheques cobrados.<\/div><a href=\"https:\/\/demo2.mybscu.org\/es\/businessservices\/business-online-banking-and-billpay\/\"  class=\"ultb3-btn ult-responsive\"  data-ultimate-target='#Info-banner-wrap6715 .ultb3-btn'  data-responsive-json-new='{\"font-size\":\"desktop:15px;\",\"line-height\":\"\"}'  style=\"font-weight:normal;\">Leer m\u00e1s<i class=\"Defaults-angle-right\"><\/i><\/a><\/div><\/div><style>\r\n\t\t\t\t\t#ultib3-329699317669d990ae61e1e {\r\n\t\t\t\t\t\tmin-height:350px;\r\n\t\t\t\t\t}\r\n\t\t\t\t\t#ultib3-329699317669d990ae61e1e img.ultb3-img {\r\n\t\t\t\t\t\theight: px;\r\n\t\t\t\t\t}\r\n\t\t\t\t\t#ultib3-329699317669d990ae61e1e .ultb3-btn {\r\n\t\t\t\t\t\tborder:2px solid #eaaf00;border-radius:50px;color:#ffffff;\r\n\t\t\t\t\t}\r\n\t\t\t\t\t#ultib3-329699317669d990ae61e1e .ultb3-btn:hover {\r\n\t\t\t\t\t\tbackground:#eaaf00;color:#ffffff;\r\n\t\t\t\t\t}\r\n\t\t\t\t<\/style><\/div><\/div><\/div><\/div><\/div><\/div><\/div><\/div><\/div><\/div><\/div><\/div><\/div><script id=\"script-row-unique-2\" data-row=\"script-row-unique-2\" type=\"text\/javascript\" class=\"vc_controls\">UNCODE.initRow(document.getElementById(\"row-unique-2\"));<\/script><\/div><\/div><\/div><div data-parent=\"true\" class=\"vc_row style-color-lxmt-bg vc_custom_1497555621261 row-container\" style=\"padding-top: 20px ;padding-bottom: 20px ;\" id=\"row-unique-3\"><div class=\"row limit-width row-parent\"><div class=\"wpb_row row-inner\"><div class=\"wpb_column pos-middle pos-center align_center column_parent col-lg-12 no-internal-gutter\"><div class=\"uncol style-light\"  ><div class=\"uncoltable\"><div class=\"uncell no-block-padding\" ><div class=\"uncont\" ><div class=\"empty-space empty-single\" ><span class=\"empty-space-inner\"><\/span><\/div>\n<div class=\"uncode_text_column vc_custom_1672241853386\"  style=\"padding-top: 20px ;padding-bottom: 20px ;\"><\/p>\n<p style=\"text-align: left; font-size: 16px;\"><span style=\"color: #000000;\">\u2020\u2020TAE = Tasa Anual Equivalente. La TAE promocional para transferencias de saldo durante los primeros 12 ciclos de facturaci\u00f3n es <span id=\"xb6\">0.00%<\/span>Esto corresponde a una Tasa Peri\u00f3dica Mensual de 0.33%; a partir de entonces, se acumular\u00e1n CARGOS FINANCIEROS sobre la Transferencia de Saldo seg\u00fan la TASA DE PORCENTAJE ANUAL y la Tasa Peri\u00f3dica Mensual para Transferencias de Saldo aplicables a su Cuenta. Las transferencias y los adelantos de efectivo est\u00e1n sujetos a CARGOS FINANCIEROS a partir de la fecha en que se registren en su Cuenta Business Elite Rewards. Las transferencias y los pagos de saldo no resultar\u00e1n en el cierre de sus otras tarjetas de cr\u00e9dito\/pr\u00e9stamos. Debe notificar directamente a la instituci\u00f3n financiera para solicitar el cierre de la cuenta. No se iniciar\u00e1n transferencias que excedan su l\u00edmite de cr\u00e9dito. Cualquier saldo restante con otra instituci\u00f3n financiera despu\u00e9s de que se emita la transferencia de saldo ser\u00e1 su responsabilidad. La transferencia de saldo debe realizarse dentro de los primeros 60 d\u00edas posteriores a la apertura de la Cuenta de Tarjeta de Cr\u00e9dito BrightStar CU; cualquier transferencia de saldo despu\u00e9s de los primeros 60 d\u00edas acumular\u00e1 CARGOS FINANCIEROS seg\u00fan la TASA DE PORCENTAJE ANUAL y la Tasa Peri\u00f3dica Mensual para Transferencias de Saldo aplicables a su Cuenta. No puede utilizar las transferencias de saldo para pagar pr\u00e9stamos o l\u00edneas de cr\u00e9dito existentes de BrightStar CU. La informaci\u00f3n anterior es precisa a partir de (<span id=\"efdb\">00\/00\/00<\/span>), todas las tarifas mostradas est\u00e1n sujetas a cambios sin previo aviso.<\/span><\/p>\n<p>\n<\/div>\n\t<div class=\"wpb_raw_code wpb_raw_js\" >\n\t\t<div class=\"wpb_wrapper\">\n\t\t\t<script src=\"https:\/\/rates.mybscu.org\/apis\/creditcards.js\"><\/script>\n\t\t<\/div>\n\t<\/div>\n<\/div><\/div><\/div><\/div><\/div><script id=\"script-row-unique-3\" data-row=\"script-row-unique-3\" type=\"text\/javascript\" class=\"vc_controls\">UNCODE.initRow(document.getElementById(\"row-unique-3\"));<\/script><\/div><\/div><\/div>","protected":false},"excerpt":{"rendered":"<p>Take your business to the next level with a customized credit card &#8211; apply for a business elite rewards credit card now!<\/p>","protected":false},"author":8,"featured_media":0,"parent":0,"menu_order":0,"comment_status":"closed","ping_status":"closed","template":"","meta":{"footnotes":""},"class_list":["post-3401","page","type-page","status-publish","hentry"],"_links":{"self":[{"href":"https:\/\/demo2.mybscu.org\/es\/wp-json\/wp\/v2\/pages\/3401","targetHints":{"allow":["GET"]}}],"collection":[{"href":"https:\/\/demo2.mybscu.org\/es\/wp-json\/wp\/v2\/pages"}],"about":[{"href":"https:\/\/demo2.mybscu.org\/es\/wp-json\/wp\/v2\/types\/page"}],"author":[{"embeddable":true,"href":"https:\/\/demo2.mybscu.org\/es\/wp-json\/wp\/v2\/users\/8"}],"replies":[{"embeddable":true,"href":"https:\/\/demo2.mybscu.org\/es\/wp-json\/wp\/v2\/comments?post=3401"}],"version-history":[{"count":4,"href":"https:\/\/demo2.mybscu.org\/es\/wp-json\/wp\/v2\/pages\/3401\/revisions"}],"predecessor-version":[{"id":16477,"href":"https:\/\/demo2.mybscu.org\/es\/wp-json\/wp\/v2\/pages\/3401\/revisions\/16477"}],"wp:attachment":[{"href":"https:\/\/demo2.mybscu.org\/es\/wp-json\/wp\/v2\/media?parent=3401"}],"curies":[{"name":"wp","href":"https:\/\/api.w.org\/{rel}","templated":true}]}}