{"id":350,"date":"2016-08-18T15:40:30","date_gmt":"2016-08-18T15:40:30","guid":{"rendered":"http:\/\/192.185.79.221\/~bscu\/?page_id=350"},"modified":"2018-10-24T08:55:52","modified_gmt":"2018-10-24T13:55:52","slug":"phishing","status":"publish","type":"page","link":"https:\/\/demo2.mybscu.org\/es\/fraudcenter\/phishing\/","title":{"rendered":"Suplantaci\u00f3n de identidad"},"content":{"rendered":"<div data-parent=\"true\" class=\"vc_row row-container\" id=\"row-unique-0\"><div class=\"row limit-width row-parent\"><div class=\"wpb_row row-inner\"><div class=\"wpb_column pos-top pos-center align_left column_parent col-lg-12 single-internal-gutter\"><div class=\"uncol style-light\"  ><div class=\"uncoltable\"><div class=\"uncell  vc_custom_1469730998120 border-color-204383-color no-block-padding\" style=\"border-style: solid;border-bottom-width: 1px ;padding-bottom: 35px ;\" ><div class=\"uncont\" ><div class=\"vc_custom_heading_wrap\"><div class=\"heading-text el-text\" ><h1 class=\"h1\" ><span>Suplantaci\u00f3n de identidad<\/span><\/h1><\/div><div class=\"clear\"><\/div><\/div><\/div><\/div><\/div><\/div><\/div><script id=\"script-row-unique-0\" data-row=\"script-row-unique-0\" type=\"text\/javascript\" class=\"vc_controls\">UNCODE.initRow(document.getElementById(\"row-unique-0\"));<\/script><\/div><\/div><\/div><div data-parent=\"true\" class=\"vc_row vc_custom_1471534651872 row-container\" style=\"margin-bottom: 50px ;\" id=\"row-unique-1\"><div class=\"row limit-width row-parent\"><div class=\"wpb_row row-inner\"><div class=\"wpb_column pos-top pos-center align_left column_parent col-lg-8 single-internal-gutter\"><div class=\"uncol style-light\"  ><div class=\"uncoltable\"><div class=\"uncell no-block-padding\" ><div class=\"uncont\" ><div class=\"uncode_text_column vc_custom_1476818735256\"  style=\"margin-top: 40px ;margin-bottom: 40px ;\"><p><img decoding=\"async\" style=\"width: 100%;\" src=\"https:\/\/demo2.mybscu.org\/wp-content\/uploads\/2016\/07\/LargeImage_BSCU-Phishing.jpg\" \/><\/p>\n<\/div><div class=\"uncode_text_column vc_custom_1476818801382\"  style=\"margin-top: 25px ;margin-bottom: 25px ;\"><\/p>\n<p class=\"p1\"><span class=\"s1\">Muchas personas han sido enga\u00f1adas para revelar su informaci\u00f3n personal por ladrones que se hacen pasar por empresas leg\u00edtimas o agencias gubernamentales. Este nuevo tipo de delincuente env\u00eda correos electr\u00f3nicos o cartas que parecen provenir de su cooperativa de cr\u00e9dito u otras fuentes confiables, como la Administraci\u00f3n Nacional de Cooperativas de Cr\u00e9dito (NCUA). Los correos electr\u00f3nicos suelen enfatizar la urgencia de &quot;actualizar&quot; su informaci\u00f3n personal, como n\u00fameros de tarjetas de cr\u00e9dito, informaci\u00f3n de cuentas corrientes, n\u00fameros de Seguro Social, contrase\u00f1as, PIN, apellido de soltera de la madre y otra informaci\u00f3n confidencial. Los correos electr\u00f3nicos a menudo incluyen enlaces a sitios web fraudulentos para recopilar la informaci\u00f3n. Los mensajes y sitios web suelen estar disfrazados con logotipos de apariencia aut\u00e9ntica o gr\u00e1ficos familiares. Debido a la sofisticaci\u00f3n de la tecnolog\u00eda, muchos consumidores no se dan cuenta de que han sido v\u00edctimas hasta que es demasiado tarde. Los ladrones crean identidades completamente nuevas utilizando su informaci\u00f3n personal, dej\u00e1ndole a usted la responsabilidad.<\/span><\/p>\n<p class=\"p1\"><span class=\"s2\">BrightStar Credit Union nunca le enviar\u00e1 un correo electr\u00f3nico (ni una carta, ni le llamar\u00e1) solicit\u00e1ndole la informaci\u00f3n de su cuenta personal.<\/span><span class=\"s1\"> El \u00fanico lugar en l\u00ednea donde solicitamos esta informaci\u00f3n es en nuestro sitio web, <a href=\"https:\/\/demo2.mybscu.org\/es\/\"><span class=\"s3\">www.bscu.org<\/span><\/a>\u2014donde puedes acceder a tus cuentas de forma segura. As\u00ed que, si recibes un mensaje de &quot;phishing&quot; que intenta obtener la informaci\u00f3n de tu cuenta de la cooperativa de cr\u00e9dito, no caigas en la trampa. En su lugar, llama a la cooperativa de cr\u00e9dito para que te ayuden a protegerte.<\/span><\/p>\n<p>\n<\/div><div class=\"uncode_text_column vc_custom_1515012494235\"  style=\"margin-top: 20px ;\"><\/p>\n<h3>C\u00f3mo protegerse<\/h3>\n<p>Si bien las estafas de phishing son cada vez m\u00e1s frecuentes, existen medidas que puede tomar para evitar ser v\u00edctima de ellas:<\/p>\n<ul>\n<li>Cualquier correo electr\u00f3nico con solicitudes urgentes de informaci\u00f3n financiera personal deber\u00eda ser una se\u00f1al de alerta. Muchos correos de phishing incluyen un lenguaje que busca que reacciones de inmediato. Nunca ingreses tu informaci\u00f3n financiera personal en un formulario en l\u00ednea, una ventana emergente en tu computadora o en un correo electr\u00f3nico no solicitado, sin importar cu\u00e1n oficial parezca, a menos que tengas la certeza de que es aut\u00e9ntico.<\/li>\n<li>No utilice los enlaces de un correo electr\u00f3nico para acceder a ninguna p\u00e1gina web si sospecha que el mensaje no es aut\u00e9ntico. En su lugar, llame a la cooperativa de cr\u00e9dito (u otra empresa) por tel\u00e9fono o acceda directamente a su sitio web escribiendo la direcci\u00f3n web de la cooperativa de cr\u00e9dito en su navegador.<\/li>\n<li>No rellene formularios en correos electr\u00f3nicos. Comparta informaci\u00f3n como n\u00fameros de tarjeta de cr\u00e9dito o datos de cuenta \u00fanicamente a trav\u00e9s de un sitio web seguro o por tel\u00e9fono, y solo cuando usted inicie el contacto. Busque el icono del candado en la barra de estado del navegador y compruebe que la URL comience con \u201chttps\u201d en lugar de \u201chttp\u201d.<\/li>\n<li>Revise peri\u00f3dicamente sus extractos bancarios, de tarjeta de cr\u00e9dito y dem\u00e1s estados de cuenta para asegurarse de que todas las transacciones sean leg\u00edtimas. Si detecta alguna actividad sospechosa, comun\u00edquese con la cooperativa de cr\u00e9dito.<\/li>\n<li>Aseg\u00farese de que su navegador web est\u00e9 actualizado y de que se apliquen los parches de seguridad correspondientes. Tambi\u00e9n le recomendamos que instale y actualice el cortafuegos, el antivirus y el software antispyware en su ordenador. Cambie sus contrase\u00f1as con regularidad y revise todas sus cuentas en l\u00ednea en busca de actividad sospechosa.<\/li>\n<\/ul>\n<h3>Si has sido v\u00edctima de phishing<\/h3>\n<p>Si has compartido tu informaci\u00f3n personal con un ladr\u00f3n, existen medidas que puedes tomar para minimizar los da\u00f1os.<\/p>\n<ul>\n<li>Si ha compartido la informaci\u00f3n de su tarjeta de cr\u00e9dito, d\u00e9bito\/cajero autom\u00e1tico o cuenta corriente, comun\u00edquese con la cooperativa de cr\u00e9dito de inmediato. Aunque no haya habido actividad, es posible que deba cancelar la cuenta y abrir una nueva.<\/li>\n<li>Si los ladrones han accedido a su informaci\u00f3n personal, como su nombre, n\u00famero de Seguro Social, n\u00fameros de tarjetas de cr\u00e9dito, etc., denuncie el robo a las tres principales agencias de cr\u00e9dito y active una alerta de fraude en su expediente. Adem\u00e1s, notifique a su cooperativa de cr\u00e9dito, a la polic\u00eda local y a la Administraci\u00f3n del Seguro Social.<\/li>\n<\/ul>\n<h3>Recursos adicionales<\/h3>\n<p>Para obtener m\u00e1s informaci\u00f3n sobre c\u00f3mo protegerse del phishing y otras formas de fraude por internet o robo de identidad, visite los siguientes sitios web:<br \/>\n<a href=\"http:\/\/www.asmarterchoice.org\/\" target=\"_blank\" rel=\"noopener\">Una elecci\u00f3n m\u00e1s inteligente<\/a><br \/>\n<a href=\"http:\/\/www.fraud.org\/\" target=\"_blank\" rel=\"noopener\">Fraude.org<\/a><\/p>\n<\/div><\/div><\/div><\/div><\/div><\/div><div class=\"wpb_column pos-top pos-center align_left column_parent col-lg-4 single-internal-gutter\"><div class=\"uncol style-light\"  ><div class=\"uncoltable\"><div class=\"uncell no-block-padding\" ><div class=\"uncont\" ><div class=\"uncode_text_column text-lead\" ><\/p>\n<h4>Enlaces r\u00e1pidos<\/h4>\n<p>\n<\/div><div class=\"vc_wp_custommenu wpb_content_element sidebar-nav\"  data-id=\"1\"><div class=\"widget widget_nav_menu\"><div class=\"menu-sidebar-menu-container\"><ul id=\"menu-sidebar-menu\" class=\"menu\"><li id=\"menu-item-198\" class=\"menu-item menu-item-type-post_type menu-item-object-page menu-item-198\"><a href=\"https:\/\/demo2.mybscu.org\/es\/onlinebanking\/\"><i class=\"side-icon genericon genericon-next\"><\/i>Extractos electr\u00f3nicos de BrightStar<\/a><\/li>\n<li id=\"menu-item-6514\" class=\"menu-item menu-item-type-post_type menu-item-object-page menu-item-6514\"><a href=\"https:\/\/demo2.mybscu.org\/es\/courtesypay\/\"><i class=\"side-icon genericon genericon-next\"><\/i>Pago de cortes\u00eda<\/a><\/li>\n<li id=\"menu-item-459\" class=\"menu-item menu-item-type-post_type menu-item-object-page menu-item-459\"><a href=\"https:\/\/demo2.mybscu.org\/es\/directdeposit\/\"><i class=\"side-icon genericon genericon-next\"><\/i>Dep\u00f3sito directo<\/a><\/li>\n<li id=\"menu-item-197\" class=\"menu-item menu-item-type-post_type menu-item-object-page menu-item-197\"><a href=\"https:\/\/demo2.mybscu.org\/es\/moneydesktop\/\"><i class=\"side-icon genericon genericon-next\"><\/i>Dinero de escritorio<\/a><\/li>\n<li id=\"menu-item-458\" class=\"menu-item menu-item-type-post_type menu-item-object-page menu-item-458\"><a href=\"https:\/\/demo2.mybscu.org\/es\/onlinebanking\/\"><i class=\"side-icon genericon genericon-next\"><\/i>Banca en l\u00ednea y pago de facturas<\/a><\/li>\n<li id=\"menu-item-466\" class=\"menu-item menu-item-type-post_type menu-item-object-page menu-item-466\"><a href=\"https:\/\/demo2.mybscu.org\/es\/debitcard\/\"><i class=\"side-icon genericon genericon-next\"><\/i>Tarjeta de cheques Visa<\/a><\/li>\n<li id=\"menu-item-200\" class=\"menu-item menu-item-type-post_type menu-item-object-page menu-item-200\"><a href=\"https:\/\/demo2.mybscu.org\/es\/skipapay\/\"><i class=\"side-icon genericon genericon-next\"><\/i>Saltar un pago<\/a><\/li>\n<li id=\"menu-item-196\" class=\"menu-item menu-item-type-post_type menu-item-object-page menu-item-196\"><a href=\"https:\/\/demo2.mybscu.org\/es\/mobilebanking\/\"><i class=\"side-icon genericon genericon-next\"><\/i>Aplicaciones para tel\u00e9fonos inteligentes<\/a><\/li>\n<\/ul><\/div><\/div><\/div><div class=\"uncode_text_column text-lead\" ><\/p>\n<h4>Preguntas frecuentes<\/h4>\n<p>\n<\/div><div class=\"uncode-accordion wpb_accordion wpb_content_element  sign-size-rg w-border\" data-collapsible=\"no\" data-target=\"\" data-active-tab=\"0\" >\n\t\t<div class=\"panel-group wpb_wrapper wpb_accordion_wrapper\" id=\"accordion_2062289246\" role=\"tablist\" aria-multiselectable=\"true\" data-no-toggle=\"\">\n\n<div class=\"panel panel-default wpb_accordion_section group\"><div class=\"panel-heading wpb_accordion_header ui-accordion-header\" role=\"tab\"><p class=\"panel-title font-weight- text-   icon-size-rg\"><a data-toggle=\"collapse\" data-parent=\"#accordion_2062289246\" href=\"#how-do-i-join-brightstar-cu-427998\"><span>\u00bfC\u00f3mo me uno a BrightStar CU?<\/span><\/a><\/p><\/div><div id=\"how-do-i-join-brightstar-cu-427998\" class=\"panel-collapse collapse\" role=\"tabpanel\"><div class=\"panel-body wpb_accordion_content ui-accordion-content half-internal-gutter single-block-padding\">\n\t\t\t\t\t\t<div class=\"uncode_text_column\" ><p>Cuando abre una cuenta de BrightStar CU, se convierte en miembro. Su membres\u00eda es su pasaporte a todo un mundo de servicios de cooperativas de cr\u00e9dito. \u00danase por tan solo $1. Una vez que sea miembro, podr\u00e1 solicitar otras cuentas, incluidas cuentas corrientes, pr\u00e9stamos, tarjetas de cr\u00e9dito y m\u00e1s. Ofrecemos 3 formas convenientes de unirse:<\/p>\n<ul>\n<li>Presentar una solicitud en l\u00ednea<\/li>\n<li>Complete una solicitud PDF en l\u00ednea y luego env\u00edela por correo<\/li>\n<li>Visite la sucursal BrightStar CU m\u00e1s cercana<\/li>\n<\/ul>\n<p>\n<\/div><\/div><\/div><\/div><div class=\"panel panel-default wpb_accordion_section group\"><div class=\"panel-heading wpb_accordion_header ui-accordion-header\" role=\"tab\"><p class=\"panel-title font-weight- text-   icon-size-rg\"><a data-toggle=\"collapse\" data-parent=\"#accordion_2062289246\" href=\"#who-is-eligible-to-join-698783\"><span>\u00bfQui\u00e9n es elegible para unirse?<\/span><\/a><\/p><\/div><div id=\"who-is-eligible-to-join-698783\" class=\"panel-collapse collapse\" role=\"tabpanel\"><div class=\"panel-body wpb_accordion_content ui-accordion-content half-internal-gutter single-block-padding\">\n\t\t\t\t\t\t<div class=\"uncode_text_column\" ><\/p>\n<p class=\"p1\"><span class=\"s1\">Cualquier persona que viva, trabaje o estudie en los condados de Broward, Collier, Lee, Martin, Miami-Dade, Palm Beach o St. Lucie, Pinellas, Hillsborough, Polk, Osceola, Brevard, Manatee, Hardee, Highlands, Okeechobee, Indian River, Sarasota, DeSoto, Charlotte, Glades, Hendry y Monroe, Florida. BrightStar CU presta servicios a las escuelas de Broward, como lo hemos hecho con orgullo durante m\u00e1s de 70 a\u00f1os. Ofrecemos servicios a organizaciones asociadas locales, las cuales ofrecen BrightStar CU como beneficio para sus empleados. Los familiares de los miembros de las organizaciones mencionadas tambi\u00e9n pueden unirse.<\/span><\/p>\n<p>\n<\/div><\/div><\/div><\/div>\n\t\t<\/div><\/div><\/div><\/div><\/div><\/div><\/div><script id=\"script-row-unique-1\" data-row=\"script-row-unique-1\" type=\"text\/javascript\" class=\"vc_controls\">UNCODE.initRow(document.getElementById(\"row-unique-1\"));<\/script><\/div><\/div><\/div>","protected":false},"excerpt":{"rendered":"Phishing Many people have been tricked into divulging their personal information by thieves posing as legitimate companies or government agencies. [...]","protected":false},"author":8,"featured_media":0,"parent":369,"menu_order":2,"comment_status":"closed","ping_status":"closed","template":"","meta":{"footnotes":""},"class_list":["post-350","page","type-page","status-publish","hentry"],"_links":{"self":[{"href":"https:\/\/demo2.mybscu.org\/es\/wp-json\/wp\/v2\/pages\/350","targetHints":{"allow":["GET"]}}],"collection":[{"href":"https:\/\/demo2.mybscu.org\/es\/wp-json\/wp\/v2\/pages"}],"about":[{"href":"https:\/\/demo2.mybscu.org\/es\/wp-json\/wp\/v2\/types\/page"}],"author":[{"embeddable":true,"href":"https:\/\/demo2.mybscu.org\/es\/wp-json\/wp\/v2\/users\/8"}],"replies":[{"embeddable":true,"href":"https:\/\/demo2.mybscu.org\/es\/wp-json\/wp\/v2\/comments?post=350"}],"version-history":[{"count":0,"href":"https:\/\/demo2.mybscu.org\/es\/wp-json\/wp\/v2\/pages\/350\/revisions"}],"up":[{"embeddable":true,"href":"https:\/\/demo2.mybscu.org\/es\/wp-json\/wp\/v2\/pages\/369"}],"wp:attachment":[{"href":"https:\/\/demo2.mybscu.org\/es\/wp-json\/wp\/v2\/media?parent=350"}],"curies":[{"name":"wp","href":"https:\/\/api.w.org\/{rel}","templated":true}]}}