{"id":354,"date":"2016-08-18T17:38:49","date_gmt":"2016-08-18T17:38:49","guid":{"rendered":"http:\/\/192.185.79.221\/~bscu\/?page_id=354"},"modified":"2018-10-24T08:57:40","modified_gmt":"2018-10-24T13:57:40","slug":"conducting-transactions-online","status":"publish","type":"page","link":"https:\/\/demo2.mybscu.org\/es\/fraudcenter\/conducting-transactions-online\/","title":{"rendered":"Realizar transacciones en l\u00ednea"},"content":{"rendered":"<div data-parent=\"true\" class=\"vc_row row-container\" id=\"row-unique-0\"><div class=\"row limit-width row-parent\"><div class=\"wpb_row row-inner\"><div class=\"wpb_column pos-top pos-center align_left column_parent col-lg-12 single-internal-gutter\"><div class=\"uncol style-light\"  ><div class=\"uncoltable\"><div class=\"uncell  vc_custom_1469730998120 border-color-204383-color no-block-padding\" style=\"border-style: solid;border-bottom-width: 1px ;padding-bottom: 35px ;\" ><div class=\"uncont\" ><div class=\"vc_custom_heading_wrap\"><div class=\"heading-text el-text\" ><h1 class=\"h1\" ><span>Realizar transacciones en l\u00ednea<\/span><\/h1><\/div><div class=\"clear\"><\/div><\/div><\/div><\/div><\/div><\/div><\/div><script id=\"script-row-unique-0\" data-row=\"script-row-unique-0\" type=\"text\/javascript\" class=\"vc_controls\">UNCODE.initRow(document.getElementById(\"row-unique-0\"));<\/script><\/div><\/div><\/div><div data-parent=\"true\" class=\"vc_row vc_custom_1477322901283 row-container\" style=\"margin-bottom: 50px ;\" id=\"row-unique-1\"><div class=\"row limit-width row-parent\"><div class=\"wpb_row row-inner\"><div class=\"wpb_column pos-top pos-center align_left column_parent col-lg-8 single-internal-gutter\"><div class=\"uncol style-light\"  ><div class=\"uncoltable\"><div class=\"uncell no-block-padding\" ><div class=\"uncont\" ><div class=\"uncode_text_column vc_custom_1469730754575\"  style=\"margin-top: 40px ;margin-bottom: 40px ;\"><p><img decoding=\"async\" style=\"width: 100%;\" src=\"https:\/\/demo2.mybscu.org\/wp-content\/uploads\/2016\/07\/LargeImage_BSCU-ConductingTransactionsOnline.jpg\" \/><\/p>\n<\/div><div class=\"uncode_text_column vc_custom_1497369857836\"  style=\"margin-top: 75px ;margin-bottom: 75px ;\"><p>A medida que el uso de internet se expande a nivel mundial, las instituciones financieras mejoran la comunicaci\u00f3n con los consumidores a trav\u00e9s de la web para ofrecer productos y servicios. Esta nueva tecnolog\u00eda y la comodidad de la banca en l\u00ednea conllevan amenazas y estafas. Seg\u00fan una nueva encuesta publicada por CUNA, el n\u00famero de incidentes de fraude de identidad aument\u00f3 en 2011, alcanzando un total de 11,6 millones de v\u00edctimas adultas.<\/p>\n<p>BrightStar desea que sus miembros tomen decisiones seguras al realizar operaciones bancarias en l\u00ednea, lo que implica elegir bien para evitar problemas. Para proteger su informaci\u00f3n en l\u00ednea, tenga en cuenta las siguientes recomendaciones:<\/p>\n<ol>\n<li>Para su seguridad, BrightStar Credit Union nunca le enviar\u00e1 correos electr\u00f3nicos, le llamar\u00e1 ni le solicitar\u00e1 de ninguna otra forma su nombre de usuario, contrase\u00f1a u otras credenciales de banca electr\u00f3nica. Si tiene dudas sobre el origen de alg\u00fan mensaje, p\u00f3ngase en contacto con nosotros antes de responder.<\/li>\n<li>Elige una contrase\u00f1a segura y f\u00e1cil de recordar. Se recomienda que incluya una combinaci\u00f3n de letras min\u00fasculas, may\u00fasculas y n\u00fameros. No uses fechas de nacimiento, apellidos ni otra informaci\u00f3n f\u00e1cilmente accesible.<\/li>\n<li>Cambiar tu contrase\u00f1a peri\u00f3dicamente puede ayudarte a protegerte.<\/li>\n<li>No compartas tus contrase\u00f1as ni tu n\u00famero de miembro con nadie. Guarda este tipo de informaci\u00f3n en un lugar seguro.<\/li>\n<li>Se recomienda instalar un sistema de seguridad en el ordenador que vaya a utilizar para realizar operaciones bancarias en l\u00ednea.<\/li>\n<li>Cierra siempre la sesi\u00f3n de tu banca online despu\u00e9s de realizar cualquier transacci\u00f3n. (Hacer clic en la \u201cx\u201d no cierra la sesi\u00f3n).<\/li>\n<li>Supervise siempre la actividad de su cuenta.<\/li>\n<\/ol>\n<p>Los miembros con cuenta empresarial deben auditar peri\u00f3dicamente todas sus cuentas. Asimismo, deben ser conscientes del riesgo potencial asociado a las transacciones en l\u00ednea de su empresa.<\/p>\n<ol>\n<li>Aseg\u00farese de guardar las contrase\u00f1as en un lugar seguro y protegido, y no dejarlas a la vista de todos.<\/li>\n<li>Aseg\u00farese de que las contrase\u00f1as sean nuevas y c\u00e1mbielas peri\u00f3dicamente, aproximadamente cada 90 d\u00edas.<\/li>\n<li>Proteja su negocio de la posibilidad de robos o fraudes internos.<\/li>\n<li>En cuanto se rescinde el contrato de un empleado, tambi\u00e9n deber\u00edan rescindirse sus derechos en l\u00ednea.<\/li>\n<li>Contar con un control dual sobre el acceso individual a las funcionalidades de transacciones en l\u00ednea ayuda a proteger a la empresa.<\/li>\n<\/ol>\n<h3>Controles de evaluaci\u00f3n sugeridos que su organizaci\u00f3n puede utilizar:<\/h3>\n<ol>\n<li>Instala cortafuegos para proteger tu sistema contra ataques inform\u00e1ticos.<\/li>\n<li>Realice auditor\u00edas peri\u00f3dicas dentro de su organizaci\u00f3n, utilizando una empresa externa.<\/li>\n<li>Realizar verificaciones de antecedentes a todos los empleados.<\/li>\n<\/ol>\n<p>Si detecta alguna actividad sospechosa en su cuenta, debe comunicarse con nosotros de inmediato al 954-486-BSCU (2728) o al n\u00famero gratuito 800.637.BSCU (2728).<\/p>\n<p>Las regulaciones federales brindan a los consumidores cierta protecci\u00f3n para las transferencias electr\u00f3nicas de fondos. Estas regulaciones generalmente se aplican a las cuentas con acceso a Internet. Dichas leyes describen los pasos que debe seguir para proteger sus activos financieros en caso de que ocurra un error. Debe actuar con rapidez para beneficiarse de estas protecciones. Notifique a BrightStar Credit Union de inmediato si cree que su informaci\u00f3n ha sido robada o comprometida. Asimismo, revise la actividad de su cuenta peri\u00f3dicamente e informe cualquier error o transacci\u00f3n no autorizada. Consulte la informaci\u00f3n sobre cuentas que se le proporcion\u00f3 al abrir su cuenta para obtener m\u00e1s detalles sobre este tipo de protecciones. Esta informaci\u00f3n tambi\u00e9n est\u00e1 disponible en l\u00ednea o llamando a BrightStar Credit Union.<\/p>\n<p>Para ver nuestro aviso de privacidad y divulgaciones de la cuenta, <a href=\"https:\/\/demo2.mybscu.org\/es\/fraud-center\/protect-your-personal-information\/\"><strong>haga clic aqu\u00ed<\/strong><\/a> \u00bb<\/p>\n<p>Para obtener m\u00e1s informaci\u00f3n en nuestro Centro de Fraude en l\u00ednea, <a href=\"https:\/\/demo2.mybscu.org\/es\/fraudcenter\/\"><strong>haga clic aqu\u00ed<\/strong><\/a> \u00bb<\/p>\n<p>Para explorar temas financieros y mejorar sus habilidades con el dinero, visite <a href=\"https:\/\/demo2.mybscu.org\/es\/brightstaru\/\"><strong>Universidad BrightStar<\/strong><\/a> \u00bb<\/p>\n<\/div><\/div><\/div><\/div><\/div><\/div><div class=\"wpb_column pos-top pos-center align_left column_parent col-lg-4 single-internal-gutter\"><div class=\"uncol style-light\"  ><div class=\"uncoltable\"><div class=\"uncell no-block-padding\" ><div class=\"uncont\" ><div class=\"uncode_text_column text-lead\" ><\/p>\n<h4>Enlaces r\u00e1pidos<\/h4>\n<p>\n<\/div><div class=\"vc_wp_custommenu wpb_content_element sidebar-nav\"  data-id=\"1\"><div class=\"widget widget_nav_menu\"><div class=\"menu-sidebar-menu-container\"><ul id=\"menu-sidebar-menu\" class=\"menu\"><li id=\"menu-item-198\" class=\"menu-item menu-item-type-post_type menu-item-object-page menu-item-198\"><a href=\"https:\/\/demo2.mybscu.org\/es\/onlinebanking\/\"><i class=\"side-icon genericon genericon-next\"><\/i>Extractos electr\u00f3nicos de BrightStar<\/a><\/li>\n<li id=\"menu-item-6514\" class=\"menu-item menu-item-type-post_type menu-item-object-page menu-item-6514\"><a href=\"https:\/\/demo2.mybscu.org\/es\/courtesypay\/\"><i class=\"side-icon genericon genericon-next\"><\/i>Pago de cortes\u00eda<\/a><\/li>\n<li id=\"menu-item-459\" class=\"menu-item menu-item-type-post_type menu-item-object-page menu-item-459\"><a href=\"https:\/\/demo2.mybscu.org\/es\/directdeposit\/\"><i class=\"side-icon genericon genericon-next\"><\/i>Dep\u00f3sito directo<\/a><\/li>\n<li id=\"menu-item-197\" class=\"menu-item menu-item-type-post_type menu-item-object-page menu-item-197\"><a href=\"https:\/\/demo2.mybscu.org\/es\/moneydesktop\/\"><i class=\"side-icon genericon genericon-next\"><\/i>Dinero de escritorio<\/a><\/li>\n<li id=\"menu-item-458\" class=\"menu-item menu-item-type-post_type menu-item-object-page menu-item-458\"><a href=\"https:\/\/demo2.mybscu.org\/es\/onlinebanking\/\"><i class=\"side-icon genericon genericon-next\"><\/i>Banca en l\u00ednea y pago de facturas<\/a><\/li>\n<li id=\"menu-item-466\" class=\"menu-item menu-item-type-post_type menu-item-object-page menu-item-466\"><a href=\"https:\/\/demo2.mybscu.org\/es\/debitcard\/\"><i class=\"side-icon genericon genericon-next\"><\/i>Tarjeta de cheques Visa<\/a><\/li>\n<li id=\"menu-item-200\" class=\"menu-item menu-item-type-post_type menu-item-object-page menu-item-200\"><a href=\"https:\/\/demo2.mybscu.org\/es\/skipapay\/\"><i class=\"side-icon genericon genericon-next\"><\/i>Saltar un pago<\/a><\/li>\n<li id=\"menu-item-196\" class=\"menu-item menu-item-type-post_type menu-item-object-page menu-item-196\"><a href=\"https:\/\/demo2.mybscu.org\/es\/mobilebanking\/\"><i class=\"side-icon genericon genericon-next\"><\/i>Aplicaciones para tel\u00e9fonos inteligentes<\/a><\/li>\n<\/ul><\/div><\/div><\/div><div class=\"uncode_text_column text-lead\" ><\/p>\n<h4>Preguntas frecuentes<\/h4>\n<p>\n<\/div><div class=\"uncode-accordion wpb_accordion wpb_content_element  sign-size-rg w-border\" data-collapsible=\"no\" data-target=\"\" data-active-tab=\"0\" >\n\t\t<div class=\"panel-group wpb_wrapper wpb_accordion_wrapper\" id=\"accordion_1073904302\" role=\"tablist\" aria-multiselectable=\"true\" data-no-toggle=\"\">\n\n<div class=\"panel panel-default wpb_accordion_section group\"><div class=\"panel-heading wpb_accordion_header ui-accordion-header\" role=\"tab\"><p class=\"panel-title font-weight- text-   icon-size-rg\"><a data-toggle=\"collapse\" data-parent=\"#accordion_1073904302\" href=\"#how-do-i-join-brightstar-cu-177270\"><span>\u00bfC\u00f3mo me uno a BrightStar CU?<\/span><\/a><\/p><\/div><div id=\"how-do-i-join-brightstar-cu-177270\" class=\"panel-collapse collapse\" role=\"tabpanel\"><div class=\"panel-body wpb_accordion_content ui-accordion-content half-internal-gutter single-block-padding\">\n\t\t\t\t\t\t<div class=\"uncode_text_column\" ><p>Cuando abre una cuenta de BrightStar CU, se convierte en miembro. Su membres\u00eda es su pasaporte a todo un mundo de servicios de cooperativas de cr\u00e9dito. \u00danase por tan solo $1. Una vez que sea miembro, podr\u00e1 solicitar otras cuentas, incluidas cuentas corrientes, pr\u00e9stamos, tarjetas de cr\u00e9dito y m\u00e1s. Ofrecemos 3 formas convenientes de unirse:<\/p>\n<ul>\n<li>Presentar una solicitud en l\u00ednea<\/li>\n<li>Complete una solicitud PDF en l\u00ednea y luego env\u00edela por correo<\/li>\n<li>Visite la sucursal BrightStar CU m\u00e1s cercana<\/li>\n<\/ul>\n<p>\n<\/div><\/div><\/div><\/div><div class=\"panel panel-default wpb_accordion_section group\"><div class=\"panel-heading wpb_accordion_header ui-accordion-header\" role=\"tab\"><p class=\"panel-title font-weight- text-   icon-size-rg\"><a data-toggle=\"collapse\" data-parent=\"#accordion_1073904302\" href=\"#who-is-eligible-to-join-117173\"><span>\u00bfQui\u00e9n es elegible para unirse?<\/span><\/a><\/p><\/div><div id=\"who-is-eligible-to-join-117173\" class=\"panel-collapse collapse\" role=\"tabpanel\"><div class=\"panel-body wpb_accordion_content ui-accordion-content half-internal-gutter single-block-padding\">\n\t\t\t\t\t\t<div class=\"uncode_text_column\" ><\/p>\n<p class=\"p1\"><span class=\"s1\">Cualquier persona que viva, trabaje o estudie en los condados de Broward, Collier, Lee, Martin, Miami-Dade, Palm Beach o St. Lucie, Pinellas, Hillsborough, Polk, Osceola, Brevard, Manatee, Hardee, Highlands, Okeechobee, Indian River, Sarasota, DeSoto, Charlotte, Glades, Hendry y Monroe, Florida. BrightStar CU presta servicios a las escuelas de Broward, como lo hemos hecho con orgullo durante m\u00e1s de 70 a\u00f1os. Ofrecemos servicios a organizaciones asociadas locales, las cuales ofrecen BrightStar CU como beneficio para sus empleados. Los familiares de los miembros de las organizaciones mencionadas tambi\u00e9n pueden unirse.<\/span><\/p>\n<p>\n<\/div><\/div><\/div><\/div>\n\t\t<\/div><\/div><\/div><\/div><\/div><\/div><\/div><script id=\"script-row-unique-1\" data-row=\"script-row-unique-1\" type=\"text\/javascript\" class=\"vc_controls\">UNCODE.initRow(document.getElementById(\"row-unique-1\"));<\/script><\/div><\/div><\/div>","protected":false},"excerpt":{"rendered":"Conducting Transactions Online As internet usage continues to expand worldwide, financial institutions are enhancing communications with consumers using the Web [...]","protected":false},"author":8,"featured_media":0,"parent":369,"menu_order":5,"comment_status":"closed","ping_status":"closed","template":"","meta":{"footnotes":""},"class_list":["post-354","page","type-page","status-publish","hentry"],"_links":{"self":[{"href":"https:\/\/demo2.mybscu.org\/es\/wp-json\/wp\/v2\/pages\/354","targetHints":{"allow":["GET"]}}],"collection":[{"href":"https:\/\/demo2.mybscu.org\/es\/wp-json\/wp\/v2\/pages"}],"about":[{"href":"https:\/\/demo2.mybscu.org\/es\/wp-json\/wp\/v2\/types\/page"}],"author":[{"embeddable":true,"href":"https:\/\/demo2.mybscu.org\/es\/wp-json\/wp\/v2\/users\/8"}],"replies":[{"embeddable":true,"href":"https:\/\/demo2.mybscu.org\/es\/wp-json\/wp\/v2\/comments?post=354"}],"version-history":[{"count":0,"href":"https:\/\/demo2.mybscu.org\/es\/wp-json\/wp\/v2\/pages\/354\/revisions"}],"up":[{"embeddable":true,"href":"https:\/\/demo2.mybscu.org\/es\/wp-json\/wp\/v2\/pages\/369"}],"wp:attachment":[{"href":"https:\/\/demo2.mybscu.org\/es\/wp-json\/wp\/v2\/media?parent=354"}],"curies":[{"name":"wp","href":"https:\/\/api.w.org\/{rel}","templated":true}]}}