{"id":357,"date":"2016-08-18T18:09:24","date_gmt":"2016-08-18T18:09:24","guid":{"rendered":"http:\/\/192.185.79.221\/~bscu\/?page_id=357"},"modified":"2018-10-24T08:56:14","modified_gmt":"2018-10-24T13:56:14","slug":"protect-your-personal-information","status":"publish","type":"page","link":"https:\/\/demo2.mybscu.org\/es\/fraudcenter\/protect-your-personal-information\/","title":{"rendered":"Proteja su informaci\u00f3n personal"},"content":{"rendered":"<div data-parent=\"true\" class=\"vc_row row-container\" id=\"row-unique-0\"><div class=\"row limit-width row-parent\"><div class=\"wpb_row row-inner\"><div class=\"wpb_column pos-top pos-center align_left column_parent col-lg-12 single-internal-gutter\"><div class=\"uncol style-light\"  ><div class=\"uncoltable\"><div class=\"uncell  vc_custom_1469730998120 border-color-204383-color no-block-padding\" style=\"border-style: solid;border-bottom-width: 1px ;padding-bottom: 35px ;\" ><div class=\"uncont\" ><div class=\"vc_custom_heading_wrap\"><div class=\"heading-text el-text\" ><h1 class=\"h1\" ><span>Proteja su informaci\u00f3n personal en l\u00ednea<\/span><\/h1><\/div><div class=\"clear\"><\/div><\/div><\/div><\/div><\/div><\/div><\/div><script id=\"script-row-unique-0\" data-row=\"script-row-unique-0\" type=\"text\/javascript\" class=\"vc_controls\">UNCODE.initRow(document.getElementById(\"row-unique-0\"));<\/script><\/div><\/div><\/div><div data-parent=\"true\" class=\"vc_row vc_custom_1471543644398 row-container\" style=\"margin-bottom: 50px ;\" id=\"row-unique-1\"><div class=\"row limit-width row-parent\"><div class=\"wpb_row row-inner\"><div class=\"wpb_column pos-top pos-center align_left column_parent col-lg-8 single-internal-gutter\"><div class=\"uncol style-light\"  ><div class=\"uncoltable\"><div class=\"uncell no-block-padding\" ><div class=\"uncont\" ><div class=\"uncode_text_column vc_custom_1469730754575\"  style=\"margin-top: 40px ;margin-bottom: 40px ;\"><p><img decoding=\"async\" style=\"width: 100%;\" src=\"https:\/\/demo2.mybscu.org\/wp-content\/uploads\/2016\/07\/LargeImage_BSCU-ProtectYourPersonalInformation.jpg\" \/><\/p>\n<\/div><div class=\"uncode_text_column vc_custom_1471543606885\"  style=\"margin-top: 20px ;\"><\/p>\n<h2>Qu\u00e9 debe hacer para ayudar a proteger su informaci\u00f3n personal en l\u00ednea<\/h2>\n<p>Las nuevas tecnolog\u00edas nos han simplificado la vida. Tambi\u00e9n han creado nuevas oportunidades para el fraude y el robo de identidad. La buena noticia es que puedes protegerte de estos delitos que podr\u00edan robarte tu dinero, tu calificaci\u00f3n crediticia e incluso tu identidad. Al comprender estos temas y trabajar con empresas de confianza que respetan tu privacidad y seguridad, puedes disfrutar de seguridad financiera y tranquilidad.<\/p>\n<p>Si es miembro de BrightStar CU y cree que ha sido v\u00edctima de fraude o robo de identidad, comun\u00edquese con nosotros de inmediato para obtener ayuda.<\/p>\n<p>Para obtener ayuda adicional:<br \/>\nComun\u00edquese con la Comisi\u00f3n Federal de Comercio para obtener m\u00e1s informaci\u00f3n sobre c\u00f3mo completar una Declaraci\u00f3n Jurada de Robo de Identidad. Puede visitarla en l\u00ednea en: http:\/\/www.consumer.gov\/idtheft<br \/>\nContacte a los departamentos de fraude de las tres principales agencias de cr\u00e9dito para activar una alerta de fraude en su historial crediticio. Ll\u00e1melos o vis\u00edtelos en l\u00ednea.<\/p>\n<p>Equifax \u00bb 1-800-525-6285<br \/>\nTransUni\u00f3n \u00bb 1-800-680-7289<br \/>\nExperian \u00bb 1-888-397-3742<\/p>\n<h3>Tome estas medidas para ayudar a protegerse:<\/h3>\n<ul>\n<li>Tenga cuidado al revelar su informaci\u00f3n personal. Aseg\u00farese de saber con qui\u00e9n est\u00e1 tratando al compartirla. BrightStar CU no le llamar\u00e1 ni le enviar\u00e1 correos electr\u00f3nicos para solicitarle que verifique la informaci\u00f3n que ya tenemos en nuestros registros.<\/li>\n<li>Revise y concilie todos sus estados de cuenta con prontitud. Reporte cualquier discrepancia de inmediato. Guarde los estados de cuenta antiguos en un lugar seguro.<\/li>\n<li>Reporte inmediatamente los cheques perdidos o robados. Guarde los cheques no utilizados o cancelados en un lugar seguro.<\/li>\n<li>Revise su correo. Si no ha recibido correo en varios d\u00edas, podr\u00eda ser v\u00edctima de un fraude de desv\u00edo de correo. Si sospecha que su direcci\u00f3n ha sido cambiada sin su permiso, comun\u00edquese con la oficina de correos. Si no ha recibido sus facturas habituales como esperaba, llame a la compa\u00f1\u00eda para averiguar el motivo.<\/li>\n<li>No lleve consigo en su billetera informaci\u00f3n confidencial, como sus tarjetas de Seguro Social o las de sus hijos, a menos que sea necesario.<\/li>\n<li>Destruye cualquier oferta preaprobada a la que no respondas.<\/li>\n<li>Notif\u00edquenos si ha recibido llamadas sospechosas preguntando sobre la informaci\u00f3n de su cuenta BrightStar CU.<\/li>\n<li>Revise su informe crediticio al menos una vez al a\u00f1o. Puede obtener una copia a trav\u00e9s de nuestro sitio web.<\/li>\n<\/ul>\n<h3>Seguridad de tarjetas de cr\u00e9dito, d\u00e9bito y cajeros autom\u00e1ticos<\/h3>\n<ul>\n<li>Cuando reciba una nueva tarjeta, firme el panel de firma inmediatamente.<\/li>\n<li>Destruye las cartas viejas cort\u00e1ndolas.<\/li>\n<li>Guarde todas las tarjetas duplicadas en un lugar seguro.<\/li>\n<li>Proteja sus N\u00fameros de Identificaci\u00f3n Personal (PIN). Nunca escriba su PIN en su tarjeta ni lo guarde en el mismo lugar que esta.<\/li>\n<li>Reporte inmediatamente las tarjetas perdidas o robadas.<\/li>\n<li>Al realizar compras, aseg\u00farese de que le devuelvan su tarjeta y de que la que le devuelvan sea realmente suya. No compre con tarjeta de cr\u00e9dito sin llevar el recibo. Rompa cualquier copia del recibo.<\/li>\n<li>Compare sus recibos con sus estados de cuenta. Reporte inmediatamente cualquier discrepancia, como transacciones no autorizadas o duplicadas. Una vez conciliados sus estados de cuenta, destr\u00fayalos si ya no los necesita. Guarde los estados de cuenta y los recibos de forma segura.<\/li>\n<li>No olvides llevar tambi\u00e9n los recibos del cajero autom\u00e1tico. Registra la transacci\u00f3n o guarda el recibo para conciliarlo con tu estado de cuenta.<\/li>\n<li>No deje sus tarjetas, billetera ni bolso desatendidos. Revise peri\u00f3dicamente que tenga todas sus tarjetas.<\/li>\n<li>No prestes tu tarjeta a otras personas.<\/li>\n<li>Tenga cuidado al dar su n\u00famero de tarjeta por tel\u00e9fono.<\/li>\n<li>Mantenga una lista en un lugar seguro de los n\u00fameros de sus tarjetas con n\u00fameros de tel\u00e9fono para llamar en caso de p\u00e9rdida o robo.<\/li>\n<\/ul>\n<p>\n<\/div><div class=\"uncode_text_column vc_custom_1487001622979\"  style=\"margin-top: 20px ;\"><\/div><\/div><\/div><\/div><\/div><\/div><div class=\"wpb_column pos-top pos-center align_left column_parent col-lg-4 single-internal-gutter\"><div class=\"uncol style-light\"  ><div class=\"uncoltable\"><div class=\"uncell no-block-padding\" ><div class=\"uncont\" ><div class=\"uncode_text_column text-lead\" ><\/p>\n<h4>Enlaces r\u00e1pidos<\/h4>\n<p>\n<\/div><div class=\"vc_wp_custommenu wpb_content_element sidebar-nav\"  data-id=\"1\"><div class=\"widget widget_nav_menu\"><div class=\"menu-sidebar-menu-container\"><ul id=\"menu-sidebar-menu\" class=\"menu\"><li id=\"menu-item-198\" class=\"menu-item menu-item-type-post_type menu-item-object-page menu-item-198\"><a href=\"https:\/\/demo2.mybscu.org\/es\/onlinebanking\/\"><i class=\"side-icon genericon genericon-next\"><\/i>Extractos electr\u00f3nicos de BrightStar<\/a><\/li>\n<li id=\"menu-item-6514\" class=\"menu-item menu-item-type-post_type menu-item-object-page menu-item-6514\"><a href=\"https:\/\/demo2.mybscu.org\/es\/courtesypay\/\"><i class=\"side-icon genericon genericon-next\"><\/i>Pago de cortes\u00eda<\/a><\/li>\n<li id=\"menu-item-459\" class=\"menu-item menu-item-type-post_type menu-item-object-page menu-item-459\"><a href=\"https:\/\/demo2.mybscu.org\/es\/directdeposit\/\"><i class=\"side-icon genericon genericon-next\"><\/i>Dep\u00f3sito directo<\/a><\/li>\n<li id=\"menu-item-197\" class=\"menu-item menu-item-type-post_type menu-item-object-page menu-item-197\"><a href=\"https:\/\/demo2.mybscu.org\/es\/moneydesktop\/\"><i class=\"side-icon genericon genericon-next\"><\/i>Dinero de escritorio<\/a><\/li>\n<li id=\"menu-item-458\" class=\"menu-item menu-item-type-post_type menu-item-object-page menu-item-458\"><a href=\"https:\/\/demo2.mybscu.org\/es\/onlinebanking\/\"><i class=\"side-icon genericon genericon-next\"><\/i>Banca en l\u00ednea y pago de facturas<\/a><\/li>\n<li id=\"menu-item-466\" class=\"menu-item menu-item-type-post_type menu-item-object-page menu-item-466\"><a href=\"https:\/\/demo2.mybscu.org\/es\/debitcard\/\"><i class=\"side-icon genericon genericon-next\"><\/i>Tarjeta de cheques Visa<\/a><\/li>\n<li id=\"menu-item-200\" class=\"menu-item menu-item-type-post_type menu-item-object-page menu-item-200\"><a href=\"https:\/\/demo2.mybscu.org\/es\/skipapay\/\"><i class=\"side-icon genericon genericon-next\"><\/i>Saltar un pago<\/a><\/li>\n<li id=\"menu-item-196\" class=\"menu-item menu-item-type-post_type menu-item-object-page menu-item-196\"><a href=\"https:\/\/demo2.mybscu.org\/es\/mobilebanking\/\"><i class=\"side-icon genericon genericon-next\"><\/i>Aplicaciones para tel\u00e9fonos inteligentes<\/a><\/li>\n<\/ul><\/div><\/div><\/div><div class=\"uncode_text_column text-lead\" ><\/p>\n<h4>Preguntas frecuentes<\/h4>\n<p>\n<\/div><div class=\"uncode-accordion wpb_accordion wpb_content_element  sign-size-rg w-border\" data-collapsible=\"no\" data-target=\"\" data-active-tab=\"0\" >\n\t\t<div class=\"panel-group wpb_wrapper wpb_accordion_wrapper\" id=\"accordion_79186219\" role=\"tablist\" aria-multiselectable=\"true\" data-no-toggle=\"\">\n\n<div class=\"panel panel-default wpb_accordion_section group\"><div class=\"panel-heading wpb_accordion_header ui-accordion-header\" role=\"tab\"><p class=\"panel-title font-weight- text-   icon-size-rg\"><a data-toggle=\"collapse\" data-parent=\"#accordion_79186219\" href=\"#how-do-i-join-brightstar-cu-726429\"><span>\u00bfC\u00f3mo me uno a BrightStar CU?<\/span><\/a><\/p><\/div><div id=\"how-do-i-join-brightstar-cu-726429\" class=\"panel-collapse collapse\" role=\"tabpanel\"><div class=\"panel-body wpb_accordion_content ui-accordion-content half-internal-gutter single-block-padding\">\n\t\t\t\t\t\t<div class=\"uncode_text_column\" ><p>Cuando abre una cuenta de BrightStar CU, se convierte en miembro. Su membres\u00eda es su pasaporte a todo un mundo de servicios de cooperativas de cr\u00e9dito. \u00danase por tan solo $1. Una vez que sea miembro, podr\u00e1 solicitar otras cuentas, incluidas cuentas corrientes, pr\u00e9stamos, tarjetas de cr\u00e9dito y m\u00e1s. Ofrecemos 3 formas convenientes de unirse:<\/p>\n<ul>\n<li>Presentar una solicitud en l\u00ednea<\/li>\n<li>Complete una solicitud PDF en l\u00ednea y luego env\u00edela por correo<\/li>\n<li>Visite la sucursal BrightStar CU m\u00e1s cercana<\/li>\n<\/ul>\n<p>\n<\/div><\/div><\/div><\/div><div class=\"panel panel-default wpb_accordion_section group\"><div class=\"panel-heading wpb_accordion_header ui-accordion-header\" role=\"tab\"><p class=\"panel-title font-weight- text-   icon-size-rg\"><a data-toggle=\"collapse\" data-parent=\"#accordion_79186219\" href=\"#who-is-eligible-to-join-528188\"><span>\u00bfQui\u00e9n es elegible para unirse?<\/span><\/a><\/p><\/div><div id=\"who-is-eligible-to-join-528188\" class=\"panel-collapse collapse\" role=\"tabpanel\"><div class=\"panel-body wpb_accordion_content ui-accordion-content half-internal-gutter single-block-padding\">\n\t\t\t\t\t\t<div class=\"uncode_text_column\" ><\/p>\n<p class=\"p1\"><span class=\"s1\">Cualquier persona que viva, trabaje o estudie en los condados de Broward, Collier, Lee, Martin, Miami-Dade, Palm Beach o St. Lucie, Pinellas, Hillsborough, Polk, Osceola, Brevard, Manatee, Hardee, Highlands, Okeechobee, Indian River, Sarasota, DeSoto, Charlotte, Glades, Hendry y Monroe, Florida. BrightStar CU presta servicios a las escuelas de Broward, como lo hemos hecho con orgullo durante m\u00e1s de 70 a\u00f1os. Ofrecemos servicios a organizaciones asociadas locales, las cuales ofrecen BrightStar CU como beneficio para sus empleados. Los familiares de los miembros de las organizaciones mencionadas tambi\u00e9n pueden unirse.<\/span><\/p>\n<p>\n<\/div><\/div><\/div><\/div>\n\t\t<\/div><\/div><\/div><\/div><\/div><\/div><\/div><script id=\"script-row-unique-1\" data-row=\"script-row-unique-1\" type=\"text\/javascript\" class=\"vc_controls\">UNCODE.initRow(document.getElementById(\"row-unique-1\"));<\/script><\/div><\/div><\/div>","protected":false},"excerpt":{"rendered":"Protect Your Personal Information Online What You Should Do to Help Protect Your Personal Information Online New technology has helped [...]","protected":false},"author":8,"featured_media":0,"parent":369,"menu_order":3,"comment_status":"closed","ping_status":"closed","template":"","meta":{"footnotes":""},"class_list":["post-357","page","type-page","status-publish","hentry"],"_links":{"self":[{"href":"https:\/\/demo2.mybscu.org\/es\/wp-json\/wp\/v2\/pages\/357","targetHints":{"allow":["GET"]}}],"collection":[{"href":"https:\/\/demo2.mybscu.org\/es\/wp-json\/wp\/v2\/pages"}],"about":[{"href":"https:\/\/demo2.mybscu.org\/es\/wp-json\/wp\/v2\/types\/page"}],"author":[{"embeddable":true,"href":"https:\/\/demo2.mybscu.org\/es\/wp-json\/wp\/v2\/users\/8"}],"replies":[{"embeddable":true,"href":"https:\/\/demo2.mybscu.org\/es\/wp-json\/wp\/v2\/comments?post=357"}],"version-history":[{"count":1,"href":"https:\/\/demo2.mybscu.org\/es\/wp-json\/wp\/v2\/pages\/357\/revisions"}],"predecessor-version":[{"id":15781,"href":"https:\/\/demo2.mybscu.org\/es\/wp-json\/wp\/v2\/pages\/357\/revisions\/15781"}],"up":[{"embeddable":true,"href":"https:\/\/demo2.mybscu.org\/es\/wp-json\/wp\/v2\/pages\/369"}],"wp:attachment":[{"href":"https:\/\/demo2.mybscu.org\/es\/wp-json\/wp\/v2\/media?parent=357"}],"curies":[{"name":"wp","href":"https:\/\/api.w.org\/{rel}","templated":true}]}}