{"id":389,"date":"2016-08-19T16:44:55","date_gmt":"2016-08-19T16:44:55","guid":{"rendered":"http:\/\/192.185.79.221\/~bscu\/?page_id=389"},"modified":"2021-03-01T17:10:53","modified_gmt":"2021-03-01T22:10:53","slug":"disclosures","status":"publish","type":"page","link":"https:\/\/demo2.mybscu.org\/es\/disclosures\/","title":{"rendered":"Divulgaci\u00f3n de la cuenta"},"content":{"rendered":"<div data-parent=\"true\" class=\"vc_row row-container\" id=\"row-unique-0\"><div class=\"row limit-width row-parent\"><div class=\"wpb_row row-inner\"><div class=\"wpb_column pos-top pos-center align_left column_parent col-lg-12 single-internal-gutter\"><div class=\"uncol style-light\"  ><div class=\"uncoltable\"><div class=\"uncell  vc_custom_1469730998120 border-color-204383-color no-block-padding\" style=\"border-style: solid;border-bottom-width: 1px ;padding-bottom: 35px ;\" ><div class=\"uncont\" ><div class=\"vc_custom_heading_wrap\"><div class=\"heading-text el-text\" ><h1 class=\"h1\" ><span>Informaci\u00f3n sobre la cuenta, t\u00e9rminos y condiciones<\/span><\/h1><\/div><div class=\"clear\"><\/div><\/div><\/div><\/div><\/div><\/div><\/div><script id=\"script-row-unique-0\" data-row=\"script-row-unique-0\" type=\"text\/javascript\" class=\"vc_controls\">UNCODE.initRow(document.getElementById(\"row-unique-0\"));<\/script><\/div><\/div><\/div><div data-parent=\"true\" class=\"vc_row vc_custom_1471625305678 row-container\" style=\"margin-bottom: 50px ;\" id=\"row-unique-1\"><div class=\"row limit-width row-parent\"><div class=\"wpb_row row-inner\"><div class=\"wpb_column pos-top pos-center align_left column_parent col-lg-8 single-internal-gutter\"><div class=\"uncol style-light\"  ><div class=\"uncoltable\"><div class=\"uncell no-block-padding\" ><div class=\"uncont\" ><div class=\"uncode_text_column vc_custom_1469730754575\"  style=\"margin-top: 40px ;margin-bottom: 40px ;\"><p><img decoding=\"async\" style=\"width: 100%;\" src=\"https:\/\/demo2.mybscu.org\/wp-content\/uploads\/2016\/07\/LargeImage_BSCU-AccountDisclosures.jpg\" \/><\/p>\n<\/div><div class=\"uncode_text_column vc_custom_1471623719650\"  style=\"margin-top: 75px ;margin-bottom: 75px ;\"><p>A continuaci\u00f3n se detallan las divulgaciones de cuenta de BrightStar Credit Union. Para leer o imprimir las divulgaciones, simplemente haga clic en el enlace para abrir el documento PDF.<\/p>\n<p>Para ver e imprimir algunas de estas divulgaciones se requiere Adobe Reader. <a href=\"https:\/\/get.adobe.com\/reader\/\">Obt\u00e9n Adobe Reader<\/a>.<\/p>\n<\/div><div class=\"vc_row row-internal row-container\"><div class=\"row unequal row-child\"><div class=\"wpb_row row-inner\"><div class=\"wpb_column pos-top pos-center align_left column_child col-lg-8 single-internal-gutter\"><div class=\"uncol style-light\" ><div class=\"uncoltable\"><div class=\"uncell no-block-padding\" ><div class=\"uncont\" ><div class=\"uncode_text_column\" ><\/p>\n<h5>Tabla de tarifas para el consumidor<\/h5>\n<p>\n<\/div><\/div><\/div><\/div><\/div><\/div><div class=\"wpb_column pos-top pos-center align_left column_child col-lg-4 single-internal-gutter\"><div class=\"uncol style-light\" ><div class=\"uncoltable\"><div class=\"uncell no-block-padding\" ><div class=\"uncont\" ><span class=\"btn-container btn-inline\" ><a href=\"https:\/\/demo2.mybscu.org\/es\/pdf\/Schedule-of-Fees-Consumer.pdf\/\" class=\"custom-link btn border-width-0 btn-color-310791 btn-top-margin btn-icon-left\" target=\"_blank\">Ver ahora<\/a><\/span><\/div><\/div><\/div><\/div><\/div><\/div><\/div><\/div><div class=\"vc_row row-internal row-container\"><div class=\"row unequal row-child\"><div class=\"wpb_row row-inner\"><div class=\"wpb_column pos-top pos-center align_left column_child col-lg-8 single-internal-gutter\"><div class=\"uncol style-light\" ><div class=\"uncoltable\"><div class=\"uncell no-block-padding\" ><div class=\"uncont\" ><div class=\"uncode_text_column\" ><\/p>\n<h5>Acuerdo de l\u00ednea de cr\u00e9dito de tarjeta de cr\u00e9dito y declaraci\u00f3n informativa<\/h5>\n<p>\n<\/div><\/div><\/div><\/div><\/div><\/div><div class=\"wpb_column pos-top pos-center align_left column_child col-lg-4 single-internal-gutter\"><div class=\"uncol style-light\" ><div class=\"uncoltable\"><div class=\"uncell no-block-padding\" ><div class=\"uncont\" ><span class=\"btn-container btn-inline\" ><a href=\"https:\/\/demo2.mybscu.org\/es\/pdf\/Credit-Card-Line-of-Agreement-and-Disclosure-Statement.pdf\/\" class=\"custom-link btn border-width-0 btn-color-310791 btn-top-margin btn-icon-left\" target=\"_blank\">Ver ahora<\/a><\/span><\/div><\/div><\/div><\/div><\/div><\/div><\/div><\/div><div class=\"vc_row row-internal row-container\"><div class=\"row row-child\"><div class=\"wpb_row row-inner\"><div class=\"wpb_column pos-top pos-center align_left column_child col-lg-8 single-internal-gutter\"><div class=\"uncol style-light\" ><div class=\"uncoltable\"><div class=\"uncell no-block-padding\" ><div class=\"uncont\" ><div class=\"uncode_text_column\" ><\/p>\n<h5>Aviso de privacidad de BrightStar Credit Union<\/h5>\n<p>\n<\/div><\/div><\/div><\/div><\/div><\/div><div class=\"wpb_column pos-top pos-center align_left column_child col-lg-4 single-internal-gutter\"><div class=\"uncol style-light\" ><div class=\"uncoltable\"><div class=\"uncell no-block-padding\" ><div class=\"uncont\" ><span class=\"btn-container btn-inline\" ><a href=\"https:\/\/demo2.mybscu.org\/es\/pdf\/PrivacyNotice.pdf\/\" class=\"custom-link btn border-width-0 btn-color-310791 btn-top-margin btn-icon-left\" target=\"_blank\">Ver ahora<\/a><\/span><\/div><\/div><\/div><\/div><\/div><\/div><\/div><\/div><div class=\"vc_row row-internal row-container\"><div class=\"row row-child\"><div class=\"wpb_row row-inner\"><div class=\"wpb_column pos-top pos-center align_left column_child col-lg-8 single-internal-gutter\"><div class=\"uncol style-light\" ><div class=\"uncoltable\"><div class=\"uncell no-block-padding\" ><div class=\"uncont\" ><div class=\"uncode_text_column\" ><\/p>\n<h5>Tarifas comerciales<\/h5>\n<p>\n<\/div><\/div><\/div><\/div><\/div><\/div><div class=\"wpb_column pos-top pos-center align_left column_child col-lg-4 single-internal-gutter\"><div class=\"uncol style-light\" ><div class=\"uncoltable\"><div class=\"uncell no-block-padding\" ><div class=\"uncont\" ><span class=\"btn-container btn-inline\" ><a href=\"https:\/\/demo2.mybscu.org\/es\/pdf\/Schedule-of-Fees-Business.pdf\/\" class=\"custom-link btn border-width-0 btn-color-310791 btn-top-margin btn-icon-left\" target=\"_blank\">Ver ahora<\/a><\/span><\/div><\/div><\/div><\/div><\/div><\/div><\/div><\/div><div class=\"vc_row row-internal row-container\"><div class=\"row row-child\"><div class=\"wpb_row row-inner\"><div class=\"wpb_column pos-top pos-center align_left column_child col-lg-8 single-internal-gutter\"><div class=\"uncol style-light\" ><div class=\"uncoltable\"><div class=\"uncell no-block-padding\" ><div class=\"uncont\" ><div class=\"uncode_text_column\" ><\/p>\n<h5>Listado de originadores de pr\u00e9stamos hipotecarios<\/h5>\n<p>\n<\/div><\/div><\/div><\/div><\/div><\/div><div class=\"wpb_column pos-top pos-center align_left column_child col-lg-4 single-internal-gutter\"><div class=\"uncol style-light\" ><div class=\"uncoltable\"><div class=\"uncell no-block-padding\" ><div class=\"uncont\" ><span class=\"btn-container btn-inline\" ><a href=\"https:\/\/demo2.mybscu.org\/es\/about\/national-mortgage-licensing-system-registry-nmls\/\" class=\"custom-link btn border-width-0 btn-color-310791 btn-top-margin btn-icon-left\">Ver ahora<\/a><\/span><\/div><\/div><\/div><\/div><\/div><\/div><\/div><\/div><div class=\"vc_row row-internal row-container\"><div class=\"row row-child\"><div class=\"wpb_row row-inner\"><div class=\"wpb_column pos-top pos-center align_left column_child col-lg-8 single-internal-gutter\"><div class=\"uncol style-light\" ><div class=\"uncoltable\"><div class=\"uncell no-block-padding\" ><div class=\"uncont\" ><div class=\"uncode_text_column\" ><\/p>\n<h5>Realice sus transacciones en l\u00ednea<\/h5>\n<p>\n<\/div><\/div><\/div><\/div><\/div><\/div><div class=\"wpb_column pos-top pos-center align_left column_child col-lg-4 single-internal-gutter\"><div class=\"uncol style-light\" ><div class=\"uncoltable\"><div class=\"uncell no-block-padding\" ><div class=\"uncont\" ><span class=\"btn-container btn-inline\" ><a href=\"https:\/\/demo2.mybscu.org\/es\/fraud-center\/conducting-transactions-online\/\" class=\"custom-link btn border-width-0 btn-color-310791 btn-top-margin btn-icon-left\">Ver ahora<\/a><\/span><\/div><\/div><\/div><\/div><\/div><\/div><\/div><\/div><div class=\"vc_row row-internal row-container\"><div class=\"row row-child\"><div class=\"wpb_row row-inner\"><div class=\"wpb_column pos-top pos-center align_left column_child col-lg-8 single-internal-gutter\"><div class=\"uncol style-light\" ><div class=\"uncoltable\"><div class=\"uncell no-block-padding\" ><div class=\"uncont\" ><div class=\"uncode_text_column\" ><\/p>\n<h5>Acuerdo de servicio de dep\u00f3sito m\u00f3vil<\/h5>\n<p>\n<\/div><\/div><\/div><\/div><\/div><\/div><div class=\"wpb_column pos-top pos-center align_left column_child col-lg-4 single-internal-gutter\"><div class=\"uncol style-light\" ><div class=\"uncoltable\"><div class=\"uncell no-block-padding\" ><div class=\"uncont\" ><span class=\"btn-container btn-inline\" ><a href=\"https:\/\/demo2.mybscu.org\/es\/pdf\/Mobile%20Check%20Deposit%20Service%20Agreement.pdf\/\" class=\"custom-link btn border-width-0 btn-color-310791 btn-top-margin btn-icon-left\" target=\"_blank\">Ver ahora<\/a><\/span><\/div><\/div><\/div><\/div><\/div><\/div><\/div><\/div><div class=\"vc_row row-internal row-container\"><div class=\"row row-child\"><div class=\"wpb_row row-inner\"><div class=\"wpb_column pos-top pos-center align_left column_child col-lg-8 single-internal-gutter\"><div class=\"uncol style-light\" ><div class=\"uncoltable\"><div class=\"uncell no-block-padding\" ><div class=\"uncont\" ><div class=\"uncode_text_column\" ><\/p>\n<h5>Informaci\u00f3n sobre la tarjeta de cr\u00e9dito de recompensas para educadores<\/h5>\n<p>\n<\/div><\/div><\/div><\/div><\/div><\/div><div class=\"wpb_column pos-top pos-center align_left column_child col-lg-4 single-internal-gutter\"><div class=\"uncol style-light\" ><div class=\"uncoltable\"><div class=\"uncell no-block-padding\" ><div class=\"uncont\" ><span class=\"btn-container btn-inline\" ><a href=\"https:\/\/demo2.mybscu.org\/es\/pdf\/Educator's-Rewards-Credit-Card-Disclosure.pdf\/\" class=\"custom-link btn border-width-0 btn-color-310791 btn-top-margin btn-icon-left\" target=\"_blank\">Ver ahora<\/a><\/span><\/div><\/div><\/div><\/div><\/div><\/div><\/div><\/div><div class=\"vc_row row-internal row-container\"><div class=\"row row-child\"><div class=\"wpb_row row-inner\"><div class=\"wpb_column pos-top pos-center align_left column_child col-lg-8 single-internal-gutter\"><div class=\"uncol style-light\" ><div class=\"uncoltable\"><div class=\"uncell no-block-padding\" ><div class=\"uncont\" ><div class=\"uncode_text_column\" ><\/p>\n<h5>Contrato de tarjeta de cr\u00e9dito Business Elite Rewards<\/h5>\n<p>\n<\/div><\/div><\/div><\/div><\/div><\/div><div class=\"wpb_column pos-top pos-center align_left column_child col-lg-4 single-internal-gutter\"><div class=\"uncol style-light\" ><div class=\"uncoltable\"><div class=\"uncell no-block-padding\" ><div class=\"uncont\" ><span class=\"btn-container btn-inline\" ><a href=\"https:\/\/demo2.mybscu.org\/es\/pdf\/Business-Elite-Rewards-Credit-Card-Agreement.pdf\/\" class=\"custom-link btn border-width-0 btn-color-310791 btn-top-margin btn-icon-left\" target=\"_blank\">Ver ahora<\/a><\/span><\/div><\/div><\/div><\/div><\/div><\/div><\/div><\/div><div class=\"uncode_text_column vc_custom_1591997322949\"  style=\"margin-top: 20px ;\"><p>La informaci\u00f3n divulgada est\u00e1 sujeta a cambios en cualquier momento.<\/p>\n<h5>INFORMACI\u00d3N IMPORTANTE SOBRE LOS PROCEDIMIENTOS PARA ABRIR UNA NUEVA CUENTA<\/h5>\n<p>La Ley Patriota de EE. UU. ha permitido a las instituciones financieras prevenir el fraude, el robo de identidad y la propagaci\u00f3n del terrorismo. Esta ley exige que las instituciones financieras obtengan m\u00e1s informaci\u00f3n de las personas f\u00edsicas o jur\u00eddicas para verificar su identidad. Su cooperaci\u00f3n es necesaria al abrir una cuenta nueva o solicitar un pr\u00e9stamo. Es posible que se le hagan preguntas adicionales para establecer y confirmar su identidad. Tambi\u00e9n podr\u00eda solicitarle que proporcione uno o m\u00e1s de los siguientes documentos de identificaci\u00f3n: licencia de conducir, pasaporte y pa\u00eds de emisi\u00f3n, n\u00famero de identificaci\u00f3n fiscal estadounidense, tarjeta de identificaci\u00f3n de extranjero o cualquier otro documento emitido por el gobierno que acredite su nacionalidad o residencia.<\/p>\n<h2>T\u00e9rminos y condiciones<\/h2>\n<p>\u00a9 2004-2007 BrightStar Credit Union. Todos los derechos reservados. Toda la informaci\u00f3n contenida en el sitio web de BrightStar CU o disponible a trav\u00e9s de \u00e9l est\u00e1 protegida por las leyes de derechos de autor de los Estados Unidos de Am\u00e9rica y otros pa\u00edses. Salvo que se indique lo contrario, queda prohibido copiar, mostrar, distribuir, republicar o crear obras derivadas de dicha informaci\u00f3n en cualquier formato.<\/p>\n<h5>Uso permitido<\/h5>\n<p>Por la presente, se autoriza a cualquier persona a consultar la informaci\u00f3n disponible en el sitio web de BrightStar CU \u00fanicamente con fines informativos y a imprimir p\u00e1ginas de este sitio web \u00fanicamente con fines informativos.<\/p>\n<h5>Enlaces de terceros<\/h5>\n<p>Los enlaces a sitios web de terceros se proporcionan para su comodidad. Dichos sitios no est\u00e1n bajo nuestro control y es posible que no cumplan con los mismos est\u00e1ndares de privacidad o seguridad que los nuestros. El tercero es responsable del contenido y la disponibilidad de sus sitios, socios o anunciantes.<\/p>\n<h5><\/h5>\n<p>\n<\/div><div class=\"uncode_text_column vc_custom_1496244608743\"  style=\"margin-top: 20px ;\"><p><strong>Exclusi\u00f3n de garant\u00edas<\/strong><\/p>\n<p class=\"disclaimer\">La informaci\u00f3n contenida en el sitio web de BrightStar CU o a la que se acceda a trav\u00e9s de \u00e9l se proporciona \u00abtal cual\u00bb sin garant\u00eda de ning\u00fan tipo, ya sea expresa o impl\u00edcita. Asimismo, no se garantiza que el funcionamiento del sitio web de BrightStar CU est\u00e9 libre de errores, virus o interrupciones. Este sitio web podr\u00eda contener imprecisiones t\u00e9cnicas o errores tipogr\u00e1ficos. La informaci\u00f3n aqu\u00ed contenida puede modificarse peri\u00f3dicamente. BrightStar CU no ofrece garant\u00eda alguna con respecto al contenido de este sitio, los productos que se enumeran aqu\u00ed ni la integridad o exactitud de la informaci\u00f3n. Para todos los productos y servicios descritos en este sitio web, pueden aplicarse condiciones, aprobaci\u00f3n de cr\u00e9dito y otros requisitos. Toda la informaci\u00f3n, incluidas las tasas, los cargos y dem\u00e1s condiciones, est\u00e1 sujeta a cambios en cualquier momento. Todas las ofertas realizadas en este sitio web est\u00e1n sujetas a cambios o finalizaci\u00f3n sin previo aviso. Para obtener informaci\u00f3n completa, consulte con un representante. Para obtener informaci\u00f3n sobre privacidad y seguridad, visite la secci\u00f3n Privacidad y seguridad.<\/p>\n<\/div><\/div><\/div><\/div><\/div><\/div><div class=\"wpb_column pos-top pos-center align_left column_parent col-lg-4 single-internal-gutter\"><div class=\"uncol style-light\"  ><div class=\"uncoltable\"><div class=\"uncell no-block-padding\" ><div class=\"uncont\" ><div class=\"uncode_text_column text-lead\" ><\/p>\n<h4>Enlaces r\u00e1pidos<\/h4>\n<p>\n<\/div><div class=\"vc_wp_custommenu wpb_content_element sidebar-nav\"  data-id=\"1\"><div class=\"widget widget_nav_menu\"><div class=\"menu-sidebar-menu-container\"><ul id=\"menu-sidebar-menu\" class=\"menu\"><li id=\"menu-item-198\" class=\"menu-item menu-item-type-post_type menu-item-object-page menu-item-198\"><a href=\"https:\/\/demo2.mybscu.org\/es\/onlinebanking\/\"><i class=\"side-icon genericon genericon-next\"><\/i>Extractos electr\u00f3nicos de BrightStar<\/a><\/li>\n<li id=\"menu-item-6514\" class=\"menu-item menu-item-type-post_type menu-item-object-page menu-item-6514\"><a href=\"https:\/\/demo2.mybscu.org\/es\/courtesypay\/\"><i class=\"side-icon genericon genericon-next\"><\/i>Pago de cortes\u00eda<\/a><\/li>\n<li id=\"menu-item-459\" class=\"menu-item menu-item-type-post_type menu-item-object-page menu-item-459\"><a href=\"https:\/\/demo2.mybscu.org\/es\/directdeposit\/\"><i class=\"side-icon genericon genericon-next\"><\/i>Dep\u00f3sito directo<\/a><\/li>\n<li id=\"menu-item-197\" class=\"menu-item menu-item-type-post_type menu-item-object-page menu-item-197\"><a href=\"https:\/\/demo2.mybscu.org\/es\/moneydesktop\/\"><i class=\"side-icon genericon genericon-next\"><\/i>Dinero de escritorio<\/a><\/li>\n<li id=\"menu-item-458\" class=\"menu-item menu-item-type-post_type menu-item-object-page menu-item-458\"><a href=\"https:\/\/demo2.mybscu.org\/es\/onlinebanking\/\"><i class=\"side-icon genericon genericon-next\"><\/i>Banca en l\u00ednea y pago de facturas<\/a><\/li>\n<li id=\"menu-item-466\" class=\"menu-item menu-item-type-post_type menu-item-object-page menu-item-466\"><a href=\"https:\/\/demo2.mybscu.org\/es\/debitcard\/\"><i class=\"side-icon genericon genericon-next\"><\/i>Tarjeta de cheques Visa<\/a><\/li>\n<li id=\"menu-item-200\" class=\"menu-item menu-item-type-post_type menu-item-object-page menu-item-200\"><a href=\"https:\/\/demo2.mybscu.org\/es\/skipapay\/\"><i class=\"side-icon genericon genericon-next\"><\/i>Saltar un pago<\/a><\/li>\n<li id=\"menu-item-196\" class=\"menu-item menu-item-type-post_type menu-item-object-page menu-item-196\"><a href=\"https:\/\/demo2.mybscu.org\/es\/mobilebanking\/\"><i class=\"side-icon genericon genericon-next\"><\/i>Aplicaciones para tel\u00e9fonos inteligentes<\/a><\/li>\n<\/ul><\/div><\/div><\/div><div class=\"uncode_text_column text-lead\" ><\/p>\n<h4>Preguntas frecuentes<\/h4>\n<p>\n<\/div><div class=\"uncode-accordion wpb_accordion wpb_content_element  sign-size-rg w-border\" data-collapsible=\"no\" data-target=\"\" data-active-tab=\"0\" >\n\t\t<div class=\"panel-group wpb_wrapper wpb_accordion_wrapper\" id=\"accordion_367407187\" role=\"tablist\" aria-multiselectable=\"true\" data-no-toggle=\"\">\n\n<div class=\"panel panel-default wpb_accordion_section group\"><div class=\"panel-heading wpb_accordion_header ui-accordion-header\" role=\"tab\"><p class=\"panel-title font-weight- text-   icon-size-rg\"><a data-toggle=\"collapse\" data-parent=\"#accordion_367407187\" href=\"#4b4c5e98-addd-7\"><span>\u00bfC\u00f3mo me uno a BrightStar CU?<\/span><\/a><\/p><\/div><div id=\"4b4c5e98-addd-7\" class=\"panel-collapse collapse\" role=\"tabpanel\"><div class=\"panel-body wpb_accordion_content ui-accordion-content half-internal-gutter single-block-padding\">\n\t\t\t\t\t\t<div class=\"uncode_text_column\" ><p>Cuando abre una cuenta de BrightStar CU, se convierte en miembro. Su membres\u00eda es su pasaporte a todo un mundo de servicios de cooperativas de cr\u00e9dito. \u00danase por tan solo $1. Una vez que sea miembro, podr\u00e1 solicitar otras cuentas, incluidas cuentas corrientes, pr\u00e9stamos, tarjetas de cr\u00e9dito y m\u00e1s. Ofrecemos 3 formas convenientes de unirse:<\/p>\n<ul>\n<li>Presentar una solicitud en l\u00ednea<\/li>\n<li>Complete una solicitud PDF en l\u00ednea y luego env\u00edela por correo<\/li>\n<li>Visite la sucursal BrightStar CU m\u00e1s cercana<\/li>\n<\/ul>\n<p>\n<\/div><\/div><\/div><\/div><div class=\"panel panel-default wpb_accordion_section group\"><div class=\"panel-heading wpb_accordion_header ui-accordion-header\" role=\"tab\"><p class=\"panel-title font-weight- text-   icon-size-rg\"><a data-toggle=\"collapse\" data-parent=\"#accordion_367407187\" href=\"#a2995c9a-4e0d-2\"><span>\u00bfQui\u00e9n es elegible para unirse?<\/span><\/a><\/p><\/div><div id=\"a2995c9a-4e0d-2\" class=\"panel-collapse collapse\" role=\"tabpanel\"><div class=\"panel-body wpb_accordion_content ui-accordion-content half-internal-gutter single-block-padding\">\n\t\t\t\t\t\t<div class=\"uncode_text_column\" ><\/p>\n<p class=\"p1\"><span class=\"s1\">Cualquier persona que viva, trabaje o estudie en los condados de Broward, Collier, Lee, Martin, Miami-Dade, Palm Beach o St. Lucie, Pinellas, Hillsborough, Polk, Osceola, Brevard, Manatee, Hardee, Highlands, Okeechobee, Indian River, Sarasota, DeSoto, Charlotte, Glades, Hendry y Monroe, Florida. BrightStar CU presta servicios a las escuelas de Broward, como lo hemos hecho con orgullo durante m\u00e1s de 70 a\u00f1os. Ofrecemos servicios a organizaciones asociadas locales, las cuales ofrecen BrightStar CU como beneficio para sus empleados. Los familiares de los miembros de las organizaciones mencionadas tambi\u00e9n pueden unirse.<\/span><\/p>\n<p>\n<\/div><\/div><\/div><\/div>\n\t\t<\/div><\/div><\/div><\/div><\/div><\/div><\/div><script id=\"script-row-unique-1\" data-row=\"script-row-unique-1\" type=\"text\/javascript\" class=\"vc_controls\">UNCODE.initRow(document.getElementById(\"row-unique-1\"));<\/script><\/div><\/div><\/div>","protected":false},"excerpt":{"rendered":"Account Disclosures, Terms &amp; Conditions Listed Below are BrightStar Credit Union&#8217;s account disclosures. To read or print the disclosures, simply [...]","protected":false},"author":8,"featured_media":0,"parent":0,"menu_order":3,"comment_status":"closed","ping_status":"closed","template":"","meta":{"footnotes":""},"class_list":["post-389","page","type-page","status-publish","hentry"],"_links":{"self":[{"href":"https:\/\/demo2.mybscu.org\/es\/wp-json\/wp\/v2\/pages\/389","targetHints":{"allow":["GET"]}}],"collection":[{"href":"https:\/\/demo2.mybscu.org\/es\/wp-json\/wp\/v2\/pages"}],"about":[{"href":"https:\/\/demo2.mybscu.org\/es\/wp-json\/wp\/v2\/types\/page"}],"author":[{"embeddable":true,"href":"https:\/\/demo2.mybscu.org\/es\/wp-json\/wp\/v2\/users\/8"}],"replies":[{"embeddable":true,"href":"https:\/\/demo2.mybscu.org\/es\/wp-json\/wp\/v2\/comments?post=389"}],"version-history":[{"count":0,"href":"https:\/\/demo2.mybscu.org\/es\/wp-json\/wp\/v2\/pages\/389\/revisions"}],"wp:attachment":[{"href":"https:\/\/demo2.mybscu.org\/es\/wp-json\/wp\/v2\/media?parent=389"}],"curies":[{"name":"wp","href":"https:\/\/api.w.org\/{rel}","templated":true}]}}