{"id":3968,"date":"2017-07-19T15:42:55","date_gmt":"2017-07-19T15:42:55","guid":{"rendered":"https:\/\/demo2.mybscu.org\/?page_id=3968"},"modified":"2025-03-12T18:40:06","modified_gmt":"2025-03-12T22:40:06","slug":"welove","status":"publish","type":"page","link":"https:\/\/demo2.mybscu.org\/es\/welove\/","title":{"rendered":"Nos encantan las escuelas de Broward"},"content":{"rendered":"<section data-parent=\"true\" class=\"vc_section style-color-xsdn-bg row-container with-parallax\" id=\"section-unique-0\"><div class=\"row-background background-element\">\n\t\t\t\t\t\t\t\t\t\t\t<div class=\"background-wrapper\">\n\t\t\t\t\t\t\t\t\t\t\t\t<div class=\"background-inner\" style=\"background-image: url(https:\/\/demo2.mybscu.org\/wp-content\/uploads\/2024\/02\/educatorccbg.jpg);background-repeat: no-repeat;background-position: center top;background-size: cover;\"><\/div>\n\t\t\t\t\t\t\t\t\t\t\t\t\n\t\t\t\t\t\t\t\t\t\t\t<\/div>\n\t\t\t\t\t\t\t\t\t\t<\/div><div class=\"row no-top-padding no-bottom-padding no-h-padding full-width row-parent\"><div data-parent=\"true\" class=\"vc_row vc_custom_1741819201890 row-container\" style=\"padding-top: 100px ;padding-bottom: 100px ;\" id=\"row-unique-0\"><div class=\"row unequal limit-width row-parent\" data-height-ratio=\"25\" data-minheight=\"150\"><div class=\"wpb_row row-inner\"><div class=\"wpb_column pos-middle pos-left align_left align_left_tablet align_left_mobile column_parent col-lg-6 col-sm-100 no-internal-gutter\"><div class=\"uncol style-light\"  ><div class=\"uncoltable\"><div class=\"uncell  vc_custom_1726001197850 no-block-padding\" style=\"padding-top: 20px ;padding-bottom: 20px ;\" ><div class=\"uncont\" ><div class=\"vc_custom_heading_wrap\"><div class=\"heading-text el-text\" ><h2 class=\"h2 font-weight-600 text-color-xsdn-color\" ><span>Nos encantan las escuelas de Broward<\/span><\/h2><\/div><div class=\"clear\"><\/div><\/div><div class=\"uncode_text_column\" ><p><span style=\"color: #ffffff;\">Con ra\u00edces en la educaci\u00f3n, dedicados a su \u00e9xito financiero.<\/span><\/p>\n<\/div><div class=\"empty-space empty-single\" ><span class=\"empty-space-inner\"><\/span><\/div>\n<span class=\"btn-container\" ><a href=\"https:\/\/www.bscu.org\/forms\/membership-app\/?utm_source=bscu.org&utm_campaign=membership&campaign_date=ongoing&campaign_code=WeLoveBrowardSchools&utm_medium=button&bscu_staff=Mike\" class=\"custom-link btn border-width-0 btn-accent btn-round btn-shadow btn-icon-left\" title=\"El enlace se abrir\u00e1 en una nueva pesta\u00f1a.\" target=\"_blank\" onclick=\"amplitude.getInstance().logEvent(&#039;Free Checking App - Free Checking Landing Page&#039;);\"><i class=\"fa fa-wpforms\"><\/i>Abrir cuenta<\/a><\/span><\/div><\/div><\/div><\/div><\/div><div class=\"wpb_column pos-middle pos-center align_left column_parent col-lg-6 col-sm-clear single-internal-gutter\"><div class=\"uncol style-light\"  ><div class=\"uncoltable\"><div class=\"uncell no-block-padding\" ><div class=\"uncont\" ><\/div><\/div><\/div><\/div><\/div><script id=\"script-row-unique-0\" data-row=\"script-row-unique-0\" type=\"text\/javascript\" class=\"vc_controls\">UNCODE.initRow(document.getElementById(\"row-unique-0\"));<\/script><\/div><\/div><\/div><script id=\"script-section-unique-0\" data-section=\"script-section-unique-0\" type=\"text\/javascript\">UNCODE.initSection(document.getElementById(\"section-unique-0\"));<\/script><\/div><\/section><div data-parent=\"true\" class=\"vc_row style-color-xsdn-bg vc_custom_1705519142580 row-container onepage-section\" data-label=\"features\" data-name=\"features\" style=\"padding-top: 20px ;padding-bottom: 20px ;\" id=\"row-unique-1\"><div class=\"row limit-width row-parent\"><div class=\"wpb_row row-inner\"><div class=\"wpb_column pos-middle pos-center align_left column_parent col-lg-12 single-internal-gutter\"><div class=\"uncol style-light\"  ><div class=\"uncoltable\"><div class=\"uncell  vc_custom_1731446545288 no-block-padding\" style=\"padding-top: 20px ;\" ><div class=\"uncont\" ><div class=\"uncode_text_column\" ><p><span style=\"color: #000000; font-size: 1.125em;\">BrightStar Credit Union fue fundada en <strong>1946 por 26 Condado de Broward<\/strong> maestros con una misi\u00f3n simple: apoyar el bienestar financiero de los educadores. Si bien nos hemos expandido para servir <strong>23 condados del sur de Florida<\/strong>Nuestro compromiso con la comunidad educativa sigue siendo el eje central de todo lo que hacemos.<\/span><\/p>\n<\/div><div class=\"uncode_text_column\" ><p><span style=\"color: #000000; font-size: 1.125em;\">Comprendemos la dedicaci\u00f3n y el esfuerzo que implica trabajar en nuestras escuelas. Por eso, ofrecemos productos financieros exclusivos dise\u00f1ados a medida para los empleados de las Escuelas de Broward, que les ayudan a alcanzar sus metas financieras y a concentrarse en lo que m\u00e1s importa: nuestros estudiantes.<\/span><\/p>\n<\/div><div id=\"ultimate-heading-909969d9a51ba2a83\" class=\"uvc-heading ult-adjust-bottom-margin ultimate-heading-909969d9a51ba2a83 uvc-1017\" data-hspacer=\"no_spacer\"  data-halign=\"left\" style=\"text-align:left\"><div class=\"uvc-heading-spacer no_spacer\" style=\"top\"><\/div><div class=\"uvc-main-heading ult-responsive\"  data-ultimate-target='.uvc-heading.ultimate-heading-909969d9a51ba2a83 h3'  data-responsive-json-new='{\"font-size\":\"\",\"line-height\":\"\"}' ><h3 style=\"font-weight:bold;color:#031c32;margin-bottom:0.5em;\">\u00bfPor qu\u00e9 unirse a BrightStar Credit Union?<\/h3><\/div><div class=\"uvc-sub-heading ult-responsive\"  data-ultimate-target='.uvc-heading.ultimate-heading-909969d9a51ba2a83 .uvc-sub-heading '  data-responsive-json-new='{\"font-size\":\"\",\"line-height\":\"\"}'  style=\"font-weight:normal;\"><span style=\"color: #000000; font-size: 1.125em;\">We&#8217;ve designed exclusive products to meet the unique needs of educators, so you can focus on inspiring the next generation.<\/span><\/div><\/div><\/div><\/div><\/div><\/div><\/div><script id=\"script-row-unique-1\" data-row=\"script-row-unique-1\" type=\"text\/javascript\" class=\"vc_controls\">UNCODE.initRow(document.getElementById(\"row-unique-1\"));<\/script><\/div><\/div><\/div><div data-parent=\"true\" class=\"vc_row style-color-xsdn-bg vc_custom_1731509082613 row-container\" style=\"padding-top: 20px ;padding-bottom: 20px ;\" id=\"row-unique-2\"><div class=\"row limit-width row-parent\"><div class=\"wpb_row row-inner\"><div class=\"wpb_column pos-top pos-center align_left column_parent col-lg-12 single-internal-gutter\"><div class=\"uncol style-light\"  ><div class=\"uncoltable\"><div class=\"uncell no-block-padding\" ><div class=\"uncont\" >\n\t<div class=\"wpb_raw_code wpb_content_element wpb_raw_html\" >\n\t\t<div class=\"wpb_wrapper\">\n\t\t\t <!-- Tailwind CSS -->\n   <script src=\"https:\/\/cdn.tailwindcss.com\"><\/script>\n    <!-- Font Awesome for icons -->\n    <link rel=\"stylesheet\" href=\"https:\/\/cdnjs.cloudflare.com\/ajax\/libs\/font-awesome\/6.0.0\/css\/all.min.css\">\n    <style>\n        :root {\n            --brand-color: #00475f;\n            --brand-color-light: #005c7d;\n        }\n        \n        .bg-brand {\n            background-color: var(--brand-color);\n        }\n        \n        .text-brand {\n            color: var(--brand-color);\n        }\n        \n        .hover-bg-brand:hover {\n            background-color: var(--brand-color-light);\n        }\n        \n        .benefit-card {\n            transition: all 0.3s ease;\n        }\n        .benefit-card:hover {\n            transform: translateY(-5px);\n            box-shadow: 0 10px 20px rgba(0, 0, 0, 0.1);\n        }\n        .cta-button {\n            transition: all 0.3s ease;\n            background-color: var(--brand-color);\n        }\n        .cta-button:hover {\n            transform: translateY(-2px);\n            background-color: var(--brand-color-light);\n        }\n        .card-image {\n            height: 200px;\n            object-fit: cover;\n            width: 100%;\n            border-top-left-radius: 0.5rem;\n            border-top-right-radius: 0.5rem;\n        }\n    <\/style>\n\n\n\n    <!-- Benefits Grid -->\n    <div class=\"container mx-auto px-4 py-4\">\n        <div class=\"grid grid-cols-1 md:grid-cols-2 lg:grid-cols-3 gap-8\">\n            <!-- Educator Rewards Credit Card -->\n            <div class=\"benefit-card bg-white rounded-lg shadow overflow-hidden\">\n                <img decoding=\"async\" src=\"https:\/\/www.bscu.org\/wp-content\/uploads\/2020\/02\/edu-credit-card-uai-426x320.jpg\" alt=\"Credit Card\" class=\"card-image\"\/>\n                <div class=\"p-6\">\n                    <div class=\"mb-4 text-brand\">\n                        <i class=\"fas fa-credit-card text-4xl\"><\/i>\n                    <\/div>\n                    <h5 class=\"text-xl font-bold mb-4\">Tarjeta de cr\u00e9dito Educator Rewards<\/h5>\n                    <p class=\"text-gray-600 mb-6\">\n                        Una tarjeta de cr\u00e9dito dise\u00f1ada pensando en los educadores, con recompensas y beneficios adaptados a tus necesidades.\n                    <\/p>\n                    <a target=\"_blank\" href=\"https:\/\/www.bscu.org\/educator-rewards-credit-card\" class=\"block\">\n                        <button class=\"cta-button w-full text-white font-bold py-2 px-4 rounded\">\n                            Aplicar ahora\n                        <\/button>\n                    <\/a>\n                <\/div>\n            <\/div>\n\n            <!-- EduDrive -->\n            <div class=\"benefit-card bg-white rounded-lg shadow overflow-hidden\">\n                <img decoding=\"async\" src=\"https:\/\/www.bscu.org\/wp-content\/uploads\/2020\/02\/edu-auto-refi-uai-426x320.jpg\" alt=\"Auto Loan\" class=\"card-image\"\/>\n                <div class=\"p-6\">\n                    <div class=\"mb-4 text-brand\">\n                        <i class=\"fas fa-car text-4xl\"><\/i>\n                    <\/div>\n                    <h5 class=\"text-xl font-bold mb-4\">EduDrive \u2013 Pr\u00e9stamo exclusivo para educadores para autom\u00f3viles<\/h5>\n                    <p class=\"text-gray-600 mb-6\">\n                        Consigue una excelente tasa de inter\u00e9s con un pr\u00e9stamo dise\u00f1ado exclusivamente para profesionales de la educaci\u00f3n.\n                    <\/p>\n                    <a target=\"_blank\" href=\"https:\/\/www.bscu.org\/edudrive\" class=\"block\">\n                        <button class=\"cta-button w-full text-white font-bold py-2 px-4 rounded\">\n                            Comienza\n                        <\/button>\n                    <\/a>\n                <\/div>\n            <\/div>\n\n            <!-- Educator's Break -->\n            <div class=\"benefit-card bg-white rounded-lg shadow overflow-hidden\">\n                <img decoding=\"async\" src=\"https:\/\/www.bscu.org\/wp-content\/uploads\/2020\/02\/skip-edu-uai-1137x853.jpg\" alt=\"Payment Relief\" class=\"card-image\"\/>\n                <div class=\"p-6\">\n                    <div class=\"mb-4 text-brand\">\n                        <i class=\"fas fa-calendar text-4xl\"><\/i>\n                    <\/div>\n                    <h5 class=\"text-xl font-bold mb-4\">Descanso para educadores: alivio en el pago de pr\u00e9stamos para autom\u00f3viles<\/h5>\n                    <p class=\"text-gray-600 mb-6\">\n                        T\u00f3mate un merecido descanso de los pagos de tu pr\u00e9stamo para el coche cuando m\u00e1s lo necesites.\n                    <\/p>\n                    <a target=\"_blank\" href=\"https:\/\/www.bscu.org\/educators-break\" class=\"block\">\n                        <button class=\"cta-button w-full text-white font-bold py-2 px-4 rounded\">\n                            M\u00e1s informaci\u00f3n\n                        <\/button>\n                    <\/a>\n                <\/div>\n            <\/div>\n\n            <!-- Educator IRAs -->\n            <div class=\"benefit-card bg-white rounded-lg shadow overflow-hidden\">\n                <img decoding=\"async\" src=\"https:\/\/www.bscu.org\/wp-content\/uploads\/2024\/05\/eduiras-uai-1733x1300.jpg\" alt=\"IRA Accounts\" class=\"card-image\"\/>\n                <div class=\"p-6\">\n                    <div class=\"mb-4 text-brand\">\n                        <i class=\"fas fa-piggy-bank text-4xl\"><\/i>\n                    <\/div>\n                    <h5 class=\"text-xl font-bold mb-4\">Cuentas IRA para educadores<\/h5>\n                    <p class=\"text-gray-600 mb-6\">\n                        Nuestras cuentas IRA especiales ofrecen el lugar ideal para sus fondos DROP: planifique su futuro con facilidad.\n                    <\/p>\n                    <a target=\"_blank\" href=\"https:\/\/www.bscu.org\/educator-iras\/\" class=\"block\">\n                        <button class=\"cta-button w-full text-white font-bold py-2 px-4 rounded\">\n                            Comience a planificar\n                        <\/button>\n                    <\/a>\n                <\/div>\n            <\/div>\n\n            <!-- HELOC -->\n            <div class=\"benefit-card bg-white rounded-lg shadow overflow-hidden\">\n                <img decoding=\"async\" src=\"https:\/\/www.bscu.org\/wp-content\/uploads\/2021\/07\/special-heloc-uai-1137x853.jpg\" alt=\"Home Equity\" class=\"card-image\"\/>\n                <div class=\"p-6\">\n                    <div class=\"mb-4 text-brand\">\n                        <i class=\"fas fa-home text-4xl\"><\/i>\n                    <\/div>\n                    <h5 class=\"text-xl font-bold mb-4\">L\u00ednea de cr\u00e9dito hipotecaria exclusiva para educadores<\/h5>\n                    <p class=\"text-gray-600 mb-6\">\n                        \u00a1Disfrute de una tasa especial para l\u00edneas de cr\u00e9dito con garant\u00eda hipotecaria, exclusiva para educadores!\n                    <\/p>\n                    <a target=\"_blank\" href=\"https:\/\/www.bscu.org\/helocspecial\/\" class=\"block\">\n                        <button class=\"cta-button w-full text-white font-bold py-2 px-4 rounded\">\n                            Consultar tarifas\n                        <\/button>\n                    <\/a>\n                <\/div>\n            <\/div>\n        <\/div>\n\n\n        <!-- CTA Section -->\n        <div class=\"mt-16 text-center bg-gray-100 rounded-lg p-8\">\n            <div class=\"mb-4 text-brand\">\n                <i class=\"fas fa-users text-5xl\"><\/i>\n            <\/div>\n            <h4 class=\"text-3xl font-bold mb-4\">\u00a1Comienza tu membres\u00eda hoy mismo!<\/h4>\n            <p class=\"text-gray-600 mb-8 max-w-2xl mx-auto\">\n                Abre una cuenta gratuita en BrightStar Credit Union y disfruta de estos beneficios exclusivos dise\u00f1ados para apoyar tu crecimiento financiero. \u00danete a BSCU y descubre una cooperativa de cr\u00e9dito que comprende y valora a los educadores.\n            <\/p>\n            <a target=\"_blank\" href=\"https:\/\/www.bscu.org\/forms\/membership-app\/?utm_source=bscu.org&utm_campaign=membership&campaign_date=ongoing&campaign_code=WeLoveBrowardSchools&utm_medium=link&bscu_staff=Mike\" class=\"inline-block\">\n                <button class=\"cta-button text-white text-lg font-bold px-8 py-4 rounded\">\n                    \u00danete a BrightStar Credit Union\n                <\/button>\n            <\/a>\n        <\/div>\n    <\/div>\n\n\n\n\n\t\t<\/div>\n\t<\/div>\n<\/div><\/div><\/div><\/div><\/div><script id=\"script-row-unique-2\" data-row=\"script-row-unique-2\" type=\"text\/javascript\" class=\"vc_controls\">UNCODE.initRow(document.getElementById(\"row-unique-2\"));<\/script><\/div><\/div><\/div>","protected":false},"excerpt":{"rendered":"We Love Broward SchoolsRooted in Education, Dedicated to Your Financial Success Open AccountBrightStar Credit Union was founded in 1946 by [...]","protected":false},"author":8,"featured_media":0,"parent":0,"menu_order":0,"comment_status":"closed","ping_status":"closed","template":"","meta":{"footnotes":""},"class_list":["post-3968","page","type-page","status-publish","hentry"],"_links":{"self":[{"href":"https:\/\/demo2.mybscu.org\/es\/wp-json\/wp\/v2\/pages\/3968","targetHints":{"allow":["GET"]}}],"collection":[{"href":"https:\/\/demo2.mybscu.org\/es\/wp-json\/wp\/v2\/pages"}],"about":[{"href":"https:\/\/demo2.mybscu.org\/es\/wp-json\/wp\/v2\/types\/page"}],"author":[{"embeddable":true,"href":"https:\/\/demo2.mybscu.org\/es\/wp-json\/wp\/v2\/users\/8"}],"replies":[{"embeddable":true,"href":"https:\/\/demo2.mybscu.org\/es\/wp-json\/wp\/v2\/comments?post=3968"}],"version-history":[{"count":4,"href":"https:\/\/demo2.mybscu.org\/es\/wp-json\/wp\/v2\/pages\/3968\/revisions"}],"predecessor-version":[{"id":17336,"href":"https:\/\/demo2.mybscu.org\/es\/wp-json\/wp\/v2\/pages\/3968\/revisions\/17336"}],"wp:attachment":[{"href":"https:\/\/demo2.mybscu.org\/es\/wp-json\/wp\/v2\/media?parent=3968"}],"curies":[{"name":"wp","href":"https:\/\/api.w.org\/{rel}","templated":true}]}}