{"id":3993,"date":"2017-07-13T19:46:46","date_gmt":"2017-07-13T19:46:46","guid":{"rendered":"https:\/\/demo2.mybscu.org\/?page_id=3993"},"modified":"2024-08-20T15:01:52","modified_gmt":"2024-08-20T19:01:52","slug":"studentloans","status":"publish","type":"page","link":"https:\/\/demo2.mybscu.org\/es\/studentloans\/","title":{"rendered":"Pr\u00e9stamos para estudiantes"},"content":{"rendered":"<section data-parent=\"true\" class=\"vc_section row-container with-parallax\" id=\"section-unique-0\"><div class=\"row-background background-element\">\n\t\t\t\t\t\t\t\t\t\t\t<div class=\"background-wrapper\">\n\t\t\t\t\t\t\t\t\t\t\t\t<div class=\"background-inner\" style=\"background-image: url(https:\/\/demo2.mybscu.org\/wp-content\/uploads\/2017\/07\/student-loan.jpg);background-repeat: no-repeat;background-position: center top;background-size: cover;\"><\/div>\n\t\t\t\t\t\t\t\t\t\t\t\t<div class=\"block-bg-overlay style-color-nhtu-bg\" style=\"opacity: 0.6;\"><\/div>\n\t\t\t\t\t\t\t\t\t\t\t<\/div>\n\t\t\t\t\t\t\t\t\t\t<\/div><div class=\"row no-top-padding no-bottom-padding no-h-padding full-width row-parent\"><div data-parent=\"true\" class=\"vc_row vc_custom_1622544947076 row-container has-dividers\" style=\"padding-top: 20px ;padding-bottom: 20px ;\" id=\"row-unique-0\"><div class=\"uncode-divider-wrap uncode-divider-wrap-bottom z_index_3 uncode-row-divider-invert\" style=\"height: 100px;\" data-height=\"100\" data-unit=\"px\"><svg version=\"1.1\" class=\"uncode-row-divider uncode-row-divider-curve\" x=\"0px\" y=\"0px\" width=\"240px\" height=\"24px\" viewbox=\"0 0 240 24\" enable-background=\"new 0 0 240 24\" xml:space=\"preserve\" preserveaspectratio=\"none\">\n\t\t<path fill=\"#ffffff\" fill-opacity=\"0.25\" d=\"M240,0H0v24l240-11.26V0z\"\/>\n\t\t<path fill=\"#ffffff\" d=\"M0,0h240v12.74L0,0z\"\/>\n\t\t<path fill=\"#ffffff\" fill-opacity=\"0.5\" d=\"M0,0h240v12.74H0V0z\"\/>\n\t\t<\/svg><\/div><div class=\"row limit-width row-parent\"><div class=\"wpb_row row-inner\"><div class=\"wpb_column pos-middle pos-center align_center column_parent col-lg-12 single-internal-gutter\"><div class=\"uncol style-light\"  ><div class=\"uncoltable\"><div class=\"uncell  vc_custom_1612821354555 no-block-padding\" style=\"padding-top: 100px ;padding-bottom: 100px ;\" ><div class=\"uncont\" ><div id=\"ultimate-heading-266469d990acdbf9d\" class=\"uvc-heading ult-adjust-bottom-margin ultimate-heading-266469d990acdbf9d uvc-1736\" data-hspacer=\"no_spacer\"  data-halign=\"center\" style=\"text-align:center\"><div class=\"uvc-heading-spacer no_spacer\" style=\"top\"><\/div><div class=\"uvc-main-heading ult-responsive\"  data-ultimate-target='.uvc-heading.ultimate-heading-266469d990acdbf9d h1'  data-responsive-json-new='{\"font-size\":\"\",\"line-height\":\"\"}' ><h1 style=\"font-weight:normal;color:#ffffff;\">Pr\u00e9stamos para estudiantes<\/h1><\/div><div class=\"uvc-sub-heading ult-responsive\"  data-ultimate-target='.uvc-heading.ultimate-heading-266469d990acdbf9d .uvc-sub-heading '  data-responsive-json-new='{\"font-size\":\"desktop:24px;\",\"line-height\":\"\"}'  style=\"font-weight:normal;color:#ffffff;\"><\/p>\n<p style=\"text-align: center;\">Sin importar en qu\u00e9 etapa de tu educaci\u00f3n superior te encuentres, consigue el dinero que necesitas para tus estudios. \u00a1Los pr\u00e9stamos estudiantiles de BrightStar Credit Union en colaboraci\u00f3n con Sallie Mae\u00ae podr\u00edan ayudarte!<\/p>\n<p><\/div><\/div><div class=\"uncode-single-media  text-center\"><div class=\"single-wrapper\" style=\"max-width: 40%;\"><div class=\"tmb tmb-light  tmb-media-first tmb-media-last tmb-content-overlay tmb-no-bg\"><div class=\"t-inside\"><div class=\"t-entry-visual\"><div class=\"t-entry-visual-tc\"><div class=\"uncode-single-media-wrapper\"><img decoding=\"async\" class=\"wp-image-11703\" src=\"https:\/\/demo2.mybscu.org\/wp-content\/uploads\/2021\/02\/sep-dec-ok.png\" width=\"1280\" height=\"70\" alt=\"\" srcset=\"https:\/\/demo2.mybscu.org\/wp-content\/uploads\/2021\/02\/sep-dec-ok.png 1280w, https:\/\/demo2.mybscu.org\/wp-content\/uploads\/2021\/02\/sep-dec-ok-300x16.png 300w, https:\/\/demo2.mybscu.org\/wp-content\/uploads\/2021\/02\/sep-dec-ok-1024x56.png 1024w, https:\/\/demo2.mybscu.org\/wp-content\/uploads\/2021\/02\/sep-dec-ok-768x42.png 768w, https:\/\/demo2.mybscu.org\/wp-content\/uploads\/2021\/02\/sep-dec-ok-125x7.png 125w, https:\/\/demo2.mybscu.org\/wp-content\/uploads\/2021\/02\/sep-dec-ok-75x4.png 75w\" sizes=\"(max-width: 1280px) 100vw, 1280px\" \/><\/div>\n\t\t\t\t\t<\/div>\n\t\t\t\t<\/div><\/div><\/div><\/div><\/div><span class=\"btn-container\" ><a href=\"https:\/\/www.salliemae.com\/landing\/student-loans\/?RefID=1905000974&CoBrandingID=001437&dtd_cell=SMLRSOPTRPSVN010896\" class=\"custom-link btn border-width-0 btn-heloc btn-accent btn-round btn-shadow btn-icon-left\" title=\"El enlace se abrir\u00e1 en una nueva pesta\u00f1a.\" target=\"_blank\" onclick=\"amplitude.getInstance().logEvent(&#039;Student Loan - Landing Page&#039;);\"><i class=\"fa fa-check\"><\/i>SOLICITA EN L\u00cdNEA<\/a><\/span><\/div><\/div><\/div><\/div><\/div><script id=\"script-row-unique-0\" data-row=\"script-row-unique-0\" type=\"text\/javascript\" class=\"vc_controls\">UNCODE.initRow(document.getElementById(\"row-unique-0\"));<\/script><\/div><\/div><\/div><script id=\"script-section-unique-0\" data-section=\"script-section-unique-0\" type=\"text\/javascript\">UNCODE.initSection(document.getElementById(\"section-unique-0\"));<\/script><\/div><\/section><div data-parent=\"true\" class=\"vc_row style-color-xsdn-bg row-container\" id=\"row-unique-1\"><div class=\"row limit-width row-parent\"><div class=\"wpb_row row-inner\"><div class=\"wpb_column pos-middle pos-left align_left column_parent col-lg-12 single-internal-gutter\"><div class=\"uncol style-light\"  ><div class=\"uncoltable\"><div class=\"uncell no-block-padding\" ><div class=\"uncont\" ><div class=\"aio-icon-component    style_1\"><div id=\"Info-box-wrap-2582\" class=\"aio-icon-box default-icon\" style=\"\"  ><div class=\"aio-icon-default\"><div class=\"ult-just-icon-wrapper\"><div class=\"align-icon\" style=\"text-align:center;\">\n<div class=\"aio-icon none\" data-animation=\"slideInLeft\" data-animation-delay=\"03\" style=\"color:#eaaf00;font-size:55px;display:inline-block;\">\n\t<i class=\"Defaults-graduation-cap mortar-board\"><\/i>\n<\/div><\/div><\/div><\/div><div class=\"aio-icon-header\" ><h3 class=\"aio-icon-title ult-responsive\"  data-ultimate-target='#Info-box-wrap-2582 .aio-icon-title'  data-responsive-json-new='{\"font-size\":\"desktop:22px;\",\"line-height\":\"\"}'  style=\"color:#031c32;\">Los pr\u00e9stamos para la educaci\u00f3n superior de Sallie Mae\u00ae est\u00e1n dise\u00f1ados para las necesidades de estudiantes de pregrado y posgrado.<\/h3><\/div> <!-- header --><\/div> <!-- aio-icon-box --><\/div> <!-- aio-icon-component --><\/div><\/div><\/div><\/div><\/div><script id=\"script-row-unique-1\" data-row=\"script-row-unique-1\" type=\"text\/javascript\" class=\"vc_controls\">UNCODE.initRow(document.getElementById(\"row-unique-1\"));<\/script><\/div><\/div><\/div><div data-parent=\"true\" class=\"vc_row style-color-gyho-bg vc_custom_1497555427705 row-container onepage-section\" data-label=\"features\" data-name=\"features\" style=\"padding-top: 20px ;\" id=\"row-unique-2\"><div class=\"row limit-width row-parent\"><div class=\"wpb_row row-inner\"><div class=\"wpb_column pos-top pos-center align_left column_parent col-lg-12 single-internal-gutter\"><div class=\"uncol style-light\"  ><div class=\"uncoltable\"><div class=\"uncell no-block-padding\" ><div class=\"uncont\" ><div class=\"aio-icon-component    style_2\"><div id=\"Info-box-wrap-1670\" class=\"aio-icon-box default-icon\" style=\"\"  ><div class=\"aio-icon-default\"><div class=\"ult-just-icon-wrapper\"><div class=\"align-icon\" style=\"text-align:center;\">\n<div class=\"aio-icon none\" data-animation=\"swing\" data-animation-delay=\"03\" style=\"color:#333;font-size:64px;display:inline-block;\">\n\t<i class=\"Defaults-star\"><\/i>\n<\/div><\/div><\/div><\/div><div class=\"aio-icon-header\" ><h3 class=\"aio-icon-title ult-responsive\"  data-ultimate-target='#Info-box-wrap-1670 .aio-icon-title'  data-responsive-json-new='{\"font-size\":\"desktop:20px;\",\"line-height\":\"\"}'  style=\"\">Ya seas estudiante de pregrado o de posgrado, estos pr\u00e9stamos flexibles est\u00e1n dise\u00f1ados para satisfacer tus necesidades:<\/h3><\/div> <!-- header --><\/div> <!-- aio-icon-box --><\/div> <!-- aio-icon-component --><div class=\"vc_row row-internal row-container\"><div class=\"row row-child\"><div class=\"wpb_row row-inner\"><div class=\"wpb_column pos-top pos-center align_left column_child col-lg-6 single-internal-gutter\"><div class=\"uncol style-light\" ><div class=\"uncoltable\"><div class=\"uncell no-block-padding\" ><div class=\"uncont\" ><div class=\"uavc-list-icon uavc-list-icon-wrapper ult-adjust-bottom-margin\"><ul class=\"uavc-list\"><li><div class=\"uavc-list-content\" id=\"list-icon-wrap-7351\">\n<div class=\"uavc-list-icon\" data-animation=\"\" data-animation-delay=\"03\" style=\"margin-right:5px;\"><div class=\"ult-just-icon-wrapper\"><div class=\"align-icon\" style=\"text-align:center;\">\n<div class=\"aio-icon none\"  style=\"color:#031c32;font-size:20px;display:inline-block;\">\n\t<i class=\"Defaults-circle-thin genderless\"><\/i>\n<\/div><\/div><\/div>\n<\/div><span  data-ultimate-target='#list-icon-wrap-7351 .uavc-list-desc'  data-responsive-json-new='{\"font-size\":\"\",\"line-height\":\"\"}'  class=\"uavc-list-desc ult-responsive\" style=\"\"><span style=\"color: #000000;\">Tipos de inter\u00e9s variables y fijos competitivos<\/span><\/span><\/div><\/li><li><div class=\"uavc-list-content\" id=\"list-icon-wrap-4371\">\n<div class=\"uavc-list-icon\" data-animation=\"\" data-animation-delay=\"03\" style=\"margin-right:5px;\"><div class=\"ult-just-icon-wrapper\"><div class=\"align-icon\" style=\"text-align:center;\">\n<div class=\"aio-icon none\"  style=\"color:#031c32;font-size:20px;display:inline-block;\">\n\t<i class=\"Defaults-circle-thin genderless\"><\/i>\n<\/div><\/div><\/div>\n<\/div><span  data-ultimate-target='#list-icon-wrap-4371 .uavc-list-desc'  data-responsive-json-new='{\"font-size\":\"\",\"line-height\":\"\"}'  class=\"uavc-list-desc ult-responsive\" style=\"\"><span style=\"color: #000000;\">M\u00faltiples opciones de pago<\/span><\/span><\/div><\/li><\/ul><\/div><\/div><\/div><\/div><\/div><\/div><div class=\"wpb_column pos-top pos-center align_left column_child col-lg-6 single-internal-gutter\"><div class=\"uncol style-light\" ><div class=\"uncoltable\"><div class=\"uncell no-block-padding\" ><div class=\"uncont\" ><div class=\"uavc-list-icon uavc-list-icon-wrapper ult-adjust-bottom-margin\"><ul class=\"uavc-list\"><li><div class=\"uavc-list-content\" id=\"list-icon-wrap-3701\">\n<div class=\"uavc-list-icon\" data-animation=\"\" data-animation-delay=\"03\" style=\"margin-right:5px;\"><div class=\"ult-just-icon-wrapper\"><div class=\"align-icon\" style=\"text-align:center;\">\n<div class=\"aio-icon none\"  style=\"color:#031c32;font-size:20px;display:inline-block;\">\n\t<i class=\"Defaults-circle-thin genderless\"><\/i>\n<\/div><\/div><\/div>\n<\/div><span  data-ultimate-target='#list-icon-wrap-3701 .uavc-list-desc'  data-responsive-json-new='{\"font-size\":\"\",\"line-height\":\"\"}'  class=\"uavc-list-desc ult-responsive\" style=\"\"><span style=\"color: #000000;\">Sin comisi\u00f3n de apertura ni penalizaci\u00f3n por pago anticipado<sup>1<\/sup><\/span><\/span><\/div><\/li><\/ul><\/div><\/div><\/div><\/div><\/div><\/div><\/div><\/div><\/div><\/div><\/div><\/div><\/div><\/div><script id=\"script-row-unique-2\" data-row=\"script-row-unique-2\" type=\"text\/javascript\" class=\"vc_controls\">UNCODE.initRow(document.getElementById(\"row-unique-2\"));<\/script><\/div><\/div><\/div><div data-parent=\"true\" class=\"vc_row style-color-gyho-bg vc_custom_1640289495274 row-container\" style=\"padding-top: 20px ;padding-bottom: 20px ;\" id=\"row-unique-3\"><div class=\"row limit-width row-parent\"><div class=\"wpb_row row-inner\"><div class=\"wpb_column pos-middle pos-center align_center column_parent col-lg-12 single-internal-gutter\"><div class=\"uncol style-light\"  ><div class=\"uncoltable\"><div class=\"uncell no-block-padding\" ><div class=\"uncont\" ><span class=\"btn-container\" ><a href=\"https:\/\/www.salliemae.com\/landing\/student-loans\/?RefID=1905000974&CoBrandingID=001437&dtd_cell=SMLRSOPTRPSVN010896\" class=\"custom-link btn border-width-0 btn-heloc btn-accent btn-round btn-shadow btn-icon-left\" title=\"El enlace se abrir\u00e1 en una nueva pesta\u00f1a.\" target=\"_blank\" onclick=\"amplitude.getInstance().logEvent(&#039;Student Loan - Landing Page&#039;);\"><i class=\"fa fa-check\"><\/i>SOLICITA EN L\u00cdNEA<\/a><\/span><\/div><\/div><\/div><\/div><\/div><script id=\"script-row-unique-3\" data-row=\"script-row-unique-3\" type=\"text\/javascript\" class=\"vc_controls\">UNCODE.initRow(document.getElementById(\"row-unique-3\"));<\/script><\/div><\/div><\/div><div data-parent=\"true\" class=\"vc_row style-color-xsdn-bg vc_custom_1640289526632 row-container\" style=\"padding-top: 20px ;padding-bottom: 20px ;\" id=\"row-unique-4\"><div class=\"row limit-width row-parent\"><div class=\"wpb_row row-inner\"><div class=\"wpb_column pos-middle pos-center align_center column_parent col-lg-12 no-internal-gutter\"><div class=\"uncol style-light\"  ><div class=\"uncoltable\"><div class=\"uncell no-block-padding\" ><div class=\"uncont\" ><div class=\"uncode_text_column vc_custom_1640291200716\"  style=\"padding-top: 10px ;padding-bottom: 10px ;\"><\/p>\n<p style=\"text-align: left; font-size: 16px;\"><span style=\"color: #000000;\">Pide prestado con responsabilidad. Animamos a los estudiantes y sus familias a comenzar con ahorros, becas, subvenciones y pr\u00e9stamos estudiantiles federales para financiar sus estudios universitarios. Antes de considerar un pr\u00e9stamo estudiantil privado, los estudiantes y sus familias deben evaluar todos los pagos mensuales previstos y los ingresos futuros del estudiante.<\/span><\/p>\n<p>\n<\/div><div class=\"uncode_text_column vc_custom_1640291208205\"  style=\"padding-top: 10px ;padding-bottom: 10px ;\"><\/p>\n<p style=\"text-align: left; font-size: 16px;\"><span style=\"color: #000000;\">Estos pr\u00e9stamos los otorga Sallie Mae Bank o una entidad crediticia asociada. BrightStar Credit Union no es la entidad acreedora de estos pr\u00e9stamos y recibe una compensaci\u00f3n de Sallie Mae por la captaci\u00f3n de clientes.<\/span><\/p>\n<p>\n<\/div><div class=\"uncode_text_column vc_custom_1640291215364\"  style=\"padding-top: 10px ;padding-bottom: 10px ;\"><\/p>\n<p style=\"text-align: left; font-size: 16px;\"><span style=\"color: #000000;\">Pr\u00e9stamos estudiantiles y de posgrado Smart Option: Estos pr\u00e9stamos est\u00e1n dirigidos a estudiantes de instituciones participantes que otorgan t\u00edtulos. La informaci\u00f3n sobre los pr\u00e9stamos estudiantiles Smart Option es solo para estudiantes de pregrado. Los cursos de Certificado de Posgrado\/Educaci\u00f3n Continua no son elegibles para pr\u00e9stamos de MBA, Medicina, Odontolog\u00eda ni Derecho. Los estudiantes que no sean ciudadanos estadounidenses ni residentes permanentes deben residir en los Estados Unidos, asistir a una instituci\u00f3n participante en los Estados Unidos, solicitar el pr\u00e9stamo con un avalista solvente (que debe ser ciudadano estadounidense o residente permanente) y proporcionar una identificaci\u00f3n oficial vigente con fotograf\u00eda para verificar su identidad. Las solicitudes est\u00e1n sujetas a un monto m\u00ednimo de pr\u00e9stamo de $1,000. Se aplican criterios de cr\u00e9dito y otros requisitos de elegibilidad.<\/span><\/p>\n<p>\n<\/div><div class=\"uncode_text_column vc_custom_1640291228457\"  style=\"padding-top: 10px ;padding-bottom: 10px ;\"><\/p>\n<p style=\"text-align: left; font-size: 16px;\"><span style=\"color: #000000;\"><sup>1<\/sup>Aunque no cobramos ninguna penalizaci\u00f3n ni comisi\u00f3n por el pago anticipado de su pr\u00e9stamo, cualquier pago anticipado se aplicar\u00e1 seg\u00fan lo estipulado en su pagar\u00e9: primero a las comisiones y costos impagos, luego a los intereses impagos y, finalmente, al capital corriente.<\/span><\/p>\n<p>\n<\/div><div class=\"uncode_text_column vc_custom_1640291234315\"  style=\"padding-top: 10px ;padding-bottom: 10px ;\"><\/p>\n<p style=\"text-align: left; font-size: 16px;\"><span style=\"color: #000000;\">SALLIE MAE SE RESERVA EL DERECHO DE MODIFICAR O INTERRUMPIR PRODUCTOS, SERVICIOS Y BENEFICIOS EN CUALQUIER MOMENTO SIN PREVIO AVISO.<\/span><\/p>\n<p>\n<\/div><div class=\"uncode_text_column vc_custom_1640291253387\"  style=\"padding-top: 10px ;padding-bottom: 10px ;\"><\/p>\n<p style=\"text-align: left; font-size: 16px;\"><span style=\"color: #000000;\">\u00a9 2021 Sallie Mae Bank. Todos los derechos reservados. Sallie Mae, el logotipo de Sallie Mae y otros nombres y logotipos de Sallie Mae son marcas de servicio o marcas de servicio registradas de Sallie Mae Bank. Todos los dem\u00e1s nombres y logotipos utilizados son marcas comerciales o marcas de servicio de sus respectivos propietarios. SLM Corporation y sus subsidiarias, incluyendo Sallie Mae Bank, no est\u00e1n patrocinadas ni son agencias del gobierno de los Estados Unidos de Am\u00e9rica.<\/span><\/p>\n<p>\n<\/div><\/div><\/div><\/div><\/div><\/div><script id=\"script-row-unique-4\" data-row=\"script-row-unique-4\" type=\"text\/javascript\" class=\"vc_controls\">UNCODE.initRow(document.getElementById(\"row-unique-4\"));<\/script><\/div><\/div><\/div>","protected":false},"excerpt":{"rendered":"<p>Find the best student loans with competitive rates and flexible repayment options. Fund your education and secure your future with ease. Apply today!<\/p>","protected":false},"author":8,"featured_media":0,"parent":0,"menu_order":0,"comment_status":"closed","ping_status":"closed","template":"","meta":{"footnotes":""},"class_list":["post-3993","page","type-page","status-publish","hentry"],"_links":{"self":[{"href":"https:\/\/demo2.mybscu.org\/es\/wp-json\/wp\/v2\/pages\/3993","targetHints":{"allow":["GET"]}}],"collection":[{"href":"https:\/\/demo2.mybscu.org\/es\/wp-json\/wp\/v2\/pages"}],"about":[{"href":"https:\/\/demo2.mybscu.org\/es\/wp-json\/wp\/v2\/types\/page"}],"author":[{"embeddable":true,"href":"https:\/\/demo2.mybscu.org\/es\/wp-json\/wp\/v2\/users\/8"}],"replies":[{"embeddable":true,"href":"https:\/\/demo2.mybscu.org\/es\/wp-json\/wp\/v2\/comments?post=3993"}],"version-history":[{"count":2,"href":"https:\/\/demo2.mybscu.org\/es\/wp-json\/wp\/v2\/pages\/3993\/revisions"}],"predecessor-version":[{"id":16490,"href":"https:\/\/demo2.mybscu.org\/es\/wp-json\/wp\/v2\/pages\/3993\/revisions\/16490"}],"wp:attachment":[{"href":"https:\/\/demo2.mybscu.org\/es\/wp-json\/wp\/v2\/media?parent=3993"}],"curies":[{"name":"wp","href":"https:\/\/api.w.org\/{rel}","templated":true}]}}