{"id":4074,"date":"2017-07-20T14:18:10","date_gmt":"2017-07-20T14:18:10","guid":{"rendered":"https:\/\/demo2.mybscu.org\/?page_id=4074"},"modified":"2024-07-10T16:52:51","modified_gmt":"2024-07-10T20:52:51","slug":"educators-break","status":"publish","type":"page","link":"https:\/\/demo2.mybscu.org\/es\/welove\/educators-break\/","title":{"rendered":"Los educadores se despiden"},"content":{"rendered":"<section data-parent=\"true\" class=\"vc_section row-container\" id=\"section-unique-0\"><div class=\"row-background background-element\">\n\t\t\t\t\t\t\t\t\t\t\t<div class=\"background-wrapper\">\n\t\t\t\t\t\t\t\t\t\t\t\t<div class=\"background-inner\" style=\"background-image: url(https:\/\/demo2.mybscu.org\/wp-content\/uploads\/2017\/07\/auto-loans-skip-a-pay.jpg);background-repeat: no-repeat;background-position: center top;background-attachment: scroll;background-size: cover;\"><\/div>\n\t\t\t\t\t\t\t\t\t\t\t\t<div class=\"block-bg-overlay style-color-jevc-bg\" style=\"opacity: 0.6;\"><\/div>\n\t\t\t\t\t\t\t\t\t\t\t<\/div>\n\t\t\t\t\t\t\t\t\t\t<\/div><div class=\"row no-top-padding no-bottom-padding no-h-padding full-width row-parent\"><div data-parent=\"true\" class=\"vc_row row-container\" id=\"row-unique-0\"><div class=\"row unequal limit-width row-parent\" data-height-ratio=\"40\" data-minheight=\"300\"><div class=\"wpb_row row-inner\"><div class=\"wpb_column pos-middle pos-center align_center align_center_mobile column_parent col-lg-12 no-internal-gutter\"><div class=\"uncol style-light\"  ><div class=\"uncoltable\"><div class=\"uncell no-block-padding\" ><div class=\"uncont\" ><div id=\"ultib3-27499688469d990a33a9cb\" class=\"ultb3-box ult-adjust-bottom-margin  ultb3-hover-6\" style=\"background-color: rgba(255,255,255,0.01);\"><div id=\"Info-banner-wrap9503\" class=\"ultb3-info ib3-info-center\" data-animation=\"fadeIn\" data-animation-delay=\"03\"><div class=\"ultb3-title ult-responsive\"  data-ultimate-target='#Info-banner-wrap9503 .ultb3-title'  data-responsive-json-new='{\"font-size\":\"desktop:28px;\",\"line-height\":\"\"}'  style=\"font-weight:normal;color:#ffffff;\">Descanso del educador<\/div><div class=\"ultb3-desc ult-responsive\"  data-ultimate-target='#Info-banner-wrap9503 .ultb3-desc'  data-responsive-json-new='{\"font-size\":\"\",\"line-height\":\"\"}'  style=\"font-weight:normal;color:#eaaf00;\">Beat the Back to School Blues!<br \/>\nT\u00f3mese un descanso del pago de su pr\u00e9stamo para autom\u00f3vil<\/div><a href=\"#features\"  class=\"ultb3-btn ult-responsive\"  data-ultimate-target='#Info-banner-wrap9503 .ultb3-btn'  data-responsive-json-new='{\"font-size\":\"desktop:18px;\",\"line-height\":\"\"}'  style=\"font-weight:normal;\">M\u00e1s informaci\u00f3n<i class=\"Defaults-angle-right\"><\/i><\/a><\/div><\/div><style>\r\n\t\t\t\t\t#ultib3-27499688469d990a33a9cb {\r\n\t\t\t\t\t\tmin-height:0px;\r\n\t\t\t\t\t}\r\n\t\t\t\t\t#ultib3-27499688469d990a33a9cb img.ultb3-img {\r\n\t\t\t\t\t\theight: px;\r\n\t\t\t\t\t}\r\n\t\t\t\t\t#ultib3-27499688469d990a33a9cb .ultb3-btn {\r\n\t\t\t\t\t\tborder:2px solid #eaaf00;border-radius:50px;color:#ffffff;\r\n\t\t\t\t\t}\r\n\t\t\t\t\t#ultib3-27499688469d990a33a9cb .ultb3-btn:hover {\r\n\t\t\t\t\t\tbackground:#eaaf00;color:#ffffff;\r\n\t\t\t\t\t}\r\n\t\t\t\t<\/style><\/div><\/div><\/div><\/div><\/div><script id=\"script-row-unique-0\" data-row=\"script-row-unique-0\" type=\"text\/javascript\" class=\"vc_controls\">UNCODE.initRow(document.getElementById(\"row-unique-0\"));<\/script><\/div><\/div><\/div><script id=\"script-section-unique-0\" data-section=\"script-section-unique-0\" type=\"text\/javascript\">UNCODE.initSection(document.getElementById(\"section-unique-0\"));<\/script><\/div><\/section><div data-parent=\"true\" class=\"vc_row style-color-gyho-bg vc_custom_1497555427705 row-container onepage-section\" data-label=\"features\" data-name=\"features\" style=\"padding-top: 20px ;\" id=\"row-unique-1\"><div class=\"row limit-width row-parent\"><div class=\"wpb_row row-inner\"><div class=\"wpb_column pos-top pos-center align_left column_parent col-lg-6 single-internal-gutter\"><div class=\"uncol style-light\"  ><div class=\"uncoltable\"><div class=\"uncell no-block-padding\" ><div class=\"uncont\" ><div class=\"aio-icon-component    style_2\"><div id=\"Info-box-wrap-8297\" class=\"aio-icon-box default-icon\" style=\"\"  ><div class=\"aio-icon-default\"><div class=\"ult-just-icon-wrapper\"><div class=\"align-icon\" style=\"text-align:center;\">\n<div class=\"aio-icon none\" data-animation=\"swing\" data-animation-delay=\"03\" style=\"color:#00475f;font-size:48px;display:inline-block;\">\n\t<i class=\"Defaults-file-text\"><\/i>\n<\/div><\/div><\/div><\/div><div class=\"aio-icon-header\" ><h3 class=\"aio-icon-title ult-responsive\"  data-ultimate-target='#Info-box-wrap-8297 .aio-icon-title'  data-responsive-json-new='{\"font-size\":\"desktop:20px;\",\"line-height\":\"\"}'  style=\"\">Puedes solicitar una pausa en el pago de un pr\u00e9stamo si:<\/h3><\/div> <!-- header --><\/div> <!-- aio-icon-box --><\/div> <!-- aio-icon-component --><div class=\"uavc-list-icon uavc-list-icon-wrapper ult-adjust-bottom-margin\"><ul class=\"uavc-list\"><li><div class=\"uavc-list-content\" id=\"list-icon-wrap-2728\">\n<div class=\"uavc-list-icon\" data-animation=\"\" data-animation-delay=\"03\" style=\"margin-right:5px;\"><div class=\"ult-just-icon-wrapper\"><div class=\"align-icon\" style=\"text-align:center;\">\n<div class=\"aio-icon none\"  style=\"color:#81d742;font-size:20px;display:inline-block;\">\n\t<i class=\"Defaults-check\"><\/i>\n<\/div><\/div><\/div>\n<\/div><span  data-ultimate-target='#list-icon-wrap-2728 .uavc-list-desc'  data-responsive-json-new='{\"font-size\":\"\",\"line-height\":\"\"}'  class=\"uavc-list-desc ult-responsive\" style=\"\"><span style=\"color: #000000;\">Sus cuentas en BrightStar Credit Union est\u00e1n al corriente y sus pr\u00e9stamos est\u00e1n vigentes.<\/span><\/span><\/div><\/li><li><div class=\"uavc-list-content\" id=\"list-icon-wrap-6627\">\n<div class=\"uavc-list-icon\" data-animation=\"\" data-animation-delay=\"03\" style=\"margin-right:5px;\"><div class=\"ult-just-icon-wrapper\"><div class=\"align-icon\" style=\"text-align:center;\">\n<div class=\"aio-icon none\"  style=\"color:#81d742;font-size:20px;display:inline-block;\">\n\t<i class=\"Defaults-check\"><\/i>\n<\/div><\/div><\/div>\n<\/div><span  data-ultimate-target='#list-icon-wrap-6627 .uavc-list-desc'  data-responsive-json-new='{\"font-size\":\"\",\"line-height\":\"\"}'  class=\"uavc-list-desc ult-responsive\" style=\"\"><span style=\"color: #000000;\">No puedes tomar m\u00e1s de 2 pausas de pago en tu pr\u00e9stamo de BrightStar Credit Union por cada per\u00edodo de 12 meses consecutivos.<\/span><\/span><\/div><\/li><li><div class=\"uavc-list-content\" id=\"list-icon-wrap-4139\">\n<div class=\"uavc-list-icon\" data-animation=\"\" data-animation-delay=\"03\" style=\"margin-right:5px;\"><div class=\"ult-just-icon-wrapper\"><div class=\"align-icon\" style=\"text-align:center;\">\n<div class=\"aio-icon none\"  style=\"color:#81d742;font-size:20px;display:inline-block;\">\n\t<i class=\"Defaults-check\"><\/i>\n<\/div><\/div><\/div>\n<\/div><span  data-ultimate-target='#list-icon-wrap-4139 .uavc-list-desc'  data-responsive-json-new='{\"font-size\":\"\",\"line-height\":\"\"}'  class=\"uavc-list-desc ult-responsive\" style=\"\"><span style=\"color: #000000;\">If you don&#8217;t have an auto loan with Brightstar CU we may be able to lower your existing payments by refinancing your current auto loan&#8230; <a href=\"\/es\/autorefi\/\" target=\"_blank\" rel=\"noopener noreferrer\"><strong>Refinancia ahora<\/strong><\/a>.<\/span><\/span><\/div><\/li><\/ul><\/div><\/div><\/div><\/div><\/div><\/div><div class=\"wpb_column pos-top pos-center align_left column_parent col-lg-6 single-internal-gutter\"><div class=\"uncol style-light\"  ><div class=\"uncoltable\"><div class=\"uncell no-block-padding\" ><div class=\"uncont\" ><div class=\"aio-icon-component    style_2\"><div id=\"Info-box-wrap-8314\" class=\"aio-icon-box default-icon\" style=\"\"  ><div class=\"aio-icon-default\"><div class=\"ult-just-icon-wrapper\"><div class=\"align-icon\" style=\"text-align:center;\">\n<div class=\"aio-icon none\" data-animation=\"swing\" data-animation-delay=\"03\" style=\"color:#00475f;font-size:48px;display:inline-block;\">\n\t<i class=\"Defaults-file-text-o\"><\/i>\n<\/div><\/div><\/div><\/div><div class=\"aio-icon-header\" ><h3 class=\"aio-icon-title ult-responsive\"  data-ultimate-target='#Info-box-wrap-8314 .aio-icon-title'  data-responsive-json-new='{\"font-size\":\"desktop:20px;\",\"line-height\":\"\"}'  style=\"\">\u00bfListo para tomar un descanso?<\/h3><\/div> <!-- header --><\/div> <!-- aio-icon-box --><\/div> <!-- aio-icon-component --><div class=\"uavc-list-icon uavc-list-icon-wrapper ult-adjust-bottom-margin\"><ul class=\"uavc-list\"><li><div class=\"uavc-list-content\" id=\"list-icon-wrap-9660\">\n<div class=\"uavc-list-icon\" data-animation=\"\" data-animation-delay=\"03\" style=\"margin-right:5px;\"><div class=\"ult-just-icon-wrapper\"><div class=\"align-icon\" style=\"text-align:center;\">\n<div class=\"aio-icon none\"  style=\"color:#81d742;font-size:20px;display:inline-block;\">\n\t<i class=\"Defaults-check\"><\/i>\n<\/div><\/div><\/div>\n<\/div><span  data-ultimate-target='#list-icon-wrap-9660 .uavc-list-desc'  data-responsive-json-new='{\"font-size\":\"\",\"line-height\":\"\"}'  class=\"uavc-list-desc ult-responsive\" style=\"\"><span style=\"color: #000000;\"><strong>Paso 1:<\/strong> Solicite en l\u00ednea o complete el formulario de solicitud de descanso para educadores (PDF).<\/span><\/span><\/div><\/li><li><div class=\"uavc-list-content\" id=\"list-icon-wrap-5664\">\n<div class=\"uavc-list-icon\" data-animation=\"\" data-animation-delay=\"03\" style=\"margin-right:5px;\"><div class=\"ult-just-icon-wrapper\"><div class=\"align-icon\" style=\"text-align:center;\">\n<div class=\"aio-icon none\"  style=\"color:#81d742;font-size:20px;display:inline-block;\">\n\t<i class=\"Defaults-check\"><\/i>\n<\/div><\/div><\/div>\n<\/div><span  data-ultimate-target='#list-icon-wrap-5664 .uavc-list-desc'  data-responsive-json-new='{\"font-size\":\"\",\"line-height\":\"\"}'  class=\"uavc-list-desc ult-responsive\" style=\"\"><span style=\"color: #000000;\"><strong>Paso 2:<\/strong> For PDF submissions only &#8211; Stop at a branch, fax, or mail. The form must be received at the Credit Union at least one week prior to the date of the payment you wish to break.<\/span><\/span><\/div><\/li><\/ul><\/div><div class=\"vc_row row-internal row-container\"><div class=\"row row-child\"><div class=\"wpb_row row-inner\"><div class=\"wpb_column pos-top pos-center align_left column_child col-lg-6 single-internal-gutter\"><div class=\"uncol style-light\" ><div class=\"uncoltable\"><div class=\"uncell no-block-padding\" ><div class=\"uncont\" ><div class=\"ubtn-ctn-center sap-online\"><a class=\"ubtn-link ult-adjust-bottom-margin ubtn-center ubtn-normal sap-online\" href=\"#\" ><button type=\"button\" id=\"ubtn-9837\"  class=\"ubtn ult-adjust-bottom-margin ult-responsive ubtn-normal ubtn-no-hover-bg  none  ubtn-center   tooltip-69d990a33d4c7\"  data-hover=\"\" data-border-color=\"\" data-bg=\"#00475f\" data-hover-bg=\"\" data-border-hover=\"\" data-shadow-hover=\"\" data-shadow-click=\"none\" data-shadow=\"\" data-shd-shadow=\"\"  data-ultimate-target='#ubtn-9837'  data-responsive-json-new='{\"font-size\":\"\",\"line-height\":\"\"}'  style=\"font-weight:normal;border:none;background: #00475f;color: #ffffff;\"><span class=\"ubtn-hover\" style=\"background-color:\"><\/span><span class=\"ubtn-data ubtn-text\" >Los educadores en l\u00ednea rompen<\/span><\/button><\/a><\/div><\/div><\/div><\/div><\/div><\/div><div class=\"wpb_column pos-top pos-center align_left column_child col-lg-6 single-internal-gutter\"><div class=\"uncol style-light\" ><div class=\"uncoltable\"><div class=\"uncell no-block-padding\" ><div class=\"uncont\" ><div class=\"ubtn-ctn-center\"><a class=\"ubtn-link ult-adjust-bottom-margin ubtn-center ubtn-normal\" href=\"https:\/\/demo2.mybscu.org\/es\/pdf\/educator-break.pdf\/\" target=\"_blank\" rel=\"noopener\" ><button type=\"button\" id=\"ubtn-8357\"  class=\"ubtn ult-adjust-bottom-margin ult-responsive ubtn-normal ubtn-no-hover-bg  none  ubtn-center   tooltip-69d990a33d9d3\"  data-hover=\"\" data-border-color=\"\" data-bg=\"#00475f\" data-hover-bg=\"\" data-border-hover=\"\" data-shadow-hover=\"\" data-shadow-click=\"none\" data-shadow=\"\" data-shd-shadow=\"\"  data-ultimate-target='#ubtn-8357'  data-responsive-json-new='{\"font-size\":\"\",\"line-height\":\"\"}'  style=\"font-weight:normal;border:none;background: #00475f;color: #ffffff;\"><span class=\"ubtn-hover\" style=\"background-color:\"><\/span><span class=\"ubtn-data ubtn-text\" >Env\u00edo de PDF<\/span><\/button><\/a><\/div><\/div><\/div><\/div><\/div><\/div><\/div><\/div><\/div><div id=\"modal-trg-txt-wrap-5948\" class=\"ult-modal-input-wrapper ult-adjust-bottom-margin\" data-keypress-control=\"keypress-control-enable\" data-overlay-control=\"overlay-control-enable\"><span data-class-id=\"content-69d990a33da961-73698143\"><\/span>\r\n\t\t\t\t<script type=\"text\/javascript\">\r\n\t\t\t\t(function($){\r\n\t\t\t\t\t$(document).ready(function(){\r\n\t\t\t\t\t\tvar selector = \".sap-online\";\r\n\t\t\t\t\t\t$(selector).addClass(\"custom-ult-modal overlay-show\");\r\n\t\t\t\t\t\t$(selector).attr(\"data-class-id\", \"content-69d990a33da961-73698143\");\r\n\t\t\t\t\t\t$(selector).attr(\"data-overlay-class\", \"overlay-fade\");\r\n\t\t\t\t\t\t$(selector).attr(\"data-keypress-control\", \"keypress-control-enable\");\r\n\t\t\t\t\t\t$(selector).attr(\"data-overlay-control\", \"overlay-control-enable\");\r\n\t\t\t\t\t});\r\n\t\t\t\t})(jQuery);\r\n\t\t\t\t<\/script><\/div>\n<div class=\"ult-overlay content-69d990a33da961-73698143\" data-class=\"content-69d990a33da961-73698143\" id=\"button-click-overlay\" style=\"background:rgba(51,51,51,0.8); display:none;\">\n\t<div class=\"ult_modal ult-fade ult-block\">\n\t\t<div id=\"ult-modal-wrap-7059\" class=\"ult_modal-content ult-hide\" style=\"border-style:solid;border-width:2px;border-radius:0px;border-color:#333333;\">\n\t\t\t<div class=\"ult_modal-header\" style=\"color:#333333;border-color:#333333;\">\n\t\t\t\t<h3  data-ultimate-target='#ult-modal-wrap-7059 .ult_modal-title'  data-responsive-json-new='{\"font-size\":\"\",\"line-height\":\"\"}'  class=\"ult_modal-title ult-responsive\">Programa de aplazamiento de pagos para educadores<\/h3>\n\t\t\t<\/div>\n\t\t\t<div  data-ultimate-target='#ult-modal-wrap-7059 .ult_modal-body'  data-responsive-json-new='{\"font-size\":\"\",\"line-height\":\"\"}'  class=\"ult_modal-body ult-responsive ult-html\" style=\"\">\n\t\t\t<iframe style=\"width: 960px; height: 480px; border: 0 none; overflow-y: auto;\" src=\"https:\/\/demo2.mybscu.org\/forms\/eforms\/skip-a-pay-for-broward-schools\/2\/\" width=\"960\" height=\"480\" frameborder=\"0\">\u00a0<\/iframe>\n\t\t\t<\/div>\n\t<\/div>\n\t<\/div>\n\t<div class=\"ult-overlay-close top-right\" style=\"width:80px;height:80px; \"><div class=\"ult-overlay-close-inside\">Cerca<\/div><\/div>\n<\/div><\/div><\/div><\/div><\/div><\/div><script id=\"script-row-unique-1\" data-row=\"script-row-unique-1\" type=\"text\/javascript\" class=\"vc_controls\">UNCODE.initRow(document.getElementById(\"row-unique-1\"));<\/script><\/div><\/div><\/div><div data-parent=\"true\" class=\"vc_row style-color-lxmt-bg vc_custom_1497555621261 row-container\" style=\"padding-top: 20px ;padding-bottom: 20px ;\" id=\"row-unique-2\"><div class=\"row limit-width row-parent\"><div class=\"wpb_row row-inner\"><div class=\"wpb_column pos-middle pos-center align_center column_parent col-lg-12 no-internal-gutter\"><div class=\"uncol style-light\"  ><div class=\"uncoltable\"><div class=\"uncell no-block-padding\" ><div class=\"uncont\" ><div class=\"uncode_text_column\" ><\/p>\n<p style=\"text-align: left; font-size: 16px;\"><span style=\"color: #000000;\">Al completar y entregar este formulario, autorizo a Bright Star Credit Union a extender el plazo de mi \u00faltimo pago del pr\u00e9stamo de auto por un mes. Entiendo que los intereses seguir\u00e1n acumul\u00e1ndose durante el\/los mes(es) en que no realice el\/los pago(s). Los pagos del pr\u00e9stamo que normalmente se realizan mediante dep\u00f3sito directo o deducci\u00f3n de n\u00f3mina se depositar\u00e1n en mi cuenta de ahorros. BrightStar no puede detener los pagos mediante la C\u00e1mara de Compensaci\u00f3n Automatizada (ACH). Entiendo que si el pago de mi pr\u00e9stamo de auto est\u00e1 configurado para deducirse autom\u00e1ticamente, es mi responsabilidad contactar a mi instituci\u00f3n financiera para cancelar el pago durante el mes en que no realice el pago. Entiendo que los pagos omitidos resultar\u00e1n en m\u00e1s pagos peri\u00f3dicos, mayores montos de pagos peri\u00f3dicos o un pago final mayor, seg\u00fan lo determine la Cooperativa de Cr\u00e9dito a su entera discreci\u00f3n. Tenga en cuenta que los pagos de tarjetas de cr\u00e9dito, pr\u00e9stamos sobre el valor neto de la vivienda, pr\u00e9stamos comerciales e hipotecas no son elegibles para esta oferta de Exenci\u00f3n para Educadores. BrightStar CU se reserva el derecho de rechazar esta oferta por cualquier motivo. La oferta est\u00e1 sujeta a cancelaci\u00f3n. Se aplican algunas restricciones. La oferta est\u00e1 sujeta a cambios en cualquier momento. \u00bfPreguntas? Ll\u00e1menos al 954-486-2728<\/span><\/p>\n<p>\n<\/div><\/div><\/div><\/div><\/div><\/div><script id=\"script-row-unique-2\" data-row=\"script-row-unique-2\" type=\"text\/javascript\" class=\"vc_controls\">UNCODE.initRow(document.getElementById(\"row-unique-2\"));<\/script><\/div><\/div><\/div>","protected":false},"excerpt":{"rendered":"Educator&#039;s BreakBeat the Back to School Blues! Take a break from your Auto Loan paymentLearn More You can take a [...]","protected":false},"author":8,"featured_media":0,"parent":3968,"menu_order":0,"comment_status":"closed","ping_status":"closed","template":"","meta":{"footnotes":""},"class_list":["post-4074","page","type-page","status-publish","hentry"],"_links":{"self":[{"href":"https:\/\/demo2.mybscu.org\/es\/wp-json\/wp\/v2\/pages\/4074","targetHints":{"allow":["GET"]}}],"collection":[{"href":"https:\/\/demo2.mybscu.org\/es\/wp-json\/wp\/v2\/pages"}],"about":[{"href":"https:\/\/demo2.mybscu.org\/es\/wp-json\/wp\/v2\/types\/page"}],"author":[{"embeddable":true,"href":"https:\/\/demo2.mybscu.org\/es\/wp-json\/wp\/v2\/users\/8"}],"replies":[{"embeddable":true,"href":"https:\/\/demo2.mybscu.org\/es\/wp-json\/wp\/v2\/comments?post=4074"}],"version-history":[{"count":3,"href":"https:\/\/demo2.mybscu.org\/es\/wp-json\/wp\/v2\/pages\/4074\/revisions"}],"predecessor-version":[{"id":16368,"href":"https:\/\/demo2.mybscu.org\/es\/wp-json\/wp\/v2\/pages\/4074\/revisions\/16368"}],"up":[{"embeddable":true,"href":"https:\/\/demo2.mybscu.org\/es\/wp-json\/wp\/v2\/pages\/3968"}],"wp:attachment":[{"href":"https:\/\/demo2.mybscu.org\/es\/wp-json\/wp\/v2\/media?parent=4074"}],"curies":[{"name":"wp","href":"https:\/\/api.w.org\/{rel}","templated":true}]}}