{"id":408,"date":"2016-08-22T17:20:06","date_gmt":"2016-08-22T17:20:06","guid":{"rendered":"http:\/\/192.185.79.221\/~bscu\/?page_id=408"},"modified":"2024-09-03T10:14:43","modified_gmt":"2024-09-03T14:14:43","slug":"directdeposit","status":"publish","type":"page","link":"https:\/\/demo2.mybscu.org\/es\/directdeposit\/","title":{"rendered":"Dep\u00f3sito directo"},"content":{"rendered":"<section data-parent=\"true\" class=\"vc_section style-color-xsdn-bg row-container with-parallax\" id=\"section-unique-0\"><div class=\"row-background background-element\">\n\t\t\t\t\t\t\t\t\t\t\t<div class=\"background-wrapper\">\n\t\t\t\t\t\t\t\t\t\t\t\t<div class=\"background-inner\" style=\"background-image: url(https:\/\/demo2.mybscu.org\/wp-content\/uploads\/2024\/08\/dtbgpro.jpg);background-repeat: no-repeat;background-position: center center;background-size: cover;\"><\/div>\n\t\t\t\t\t\t\t\t\t\t\t\t\n\t\t\t\t\t\t\t\t\t\t\t<\/div>\n\t\t\t\t\t\t\t\t\t\t<\/div><div class=\"row no-top-padding no-bottom-padding no-h-padding full-width row-parent\"><div data-parent=\"true\" class=\"vc_row vc_custom_1719346576362 row-container tablet-hidden mobile-hidden\" style=\"padding-top: 50px ;\" id=\"row-unique-0\"><div class=\"row unequal limit-width row-parent\" data-height-ratio=\"25\" data-minheight=\"150\"><div class=\"wpb_row row-inner\"><div class=\"wpb_column pos-middle pos-center align_left align_center_mobile column_parent col-lg-6 col-sm-100 no-internal-gutter\"><div class=\"uncol style-light\"  ><div class=\"uncoltable\"><div class=\"uncell no-block-padding\" ><div class=\"uncont\" ><div id=\"ultimate-heading-404969d9a5368041b\" class=\"uvc-heading ult-adjust-bottom-margin ultimate-heading-404969d9a5368041b uvc-9843\" data-hspacer=\"no_spacer\"  data-halign=\"left\" style=\"text-align:left\"><div class=\"uvc-heading-spacer no_spacer\" style=\"top\"><\/div><div class=\"uvc-main-heading ult-responsive\"  data-ultimate-target='.uvc-heading.ultimate-heading-404969d9a5368041b h1'  data-responsive-json-new='{\"font-size\":\"desktop:35px;\",\"line-height\":\"\"}' ><h1 style=\"font-weight:bold;color:#ffffff;\">Elige Dep\u00f3sito Directo con BrightStar<\/h1><\/div><div class=\"uvc-sub-heading ult-responsive\"  data-ultimate-target='.uvc-heading.ultimate-heading-404969d9a5368041b .uvc-sub-heading '  data-responsive-json-new='{\"font-size\":\"desktop:22px;\",\"line-height\":\"\"}'  style=\"font-weight:normal;color:#ffffff;\"><\/p>\n<p style=\"text-align: left;\">Experience fast, convenient, and secure deposits &#8211; now with Early Pay!<\/p>\n<p><\/div><\/div><div class=\"ult-spacer spacer-69d9a53680468\" data-id=\"69d9a53680468\" data-height=\"10\" data-height-mobile=\"10\" data-height-tab=\"10\" data-height-tab-portrait=\"\" data-height-mobile-landscape=\"\" style=\"clear:both;display:block;\"><\/div><span class=\"btn-container animate_when_almost_visible zoom-in\" ><a href=\"#more\" class=\"custom-link btn border-width-0 combo_qa btn-color-xsdn btn-round btn-shadow btn-shadow-std btn-icon-left btn-ripple-in btn-border-animated\" title=\"El enlace se desplazar\u00e1 hacia abajo\"><i class=\"fa fa-wpforms\"><\/i>M\u00c1S INFORMACI\u00d3N<\/a><\/span><div class=\"ult-spacer spacer-69d9a53680e1a\" data-id=\"69d9a53680e1a\" data-height=\"10\" data-height-mobile=\"10\" data-height-tab=\"10\" data-height-tab-portrait=\"\" data-height-mobile-landscape=\"\" style=\"clear:both;display:block;\"><\/div><div class=\"uncode_text_column\" ><\/p>\n<p style=\"text-align: left;\"><span style=\"color: #ffffff; font-size: 22px;\">Nuestro n\u00famero de ruta es <strong style=\"color: #ffffff;\">267078299<\/strong><\/span><\/p>\n<p>\n<\/div><\/div><\/div><\/div><\/div><\/div><div class=\"wpb_column pos-middle pos-center align_left column_parent col-lg-6 col-sm-clear single-internal-gutter\"><div class=\"uncol style-light\"  ><div class=\"uncoltable\"><div class=\"uncell no-block-padding\" ><div class=\"uncont\" ><\/div><\/div><\/div><\/div><\/div><script id=\"script-row-unique-0\" data-row=\"script-row-unique-0\" type=\"text\/javascript\" class=\"vc_controls\">UNCODE.initRow(document.getElementById(\"row-unique-0\"));<\/script><\/div><\/div><\/div><div data-parent=\"true\" class=\"vc_row vc_custom_1707321797794 row-container desktop-hidden\" style=\"padding-top: 80px ;\" id=\"row-unique-1\"><div class=\"row unequal full-width row-parent\" data-height-ratio=\"25\" data-minheight=\"150\"><div class=\"wpb_row row-inner\"><div class=\"wpb_column pos-middle pos-center align_left align_left_tablet align_left_mobile column_parent col-lg-6 col-sm-100 no-internal-gutter\"><div class=\"uncol style-light\"  ><div class=\"uncoltable\"><div class=\"uncell no-block-padding\" ><div class=\"uncont\" ><div id=\"ultimate-heading-427469d9a53682e1d\" class=\"uvc-heading ult-adjust-bottom-margin ultimate-heading-427469d9a53682e1d uvc-7699\" data-hspacer=\"no_spacer\"  data-halign=\"left\" style=\"text-align:left\"><div class=\"uvc-heading-spacer no_spacer\" style=\"top\"><\/div><div class=\"uvc-main-heading ult-responsive\"  data-ultimate-target='.uvc-heading.ultimate-heading-427469d9a53682e1d h1'  data-responsive-json-new='{\"font-size\":\"desktop:35px;\",\"line-height\":\"\"}' ><h1 style=\"font-weight:bold;color:#ffffff;\">Elige Dep\u00f3sito Directo con BrightStar<\/h1><\/div><div class=\"uvc-sub-heading ult-responsive\"  data-ultimate-target='.uvc-heading.ultimate-heading-427469d9a53682e1d .uvc-sub-heading '  data-responsive-json-new='{\"font-size\":\"desktop:22px;\",\"line-height\":\"\"}'  style=\"font-weight:normal;color:#ffffff;\"><\/p>\n<p style=\"text-align: left;\">Experience fast, convenient, and secure deposits &#8211; now with Early Pay!<\/p>\n<p><\/div><\/div><div class=\"ult-spacer spacer-69d9a53682e58\" data-id=\"69d9a53682e58\" data-height=\"10\" data-height-mobile=\"10\" data-height-tab=\"10\" data-height-tab-portrait=\"\" data-height-mobile-landscape=\"\" style=\"clear:both;display:block;\"><\/div><span class=\"btn-container animate_when_almost_visible zoom-in\" ><a href=\"#more\" class=\"custom-link btn border-width-0 combo_qa btn-color-xsdn btn-round btn-shadow btn-shadow-std btn-icon-left btn-ripple-in btn-border-animated\" title=\"El enlace se desplazar\u00e1 hacia abajo\"><i class=\"fa fa-wpforms\"><\/i>M\u00c1S INFORMACI\u00d3N<\/a><\/span><div class=\"ult-spacer spacer-69d9a53683657\" data-id=\"69d9a53683657\" data-height=\"10\" data-height-mobile=\"10\" data-height-tab=\"10\" data-height-tab-portrait=\"\" data-height-mobile-landscape=\"\" style=\"clear:both;display:block;\"><\/div><div class=\"uncode_text_column\" ><\/p>\n<p style=\"text-align: left;\"><span style=\"color: #ffffff; font-size: 22px;\">Nuestro n\u00famero de ruta es <strong style=\"color: #ffffff;\">267078299<\/strong><\/span><\/p>\n<p>\n<\/div><\/div><\/div><\/div><\/div><\/div><div class=\"wpb_column pos-middle pos-center align_left column_parent col-lg-6 col-sm-clear single-internal-gutter\"><div class=\"uncol style-light\"  ><div class=\"uncoltable\"><div class=\"uncell no-block-padding\" ><div class=\"uncont\" ><\/div><\/div><\/div><\/div><\/div><script id=\"script-row-unique-1\" data-row=\"script-row-unique-1\" type=\"text\/javascript\" class=\"vc_controls\">UNCODE.initRow(document.getElementById(\"row-unique-1\"));<\/script><\/div><\/div><\/div><div data-parent=\"true\" class=\"vc_row row-container has-dividers\" id=\"row-unique-2\"><div class=\"uncode-divider-wrap uncode-divider-wrap-bottom z_index_0 uncode-row-divider-invert\" style=\"height: 80px;\" data-height=\"80\" data-unit=\"px\"><svg version=\"1.1\" class=\"uncode-row-divider uncode-row-divider-curve\" x=\"0px\" y=\"0px\" width=\"240px\" height=\"24px\" viewbox=\"0 0 240 24\" enable-background=\"new 0 0 240 24\" xml:space=\"preserve\" preserveaspectratio=\"none\">\n\t\t<path fill=\"#ffffff\" fill-opacity=\"0.25\" d=\"M240,0H0v24l240-11.26V0z\"\/>\n\t\t<path fill=\"#ffffff\" d=\"M0,0h240v12.74L0,0z\"\/>\n\t\t<path fill=\"#ffffff\" fill-opacity=\"0.5\" d=\"M0,0h240v12.74H0V0z\"\/>\n\t\t<\/svg><\/div><div class=\"row unequal limit-width row-parent\" data-height-ratio=\"15\" data-minheight=\"10\"><div class=\"wpb_row row-inner\"><div class=\"wpb_column pos-middle pos-center align_center align_center_mobile column_parent col-lg-12 col-sm-100 no-internal-gutter\"><div class=\"uncol style-light\"  ><div class=\"uncoltable\"><div class=\"uncell no-block-padding\" ><div class=\"uncont\" >\n\t<div class=\"wpb_raw_code wpb_content_element wpb_raw_html\" >\n\t\t<div class=\"wpb_wrapper\">\n\t\t\t<a href=\"#more\">\n<div class=\"scroll-container\">\n<div class=\"scroll-arrow\"><\/div>\n<div class=\"scroll-arrow\"><\/div>\n<div class=\"scroll-arrow\"><\/div>\n<\/div>\n<\/a>\n\t\t<\/div>\n\t<\/div>\n<\/div><\/div><\/div><\/div><\/div><script id=\"script-row-unique-2\" data-row=\"script-row-unique-2\" type=\"text\/javascript\" class=\"vc_controls\">UNCODE.initRow(document.getElementById(\"row-unique-2\"));<\/script><\/div><\/div><\/div><script id=\"script-section-unique-0\" data-section=\"script-section-unique-0\" type=\"text\/javascript\">UNCODE.initSection(document.getElementById(\"section-unique-0\"));<\/script><\/div><\/section><div data-parent=\"true\" class=\"vc_row style-color-xsdn-bg vc_custom_1724811696541 row-container onepage-section\" data-label=\"more\" data-name=\"more\" style=\"padding-top: 20px ;padding-bottom: 20px ;\" id=\"row-unique-3\"><div class=\"row limit-width row-parent\"><div class=\"wpb_row row-inner\"><div class=\"wpb_column pos-top pos-center align_left column_parent col-lg-6 single-internal-gutter\"><div class=\"uncol style-light\"  ><div class=\"uncoltable\"><div class=\"uncell no-block-padding\" ><div class=\"uncont\" ><div class=\"aio-icon-component    style_2\"><div id=\"Info-box-wrap-4292\" class=\"aio-icon-box default-icon\" style=\"\"  ><div class=\"aio-icon-default\"><div class=\"ult-just-icon-wrapper\"><div class=\"align-icon\" style=\"text-align:center;\">\n<div class=\"aio-icon none\" data-animation=\"swing\" data-animation-delay=\"03\" style=\"color:#00475f;font-size:48px;display:inline-block;\">\n\t<i class=\"Defaults-heart\"><\/i>\n<\/div><\/div><\/div><\/div><div class=\"aio-icon-header\" ><h3 class=\"aio-icon-title ult-responsive\"  data-ultimate-target='#Info-box-wrap-4292 .aio-icon-title'  data-responsive-json-new='{\"font-size\":\"desktop:20px;\",\"line-height\":\"\"}'  style=\"\">Cobra m\u00e1s r\u00e1pido con BrightStar Early Pay<\/h3><\/div> <!-- header --><\/div> <!-- aio-icon-box --><\/div> <!-- aio-icon-component --><div class=\"uncode_text_column\" ><\/p>\n<p style=\"text-align: left;\"><span style=\"color: #000000;\">Si tiene configurado el dep\u00f3sito directo de n\u00f3mina por parte de su empleador, ahora ver\u00e1 esos fondos reflejados en su cuenta.\u00a0<strong>\u00a1Hasta dos d\u00edas antes!<\/strong>\u00a0Este beneficio te permite acceder antes al dinero que tanto te ha costado ganar.<\/span><\/p>\n<p style=\"text-align: left;\"><span style=\"color: #000000;\">Para aprovechar este beneficio, configure el dep\u00f3sito directo utilizando su cuenta bancaria.\u00a0<strong>N\u00famero de cuenta y de ruta de BrightStar<\/strong>\u00a0con su empleador.<\/span><\/p>\n<p>\n<\/div><\/div><\/div><\/div><\/div><\/div><div class=\"wpb_column pos-top pos-center align_left column_parent col-lg-6 single-internal-gutter\"><div class=\"uncol style-light\"  ><div class=\"uncoltable\"><div class=\"uncell no-block-padding\" ><div class=\"uncont\" ><div class=\"aio-icon-component    style_2\"><div id=\"Info-box-wrap-4514\" class=\"aio-icon-box default-icon\" style=\"\"  ><div class=\"aio-icon-default\"><div class=\"ult-just-icon-wrapper\"><div class=\"align-icon\" style=\"text-align:center;\">\n<div class=\"aio-icon none\" data-animation=\"swing\" data-animation-delay=\"03\" style=\"color:#00475f;font-size:48px;display:inline-block;\">\n\t<i class=\"Defaults-thumbs-o-up\"><\/i>\n<\/div><\/div><\/div><\/div><div class=\"aio-icon-header\" ><h3 class=\"aio-icon-title ult-responsive\"  data-ultimate-target='#Info-box-wrap-4514 .aio-icon-title'  data-responsive-json-new='{\"font-size\":\"desktop:20px;\",\"line-height\":\"\"}'  style=\"\">\u00bfPor qu\u00e9 elegir el dep\u00f3sito directo de BrightStar?<\/h3><\/div> <!-- header --><\/div> <!-- aio-icon-box --><\/div> <!-- aio-icon-component --><div class=\"uavc-list-icon uavc-list-icon-wrapper ult-adjust-bottom-margin\"><ul class=\"uavc-list\"><li><div class=\"uavc-list-content\" id=\"list-icon-wrap-2068\">\n<div class=\"uavc-list-icon\" data-animation=\"\" data-animation-delay=\"03\" style=\"margin-right:5px;\"><div class=\"ult-just-icon-wrapper\"><div class=\"align-icon\" style=\"text-align:center;\">\n<div class=\"aio-icon none\"  style=\"color:#81d742;font-size:20px;display:inline-block;\">\n\t<i class=\"Defaults-check\"><\/i>\n<\/div><\/div><\/div>\n<\/div><span  data-ultimate-target='#list-icon-wrap-2068 .uavc-list-desc'  data-responsive-json-new='{\"font-size\":\"\",\"line-height\":\"\"}'  class=\"uavc-list-desc ult-responsive\" style=\"\"><span style=\"color: #000000;\">Cobra hasta dos d\u00edas antes*<\/span><\/span><\/div><\/li><li><div class=\"uavc-list-content\" id=\"list-icon-wrap-9112\">\n<div class=\"uavc-list-icon\" data-animation=\"\" data-animation-delay=\"03\" style=\"margin-right:5px;\"><div class=\"ult-just-icon-wrapper\"><div class=\"align-icon\" style=\"text-align:center;\">\n<div class=\"aio-icon none\"  style=\"color:#81d742;font-size:20px;display:inline-block;\">\n\t<i class=\"Defaults-check\"><\/i>\n<\/div><\/div><\/div>\n<\/div><span  data-ultimate-target='#list-icon-wrap-9112 .uavc-list-desc'  data-responsive-json-new='{\"font-size\":\"\",\"line-height\":\"\"}'  class=\"uavc-list-desc ult-responsive\" style=\"\"><span style=\"color: #000000;\">Dep\u00f3sitos autom\u00e1ticos y seguros<\/span><\/span><\/div><\/li><li><div class=\"uavc-list-content\" id=\"list-icon-wrap-1147\">\n<div class=\"uavc-list-icon\" data-animation=\"\" data-animation-delay=\"03\" style=\"margin-right:5px;\"><div class=\"ult-just-icon-wrapper\"><div class=\"align-icon\" style=\"text-align:center;\">\n<div class=\"aio-icon none\"  style=\"color:#81d742;font-size:20px;display:inline-block;\">\n\t<i class=\"Defaults-check\"><\/i>\n<\/div><\/div><\/div>\n<\/div><span  data-ultimate-target='#list-icon-wrap-1147 .uavc-list-desc'  data-responsive-json-new='{\"font-size\":\"\",\"line-height\":\"\"}'  class=\"uavc-list-desc ult-responsive\" style=\"\"><span style=\"color: #000000;\">\u00a1Se acabaron los cheques perdidos o robados!<\/span><\/span><\/div><\/li><li><div class=\"uavc-list-content\" id=\"list-icon-wrap-2328\">\n<div class=\"uavc-list-icon\" data-animation=\"\" data-animation-delay=\"03\" style=\"margin-right:5px;\"><div class=\"ult-just-icon-wrapper\"><div class=\"align-icon\" style=\"text-align:center;\">\n<div class=\"aio-icon none\"  style=\"color:#81d742;font-size:20px;display:inline-block;\">\n\t<i class=\"Defaults-check\"><\/i>\n<\/div><\/div><\/div>\n<\/div><span  data-ultimate-target='#list-icon-wrap-2328 .uavc-list-desc'  data-responsive-json-new='{\"font-size\":\"\",\"line-height\":\"\"}'  class=\"uavc-list-desc ult-responsive\" style=\"\"><span style=\"color: #000000;\">Acceso f\u00e1cil a tus fondos a trav\u00e9s de la banca online y m\u00f3vil<\/span><\/span><\/div><\/li><\/ul><\/div><\/div><\/div><\/div><\/div><\/div><script id=\"script-row-unique-3\" data-row=\"script-row-unique-3\" type=\"text\/javascript\" class=\"vc_controls\">UNCODE.initRow(document.getElementById(\"row-unique-3\"));<\/script><\/div><\/div><\/div><div data-parent=\"true\" class=\"vc_row style-color-xsdn-bg vc_custom_1724850745609 row-container\" style=\"padding-top: 20px ;padding-bottom: 20px ;\" id=\"row-unique-4\"><div class=\"row col-half-gutter limit-width row-parent\"><div class=\"wpb_row row-inner\"><div class=\"wpb_column pos-top pos-center align_left column_parent col-lg-12 single-internal-gutter\"><div class=\"uncol style-light\"  ><div class=\"uncoltable\"><div class=\"uncell no-block-padding\" ><div class=\"uncont\" >\n\t<div class=\"wpb_raw_code wpb_content_element wpb_raw_html\" >\n\t\t<div class=\"wpb_wrapper\">\n\t\t\t<div style=\"border: 1px solid #ddd; border-radius: 4px; padding: 20px; margin-bottom: 20px; font-family: Arial, sans-serif;\">\n    <h4 style=\"color: #00475f;\">Formularios de dep\u00f3sito directo<\/h4>\n    <p style=\"color:#000000\">Para configurar su dep\u00f3sito directo, es posible que deba proporcionar un formulario a su empleador o proveedor de beneficios. Elija el formulario correspondiente a continuaci\u00f3n:<\/p>\n    <div style=\"display: flex; flex-wrap: wrap; justify-content: space-between; gap: 15px; margin-top: 15px;\">\n        <a href=\"https:\/\/www.bscu.org\/wp-content\/uploads\/2016\/08\/bscu_direct_deposit.pdf\" style=\"display: flex; flex-direction: column; align-items: center; background-color: #00475f; color: white; padding: 15px; text-decoration: none; border-radius: 4px; flex: 1 0 calc(33.333% - 10px); min-width: 200px; text-align: center;\">\n            <svg xmlns=\"http:\/\/www.w3.org\/2000\/svg\" width=\"24\" height=\"24\" viewbox=\"0 0 24 24\" fill=\"none\" stroke=\"currentColor\" stroke-width=\"2\" stroke-linecap=\"round\" stroke-linejoin=\"round\" style=\"margin-bottom: 10px;\"><path d=\"M14 2H6a2 2 0 0 0-2 2v16a2 2 0 0 0 2 2h12a2 2 0 0 0 2-2V8z\"><\/path><polyline points=\"14 2 14 8 20 8\"><\/polyline><line x1=\"16\" y1=\"13\" x2=\"8\" y2=\"13\"><\/line><line x1=\"16\" y1=\"17\" x2=\"8\" y2=\"17\"><\/line><polyline points=\"10 9 9 9 8 9\"><\/polyline><\/svg>\n            Descargar el formulario de dep\u00f3sito directo de BrightStar\n        <\/a>\n        <a href=\"https:\/\/www.bscu.org\/wp-content\/uploads\/2016\/08\/gvmt_direct_deposit.pdf\" style=\"display: flex; flex-direction: column; align-items: center; background-color: #00475f; color: white; padding: 15px; text-decoration: none; border-radius: 4px; flex: 1 0 calc(33.333% - 10px); min-width: 200px; text-align: center;\">\n           <svg xmlns=\"http:\/\/www.w3.org\/2000\/svg\" width=\"24\" height=\"24\" viewbox=\"0 0 24 24\" fill=\"none\" stroke=\"currentColor\" stroke-width=\"2\" stroke-linecap=\"round\" stroke-linejoin=\"round\" style=\"margin-bottom: 10px;\"><path d=\"M14 2H6a2 2 0 0 0-2 2v16a2 2 0 0 0 2 2h12a2 2 0 0 0 2-2V8z\"><\/path><polyline points=\"14 2 14 8 20 8\"><\/polyline><line x1=\"16\" y1=\"13\" x2=\"8\" y2=\"13\"><\/line><line x1=\"16\" y1=\"17\" x2=\"8\" y2=\"17\"><\/line><polyline points=\"10 9 9 9 8 9\"><\/polyline><\/svg>\n            Descargue el formulario de dep\u00f3sito directo del gobierno\n        <\/a>\n        <a href=\"\/es\/accountdetails\/\" style=\"display: flex; flex-direction: column; align-items: center; background-color: #00475f; color: white; padding: 15px; text-decoration: none; border-radius: 4px; flex: 1 0 calc(33.333% - 10px); min-width: 200px; text-align: center;\">\n            <svg xmlns=\"http:\/\/www.w3.org\/2000\/svg\" width=\"24\" height=\"24\" viewbox=\"0 0 24 24\" fill=\"none\" stroke=\"currentColor\" stroke-width=\"2\" stroke-linecap=\"round\" stroke-linejoin=\"round\" style=\"margin-bottom: 10px;\"><circle cx=\"11\" cy=\"11\" r=\"8\"><\/circle><line x1=\"21\" y1=\"21\" x2=\"16.65\" y2=\"16.65\"><\/line><\/svg>\n            Encuentra tu n\u00famero de cuenta\n        <\/a>\n    <\/div>\n    <p style=\"margin-top: 15px;color:#000000\">Si utiliza su propio formulario, recuerde usar el n\u00famero de ruta de BrightStar: <b>267078299<\/b><\/p>\n<\/div>\n\t\t<\/div>\n\t<\/div>\n<\/div><\/div><\/div><\/div><\/div><script id=\"script-row-unique-4\" data-row=\"script-row-unique-4\" type=\"text\/javascript\" class=\"vc_controls\">UNCODE.initRow(document.getElementById(\"row-unique-4\"));<\/script><\/div><\/div><\/div><div data-parent=\"true\" class=\"vc_row style-color-xsdn-bg vc_custom_1724850745609 row-container\" style=\"padding-top: 20px ;padding-bottom: 20px ;\" id=\"row-unique-5\"><div class=\"row col-half-gutter limit-width row-parent\"><div class=\"wpb_row row-inner\"><div class=\"wpb_column pos-top pos-center align_left column_parent col-lg-12 single-internal-gutter\"><div class=\"uncol style-light\"  ><div class=\"uncoltable\"><div class=\"uncell no-block-padding\" ><div class=\"uncont\" ><div class=\"uncode_text_column vc_custom_1724850738457\"  style=\"padding-bottom: 20px ;\"><\/p>\n<p style=\"font-size: 1em;\" align=\"justify\"><span style=\"color: #000000;\">*El acceso anticipado a los fondos no est\u00e1 garantizado y depende de la recepci\u00f3n del dep\u00f3sito directo del remitente.<\/span><\/p>\n<p>\n<\/div><\/div><\/div><\/div><\/div><\/div><script id=\"script-row-unique-5\" data-row=\"script-row-unique-5\" type=\"text\/javascript\" class=\"vc_controls\">UNCODE.initRow(document.getElementById(\"row-unique-5\"));<\/script><\/div><\/div><\/div>","protected":false},"excerpt":{"rendered":"<p>Get paid early with BrightStar Credit Union&#8217;s Direct Deposit. Enjoy fast, secure access to your funds\u2014experience early pay benefits today!<\/p>","protected":false},"author":8,"featured_media":0,"parent":0,"menu_order":0,"comment_status":"closed","ping_status":"closed","template":"","meta":{"footnotes":""},"class_list":["post-408","page","type-page","status-publish","hentry"],"_links":{"self":[{"href":"https:\/\/demo2.mybscu.org\/es\/wp-json\/wp\/v2\/pages\/408","targetHints":{"allow":["GET"]}}],"collection":[{"href":"https:\/\/demo2.mybscu.org\/es\/wp-json\/wp\/v2\/pages"}],"about":[{"href":"https:\/\/demo2.mybscu.org\/es\/wp-json\/wp\/v2\/types\/page"}],"author":[{"embeddable":true,"href":"https:\/\/demo2.mybscu.org\/es\/wp-json\/wp\/v2\/users\/8"}],"replies":[{"embeddable":true,"href":"https:\/\/demo2.mybscu.org\/es\/wp-json\/wp\/v2\/comments?post=408"}],"version-history":[{"count":4,"href":"https:\/\/demo2.mybscu.org\/es\/wp-json\/wp\/v2\/pages\/408\/revisions"}],"predecessor-version":[{"id":16583,"href":"https:\/\/demo2.mybscu.org\/es\/wp-json\/wp\/v2\/pages\/408\/revisions\/16583"}],"wp:attachment":[{"href":"https:\/\/demo2.mybscu.org\/es\/wp-json\/wp\/v2\/media?parent=408"}],"curies":[{"name":"wp","href":"https:\/\/api.w.org\/{rel}","templated":true}]}}