{"id":433,"date":"2016-08-22T19:08:19","date_gmt":"2016-08-22T19:08:19","guid":{"rendered":"http:\/\/192.185.79.221\/~bscu\/?page_id=433"},"modified":"2024-01-30T08:49:06","modified_gmt":"2024-01-30T13:49:06","slug":"national-mortgage-licensing-system-registry-nmls","status":"publish","type":"page","link":"https:\/\/demo2.mybscu.org\/es\/aboutus\/national-mortgage-licensing-system-registry-nmls\/","title":{"rendered":"Sistema y registro nacional de licencias hipotecarias (NMLS)"},"content":{"rendered":"<div data-parent=\"true\" class=\"vc_row vc_custom_1470336178897 row-container\" style=\"margin-bottom: 25px ;\" id=\"row-unique-0\"><div class=\"row limit-width row-parent\"><div class=\"wpb_row row-inner\"><div class=\"wpb_column pos-top pos-center align_left column_parent col-lg-12 single-internal-gutter\"><div class=\"uncol style-light\"  ><div class=\"uncoltable\"><div class=\"uncell  vc_custom_1469730998120 border-color-204383-color no-block-padding\" style=\"border-style: solid;border-bottom-width: 1px ;padding-bottom: 35px ;\" ><div class=\"uncont\" ><div class=\"vc_custom_heading_wrap\"><div class=\"heading-text el-text\" ><h1 class=\"h1\" ><span>Sistema Nacional de Licencias y Registro Hipotecario (NMLS)<\/span><\/h1><\/div><div class=\"clear\"><\/div><\/div><\/div><\/div><\/div><\/div><\/div><script id=\"script-row-unique-0\" data-row=\"script-row-unique-0\" type=\"text\/javascript\" class=\"vc_controls\">UNCODE.initRow(document.getElementById(\"row-unique-0\"));<\/script><\/div><\/div><\/div><div data-parent=\"true\" class=\"vc_row vc_custom_1471964161773 row-container\" style=\"margin-bottom: 50px ;\" id=\"row-unique-1\"><div class=\"row limit-width row-parent\"><div class=\"wpb_row row-inner\"><div class=\"wpb_column pos-top pos-center align_left column_parent col-lg-8 single-internal-gutter\"><div class=\"uncol style-light\"  ><div class=\"uncoltable\"><div class=\"uncell no-block-padding\" ><div class=\"uncont\" ><div class=\"uncode_text_column vc_custom_1469730754575\"  style=\"margin-top: 40px ;margin-bottom: 40px ;\"><p><img decoding=\"async\" style=\"width: 100%;\" src=\"https:\/\/demo2.mybscu.org\/wp-content\/uploads\/2016\/07\/LargeImage_BSCU-MortgageLicensingSystem.jpg\" \/><\/p>\n<\/div><div class=\"uncode_text_column vc_custom_1706622534849\"  style=\"margin-top: 20px ;\"><\/p>\n<h2><span style=\"color: #000000;\">Cooperativa de cr\u00e9dito BrightStar NMLS# 582860<\/span><\/h2>\n<h3><span style=\"color: #000000;\">Originador de pr\u00e9stamos hipotecarios<\/span><\/h3>\n<p style=\"text-align: left;\"><span style=\"color: #000000;\">585522 Bacco Kathleen<br \/>\n2515235 Benjam\u00edn Letitia<br \/>\n1040666 Biddersingh Velma<br \/>\n2527215 Escoba Ruthy<br \/>\n2465706 Burrows Bria<br \/>\n1527733 Burton Bernard<br \/>\n1244520 C\u00e1rdenas Manuel<br \/>\n1070060 Carrera Yaskara<br \/>\n1859478 Clarke Aundrae<br \/>\n1242078 Co Marilyn<br \/>\n2548999 Colmenares Grecia<br \/>\n1393370 Cordero Yamarie<br \/>\n599594 Crespo Rosa<br \/>\n1502794 Crisanto Alem\u00e1n<br \/>\n1502749 Daubert Caridad<br \/>\n2413057 D\u00edaz Julio<br \/>\n923843 Dietz Neal<br \/>\n924853 Donahue John<br \/>\n1926385 Dorvilne Frantz<br \/>\n1573663 Elliott Deniece<br \/>\n1424088 Ellis-Ocampo Angie<br \/>\n688849 Evangelista Cristina<br \/>\n2513890 Francis Kristal<br \/>\n826216 Gonz\u00e1lez B\u00e1rbara<br \/>\n2486193 Gonz\u00e1lez Fiordaliza<br \/>\n1601070 Gowdie Shaneil<br \/>\n2500405 Graham QuaNeika<br \/>\n2428521 Grant Georgia<br \/>\n1760357 Guzm\u00e1n Cherdyne<br \/>\n2435072 Hackshaw Natalie<br \/>\n706546 Jacobs Dionne<br \/>\n1683643 Ja\u00e9n Kostyukhina Alexandra<br \/>\n1747473 Johnson Amber<br \/>\n1334998 LORENZO CINTA<br \/>\n1777883 Londres Sebasti\u00e1n<br \/>\n2078444 Luis Syndy<br \/>\n1504926 Luna Zunilda<br \/>\n810963 Mayor Jenay<br \/>\n1312392 Maldonado Milagro<br \/>\n1647302 Mart\u00ednez Marcela<br \/>\n1792551 Massa Megan<br \/>\n784874 Mateo David<br \/>\n2351209 Metellus Ridson<br \/>\n663066 Mohammed Fareda<br \/>\n1036220 Morgan Jamie<br \/>\n475573 Nandan Narima<br \/>\n1192319 Naci\u00f3n Alexis<br \/>\n660338 Navarrete Phillip<br \/>\n1209043 Poole Kirsten<br \/>\n2070976 Director Kerline<br \/>\n2570588 Qui\u00f1ones Anthony<br \/>\n662702 RAMJEET MANISHA<br \/>\n2115791 Recalde Mar\u00eda<br \/>\n1447486 Restrepo Liliana<br \/>\n2428586 Richardson-Chishom Wendy<br \/>\n1524656 Rivera Jannys<br \/>\n710347 Ruddy Amanda<br \/>\n2533602 Ruiz Andrea<br \/>\n2063474 SANDERSON RASHIDIA<br \/>\n1127484 Sarno Aimee<br \/>\n1561811 Sifontes Lista Andrea<br \/>\n1244271 Tavarez Daniel<br \/>\n1504765 Thomas Forrester Eugenia<br \/>\n1423754 Tiggertt Courtney<br \/>\n2372984 Valle Martina<br \/>\n671360 Vung Hau<br \/>\n1134066 Williams Janita<br \/>\n2426018 Wright Rashard<br \/>\n2520447 Brandi joven<br \/>\n1373127 Youssef Reina<\/span><\/p>\n<p>\n<\/div><\/div><\/div><\/div><\/div><\/div><div class=\"wpb_column pos-top pos-center align_left column_parent col-lg-4 single-internal-gutter\"><div class=\"uncol style-light\"  ><div class=\"uncoltable\"><div class=\"uncell no-block-padding\" ><div class=\"uncont\" ><div class=\"uncode_text_column text-lead\" ><\/p>\n<h4>Enlaces r\u00e1pidos<\/h4>\n<p>\n<\/div><div class=\"vc_wp_custommenu wpb_content_element sidebar-nav\"  data-id=\"1\"><div class=\"widget widget_nav_menu\"><div class=\"menu-sidebar-menu-container\"><ul id=\"menu-sidebar-menu\" class=\"menu\"><li id=\"menu-item-198\" class=\"menu-item menu-item-type-post_type menu-item-object-page menu-item-198\"><a href=\"https:\/\/demo2.mybscu.org\/es\/onlinebanking\/\"><i class=\"side-icon genericon genericon-next\"><\/i>Extractos electr\u00f3nicos de BrightStar<\/a><\/li>\n<li id=\"menu-item-6514\" class=\"menu-item menu-item-type-post_type menu-item-object-page menu-item-6514\"><a href=\"https:\/\/demo2.mybscu.org\/es\/courtesypay\/\"><i class=\"side-icon genericon genericon-next\"><\/i>Pago de cortes\u00eda<\/a><\/li>\n<li id=\"menu-item-459\" class=\"menu-item menu-item-type-post_type menu-item-object-page menu-item-459\"><a href=\"https:\/\/demo2.mybscu.org\/es\/directdeposit\/\"><i class=\"side-icon genericon genericon-next\"><\/i>Dep\u00f3sito directo<\/a><\/li>\n<li id=\"menu-item-197\" class=\"menu-item menu-item-type-post_type menu-item-object-page menu-item-197\"><a href=\"https:\/\/demo2.mybscu.org\/es\/moneydesktop\/\"><i class=\"side-icon genericon genericon-next\"><\/i>Dinero de escritorio<\/a><\/li>\n<li id=\"menu-item-458\" class=\"menu-item menu-item-type-post_type menu-item-object-page menu-item-458\"><a href=\"https:\/\/demo2.mybscu.org\/es\/onlinebanking\/\"><i class=\"side-icon genericon genericon-next\"><\/i>Banca en l\u00ednea y pago de facturas<\/a><\/li>\n<li id=\"menu-item-466\" class=\"menu-item menu-item-type-post_type menu-item-object-page menu-item-466\"><a href=\"https:\/\/demo2.mybscu.org\/es\/debitcard\/\"><i class=\"side-icon genericon genericon-next\"><\/i>Tarjeta de cheques Visa<\/a><\/li>\n<li id=\"menu-item-200\" class=\"menu-item menu-item-type-post_type menu-item-object-page menu-item-200\"><a href=\"https:\/\/demo2.mybscu.org\/es\/skipapay\/\"><i class=\"side-icon genericon genericon-next\"><\/i>Saltar un pago<\/a><\/li>\n<li id=\"menu-item-196\" class=\"menu-item menu-item-type-post_type menu-item-object-page menu-item-196\"><a href=\"https:\/\/demo2.mybscu.org\/es\/mobilebanking\/\"><i class=\"side-icon genericon genericon-next\"><\/i>Aplicaciones para tel\u00e9fonos inteligentes<\/a><\/li>\n<\/ul><\/div><\/div><\/div><div class=\"uncode_text_column text-lead\" ><\/p>\n<h4>Preguntas frecuentes<\/h4>\n<p>\n<\/div><div class=\"uncode-accordion wpb_accordion wpb_content_element  sign-size-rg w-border\" data-collapsible=\"no\" data-target=\"\" data-active-tab=\"0\" >\n\t\t<div class=\"panel-group wpb_wrapper wpb_accordion_wrapper\" id=\"accordion_2091384485\" role=\"tablist\" aria-multiselectable=\"true\" data-no-toggle=\"\">\n\n<div class=\"panel panel-default wpb_accordion_section group\"><div class=\"panel-heading wpb_accordion_header ui-accordion-header\" role=\"tab\"><p class=\"panel-title font-weight- text-   icon-size-rg\"><a data-toggle=\"collapse\" data-parent=\"#accordion_2091384485\" href=\"#b5ec8b14-7c8c-6\"><span>\u00bfC\u00f3mo me uno a BrightStar CU?<\/span><\/a><\/p><\/div><div id=\"b5ec8b14-7c8c-6\" class=\"panel-collapse collapse\" role=\"tabpanel\"><div class=\"panel-body wpb_accordion_content ui-accordion-content half-internal-gutter single-block-padding\">\n\t\t\t\t\t\t<div class=\"uncode_text_column\" ><p>Cuando abre una cuenta de BrightStar CU, se convierte en miembro. Su membres\u00eda es su pasaporte a todo un mundo de servicios de cooperativas de cr\u00e9dito. \u00danase por tan solo $1. Una vez que sea miembro, podr\u00e1 solicitar otras cuentas, incluidas cuentas corrientes, pr\u00e9stamos, tarjetas de cr\u00e9dito y m\u00e1s. Ofrecemos 3 formas convenientes de unirse:<\/p>\n<ul>\n<li>Presentar una solicitud en l\u00ednea<\/li>\n<li>Complete una solicitud PDF en l\u00ednea y luego env\u00edela por correo<\/li>\n<li>Visite la sucursal BrightStar CU m\u00e1s cercana<\/li>\n<\/ul>\n<p>\n<\/div><\/div><\/div><\/div><div class=\"panel panel-default wpb_accordion_section group\"><div class=\"panel-heading wpb_accordion_header ui-accordion-header\" role=\"tab\"><p class=\"panel-title font-weight- text-   icon-size-rg\"><a data-toggle=\"collapse\" data-parent=\"#accordion_2091384485\" href=\"#6e2400e3-ece0-7\"><span>\u00bfQui\u00e9n es elegible para unirse?<\/span><\/a><\/p><\/div><div id=\"6e2400e3-ece0-7\" class=\"panel-collapse collapse\" role=\"tabpanel\"><div class=\"panel-body wpb_accordion_content ui-accordion-content half-internal-gutter single-block-padding\">\n\t\t\t\t\t\t<div class=\"uncode_text_column\" ><\/p>\n<p class=\"p1\"><span class=\"s1\">Cualquier persona que viva, trabaje o estudie en los condados de Broward, Collier, Lee, Martin, Miami-Dade, Palm Beach o St. Lucie, Pinellas, Hillsborough, Polk, Osceola, Brevard, Manatee, Hardee, Highlands, Okeechobee, Indian River, Sarasota, DeSoto, Charlotte, Glades, Hendry y Monroe, Florida. BrightStar CU presta servicios a las escuelas de Broward, como lo hemos hecho con orgullo durante m\u00e1s de 70 a\u00f1os. Ofrecemos servicios a organizaciones asociadas locales, las cuales ofrecen BrightStar CU como beneficio para sus empleados. Los familiares de los miembros de las organizaciones mencionadas tambi\u00e9n pueden unirse.<\/span><\/p>\n<p>\n<\/div><\/div><\/div><\/div>\n\t\t<\/div><\/div><\/div><\/div><\/div><\/div><\/div><script id=\"script-row-unique-1\" data-row=\"script-row-unique-1\" type=\"text\/javascript\" class=\"vc_controls\">UNCODE.initRow(document.getElementById(\"row-unique-1\"));<\/script><\/div><\/div><\/div><div data-parent=\"true\" class=\"vc_row row-container\" id=\"row-unique-2\"><div class=\"row limit-width row-parent\"><div class=\"wpb_row row-inner\"><div class=\"wpb_column pos-top pos-center align_left column_parent col-lg-12 single-internal-gutter\"><div class=\"uncol style-light\"  ><div class=\"uncoltable\"><div class=\"uncell no-block-padding\" ><div class=\"uncont\" ><div class=\"uncode_text_column\" ><\/p>\n<p class=\"disclaimer\"><span style=\"color: #000000;\">\u00daltima actualizaci\u00f3n: 29-01-2024<\/span><\/p>\n<p>\n<\/div><\/div><\/div><\/div><\/div><\/div><script id=\"script-row-unique-2\" data-row=\"script-row-unique-2\" type=\"text\/javascript\" class=\"vc_controls\">UNCODE.initRow(document.getElementById(\"row-unique-2\"));<\/script><\/div><\/div><\/div><div data-parent=\"true\" class=\"vc_row row-container\" id=\"row-unique-3\"><div class=\"row limit-width row-parent\"><div class=\"wpb_row row-inner\"><div class=\"wpb_column pos-top pos-center align_left column_parent col-lg-12 single-internal-gutter\"><div class=\"uncol style-light\"  ><div class=\"uncoltable\"><div class=\"uncell no-block-padding\" ><div class=\"uncont\" ><div class=\"uncode_text_column\" ><\/p>\n<p>\n<\/div><\/div><\/div><\/div><\/div><\/div><script id=\"script-row-unique-3\" data-row=\"script-row-unique-3\" type=\"text\/javascript\" class=\"vc_controls\">UNCODE.initRow(document.getElementById(\"row-unique-3\"));<\/script><\/div><\/div><\/div>","protected":false},"excerpt":{"rendered":"National Mortgage Licensing System &amp; Registry (NMLS) BrightStar Credit Union NMLS# 582860 Mortgage Loan Originator 585522 Bacco Kathleen 2515235 Benjamin [...]","protected":false},"author":8,"featured_media":0,"parent":208,"menu_order":6,"comment_status":"closed","ping_status":"closed","template":"","meta":{"footnotes":""},"class_list":["post-433","page","type-page","status-publish","hentry"],"_links":{"self":[{"href":"https:\/\/demo2.mybscu.org\/es\/wp-json\/wp\/v2\/pages\/433","targetHints":{"allow":["GET"]}}],"collection":[{"href":"https:\/\/demo2.mybscu.org\/es\/wp-json\/wp\/v2\/pages"}],"about":[{"href":"https:\/\/demo2.mybscu.org\/es\/wp-json\/wp\/v2\/types\/page"}],"author":[{"embeddable":true,"href":"https:\/\/demo2.mybscu.org\/es\/wp-json\/wp\/v2\/users\/8"}],"replies":[{"embeddable":true,"href":"https:\/\/demo2.mybscu.org\/es\/wp-json\/wp\/v2\/comments?post=433"}],"version-history":[{"count":3,"href":"https:\/\/demo2.mybscu.org\/es\/wp-json\/wp\/v2\/pages\/433\/revisions"}],"predecessor-version":[{"id":15613,"href":"https:\/\/demo2.mybscu.org\/es\/wp-json\/wp\/v2\/pages\/433\/revisions\/15613"}],"up":[{"embeddable":true,"href":"https:\/\/demo2.mybscu.org\/es\/wp-json\/wp\/v2\/pages\/208"}],"wp:attachment":[{"href":"https:\/\/demo2.mybscu.org\/es\/wp-json\/wp\/v2\/media?parent=433"}],"curies":[{"name":"wp","href":"https:\/\/api.w.org\/{rel}","templated":true}]}}