{"id":4943,"date":"2018-01-24T15:59:02","date_gmt":"2018-01-24T15:59:02","guid":{"rendered":"https:\/\/demo2.mybscu.org\/?page_id=4943"},"modified":"2023-11-22T12:46:41","modified_gmt":"2023-11-22T17:46:41","slug":"discounts","status":"publish","type":"page","link":"https:\/\/demo2.mybscu.org\/es\/discounts\/","title":{"rendered":"Descuentos para miembros"},"content":{"rendered":"<section data-parent=\"true\" class=\"vc_section row-container\" id=\"section-unique-0\"><div class=\"row-background background-element\">\n\t\t\t\t\t\t\t\t\t\t\t<div class=\"background-wrapper\">\n\t\t\t\t\t\t\t\t\t\t\t\t<div class=\"background-inner\" style=\"background-image: url(https:\/\/demo2.mybscu.org\/wp-content\/uploads\/2018\/01\/member-discounts-p.jpg);background-repeat: no-repeat;background-position: center top;background-attachment: scroll;background-size: cover;\"><\/div>\n\t\t\t\t\t\t\t\t\t\t\t\t<div class=\"block-bg-overlay style-color-wayh-bg\" style=\"opacity: 0.6;\"><\/div>\n\t\t\t\t\t\t\t\t\t\t\t<\/div>\n\t\t\t\t\t\t\t\t\t\t<\/div><div class=\"row no-top-padding no-bottom-padding no-h-padding full-width row-parent\"><div data-parent=\"true\" class=\"vc_row row-container\" id=\"row-unique-0\"><div class=\"row unequal limit-width row-parent\" data-height-ratio=\"40\" data-minheight=\"300\"><div class=\"wpb_row row-inner\"><div class=\"wpb_column pos-middle pos-center align_center align_center_mobile column_parent col-lg-12 no-internal-gutter\"><div class=\"uncol style-light\"  ><div class=\"uncoltable\"><div class=\"uncell no-block-padding\" ><div class=\"uncont\" ><div id=\"ultimate-heading-343669d9a54f2933c\" class=\"uvc-heading ult-adjust-bottom-margin ultimate-heading-343669d9a54f2933c uvc-7983\" data-hspacer=\"no_spacer\"  data-halign=\"center\" style=\"text-align:center\"><div class=\"uvc-heading-spacer no_spacer\" style=\"top\"><\/div><div class=\"uvc-main-heading ult-responsive\"  data-ultimate-target='.uvc-heading.ultimate-heading-343669d9a54f2933c h1'  data-responsive-json-new='{\"font-size\":\"\",\"line-height\":\"\"}' ><h1 style=\"font-weight:normal;color:#ffffff;\">Descuentos para miembros<\/h1><\/div><\/div><\/div><\/div><\/div><\/div><\/div><script id=\"script-row-unique-0\" data-row=\"script-row-unique-0\" type=\"text\/javascript\" class=\"vc_controls\">UNCODE.initRow(document.getElementById(\"row-unique-0\"));<\/script><\/div><\/div><\/div><script id=\"script-section-unique-0\" data-section=\"script-section-unique-0\" type=\"text\/javascript\">UNCODE.initSection(document.getElementById(\"section-unique-0\"));<\/script><\/div><\/section><div data-parent=\"true\" class=\"vc_row style-color-lxmt-bg row-container onepage-section\" data-label=\"discounts\" data-name=\"discounts\" id=\"row-unique-1\"><div class=\"row limit-width row-parent\"><div class=\"wpb_row row-inner\"><div class=\"wpb_column pos-middle pos-center align_center column_parent col-lg-12 single-internal-gutter\"><div class=\"uncol style-light\"  ><div class=\"uncoltable\"><div class=\"uncell  vc_custom_1522244426541 no-block-padding\" style=\"padding-bottom: 25px ;\" ><div class=\"uncont\" ><div class=\"aio-icon-component  vc_custom_1516821312322   style_1\"><div id=\"Info-box-wrap-7180\" class=\"aio-icon-box default-icon\" style=\"\"  ><div class=\"aio-icon-header\" ><h3 class=\"aio-icon-title ult-responsive\"  data-ultimate-target='#Info-box-wrap-7180 .aio-icon-title'  data-responsive-json-new='{\"font-size\":\"desktop:23px;\",\"line-height\":\"\"}'  style=\"color:#031c32;\">En BrightStar CU nos dedicamos a ayudarte a ahorrar dinero. Consulta aqu\u00ed nuestros descuentos actuales para socios. \u00a1Vis\u00edtanos con frecuencia, ya que siempre tenemos nuevas ofertas para ti!<\/h3><\/div> <!-- header --><\/div> <!-- aio-icon-box --><\/div> <!-- aio-icon-component --><div class=\"vc_row row-internal row-container\"><div class=\"row row-child\"><div class=\"wpb_row row-inner\"><div class=\"wpb_column pos-middle pos-center align_center column_child col-lg-6 single-internal-gutter\"><div class=\"uncol style-light\" ><div class=\"uncoltable\"><div class=\"uncell no-block-padding\" ><div class=\"uncont\" ><div class=\"uncode-single-media  text-center\"><div class=\"single-wrapper\" style=\"max-width: 75%;\"><div class=\"uncode-single-media-wrapper single-advanced\"><div class=\"tmb tmb-light tmb-overlay-text-anim tmb-overlay-anim tmb-overlay-text-center tmb-image-anim  img-round tmb-media-first tmb-media-last tmb-content-overlay tmb-no-bg\" ><div class=\"t-inside\" ><div class=\"t-entry-visual\"><div class=\"t-entry-visual-tc\"><div class=\"t-entry-visual-cont\"><div class=\"dummy\" style=\"padding-top: 66.8%;\"><\/div><a tabindex=\"-1\" href=\"#\" class=\"inactive-link pushed\"><div class=\"t-entry-visual-overlay\"><div class=\"t-entry-visual-overlay-in style-dark-bg\" style=\"opacity: 0.5;\"><\/div><\/div><img decoding=\"async\" class=\"wp-image-10941\" src=\"https:\/\/demo2.mybscu.org\/wp-content\/uploads\/2020\/08\/Member-Discounts-LMC.jpg\" width=\"1200\" height=\"801\" alt=\"love my credit union\" srcset=\"https:\/\/demo2.mybscu.org\/wp-content\/uploads\/2020\/08\/Member-Discounts-LMC.jpg 1200w, https:\/\/demo2.mybscu.org\/wp-content\/uploads\/2020\/08\/Member-Discounts-LMC-300x200.jpg 300w, https:\/\/demo2.mybscu.org\/wp-content\/uploads\/2020\/08\/Member-Discounts-LMC-1024x684.jpg 1024w, https:\/\/demo2.mybscu.org\/wp-content\/uploads\/2020\/08\/Member-Discounts-LMC-768x513.jpg 768w, https:\/\/demo2.mybscu.org\/wp-content\/uploads\/2020\/08\/Member-Discounts-LMC-125x83.jpg 125w, https:\/\/demo2.mybscu.org\/wp-content\/uploads\/2020\/08\/Member-Discounts-LMC-75x50.jpg 75w\" sizes=\"(max-width: 1200px) 100vw, 1200px\" \/><\/a><\/div>\n\t\t\t\t\t<\/div>\n\t\t\t\t<\/div><\/div><\/div><\/div><\/div><\/div><span class=\"btn-container btn-inline\" ><a href=\"http:\/\/links.lovemycreditunion.org\/client\/love_my_cu\/banner\/?bid=4874&campid=36&clientid=67347&sid=1\" class=\"custom-link btn border-width-0 btn-color-772071 btn-round btn-icon-left\" title=\"El enlace se abrir\u00e1 en una nueva pesta\u00f1a.\" target=\"_blank\"><i class=\"fa fa-profile-male\"><\/i>Obt\u00e9n m\u00e1s informaci\u00f3n sobre este descuento<\/a><\/span><\/div><\/div><\/div><\/div><\/div><div class=\"wpb_column pos-middle pos-center align_left column_child col-lg-6 single-internal-gutter\"><div class=\"uncol style-light\" ><div class=\"uncoltable\"><div class=\"uncell no-block-padding\" ><div class=\"uncont\" ><div class=\"uncode_text_column\" ><p><span style=\"color: #000000;\">\u00a1Los socios de BrightStar Credit Union reciben descuentos y beneficios exclusivos de socios de confianza! Empieza a ahorrar hoy mismo. Cuantas m\u00e1s ofertas aproveches, m\u00e1s ahorrar\u00e1s.<\/span><\/p>\n<\/div><\/div><\/div><\/div><\/div><\/div><\/div><\/div><\/div><div class=\"vc_row row-internal row-container\"><div class=\"row row-child\"><div class=\"wpb_row row-inner\"><div class=\"wpb_column pos-middle pos-center align_center column_child col-lg-6 single-internal-gutter\"><div class=\"uncol style-light\" ><div class=\"uncoltable\"><div class=\"uncell no-block-padding\" ><div class=\"uncont\" ><div class=\"uncode-single-media  text-center\"><div class=\"single-wrapper\" style=\"max-width: 75%;\"><div class=\"uncode-single-media-wrapper single-advanced\"><div class=\"tmb tmb-light tmb-overlay-text-anim tmb-overlay-anim tmb-overlay-text-center tmb-image-anim  img-round tmb-media-first tmb-media-last tmb-content-overlay tmb-no-bg\" ><div class=\"t-inside\" ><div class=\"t-entry-visual\"><div class=\"t-entry-visual-tc\"><div class=\"t-entry-visual-cont\"><div class=\"dummy\" style=\"padding-top: 66.8%;\"><\/div><a tabindex=\"-1\" href=\"#\" class=\"inactive-link pushed\"><div class=\"t-entry-visual-overlay\"><div class=\"t-entry-visual-overlay-in style-dark-bg\" style=\"opacity: 0.5;\"><\/div><\/div><img decoding=\"async\" class=\"wp-image-7253\" src=\"https:\/\/demo2.mybscu.org\/wp-content\/uploads\/2019\/04\/Member-Discounts-92.jpg\" width=\"1200\" height=\"801\" alt=\"RoxFire Fitness\" srcset=\"https:\/\/demo2.mybscu.org\/wp-content\/uploads\/2019\/04\/Member-Discounts-92.jpg 1200w, https:\/\/demo2.mybscu.org\/wp-content\/uploads\/2019\/04\/Member-Discounts-92-300x200.jpg 300w, https:\/\/demo2.mybscu.org\/wp-content\/uploads\/2019\/04\/Member-Discounts-92-768x513.jpg 768w, https:\/\/demo2.mybscu.org\/wp-content\/uploads\/2019\/04\/Member-Discounts-92-1024x684.jpg 1024w\" sizes=\"(max-width: 1200px) 100vw, 1200px\" \/><\/a><\/div>\n\t\t\t\t\t<\/div>\n\t\t\t\t<\/div><\/div><\/div><\/div><\/div><\/div><span class=\"btn-container btn-inline\" ><a href=\"https:\/\/www.roxfirefitness.com\/get-started\/\" class=\"custom-link btn border-width-0 btn-color-772071 btn-round btn-icon-left\" title=\"El enlace se abrir\u00e1 en una nueva pesta\u00f1a.\" target=\"_blank\"><i class=\"fa fa-profile-male\"><\/i>Obt\u00e9n m\u00e1s informaci\u00f3n sobre este descuento<\/a><\/span><\/div><\/div><\/div><\/div><\/div><div class=\"wpb_column pos-middle pos-center align_left column_child col-lg-6 single-internal-gutter\"><div class=\"uncol style-light\" ><div class=\"uncoltable\"><div class=\"uncell no-block-padding\" ><div class=\"uncont\" ><div class=\"uncode_text_column\" ><p><span style=\"color: #000000;\"><strong>RoxFire Fitness<\/strong> es el hogar de <strong>RF-1 CrossFit<\/strong>RoxFire es un espacio dedicado a ayudarte a ponerte fuerte, lleno de energ\u00eda y en forma, tanto dentro como fuera del gimnasio. En RoxFire entrenar\u00e1s con audacia para que puedas vivir tu vida al m\u00e1ximo, sin l\u00edmites. Nos especializamos en brindarte una experiencia premium y personalizada, adaptada a tu nivel de condici\u00f3n f\u00edsica, en el coraz\u00f3n del vibrante Flagler Village en Fort Lauderdale. Reserva tu clase introductoria gratuita ahora. <strong>Cooperativa de cr\u00e9dito BrightStar<\/strong> Los miembros disfrutar\u00e1n <strong>10% de descuento en una membres\u00eda ilimitada<\/strong>.<\/span><\/p>\n<\/div><\/div><\/div><\/div><\/div><\/div><\/div><\/div><\/div><div class=\"vc_row row-internal row-container\"><div class=\"row row-child\"><div class=\"wpb_row row-inner\"><div class=\"wpb_column pos-middle pos-center align_center column_child col-lg-6 single-internal-gutter\"><div class=\"uncol style-light\" ><div class=\"uncoltable\"><div class=\"uncell no-block-padding\" ><div class=\"uncont\" ><div class=\"uncode-single-media  text-center\"><div class=\"single-wrapper\" style=\"max-width: 75%;\"><div class=\"uncode-single-media-wrapper single-advanced\"><div class=\"tmb tmb-light tmb-overlay-text-anim tmb-overlay-anim tmb-overlay-text-center tmb-image-anim  img-round tmb-media-first tmb-media-last tmb-content-overlay tmb-no-bg\" ><div class=\"t-inside\" ><div class=\"t-entry-visual\"><div class=\"t-entry-visual-tc\"><div class=\"t-entry-visual-cont\"><div class=\"dummy\" style=\"padding-top: 66.8%;\"><\/div><a tabindex=\"-1\" href=\"#\" class=\"inactive-link pushed\"><div class=\"t-entry-visual-overlay\"><div class=\"t-entry-visual-overlay-in style-dark-bg\" style=\"opacity: 0.5;\"><\/div><\/div><img decoding=\"async\" class=\"wp-image-5455\" src=\"https:\/\/demo2.mybscu.org\/wp-content\/uploads\/2018\/03\/Member-Discounts-Rapids.jpg\" width=\"1200\" height=\"801\" alt=\"Rapids Water Park\" srcset=\"https:\/\/demo2.mybscu.org\/wp-content\/uploads\/2018\/03\/Member-Discounts-Rapids.jpg 1200w, https:\/\/demo2.mybscu.org\/wp-content\/uploads\/2018\/03\/Member-Discounts-Rapids-300x200.jpg 300w, https:\/\/demo2.mybscu.org\/wp-content\/uploads\/2018\/03\/Member-Discounts-Rapids-768x513.jpg 768w, https:\/\/demo2.mybscu.org\/wp-content\/uploads\/2018\/03\/Member-Discounts-Rapids-1024x684.jpg 1024w\" sizes=\"(max-width: 1200px) 100vw, 1200px\" \/><\/a><\/div>\n\t\t\t\t\t<\/div>\n\t\t\t\t<\/div><\/div><\/div><\/div><\/div><\/div><span class=\"btn-container btn-inline\" ><a href=\"https:\/\/www.rapidswaterpark.com\/?promoCode=playbscu\" class=\"custom-link btn border-width-0 btn-color-772071 btn-round btn-icon-left\" title=\"El enlace se abrir\u00e1 en una nueva pesta\u00f1a.\" target=\"_blank\"><i class=\"fa fa-profile-male\"><\/i>Obt\u00e9n m\u00e1s informaci\u00f3n sobre este descuento<\/a><\/span><\/div><\/div><\/div><\/div><\/div><div class=\"wpb_column pos-middle pos-center align_left column_child col-lg-6 single-internal-gutter\"><div class=\"uncol style-light\" ><div class=\"uncoltable\"><div class=\"uncell no-block-padding\" ><div class=\"uncont\" ><div class=\"uncode_text_column\" ><\/p>\n<p style=\"text-align: left;\"><span style=\"color: #000000;\"><strong> C\u00f3digo de acceso: playbscu<\/strong><\/span><\/p>\n<p><span style=\"color: #000000;\">Visite la esquina superior derecha de nuestro sitio web y haga clic en \u00abDescuentos corporativos\u00bb. Esto le llevar\u00e1 a la p\u00e1gina donde podr\u00e1 introducir su c\u00f3digo de acceso para consultar sus precios exclusivos, los pr\u00f3ximos eventos y comprar sus entradas. Los descuentos var\u00edan a lo largo de la temporada. Consulte nuestro sitio web para conocer las tarifas vigentes.<\/span><\/p>\n<\/div><\/div><\/div><\/div><\/div><\/div><\/div><\/div><\/div><div class=\"vc_row row-internal row-container\"><div class=\"row row-child\"><div class=\"wpb_row row-inner\"><div class=\"wpb_column pos-middle pos-center align_center column_child col-lg-6 single-internal-gutter\"><div class=\"uncol style-light\" ><div class=\"uncoltable\"><div class=\"uncell no-block-padding\" ><div class=\"uncont\" ><div class=\"uncode-single-media  text-center\"><div class=\"single-wrapper\" style=\"max-width: 75%;\"><div class=\"uncode-single-media-wrapper single-advanced\"><div class=\"tmb tmb-light tmb-overlay-text-anim tmb-overlay-anim tmb-overlay-text-center tmb-image-anim  img-round tmb-media-first tmb-media-last tmb-content-overlay tmb-no-bg\" ><div class=\"t-inside\" ><div class=\"t-entry-visual\"><div class=\"t-entry-visual-tc\"><div class=\"t-entry-visual-cont\"><div class=\"dummy\" style=\"padding-top: 66.8%;\"><\/div><a tabindex=\"-1\" href=\"#\" class=\"inactive-link pushed\"><div class=\"t-entry-visual-overlay\"><div class=\"t-entry-visual-overlay-in style-dark-bg\" style=\"opacity: 0.5;\"><\/div><\/div><img decoding=\"async\" class=\"wp-image-5441\" src=\"https:\/\/demo2.mybscu.org\/wp-content\/uploads\/2018\/03\/Member-Discounts-Youfit.jpg\" width=\"1200\" height=\"801\" alt=\"Youfit Margate\" srcset=\"https:\/\/demo2.mybscu.org\/wp-content\/uploads\/2018\/03\/Member-Discounts-Youfit.jpg 1200w, https:\/\/demo2.mybscu.org\/wp-content\/uploads\/2018\/03\/Member-Discounts-Youfit-300x200.jpg 300w, https:\/\/demo2.mybscu.org\/wp-content\/uploads\/2018\/03\/Member-Discounts-Youfit-768x513.jpg 768w, https:\/\/demo2.mybscu.org\/wp-content\/uploads\/2018\/03\/Member-Discounts-Youfit-1024x684.jpg 1024w\" sizes=\"(max-width: 1200px) 100vw, 1200px\" \/><\/a><\/div>\n\t\t\t\t\t<\/div>\n\t\t\t\t<\/div><\/div><\/div><\/div><\/div><\/div><span class=\"btn-container btn-inline\" ><a href=\"https:\/\/signup.myiclubonline.com\/iclub\/signup\/home.htm#info\/info?clubNumber=7392&planId=ad829ddd751749228d7a2e29b721e65d\" class=\"custom-link btn border-width-0 btn-color-772071 btn-round btn-icon-left\" title=\"El enlace se abrir\u00e1 en una nueva pesta\u00f1a.\" target=\"_blank\"><i class=\"fa fa-profile-male\"><\/i>Obt\u00e9n m\u00e1s informaci\u00f3n sobre este descuento<\/a><\/span><\/div><\/div><\/div><\/div><\/div><div class=\"wpb_column pos-middle pos-center align_left column_child col-lg-6 single-internal-gutter\"><div class=\"uncol style-light\" ><div class=\"uncoltable\"><div class=\"uncell no-block-padding\" ><div class=\"uncont\" ><div class=\"uncode_text_column\" ><p><strong><span style=\"color: #000000;\">\u00a1Ponte en forma con una membres\u00eda en Youfit Health Clubs!<\/span><\/strong><br \/>\n<span style=\"color: #000000;\">\u00a1Ahorra m\u00e1s de 41% en cuotas de inscripci\u00f3n y tu membres\u00eda cubre todos los centros Youfit a nivel nacional!<\/span><\/p>\n<p><span style=\"color: #000000;\">Otros beneficios incluyen:<\/span><\/p>\n<p><span style=\"color: #000000;\">\u2022 Privilegios para invitados: traiga un invitado con usted siempre*<\/span><br \/>\n<span style=\"color: #000000;\">\u00b7 50% de todas las bebidas fr\u00edas<\/span><br \/>\n<span style=\"color: #000000;\">\u00b7 Acceso a clases de ejercicio en grupo, incluyendo spinning donde est\u00e9n disponibles<\/span><br \/>\n<span style=\"color: #000000;\">\u00b7 Acceso a cabinas de bronceado donde est\u00e9n disponibles*<\/span><br \/>\n<span style=\"color: #000000;\">\u00b7 Acceso a hidromasaje donde est\u00e9 disponible*<\/span><br \/>\n<span style=\"color: #000000;\">Hacer clic en <strong>M\u00e1s informaci\u00f3n<\/strong> Para inscribirse y obtener m\u00e1s informaci\u00f3n:<\/span><\/p>\n<p><span style=\"color: #000000;\">*Aplican restricciones<\/span><\/p>\n<\/div><\/div><\/div><\/div><\/div><\/div><\/div><\/div><\/div><div class=\"vc_row row-internal row-container\"><div class=\"row row-child\"><div class=\"wpb_row row-inner\"><div class=\"wpb_column pos-middle pos-center align_center column_child col-lg-6 single-internal-gutter\"><div class=\"uncol style-light\" ><div class=\"uncoltable\"><div class=\"uncell no-block-padding\" ><div class=\"uncont\" ><div class=\"uncode-single-media  text-center\"><div class=\"single-wrapper\" style=\"max-width: 75%;\"><div class=\"uncode-single-media-wrapper single-advanced\"><div class=\"tmb tmb-light tmb-overlay-text-anim tmb-overlay-anim tmb-overlay-text-center tmb-image-anim  img-round tmb-media-first tmb-media-last tmb-content-overlay tmb-no-bg\" ><div class=\"t-inside\" ><div class=\"t-entry-visual\"><div class=\"t-entry-visual-tc\"><div class=\"t-entry-visual-cont\"><div class=\"dummy\" style=\"padding-top: 66.8%;\"><\/div><a tabindex=\"-1\" href=\"#\" class=\"inactive-link pushed\"><div class=\"t-entry-visual-overlay\"><div class=\"t-entry-visual-overlay-in style-dark-bg\" style=\"opacity: 0.5;\"><\/div><\/div><img decoding=\"async\" class=\"wp-image-4941\" src=\"https:\/\/demo2.mybscu.org\/wp-content\/uploads\/2018\/01\/redbutton-discount.jpg\" width=\"1200\" height=\"801\" alt=\"RedButton Escape Logo\" srcset=\"https:\/\/demo2.mybscu.org\/wp-content\/uploads\/2018\/01\/redbutton-discount.jpg 1200w, https:\/\/demo2.mybscu.org\/wp-content\/uploads\/2018\/01\/redbutton-discount-300x200.jpg 300w, https:\/\/demo2.mybscu.org\/wp-content\/uploads\/2018\/01\/redbutton-discount-768x513.jpg 768w, https:\/\/demo2.mybscu.org\/wp-content\/uploads\/2018\/01\/redbutton-discount-1024x684.jpg 1024w\" sizes=\"(max-width: 1200px) 100vw, 1200px\" \/><\/a><\/div>\n\t\t\t\t\t<\/div>\n\t\t\t\t<\/div><\/div><\/div><\/div><\/div><\/div><span class=\"btn-container btn-inline\" ><a href=\"https:\/\/www.redbuttonescape.com\/\" class=\"custom-link btn border-width-0 btn-color-772071 btn-round btn-icon-left\" title=\"El enlace se abrir\u00e1 en una nueva pesta\u00f1a.\" target=\"_blank\"><i class=\"fa fa-profile-male\"><\/i>Obt\u00e9n m\u00e1s informaci\u00f3n sobre este descuento<\/a><\/span><\/div><\/div><\/div><\/div><\/div><div class=\"wpb_column pos-middle pos-center align_left column_child col-lg-6 single-internal-gutter\"><div class=\"uncol style-light\" ><div class=\"uncoltable\"><div class=\"uncell no-block-padding\" ><div class=\"uncont\" ><div class=\"uncode_text_column\" ><p><span style=\"color: #000000;\">Ahorra 10% usando el c\u00f3digo promocional\u00a0<strong>ESTRELLA BRILLANTE<\/strong><\/span><br \/>\n<span style=\"color: #000000;\">Las salas de escape son ideales para fiestas, eventos de formaci\u00f3n de equipos, citas o una salida nocturna con amigos y familiares.<\/span><br \/>\n<span style=\"color: #000000;\">Reserva hoy y comprueba si puedes mantener la calma bajo presi\u00f3n y escapar en 60 minutos.<\/span><\/p>\n<\/div><\/div><\/div><\/div><\/div><\/div><\/div><\/div><\/div><div class=\"vc_row row-internal row-container\"><div class=\"row row-child\"><div class=\"wpb_row row-inner\"><div class=\"wpb_column pos-middle pos-center align_center column_child col-lg-6 single-internal-gutter\"><div class=\"uncol style-light\" ><div class=\"uncoltable\"><div class=\"uncell no-block-padding\" ><div class=\"uncont\" ><div class=\"uncode-single-media  text-center\"><div class=\"single-wrapper\" style=\"max-width: 75%;\"><div class=\"uncode-single-media-wrapper single-advanced\"><div class=\"tmb tmb-light tmb-overlay-text-anim tmb-overlay-anim tmb-overlay-text-center tmb-image-anim  img-round tmb-media-first tmb-media-last tmb-content-overlay tmb-no-bg\" ><div class=\"t-inside\" ><div class=\"t-entry-visual\"><div class=\"t-entry-visual-tc\"><div class=\"t-entry-visual-cont\"><div class=\"dummy\" style=\"padding-top: 66.8%;\"><\/div><a tabindex=\"-1\" href=\"#\" class=\"inactive-link pushed\"><div class=\"t-entry-visual-overlay\"><div class=\"t-entry-visual-overlay-in style-dark-bg\" style=\"opacity: 0.5;\"><\/div><\/div><img decoding=\"async\" class=\"wp-image-4963\" src=\"https:\/\/demo2.mybscu.org\/wp-content\/uploads\/2018\/01\/butterfly-world-discount.jpeg\" width=\"1200\" height=\"801\" alt=\"Butterfly World Logo\" srcset=\"https:\/\/demo2.mybscu.org\/wp-content\/uploads\/2018\/01\/butterfly-world-discount.jpeg 1200w, https:\/\/demo2.mybscu.org\/wp-content\/uploads\/2018\/01\/butterfly-world-discount-300x200.jpeg 300w, https:\/\/demo2.mybscu.org\/wp-content\/uploads\/2018\/01\/butterfly-world-discount-768x513.jpeg 768w, https:\/\/demo2.mybscu.org\/wp-content\/uploads\/2018\/01\/butterfly-world-discount-1024x684.jpeg 1024w\" sizes=\"(max-width: 1200px) 100vw, 1200px\" \/><\/a><\/div>\n\t\t\t\t\t<\/div>\n\t\t\t\t<\/div><\/div><\/div><\/div><\/div><\/div><span class=\"btn-container btn-inline\" ><a href=\"https:\/\/www.butterflyworld.com\/discount\" class=\"custom-link btn border-width-0 btn-color-772071 btn-round btn-icon-left\" title=\"El enlace se abrir\u00e1 en una nueva pesta\u00f1a.\" target=\"_blank\"><i class=\"fa fa-profile-male\"><\/i>Obt\u00e9n m\u00e1s informaci\u00f3n sobre este descuento<\/a><\/span><\/div><\/div><\/div><\/div><\/div><div class=\"wpb_column pos-middle pos-center align_left column_child col-lg-6 single-internal-gutter\"><div class=\"uncol style-light\" ><div class=\"uncoltable\"><div class=\"uncell no-block-padding\" ><div class=\"uncont\" ><div class=\"uncode_text_column\" ><\/p>\n<div class=\"ultb3-desc ult-responsive\" data-ultimate-target=\"#Info-banner-wrap2143 .ultb3-desc\" data-responsive-json-new=\"{&quot;font-size&quot;:&quot;desktop:28px;&quot;,&quot;line-height&quot;:&quot;&quot;}\"><span style=\"color: #000000;\">Te esperan hect\u00e1reas y hect\u00e1reas de maravillas aladas, desde miles de mariposas ex\u00f3ticas hasta las aves m\u00e1s asombrosas del mundo. \u00a1Las flores est\u00e1n en plena floraci\u00f3n y esta es la mejor \u00e9poca del a\u00f1o para disfrutar de Butterfly World!<\/span><\/div>\n<p>\n<\/div><\/div><\/div><\/div><\/div><\/div><\/div><\/div><\/div><\/div><\/div><\/div><\/div><\/div><script id=\"script-row-unique-1\" data-row=\"script-row-unique-1\" type=\"text\/javascript\" class=\"vc_controls\">UNCODE.initRow(document.getElementById(\"row-unique-1\"));<\/script><\/div><\/div><\/div>","protected":false},"excerpt":{"rendered":"<p>Unlock exclusive savings with our Member Discounts! Enjoy special offers and deals tailored for our members. Join now for great savings and benefits.<\/p>","protected":false},"author":8,"featured_media":0,"parent":0,"menu_order":0,"comment_status":"closed","ping_status":"closed","template":"","meta":{"footnotes":""},"class_list":["post-4943","page","type-page","status-publish","hentry"],"_links":{"self":[{"href":"https:\/\/demo2.mybscu.org\/es\/wp-json\/wp\/v2\/pages\/4943","targetHints":{"allow":["GET"]}}],"collection":[{"href":"https:\/\/demo2.mybscu.org\/es\/wp-json\/wp\/v2\/pages"}],"about":[{"href":"https:\/\/demo2.mybscu.org\/es\/wp-json\/wp\/v2\/types\/page"}],"author":[{"embeddable":true,"href":"https:\/\/demo2.mybscu.org\/es\/wp-json\/wp\/v2\/users\/8"}],"replies":[{"embeddable":true,"href":"https:\/\/demo2.mybscu.org\/es\/wp-json\/wp\/v2\/comments?post=4943"}],"version-history":[{"count":2,"href":"https:\/\/demo2.mybscu.org\/es\/wp-json\/wp\/v2\/pages\/4943\/revisions"}],"predecessor-version":[{"id":15422,"href":"https:\/\/demo2.mybscu.org\/es\/wp-json\/wp\/v2\/pages\/4943\/revisions\/15422"}],"wp:attachment":[{"href":"https:\/\/demo2.mybscu.org\/es\/wp-json\/wp\/v2\/media?parent=4943"}],"curies":[{"name":"wp","href":"https:\/\/api.w.org\/{rel}","templated":true}]}}