{"id":5522,"date":"2018-04-30T22:34:04","date_gmt":"2018-05-01T03:34:04","guid":{"rendered":"https:\/\/demo2.mybscu.org\/?page_id=5522"},"modified":"2025-03-12T22:43:31","modified_gmt":"2025-03-13T02:43:31","slug":"business-checking","status":"publish","type":"page","link":"https:\/\/demo2.mybscu.org\/es\/businessservices\/business-checking\/","title":{"rendered":"Cuenta corriente comercial"},"content":{"rendered":"<section data-parent=\"true\" class=\"vc_section row-container with-parallax\" id=\"section-unique-0\"><div class=\"row-background background-element\">\n\t\t\t\t\t\t\t\t\t\t\t<div class=\"background-wrapper\">\n\t\t\t\t\t\t\t\t\t\t\t\t<div class=\"background-inner\" style=\"background-image: url(https:\/\/demo2.mybscu.org\/wp-content\/uploads\/2024\/11\/ckbgnew11.jpg);background-repeat: no-repeat;background-position: center top;background-size: cover;\"><\/div>\n\t\t\t\t\t\t\t\t\t\t\t\t\n\t\t\t\t\t\t\t\t\t\t\t<\/div>\n\t\t\t\t\t\t\t\t\t\t<\/div><div class=\"row no-top-padding no-bottom-padding no-h-padding full-width row-parent\"><div data-parent=\"true\" class=\"vc_row vc_custom_1729626528941 row-container has-dividers\" style=\"padding-top: 50px ;padding-bottom: 50px ;\" id=\"row-unique-0\"><div class=\"uncode-divider-wrap uncode-divider-wrap-bottom z_index_0 uncode-row-divider-invert\" style=\"height: 60px;\" data-height=\"60\" data-unit=\"px\"><svg version=\"1.1\" class=\"uncode-row-divider uncode-row-divider-curve\" x=\"0px\" y=\"0px\" width=\"240px\" height=\"24px\" viewbox=\"0 0 240 24\" enable-background=\"new 0 0 240 24\" xml:space=\"preserve\" preserveaspectratio=\"none\">\n\t\t<path fill=\"#ffffff\" fill-opacity=\"0.25\" d=\"M240,0H0v24l240-11.26V0z\"\/>\n\t\t<path fill=\"#ffffff\" d=\"M0,0h240v12.74L0,0z\"\/>\n\t\t<path fill=\"#ffffff\" fill-opacity=\"0.5\" d=\"M0,0h240v12.74H0V0z\"\/>\n\t\t<\/svg><\/div><div class=\"row unequal limit-width row-parent\" data-height-ratio=\"40\" data-minheight=\"300\"><div class=\"wpb_row row-inner\"><div class=\"wpb_column pos-middle pos-left align_left align_center_mobile column_parent col-lg-6 col-sm-100 no-internal-gutter\"><div class=\"uncol style-light\"  ><div class=\"uncoltable\"><div class=\"uncell no-block-padding\" ><div class=\"uncont\" ><div id=\"ultimate-heading-250669d990ab0cd3a\" class=\"uvc-heading ult-adjust-bottom-margin ultimate-heading-250669d990ab0cd3a uvc-4164\" data-hspacer=\"no_spacer\"  data-halign=\"left\" style=\"text-align:left\"><div class=\"uvc-heading-spacer no_spacer\" style=\"top\"><\/div><div class=\"uvc-main-heading ult-responsive\"  data-ultimate-target='.uvc-heading.ultimate-heading-250669d990ab0cd3a h1'  data-responsive-json-new='{\"font-size\":\"\",\"line-height\":\"\"}' ><h1 style=\"font-weight:bold;color:#ffffff;\">Cuenta corriente comercial<\/h1><\/div><div class=\"uvc-sub-heading ult-responsive\"  data-ultimate-target='.uvc-heading.ultimate-heading-250669d990ab0cd3a .uvc-sub-heading '  data-responsive-json-new='{\"font-size\":\"desktop:24px;\",\"line-height\":\"\"}'  style=\"font-weight:normal;color:#ffffff;\"><\/p>\n<p style=\"text-align: left;\"><span style=\"color: #ffffff;\">Banca inteligente y sencilla para empresas en crecimiento<\/span><\/p>\n<p><\/div><\/div><\/div><\/div><\/div><\/div><\/div><div class=\"wpb_column pos-top pos-center align_left column_parent col-lg-6 col-sm-clear single-internal-gutter\"><div class=\"uncol style-light\"  ><div class=\"uncoltable\"><div class=\"uncell no-block-padding\" ><div class=\"uncont\" ><\/div><\/div><\/div><\/div><\/div><script id=\"script-row-unique-0\" data-row=\"script-row-unique-0\" type=\"text\/javascript\" class=\"vc_controls\">UNCODE.initRow(document.getElementById(\"row-unique-0\"));<\/script><\/div><\/div><\/div><script id=\"script-section-unique-0\" data-section=\"script-section-unique-0\" type=\"text\/javascript\">UNCODE.initSection(document.getElementById(\"section-unique-0\"));<\/script><\/div><\/section><div data-parent=\"true\" class=\"vc_row style-color-xsdn-bg row-container\" id=\"row-unique-1\"><div class=\"row limit-width row-parent\"><div class=\"wpb_row row-inner\"><div class=\"wpb_column pos-middle pos-center align_center column_parent col-lg-4 single-internal-gutter\"><div class=\"uncol style-light\"  ><div class=\"uncoltable\"><div class=\"uncell no-block-padding\" ><div class=\"uncont\" ><div class=\"uncode-single-media  text-center\"><div class=\"single-wrapper\" style=\"max-width: 40%;\"><div class=\"tmb tmb-light  tmb-media-first tmb-media-last tmb-content-overlay tmb-no-bg\"><div class=\"t-inside\"><div class=\"t-entry-visual\"><div class=\"t-entry-visual-tc\"><div class=\"uncode-single-media-wrapper\"><img decoding=\"async\" class=\"wp-image-3370\" src=\"https:\/\/demo2.mybscu.org\/wp-content\/uploads\/2016\/07\/bscu-web-icons.png\" width=\"200\" height=\"200\" alt=\"Checking Account\" srcset=\"https:\/\/demo2.mybscu.org\/wp-content\/uploads\/2016\/07\/bscu-web-icons.png 200w, https:\/\/demo2.mybscu.org\/wp-content\/uploads\/2016\/07\/bscu-web-icons-150x150.png 150w\" sizes=\"(max-width: 200px) 100vw, 200px\" \/><\/div>\n\t\t\t\t\t<\/div>\n\t\t\t\t<\/div><\/div><\/div><\/div><\/div><\/div><\/div><\/div><\/div><\/div><div class=\"wpb_column pos-middle pos-center align_left column_parent col-lg-8 single-internal-gutter\"><div class=\"uncol style-light\"  ><div class=\"uncoltable\"><div class=\"uncell no-block-padding\" ><div class=\"uncont\" ><div class=\"aio-icon-component  vc_custom_1524840225363   style_1\"><div id=\"Info-box-wrap-8801\" class=\"aio-icon-box default-icon\" style=\"\"  ><div class=\"aio-icon-header\" ><h3 class=\"aio-icon-title ult-responsive\"  data-ultimate-target='#Info-box-wrap-8801 .aio-icon-title'  data-responsive-json-new='{\"font-size\":\"desktop:18px;\",\"line-height\":\"\"}'  style=\"color:#031c32;\">Las cuentas corrientes comerciales de BrightStar incluyen banca en l\u00ednea comercial GRATIS, estados de cuenta en l\u00ednea GRATIS, im\u00e1genes de cheques en l\u00ednea GRATIS, una tarjeta de d\u00e9bito Visa comercial GRATIS, adem\u00e1s de la garant\u00eda de excelente servicio de BrightStar.<\/h3><\/div> <!-- header --><\/div> <!-- aio-icon-box --><\/div> <!-- aio-icon-component --><\/div><\/div><\/div><\/div><\/div><script id=\"script-row-unique-1\" data-row=\"script-row-unique-1\" type=\"text\/javascript\" class=\"vc_controls\">UNCODE.initRow(document.getElementById(\"row-unique-1\"));<\/script><\/div><\/div><\/div><div data-parent=\"true\" class=\"vc_row style-color-lxmt-bg vc_custom_1732042967297 row-container onepage-section\" data-label=\"features\" data-name=\"features\" style=\"padding-top: 20px ;\" id=\"row-unique-2\"><div class=\"row limit-width row-parent\"><div class=\"wpb_row row-inner\"><div class=\"wpb_column pos-top pos-center align_left column_parent col-lg-12 single-internal-gutter\"><div class=\"uncol style-light\"  ><div class=\"uncoltable\"><div class=\"uncell  vc_custom_1505763455884 no-block-padding\" style=\"padding-bottom: 15px ;\" ><div class=\"uncont\" ><div id=\"ultimate-heading-230269d990ab10af3\" class=\"uvc-heading ult-adjust-bottom-margin ultimate-heading-230269d990ab10af3 uvc-2863\" data-hspacer=\"no_spacer\"  data-halign=\"center\" style=\"text-align:center\"><div class=\"uvc-heading-spacer no_spacer\" style=\"top\"><\/div><div class=\"uvc-main-heading ult-responsive\"  data-ultimate-target='.uvc-heading.ultimate-heading-230269d990ab10af3 h2'  data-responsive-json-new='{\"font-size\":\"\",\"line-height\":\"\"}' ><h2 style=\"font-weight:normal;color:#000000;\">Simplifique sus operaciones bancarias comerciales: compare nuestras opciones<\/h2><\/div><div class=\"uvc-sub-heading ult-responsive\"  data-ultimate-target='.uvc-heading.ultimate-heading-230269d990ab10af3 .uvc-sub-heading '  data-responsive-json-new='{\"font-size\":\"desktop:16px;\",\"line-height\":\"\"}'  style=\"font-weight:normal;color:#000000;\"><\/p>\n<p style=\"text-align: center;\"><span style=\"color: #000000;\">Seleccione entre la cuenta corriente comercial cl\u00e1sica, la cuenta corriente Premier o la cuenta corriente para organizaciones sin fines de lucro.<\/span><\/p>\n<p><\/div><\/div>\n\t<div class=\"wpb_raw_code wpb_content_element wpb_raw_html\" >\n\t\t<div class=\"wpb_wrapper\">\n\t\t\t<style>\n    .modern-comparison-table {\n\n        color: #333;\n        max-width: 100%;\n        margin: 2em 0;\n    }\n    .modern-comparison-table table {\n        width: 100%;\n        border-collapse: separate;\n        border-spacing: 0;\n        background: white;\n        box-shadow: 0 4px 6px rgba(0, 0, 0, 0.1);\n        border-radius: 8px;\n        overflow: hidden;\n    }\n    .modern-comparison-table th,\n    .modern-comparison-table td {\n        padding: 1em;\n        text-align: left;\n        border-bottom: 1px solid #e0e0e0;\n    }\n    .modern-comparison-table th {\n        background-color: #00475f;\n        color: white;\n        font-weight: 600;\n        text-transform: uppercase;\n        letter-spacing: 0.5px;\n        font-size: 0.9em;\n    }\n    .modern-comparison-table tr:last-child td {\n        border-bottom: none;\n    }\n    .modern-comparison-table tr:nth-child(even) {\n        background-color: #f8f9fa;\n    }\n    .modern-comparison-table td:first-child {\n        font-weight: 600;\n        color: #00475f;\n    }\n    .highlight {\n        color: #04AA6D;\n        font-weight: bold;\n    }\n    .check-icon::before {\n        content: '\u2713';\n        color: #04AA6D;\n        margin-right: 5px;\n    }\n    .cross-icon::before {\n        content: '\u2715';\n        color: #e74c3c;\n        margin-right: 5px;\n    }\n    @media screen and (max-width: 768px) {\n        .modern-comparison-table table {\n            display: none;\n        }\n        .modern-comparison-table .mobile-cards {\n            display: block;\n        }\n        .card {\n            background: white;\n            border-radius: 8px;\n            box-shadow: 0 4px 6px rgba(0, 0, 0, 0.1);\n            margin-bottom: 1em;\n            padding: 1em;\n        }\n        .card-header {\n            background-color: #00475f;\n            color: white;\n            font-weight: 600;\n            padding: 0.5em;\n            margin: -1em -1em 1em -1em;\n            border-radius: 8px 8px 0 0;\n        }\n        .card-row {\n            display: flex;\n            justify-content: space-between;\n            margin-bottom: 0.5em;\n            border-bottom: 1px solid #e0e0e0;\n            padding-bottom: 0.5em;\n        }\n        .card-row:last-child {\n            border-bottom: none;\n            margin-bottom: 0;\n            padding-bottom: 0;\n        }\n        .card-label {\n            font-weight: 600;\n            color: #00475f;\n        }\n    }\n    @media screen and (min-width: 769px) {\n        .modern-comparison-table .mobile-cards {\n            display: none;\n        }\n    }\n<\/style>\n<div class=\"modern-comparison-table\">\n    <table>\n        <thead>\n            <tr>\n                <th>Caracter\u00edsticas<\/th>\n                <th>Cuenta corriente empresarial Premier<\/th>\n                <th>Cuenta corriente comercial cl\u00e1sica<\/th>\n                <th>Organizaci\u00f3n sin fines de lucro<\/th>\n            <\/tr>\n        <\/thead>\n        <tbody>\n            <tr>\n                <td>M\u00ednimo para abrir<\/td>\n                <td>$100<\/td>\n                <td>$100<\/td>\n                <td>$100<\/td>\n            <\/tr>\n            <tr>\n                <td>Tarifa de servicio mensual<\/td>\n                                <td>$12.95 <br><small>(si el saldo mensual promedio cae por debajo de $5000)<\/small><\/td>\n                <td>$7.95 <br><small>(si el saldo mensual promedio cae por debajo de $1500)<\/small><\/td>\n                <td class=\"highlight\">Gratis<\/td>\n            <\/tr>\n            <tr>\n                <td>Escritura de cheques ilimitada<\/td>\n                <td class=\"check-icon\">S\u00ed<\/td>\n                <td class=\"check-icon\">S\u00ed<\/td>\n                <td class=\"check-icon\">S\u00ed<\/td>\n            <\/tr>\n            <tr>\n                <td>Tarjeta de d\u00e9bito Visa Business<\/td>\n                <td class=\"check-icon\">S\u00ed<\/td>\n                <td class=\"check-icon\">S\u00ed<\/td>\n                <td class=\"check-icon\">S\u00ed<\/td>\n            <\/tr>\n            <tr>\n                <td>Banca en l\u00ednea para empresas<\/td>\n                <td class=\"check-icon\">S\u00ed<\/td>\n                <td class=\"check-icon\">S\u00ed<\/td>\n                <td class=\"check-icon\">S\u00ed<\/td>\n            <\/tr>\n            <tr>\n                <td>Gane dividendos mensuales<\/td>\n                 <td class=\"check-icon\">S\u00ed<\/td>\n                <td class=\"cross-icon\">No<\/td>\n                <td class=\"cross-icon\">No<\/td>\n            <\/tr>\n            <tr>\n                <td>Protecci\u00f3n contra sobregiros<\/td>\n                <td class=\"check-icon\">S\u00ed<\/td>\n                <td class=\"check-icon\">S\u00ed<\/td>\n                <td class=\"check-icon\">S\u00ed<\/td>\n            <\/tr>\n            <tr>\n                <td>Descuento en el primer pedido de cheques<\/td>\n                <td class=\"check-icon\">S\u00ed<\/td>\n                <td class=\"cross-icon\">No<\/td>\n                <td class=\"cross-icon\">No<\/td>\n            <\/tr>\n        <\/tbody>\n    <\/table>\n    <div class=\"mobile-cards\">\n        <div class=\"card\">\n            <div class=\"card-header\">Cuenta corriente empresarial Premier<\/div>\n            <div class=\"card-row\">\n                <span class=\"card-label\">M\u00ednimo para abrir<\/span>\n                <span>$100<\/span>\n            <\/div>\n            <div class=\"card-row\">\n                <span class=\"card-label\">Tarifa de servicio mensual<\/span>\n                <span>$12.95 <br><small>(si el saldo mensual promedio cae por debajo de $5000)<\/small><\/span>\n            <\/div>\n            <div class=\"card-row\">\n                <span class=\"card-label\">Escritura de cheques ilimitada<\/span>\n                <span class=\"check-icon\">S\u00ed<\/span>\n            <\/div>\n            <div class=\"card-row\">\n                <span class=\"card-label\">Tarjeta de d\u00e9bito Visa Business<\/span>\n                <span class=\"check-icon\">S\u00ed<\/span>\n            <\/div>\n            <div class=\"card-row\">\n                <span class=\"card-label\">Banca en l\u00ednea para empresas<\/span>\n                <span class=\"check-icon\">S\u00ed<\/span>\n            <\/div>\n            <div class=\"card-row\">\n                <span class=\"card-label\">Gane dividendos mensuales<\/span>\n                <span class=\"check-icon\">S\u00ed<\/span>\n            <\/div>\n            <div class=\"card-row\">\n                <span class=\"card-label\">Protecci\u00f3n contra sobregiros<\/span>\n                <span class=\"check-icon\">S\u00ed<\/span>\n            <\/div>\n            <div class=\"card-row\">\n                <span class=\"card-label\">Descuento en el primer pedido de cheques<\/span>\n                <span class=\"check-icon\">S\u00ed<\/span>\n            <\/div>\n        <\/div>\n                <div class=\"card\">\n            <div class=\"card-header\">Cuenta corriente comercial cl\u00e1sica<\/div>\n            <div class=\"card-row\">\n                <span class=\"card-label\">M\u00ednimo para abrir<\/span>\n                <span>$100<\/span>\n            <\/div>\n            <div class=\"card-row\">\n                <span class=\"card-label\">Tarifa de servicio mensual<\/span>\n                <span>$7.95 <br><small>(si el saldo mensual promedio cae por debajo de $1500)<\/small><\/span>\n            <\/div>\n            <div class=\"card-row\">\n                <span class=\"card-label\">Escritura de cheques ilimitada<\/span>\n                <span class=\"check-icon\">S\u00ed<\/span>\n            <\/div>\n            <div class=\"card-row\">\n                <span class=\"card-label\">Tarjeta de d\u00e9bito Visa Business<\/span>\n                <span class=\"check-icon\">S\u00ed<\/span>\n            <\/div>\n            <div class=\"card-row\">\n                <span class=\"card-label\">Banca en l\u00ednea para empresas<\/span>\n                <span class=\"check-icon\">S\u00ed<\/span>\n            <\/div>\n            <div class=\"card-row\">\n                <span class=\"card-label\">Gane dividendos mensuales<\/span>\n                <span class=\"cross-icon\">No<\/span>\n            <\/div>\n            <div class=\"card-row\">\n                <span class=\"card-label\">Protecci\u00f3n contra sobregiros<\/span>\n                <span class=\"check-icon\">S\u00ed<\/span>\n            <\/div>\n            <div class=\"card-row\">\n                <span class=\"card-label\">Descuento en el primer pedido de cheques<\/span>\n                <span class=\"cross-icon\">No<\/span>\n            <\/div>\n        <\/div>\n        <div class=\"card\">\n            <div class=\"card-header\">Organizaci\u00f3n sin fines de lucro<\/div>\n            <div class=\"card-row\">\n                <span class=\"card-label\">M\u00ednimo para abrir<\/span>\n                <span>$100<\/span>\n            <\/div>\n            <div class=\"card-row\">\n                <span class=\"card-label\">Tarifa de servicio mensual<\/span>\n                <span class=\"highlight\">Gratis<\/span>\n            <\/div>\n            <div class=\"card-row\">\n                <span class=\"card-label\">Escritura de cheques ilimitada<\/span>\n                <span class=\"check-icon\">S\u00ed<\/span>\n            <\/div>\n            <div class=\"card-row\">\n                <span class=\"card-label\">Tarjeta de d\u00e9bito Visa Business<\/span>\n                <span class=\"check-icon\">S\u00ed<\/span>\n            <\/div>\n            <div class=\"card-row\">\n                <span class=\"card-label\">Banca en l\u00ednea para empresas<\/span>\n                <span class=\"check-icon\">S\u00ed<\/span>\n            <\/div>\n            <div class=\"card-row\">\n                <span class=\"card-label\">Gane dividendos mensuales<\/span>\n                <span class=\"cross-icon\">No<\/span>\n            <\/div>\n            <div class=\"card-row\">\n                <span class=\"card-label\">Protecci\u00f3n contra sobregiros<\/span>\n                <span class=\"check-icon\">S\u00ed<\/span>\n            <\/div>\n            <div class=\"card-row\">\n                <span class=\"card-label\">Descuento en el primer pedido de cheques<\/span>\n                <span class=\"cross-icon\">No<\/span>\n            <\/div>\n        <\/div>\n    <\/div>\n<\/div>\n\t\t<\/div>\n\t<\/div>\n\n\t<div class=\"wpb_raw_code wpb_content_element wpb_raw_html\" >\n\t\t<div class=\"wpb_wrapper\">\n\t\t\t<div class=\"business-fees-button\">\n    <style>\n        .business-fees-button {\n            margin: 20px auto;\n            background-color: #ffffff;\n            border-radius: 8px;\n            box-shadow: 0 4px 6px rgba(0, 0, 0, 0.1);\n            padding: 20px;\n        }\n        .business-fees-content {\n            display: flex;\n            justify-content: space-between;\n            align-items: center;\n        }\n        .business-fees-text {\n            text-align: left;\n        }\n        .business-fees-button h2 {\n            color: #333;\n            margin: 0 0 10px 0;\n            font-size: 1.5em;\n        }\n        .business-fees-button p {\n            color: #666;\n            margin: 0;\n            font-size: 0.9em;\n        }\n        .business-fees-button .view-button {\n            display: inline-flex;\n            align-items: center;\n            justify-content: center;\n            background-color: #00475f;\n            color: white;\n            padding: 10px 20px;\n            border-radius: 5px;\n            text-decoration: none;\n            font-weight: bold;\n            transition: background-color 0.3s ease;\n            white-space: nowrap;\n        }\n        .business-fees-button .view-button:hover {\n            background-color: #003344 !important;\n            color: #eaaf00 !important;\n        }\n        .business-fees-button .icon {\n            margin-right: 10px;\n            width: 20px;\n            height: 20px;\n        }\n        @media (max-width: 480px) {\n            .business-fees-button {\n                max-width: 100%;\n                margin: 10px;\n            }\n            .business-fees-content {\n                flex-direction: column;\n                align-items: flex-start;\n            }\n            .business-fees-button h2 {\n                font-size: 1.2em;\n            }\n            .business-fees-button .view-button {\n                margin-top: 15px;\n            }\n        }\n    <\/style>\n    <div class=\"business-fees-content\">\n        <div class=\"business-fees-text\">\n            <h2>Tarifas comerciales<\/h2>\n            <p>Vea nuestra lista completa de tarifas y cargos bancarios comerciales<\/p>\n        <\/div>\n        <a href=\"https:\/\/www.bscu.org\/pdf\/Schedule-of-Fees-Business.pdf\" class=\"view-button\">\n            <svg class=\"icon\" viewbox=\"0 0 24 24\" fill=\"none\" xmlns=\"http:\/\/www.w3.org\/2000\/svg\">\n                <path d=\"M12 5V19M12 19L19 12M12 19L5 12\" stroke=\"currentColor\" stroke-width=\"2\" stroke-linecap=\"round\" stroke-linejoin=\"round\"\/>\n            <\/svg>\n            Ver ahora\n        <\/a>\n    <\/div>\n<\/div>\n\t\t<\/div>\n\t<\/div>\n<div id=\"ultimate-heading-837569d990ab1127c\" class=\"uvc-heading ult-adjust-bottom-margin ultimate-heading-837569d990ab1127c uvc-9662\" data-hspacer=\"no_spacer\"  data-halign=\"center\" style=\"text-align:center\"><div class=\"uvc-heading-spacer no_spacer\" style=\"top\"><\/div><div class=\"uvc-main-heading ult-responsive\"  data-ultimate-target='.uvc-heading.ultimate-heading-837569d990ab1127c h2'  data-responsive-json-new='{\"font-size\":\"\",\"line-height\":\"\"}' ><h2 style=\"font-weight:normal;color:#000000;\">Todas las cuentas vienen con:<\/h2><\/div><\/div><div class=\"vc_row row-internal row-container\"><div class=\"row row-child\"><div class=\"wpb_row row-inner\"><div class=\"wpb_column pos-top pos-center align_left column_child col-lg-6 single-internal-gutter\"><div class=\"uncol style-light\" ><div class=\"uncoltable\"><div class=\"uncell no-block-padding\" ><div class=\"uncont\" ><div class=\"aio-icon-component    style_2\"><div id=\"Info-box-wrap-3417\" class=\"aio-icon-box default-icon\" style=\"\"  ><div class=\"aio-icon-default\"><div class=\"ult-just-icon-wrapper\"><div class=\"align-icon\" style=\"text-align:center;\">\n<div class=\"aio-icon none\"  style=\"color:#0982a3;font-size:48px;display:inline-block;\">\n\t<i class=\"Defaults-mobile mobile-phone\"><\/i>\n<\/div><\/div><\/div><\/div><div class=\"aio-icon-header\" ><h3 class=\"aio-icon-title ult-responsive\"  data-ultimate-target='#Info-box-wrap-3417 .aio-icon-title'  data-responsive-json-new='{\"font-size\":\"desktop:26px;\",\"line-height\":\"\"}'  style=\"\">Banca m\u00f3vil<\/h3><\/div> <!-- header --><div class=\"aio-icon-description ult-responsive\"  data-ultimate-target='#Info-box-wrap-3417 .aio-icon-description'  data-responsive-json-new='{\"font-size\":\"desktop:18px;\",\"line-height\":\"\"}'  style=\"\"><span style=\"color: #000000;\">Acceda a su cuenta comercial desde cualquier lugar y realice un seguimiento de sus finanzas desde su tel\u00e9fono inteligente.<\/span><\/div> <!-- description --><\/div> <!-- aio-icon-box --><\/div> <!-- aio-icon-component --><\/div><\/div><\/div><\/div><\/div><div class=\"wpb_column pos-top pos-center align_left column_child col-lg-6 single-internal-gutter\"><div class=\"uncol style-light\" ><div class=\"uncoltable\"><div class=\"uncell no-block-padding\" ><div class=\"uncont\" ><div class=\"aio-icon-component    style_2\"><div id=\"Info-box-wrap-6757\" class=\"aio-icon-box default-icon\" style=\"\"  ><div class=\"aio-icon-default\"><div class=\"ult-just-icon-wrapper\"><div class=\"align-icon\" style=\"text-align:center;\">\n<div class=\"aio-icon none\"  style=\"color:#00475f;font-size:48px;display:inline-block;\">\n\t<i class=\"Defaults-dollar usd\"><\/i>\n<\/div><\/div><\/div><\/div><div class=\"aio-icon-header\" ><h3 class=\"aio-icon-title ult-responsive\"  data-ultimate-target='#Info-box-wrap-6757 .aio-icon-title'  data-responsive-json-new='{\"font-size\":\"desktop:26px;\",\"line-height\":\"\"}'  style=\"\">Dep\u00f3sitos en cajeros autom\u00e1ticos<\/h3><\/div> <!-- header --><div class=\"aio-icon-description ult-responsive\"  data-ultimate-target='#Info-box-wrap-6757 .aio-icon-description'  data-responsive-json-new='{\"font-size\":\"desktop:18px;\",\"line-height\":\"\"}'  style=\"\"><span style=\"color: #000000;\">Utilice un cajero autom\u00e1tico BrightStar para depositar c\u00f3modamente sus cheques sin la molestia de ir a una sucursal.<\/span><\/div> <!-- description --><\/div> <!-- aio-icon-box --><\/div> <!-- aio-icon-component --><\/div><\/div><\/div><\/div><\/div><\/div><\/div><\/div><\/div><\/div><\/div><\/div><\/div><script id=\"script-row-unique-2\" data-row=\"script-row-unique-2\" type=\"text\/javascript\" class=\"vc_controls\">UNCODE.initRow(document.getElementById(\"row-unique-2\"));<\/script><\/div><\/div><\/div>","protected":false},"excerpt":{"rendered":"Business Checking Smart, Simple Banking for Growing Businesses BrightStar\u2019s Business Checking Accounts include FREE Business Online Banking, FREE online statements, [...]","protected":false},"author":8,"featured_media":0,"parent":204,"menu_order":0,"comment_status":"closed","ping_status":"closed","template":"","meta":{"footnotes":""},"class_list":["post-5522","page","type-page","status-publish","hentry"],"_links":{"self":[{"href":"https:\/\/demo2.mybscu.org\/es\/wp-json\/wp\/v2\/pages\/5522","targetHints":{"allow":["GET"]}}],"collection":[{"href":"https:\/\/demo2.mybscu.org\/es\/wp-json\/wp\/v2\/pages"}],"about":[{"href":"https:\/\/demo2.mybscu.org\/es\/wp-json\/wp\/v2\/types\/page"}],"author":[{"embeddable":true,"href":"https:\/\/demo2.mybscu.org\/es\/wp-json\/wp\/v2\/users\/8"}],"replies":[{"embeddable":true,"href":"https:\/\/demo2.mybscu.org\/es\/wp-json\/wp\/v2\/comments?post=5522"}],"version-history":[{"count":3,"href":"https:\/\/demo2.mybscu.org\/es\/wp-json\/wp\/v2\/pages\/5522\/revisions"}],"predecessor-version":[{"id":16920,"href":"https:\/\/demo2.mybscu.org\/es\/wp-json\/wp\/v2\/pages\/5522\/revisions\/16920"}],"up":[{"embeddable":true,"href":"https:\/\/demo2.mybscu.org\/es\/wp-json\/wp\/v2\/pages\/204"}],"wp:attachment":[{"href":"https:\/\/demo2.mybscu.org\/es\/wp-json\/wp\/v2\/media?parent=5522"}],"curies":[{"name":"wp","href":"https:\/\/api.w.org\/{rel}","templated":true}]}}