{"id":5587,"date":"2018-05-04T15:36:24","date_gmt":"2018-05-04T19:36:24","guid":{"rendered":"https:\/\/demo2.mybscu.org\/?page_id=5587"},"modified":"2023-02-24T09:28:01","modified_gmt":"2023-02-24T14:28:01","slug":"robert-j-crabtree","status":"publish","type":"page","link":"https:\/\/demo2.mybscu.org\/es\/investmentservices\/robert-j-crabtree\/","title":{"rendered":"Robert J. Crabtree"},"content":{"rendered":"<section data-parent=\"true\" class=\"vc_section row-container\" id=\"section-unique-0\"><div class=\"row-background background-element\">\n\t\t\t\t\t\t\t\t\t\t\t<div class=\"background-wrapper\">\n\t\t\t\t\t\t\t\t\t\t\t\t<div class=\"background-inner\" style=\"background-image: url(https:\/\/demo2.mybscu.org\/wp-content\/uploads\/2019\/06\/jim-wp.jpg);background-repeat: no-repeat;background-position: center top;background-attachment: scroll;background-size: cover;\"><\/div>\n\t\t\t\t\t\t\t\t\t\t\t\t<div class=\"block-bg-overlay style-color-jevc-bg\" style=\"opacity: 0.6;\"><\/div>\n\t\t\t\t\t\t\t\t\t\t\t<\/div>\n\t\t\t\t\t\t\t\t\t\t<\/div><div class=\"row no-top-padding no-bottom-padding no-h-padding full-width row-parent\"><div data-parent=\"true\" class=\"vc_row row-container\" id=\"row-unique-0\"><div class=\"row unequal limit-width row-parent\" data-height-ratio=\"40\" data-minheight=\"300\"><div class=\"wpb_row row-inner\"><div class=\"wpb_column pos-middle pos-center align_center align_center_mobile column_parent col-lg-12 no-internal-gutter\"><div class=\"uncol style-light\"  ><div class=\"uncoltable\"><div class=\"uncell no-block-padding\" ><div class=\"uncont\" ><div id=\"ultimate-heading-385169d9a55132166\" class=\"uvc-heading ult-adjust-bottom-margin ultimate-heading-385169d9a55132166 uvc-9838\" data-hspacer=\"no_spacer\"  data-halign=\"center\" style=\"text-align:center\"><div class=\"uvc-heading-spacer no_spacer\" style=\"top\"><\/div><div class=\"uvc-main-heading ult-responsive\"  data-ultimate-target='.uvc-heading.ultimate-heading-385169d9a55132166 h1'  data-responsive-json-new='{\"font-size\":\"\",\"line-height\":\"\"}' ><h1 style=\"font-weight:normal;color:#ffffff;\">Robert J. Crabtree<\/h1><\/div><div class=\"uvc-sub-heading ult-responsive\"  data-ultimate-target='.uvc-heading.ultimate-heading-385169d9a55132166 .uvc-sub-heading '  data-responsive-json-new='{\"font-size\":\"desktop:24px;\",\"line-height\":\"\"}'  style=\"font-weight:normal;color:#ffffff;\"><\/p>\n<p style=\"text-align: center;\">Conozca a su asesor financiero*, Robert J. Crabtree<\/p>\n<p><\/div><\/div><\/div><\/div><\/div><\/div><\/div><script id=\"script-row-unique-0\" data-row=\"script-row-unique-0\" type=\"text\/javascript\" class=\"vc_controls\">UNCODE.initRow(document.getElementById(\"row-unique-0\"));<\/script><\/div><\/div><\/div><script id=\"script-section-unique-0\" data-section=\"script-section-unique-0\" type=\"text\/javascript\">UNCODE.initSection(document.getElementById(\"section-unique-0\"));<\/script><\/div><\/section><div data-parent=\"true\" class=\"vc_row style-color-lxmt-bg row-container\" id=\"row-unique-1\"><div class=\"row limit-width row-parent\"><div class=\"wpb_row row-inner\"><div class=\"wpb_column pos-middle pos-center align_left column_parent col-lg-12 single-internal-gutter\"><div class=\"uncol style-light\"  ><div class=\"uncoltable\"><div class=\"uncell no-block-padding\" ><div class=\"uncont\" ><div class=\"aio-icon-component  vc_custom_1626361642013   style_1\"><div id=\"Info-box-wrap-6434\" class=\"aio-icon-box default-icon\" style=\"\"  ><div class=\"aio-icon-description ult-responsive\"  data-ultimate-target='#Info-box-wrap-6434 .aio-icon-description'  data-responsive-json-new='{\"font-size\":\"\",\"line-height\":\"\"}'  style=\"\"><span style=\"color: #00475f; font-size: 24px;\"><span style=\"color: #000000;\">Verifique los antecedentes de los profesionales de inversi\u00f3n en<\/span> <a style=\"color: #00475f;\" href=\"https:\/\/brokercheck.finra.org\/individual\/summary\/5093104\" target=\"_blank\" rel=\"noopener noreferrer\"><u>FINRA&#8217;s BrokerCheck.<\/u><\/a><\/span><\/div> <!-- description --><\/div> <!-- aio-icon-box --><\/div> <!-- aio-icon-component --><\/div><\/div><\/div><\/div><\/div><script id=\"script-row-unique-1\" data-row=\"script-row-unique-1\" type=\"text\/javascript\" class=\"vc_controls\">UNCODE.initRow(document.getElementById(\"row-unique-1\"));<\/script><\/div><\/div><\/div><div data-parent=\"true\" class=\"vc_row style-color-xsdn-bg vc_custom_1511290271611 row-container onepage-section\" data-label=\"features\" data-name=\"features\" style=\"padding-top: 20px ;\" id=\"row-unique-2\"><div class=\"row limit-width row-parent\"><div class=\"wpb_row row-inner\"><div class=\"wpb_column pos-top pos-center align_left column_parent col-lg-6 single-internal-gutter\"><div class=\"uncol style-light\"  ><div class=\"uncoltable\"><div class=\"uncell no-block-padding\" ><div class=\"uncont\" ><div class=\"uavc-list-icon uavc-list-icon-wrapper ult-adjust-bottom-margin\"><ul class=\"uavc-list\"><li><div class=\"uavc-list-content\" id=\"list-icon-wrap-8664\">\n<div class=\"uavc-list-icon\" data-animation=\"\" data-animation-delay=\"03\" style=\"margin-right:5px;\"><div class=\"ult-just-icon-wrapper\"><div class=\"align-icon\" style=\"text-align:center;\">\n<div class=\"aio-icon none\"  style=\"color:#031c32;font-size:20px;display:inline-block;\">\n\t<i class=\"Defaults-circle-thin genderless\"><\/i>\n<\/div><\/div><\/div>\n<\/div><span  data-ultimate-target='#list-icon-wrap-8664 .uavc-list-desc'  data-responsive-json-new='{\"font-size\":\"\",\"line-height\":\"\"}'  class=\"uavc-list-desc ult-responsive\" style=\"\"><span style=\"color: #000000;\">BrightStar Investment Services makes available a variety of insurance and investment products that complement those offered by your credit union. The program can provide a package of protection and asset accumulation products that can help you address your personal financial objectives&#8230; whether those objectives involve saving for a home, providing a college education, or planning a comfortable retirement<\/span><\/p>\n<p><\/span><\/div><\/li><li><div class=\"uavc-list-content\" id=\"list-icon-wrap-1384\">\n<div class=\"uavc-list-icon\" data-animation=\"\" data-animation-delay=\"03\" style=\"margin-right:5px;\"><div class=\"ult-just-icon-wrapper\"><div class=\"align-icon\" style=\"text-align:center;\">\n<div class=\"aio-icon none\"  style=\"color:#031c32;font-size:20px;display:inline-block;\">\n\t<i class=\"Defaults-circle-thin genderless\"><\/i>\n<\/div><\/div><\/div>\n<\/div><span  data-ultimate-target='#list-icon-wrap-1384 .uavc-list-desc'  data-responsive-json-new='{\"font-size\":\"\",\"line-height\":\"\"}'  class=\"uavc-list-desc ult-responsive\" style=\"\"><span style=\"color: #000000;\">El representante, un profesional con una larga trayectoria, cuidadosamente seleccionado y capacitado, puede trabajar con usted para ayudarle a alcanzar sus objetivos financieros personales y proporcionarle informaci\u00f3n sobre los siguientes servicios y productos: planificaci\u00f3n de seguros, planificaci\u00f3n de la jubilaci\u00f3n, planificaci\u00f3n de inversiones, financiaci\u00f3n de la educaci\u00f3n, planificaci\u00f3n empresarial, fondos mutuos y acciones\/bonos.<\/span><\/p>\n<p><\/span><\/div><\/li><\/ul><\/div><\/div><\/div><\/div><\/div><\/div><div class=\"wpb_column pos-top pos-center align_center column_parent col-lg-6 single-internal-gutter\"><div class=\"uncol style-light\"  ><div class=\"uncoltable\"><div class=\"uncell no-block-padding\" ><div class=\"uncont\" ><div class=\"uncode-single-media  text-center\"><div class=\"single-wrapper\" style=\"max-width: 150px;\"><div class=\"tmb tmb-light  img-circle tmb-shadowed tmb-shadowed-std tmb-media-first tmb-media-last tmb-content-overlay tmb-no-bg\"><div class=\"t-inside\"><div class=\"t-entry-visual\"><div class=\"t-entry-visual-tc\"><div class=\"uncode-single-media-wrapper img-circle\"><img decoding=\"async\" class=\"wp-image-12306\" src=\"https:\/\/demo2.mybscu.org\/wp-content\/uploads\/2021\/07\/rober-bg.png\" width=\"400\" height=\"400\" alt=\"Investment Rep's Photo\" srcset=\"https:\/\/demo2.mybscu.org\/wp-content\/uploads\/2021\/07\/rober-bg.png 400w, https:\/\/demo2.mybscu.org\/wp-content\/uploads\/2021\/07\/rober-bg-300x300.png 300w, https:\/\/demo2.mybscu.org\/wp-content\/uploads\/2021\/07\/rober-bg-150x150.png 150w, https:\/\/demo2.mybscu.org\/wp-content\/uploads\/2021\/07\/rober-bg-125x125.png 125w, https:\/\/demo2.mybscu.org\/wp-content\/uploads\/2021\/07\/rober-bg-75x75.png 75w, https:\/\/demo2.mybscu.org\/wp-content\/uploads\/2021\/07\/rober-bg-100x100.png 100w\" sizes=\"(max-width: 400px) 100vw, 400px\" \/><\/div>\n\t\t\t\t\t<\/div>\n\t\t\t\t<\/div><\/div><\/div><\/div><\/div><div class=\"uncode_text_column\" ><p><span style=\"color: #000000;\"><strong>Robert J. Crabtree<\/strong><\/span><br \/>\n<span style=\"color: #000000;\">Profesional financiero<\/span><br \/>\n<span style=\"color: #000000;\">Servicios de inversi\u00f3n de BrightStar<\/span><br \/>\n<span style=\"color: #000000;\"><strong>Oficina:<\/strong> (954) 714-4497<\/span><br \/>\n<span style=\"color: #000000;\"><strong>Cel\u00fala: <\/strong>(954) 228-7991<br \/>\n<strong>Texto: <\/strong>(954) 280-5452<br \/>\n<strong>Fax: <\/strong>(608) 236-8251<\/span><br \/>\n<span style=\"color: #000000;\"><strong>Correo electr\u00f3nico:<\/strong> Robert.Crabtree@lpl.com<\/span><\/p>\n<\/div><\/div><\/div><\/div><\/div><\/div><script id=\"script-row-unique-2\" data-row=\"script-row-unique-2\" type=\"text\/javascript\" class=\"vc_controls\">UNCODE.initRow(document.getElementById(\"row-unique-2\"));<\/script><\/div><\/div><\/div><div data-parent=\"true\" class=\"vc_row style-color-lxmt-bg vc_custom_1561569258525 row-container\" style=\"padding-top: 20px ;padding-bottom: 20px ;\" id=\"row-unique-3\"><div class=\"row col-half-gutter limit-width row-parent\"><div class=\"wpb_row row-inner\"><div class=\"wpb_column pos-top pos-center align_left column_parent col-lg-12 single-internal-gutter\"><div class=\"uncol style-light\"  ><div class=\"uncoltable\"><div class=\"uncell no-block-padding\" ><div class=\"uncont\" ><div class=\"uncode_text_column vc_custom_1657050674654\"  style=\"padding-bottom: 30px ;\"><\/p>\n<p style=\"text-align: left;\"><span style=\"color: #000000;\">Los representantes registrados de LPL Financial asociados con este sitio web solo pueden negociar y\/o realizar transacciones comerciales con residentes de los estados en los que est\u00e9n debidamente registrados o autorizados. No se podr\u00e1n hacer ni aceptar ofertas de ning\u00fan residente de ning\u00fan otro estado.<\/span><\/p>\n<p>\n<\/div><div class=\"uncode_text_column vc_custom_1657567389393\"  style=\"padding-bottom: 30px ;\"><p><span style=\"color: #000000;\"><strong>Robert Crabtree es asesor financiero de LPL Financial (LPL), un asesor de inversiones registrado y corredor de bolsa (miembro), y los servicios de valores y asesor\u00eda se ofrecen a trav\u00e9s de LPL Financial (LPL), un asesor de inversiones registrado y corredor de bolsa (miembro). <a href=\"https:\/\/finra.org\" target=\"_blank\" rel=\"noopener\"><u>FINRA<\/u><\/a>\/<a href=\"https:\/\/sipc.org\" target=\"_blank\" rel=\"noopener\"><u>SIPC<\/u><\/a>).<\/strong> Los productos de seguros se ofrecen a trav\u00e9s de LPL o sus filiales autorizadas. BrightStar Credit Union (BSCU) y BrightStar Investment Services <strong><u>no lo son<\/u><\/strong> Registrados como agentes de bolsa o asesores de inversi\u00f3n. Los representantes registrados de LPL ofrecen productos y servicios a trav\u00e9s de BrightStar Investment Services y tambi\u00e9n pueden ser empleados de BSCU. Estos productos y servicios se ofrecen a trav\u00e9s de LPL o sus filiales, que son entidades independientes y no est\u00e1n afiliadas a BSCU ni a BrightStar Investment Services. Los valores y seguros ofrecidos a trav\u00e9s de LPL o sus filiales son:<\/span><\/p>\n<\/div><div class=\"uncode_text_column\" ><\/p>\n<table class=\"aligncenter\">\n<tbody>\n<tr>\n<td style=\"text-align: center;\"><strong><span style=\"color: #000000;\">No asegurado por la NCUA ni por ninguna otra agencia gubernamental<\/span><\/strong><\/td>\n<td style=\"text-align: center;\"><strong><span style=\"color: #000000;\">No es una cooperativa de cr\u00e9dito<\/span><\/strong><br \/>\n<strong><span style=\"color: #000000;\">Garantizado<\/span><\/strong><\/td>\n<td style=\"text-align: center;\"><strong><span style=\"color: #000000;\">No son dep\u00f3sitos ni obligaciones de la cooperativa de cr\u00e9dito.<\/span><\/strong><\/td>\n<td style=\"text-align: center;\"><strong><span style=\"color: #000000;\">Puede perder valor<\/span><\/strong><\/td>\n<\/tr>\n<\/tbody>\n<\/table>\n<p>\n<\/div><\/div><\/div><\/div><\/div><\/div><script id=\"script-row-unique-3\" data-row=\"script-row-unique-3\" type=\"text\/javascript\" class=\"vc_controls\">UNCODE.initRow(document.getElementById(\"row-unique-3\"));<\/script><\/div><\/div><\/div>","protected":false},"excerpt":{"rendered":"Robert J. Crabtree Meet Your Financial Professional*, Robert J. Crabtree Check the background of the investment professionals on FINRA's BrokerCheck. [...]","protected":false},"author":8,"featured_media":0,"parent":6665,"menu_order":0,"comment_status":"closed","ping_status":"closed","template":"","meta":{"footnotes":""},"class_list":["post-5587","page","type-page","status-publish","hentry"],"_links":{"self":[{"href":"https:\/\/demo2.mybscu.org\/es\/wp-json\/wp\/v2\/pages\/5587","targetHints":{"allow":["GET"]}}],"collection":[{"href":"https:\/\/demo2.mybscu.org\/es\/wp-json\/wp\/v2\/pages"}],"about":[{"href":"https:\/\/demo2.mybscu.org\/es\/wp-json\/wp\/v2\/types\/page"}],"author":[{"embeddable":true,"href":"https:\/\/demo2.mybscu.org\/es\/wp-json\/wp\/v2\/users\/8"}],"replies":[{"embeddable":true,"href":"https:\/\/demo2.mybscu.org\/es\/wp-json\/wp\/v2\/comments?post=5587"}],"version-history":[{"count":1,"href":"https:\/\/demo2.mybscu.org\/es\/wp-json\/wp\/v2\/pages\/5587\/revisions"}],"predecessor-version":[{"id":14730,"href":"https:\/\/demo2.mybscu.org\/es\/wp-json\/wp\/v2\/pages\/5587\/revisions\/14730"}],"up":[{"embeddable":true,"href":"https:\/\/demo2.mybscu.org\/es\/wp-json\/wp\/v2\/pages\/6665"}],"wp:attachment":[{"href":"https:\/\/demo2.mybscu.org\/es\/wp-json\/wp\/v2\/media?parent=5587"}],"curies":[{"name":"wp","href":"https:\/\/api.w.org\/{rel}","templated":true}]}}