{"id":563,"date":"2016-08-31T15:39:30","date_gmt":"2016-08-31T15:39:30","guid":{"rendered":"http:\/\/192.185.79.221\/~bscu\/?page_id=563"},"modified":"2023-08-24T15:47:05","modified_gmt":"2023-08-24T19:47:05","slug":"insurance-center","status":"publish","type":"page","link":"https:\/\/demo2.mybscu.org\/es\/insurance-center\/","title":{"rendered":"Centro de Seguros"},"content":{"rendered":"<section data-parent=\"true\" class=\"vc_section row-container\" id=\"section-unique-0\"><div class=\"row-background background-element\">\n\t\t\t\t\t\t\t\t\t\t\t<div class=\"background-wrapper\">\n\t\t\t\t\t\t\t\t\t\t\t\t<div class=\"background-inner\" style=\"background-image: url(https:\/\/demo2.mybscu.org\/wp-content\/uploads\/2020\/06\/insurance-center.jpg);background-repeat: no-repeat;background-position: center top;background-attachment: scroll;background-size: cover;\"><\/div>\n\t\t\t\t\t\t\t\t\t\t\t\t<div class=\"block-bg-overlay style-color-nhtu-bg\" style=\"opacity: 0.45;\"><\/div>\n\t\t\t\t\t\t\t\t\t\t\t<\/div>\n\t\t\t\t\t\t\t\t\t\t<\/div><div class=\"row no-top-padding no-bottom-padding no-h-padding full-width row-parent\"><div data-parent=\"true\" class=\"vc_row row-container\" id=\"row-unique-0\"><div class=\"row unequal limit-width row-parent\" data-height-ratio=\"40\" data-minheight=\"300\"><div class=\"wpb_row row-inner\"><div class=\"wpb_column pos-middle pos-center align_center align_center_mobile column_parent col-lg-12 no-internal-gutter\"><div class=\"uncol style-light\"  ><div class=\"uncoltable\"><div class=\"uncell no-block-padding\" ><div class=\"uncont\" ><div id=\"ultimate-heading-466169d99063cb679\" class=\"uvc-heading ult-adjust-bottom-margin ultimate-heading-466169d99063cb679 uvc-2547\" data-hspacer=\"no_spacer\"  data-halign=\"center\" style=\"text-align:center\"><div class=\"uvc-heading-spacer no_spacer\" style=\"top\"><\/div><div class=\"uvc-main-heading ult-responsive\"  data-ultimate-target='.uvc-heading.ultimate-heading-466169d99063cb679 h1'  data-responsive-json-new='{\"font-size\":\"\",\"line-height\":\"\"}' ><h1 style=\"font-weight:normal;color:#ffffff;\">Centro de Seguros<\/h1><\/div><div class=\"uvc-sub-heading ult-responsive\"  data-ultimate-target='.uvc-heading.ultimate-heading-466169d99063cb679 .uvc-sub-heading '  data-responsive-json-new='{\"font-size\":\"desktop:24px;\",\"line-height\":\"\"}'  style=\"font-weight:normal;color:#ffffff;\"><\/p>\n<p style=\"text-align: center;\">Brinda a tu familia lo mejor<\/p>\n<p><\/div><\/div><div class=\"ult-spacer spacer-69d99063cb6c4\" data-id=\"69d99063cb6c4\" data-height=\"10\" data-height-mobile=\"10\" data-height-tab=\"10\" data-height-tab-portrait=\"\" data-height-mobile-landscape=\"\" style=\"clear:both;display:block;\"><\/div><\/div><\/div><\/div><\/div><\/div><script id=\"script-row-unique-0\" data-row=\"script-row-unique-0\" type=\"text\/javascript\" class=\"vc_controls\">UNCODE.initRow(document.getElementById(\"row-unique-0\"));<\/script><\/div><\/div><\/div><script id=\"script-section-unique-0\" data-section=\"script-section-unique-0\" type=\"text\/javascript\">UNCODE.initSection(document.getElementById(\"section-unique-0\"));<\/script><\/div><\/section><div data-parent=\"true\" class=\"vc_row style-color-lxmt-bg row-container onepage-section has-dividers\" data-label=\"features\" data-name=\"features\" id=\"row-unique-1\"><div class=\"uncode-divider-wrap uncode-divider-wrap-bottom z_index_0\" style=\"height: 50px;\" data-height=\"50\" data-unit=\"px\"><svg version=\"1.1\" class=\"uncode-row-divider uncode-row-divider-tilt-opacity\" x=\"0px\" y=\"0px\" width=\"240px\" height=\"24px\" viewbox=\"0 0 240 24\" enable-background=\"new 0 0 240 24\" xml:space=\"preserve\" preserveaspectratio=\"none\">\n\t\t<path fill=\"#eaeaea\" fill-opacity=\"0.33\" d=\"M240,24V0L0,24H240z\"\/>\n\t\t<path fill=\"#eaeaea\" d=\"M240,24V3.72L0,24H240z\"\/>\n\t\t<path fill=\"#eaeaea\" fill-opacity=\"0.33\" d=\"M240,24V1.99L0,24H240z\"\/>\n\t\t<\/svg><\/div><div class=\"row limit-width row-parent\"><div class=\"wpb_row row-inner\"><div class=\"wpb_column pos-middle pos-center align_center column_parent col-lg-12 single-internal-gutter\"><div class=\"uncol style-light\"  ><div class=\"uncoltable\"><div class=\"uncell  vc_custom_1508767820331 no-block-padding\" style=\"padding-top: 20px ;\" ><div class=\"uncont\" ><div class=\"aio-icon-component    style_1\"><div id=\"Info-box-wrap-6127\" class=\"aio-icon-box default-icon\" style=\"\"  ><div class=\"aio-icon-header\" ><h3 class=\"aio-icon-title ult-responsive\"  data-ultimate-target='#Info-box-wrap-6127 .aio-icon-title'  data-responsive-json-new='{\"font-size\":\"desktop:18px;\",\"line-height\":\"\"}'  style=\"color:#031c32;\">Ofrecemos una variedad de servicios y recursos (disponibles a trav\u00e9s de varias compa\u00f1\u00edas independientes) para ayudarle a alcanzar sus objetivos de seguros.<\/h3><\/div> <!-- header --><\/div> <!-- aio-icon-box --><\/div> <!-- aio-icon-component --><\/div><\/div><\/div><\/div><\/div><script id=\"script-row-unique-1\" data-row=\"script-row-unique-1\" type=\"text\/javascript\" class=\"vc_controls\">UNCODE.initRow(document.getElementById(\"row-unique-1\"));<\/script><\/div><\/div><\/div><div data-parent=\"true\" class=\"vc_row style-color-gyho-bg vc_custom_1576167219029 row-container\" style=\"padding-top: 20px ;padding-bottom: 20px ;\" id=\"row-unique-2\"><div class=\"row limit-width row-parent\"><div class=\"wpb_row row-inner\"><div class=\"wpb_column pos-top pos-center align_left column_parent col-lg-12 single-internal-gutter\"><div class=\"uncol style-light\"  ><div class=\"uncoltable\"><div class=\"uncell no-block-padding\" ><div class=\"uncont\" ><div id=\"ultimate-heading-439669d99063cdd30\" class=\"uvc-heading ult-adjust-bottom-margin ultimate-heading-439669d99063cdd30 uvc-6932\" data-hspacer=\"no_spacer\"  data-halign=\"center\" style=\"text-align:center\"><div class=\"uvc-heading-spacer no_spacer\" style=\"top\"><\/div><div class=\"uvc-main-heading ult-responsive\"  data-ultimate-target='.uvc-heading.ultimate-heading-439669d99063cdd30 h3'  data-responsive-json-new='{\"font-size\":\"\",\"line-height\":\"\"}' ><h3 style=\"font-weight:normal;\">Servicios de seguros<\/h3><\/div><\/div><div class=\"vc_row row-internal row-container\"><div class=\"row row-child\"><div class=\"wpb_row row-inner\"><div class=\"wpb_column pos-top pos-center align_left column_child col-lg-4 single-internal-gutter\"><div class=\"uncol style-light\" ><div class=\"uncoltable\"><div class=\"uncell no-block-padding\" ><div class=\"uncont\" >\n\t<div class=\"wpb_raw_code wpb_content_element wpb_raw_html\" >\n\t\t<div class=\"wpb_wrapper\">\n\t\t\t<figure class=\"snip1249\">\n<div class=\"image\">\n<img decoding=\"async\" src=\"https:\/\/www.bscu.org\/wp-content\/uploads\/2020\/06\/trustage-bg.jpg\" alt=\" Asian Family Enjoying. happy little girl with family sitting in the car.\" \/><i class=\"ion-arrow-graph-up-right\"><\/i>\n<\/div>\n<figcaption>\n<h3>Seguros de Auto y Vida TruStage<\/h3>\n<p>Los seguros de TruStage est\u00e1n respaldados por CMFG Life, una compa\u00f1\u00eda con m\u00e1s de 80 a\u00f1os de trayectoria y en la que conf\u00edan millones de miembros de cooperativas de cr\u00e9dito.<\/p>\n<div class=\"price\">\n<\/div>\n<a href=\"https:\/\/www.trustage.com\/?orgIdentifier=000000002416&marketingCampaignCode=CBHP000003&utm_source=000000002416&utm_medium=CULK_Banner&utm_campaign=CBHP000003&utm_content=CC000348\" onclick=\"amplitude.getInstance().logEvent('TruStage Auto and Life Insurance');\" class=\"service-button\">M\u00c1S INFORMACI\u00d3N<\/a>\n<\/figcaption>\n<\/figure>\n\t\t<\/div>\n\t<\/div>\n<\/div><\/div><\/div><\/div><\/div><div class=\"wpb_column pos-top pos-center align_left column_child col-lg-4 single-internal-gutter\"><div class=\"uncol style-light\" ><div class=\"uncoltable\"><div class=\"uncell no-block-padding\" ><div class=\"uncont\" >\n\t<div class=\"wpb_raw_code wpb_content_element wpb_raw_html\" >\n\t\t<div class=\"wpb_wrapper\">\n\t\t\t<figure class=\"snip1249 hover\">\n<div class=\"image\">\n<img decoding=\"async\" src=\"https:\/\/www.bscu.org\/wp-content\/uploads\/2020\/06\/ahv-bg.jpg\" alt=\"Man holding an umbrella protecting a family, a house and a car\" \/><i class=\"ion-arrow-graph-up-right\"><\/i>\n<\/div>\n<figcaption>\n<h3>Verificaci\u00f3n de seguros de hogar y autom\u00f3vil<\/h3>\n<p>Parte de su contrato de pr\u00e9stamo consiste en proporcionar una cobertura de seguro completa mientras su veh\u00edculo o propiedad se utilice como garant\u00eda por parte de BrightStar Credit Union.<\/p>\n<div class=\"price\">\n<\/div>\n<a href=\"\/es\/insurance-center\/home-auto-insurance-verification\/\" onclick=\"amplitude.getInstance().logEvent('Home and Auto Insurance Verification');\" class=\"service-button\" >M\u00c1S INFORMACI\u00d3N<\/a>\n<\/figcaption>\n<\/figure>\n\t\t<\/div>\n\t<\/div>\n<\/div><\/div><\/div><\/div><\/div><div class=\"wpb_column pos-top pos-center align_left column_child col-lg-4 single-internal-gutter\"><div class=\"uncol style-light\" ><div class=\"uncoltable\"><div class=\"uncell no-block-padding\" ><div class=\"uncont\" >\n\t<div class=\"wpb_raw_code wpb_content_element wpb_raw_html\" >\n\t\t<div class=\"wpb_wrapper\">\n\t\t\t<figure class=\"snip1249 hover\">\n<div class=\"image\">\n<img decoding=\"async\" src=\"https:\/\/www.bscu.org\/wp-content\/uploads\/2020\/06\/lpp-bg.jpg\" alt=\"businessman get money concept\" \/><i class=\"ion-arrow-graph-up-right\"><\/i>\n<\/div>\n<figcaption>\n<h3>Protecci\u00f3n de la deuda<\/h3>\n<p>M\u00e1s que nunca, nos preocupan las cosas que puedan suceder ma\u00f1ana. La protecci\u00f3n de deuda brinda una importante sensaci\u00f3n de seguridad financiera, al saber que su pr\u00e9stamo no se convertir\u00e1 en una carga en momentos dif\u00edciles.<\/p>\n<div class=\"price\">\n<\/div>\n<a href=\"\/es\/debt-protection\/\" onclick=\"amplitude.getInstance().logEvent('Debt Protection');\" class=\"service-button\">M\u00c1S INFORMACI\u00d3N<\/a>\n<\/figcaption>\n<\/figure>\n\t\t<\/div>\n\t<\/div>\n<\/div><\/div><\/div><\/div><\/div><\/div><\/div><\/div><div class=\"vc_row row-internal row-container\"><div class=\"row row-child\"><div class=\"wpb_row row-inner\"><div class=\"wpb_column pos-top pos-center align_left column_child col-lg-4 single-internal-gutter\"><div class=\"uncol style-light\" ><div class=\"uncoltable\"><div class=\"uncell no-block-padding\" ><div class=\"uncont\" >\n\t<div class=\"wpb_raw_code wpb_content_element wpb_raw_html\" >\n\t\t<div class=\"wpb_wrapper\">\n\t\t\t<figure class=\"snip1249\">\n<div class=\"image\">\n<img decoding=\"async\" src=\"https:\/\/www.bscu.org\/wp-content\/uploads\/2020\/06\/add-bg.jpg\" alt=\"Young woman driving her car\" \/><i class=\"ion-arrow-graph-up-right\"><\/i>\n<\/div>\n<figcaption>\n<h3>Seguro de muerte accidental y desmembramiento<\/h3>\n<p>Seg\u00fan el Consejo Nacional de Seguridad, en Estados Unidos se produce una lesi\u00f3n mortal cada 2 segundos. Para ayudarle a protegerse a usted y a su familia, le facilitamos la obtenci\u00f3n de un seguro de muerte accidental y desmembramiento.<\/p>\n<div class=\"price\">\n<\/div>\n<a href=\"\/es\/insurance-center\/add-insurance\/\" onclick=\"amplitude.getInstance().logEvent('AD and D Insurance');\" class=\"service-button\">M\u00c1S INFORMACI\u00d3N<\/a>\n<\/figcaption>\n<\/figure>\n\t\t<\/div>\n\t<\/div>\n<\/div><\/div><\/div><\/div><\/div><div class=\"wpb_column pos-top pos-center align_left column_child col-lg-4 single-internal-gutter\"><div class=\"uncol style-light\" ><div class=\"uncoltable\"><div class=\"uncell no-block-padding\" ><div class=\"uncont\" >\n\t<div class=\"wpb_raw_code wpb_content_element wpb_raw_html\" >\n\t\t<div class=\"wpb_wrapper\">\n\t\t\t<figure class=\"snip1249\">\n<div class=\"image\">\n<img decoding=\"async\" src=\"https:\/\/www.bscu.org\/wp-content\/uploads\/2020\/06\/life-insurance-bg.jpg\" alt=\"Female insurance agent who is happy to be working\" \/><i class=\"ion-arrow-graph-up-right\"><\/i>\n<\/div>\n<figcaption>\n<h3>Seguro de vida<\/h3>\n<p>Muchas veces, la gente no planea fracasar, sino que fracasa por no planificar. BrightStar CU anima a sus miembros a planificar su futuro, no solo para alcanzar sus sue\u00f1os, sino tambi\u00e9n para protegerse a s\u00ed mismos y a sus familias de imprevistos.<\/p>\n<div class=\"price\">\n<\/div>\n<a href=\"https:\/\/www.trustage.com\/?orgIdentifier=000000002416&marketingCampaignCode=CBHP000003&utm_source=000000002416&utm_medium=CULK_Banner&utm_campaign=CBHP000003&utm_content=CC000348\" onclick=\"amplitude.getInstance().logEvent('Life Insurance');\" class=\"service-button\" >M\u00c1S INFORMACI\u00d3N<\/a>\n<\/figcaption>\n<\/figure>\n\t\t<\/div>\n\t<\/div>\n<\/div><\/div><\/div><\/div><\/div><div class=\"wpb_column pos-top pos-center align_left column_child col-lg-4 single-internal-gutter\"><div class=\"uncol style-light\" ><div class=\"uncoltable\"><div class=\"uncell no-block-padding\" ><div class=\"uncont\" >\n\t<div class=\"wpb_raw_code wpb_content_element wpb_raw_html\" >\n\t\t<div class=\"wpb_wrapper\">\n\t\t\t<figure class=\"snip1249\">\n<div class=\"image\">\n<img decoding=\"async\" src=\"https:\/\/www.bscu.org\/wp-content\/uploads\/2020\/06\/gab-bg.jpg\" alt=\"Father with son and dog look from the car window\" \/><i class=\"ion-arrow-graph-up-right\"><\/i>\n<\/div>\n<figcaption>\n<h3>Seguro GAP<\/h3>\n<p>La Protecci\u00f3n de Activos Garantizada (GAP) le ofrece la tranquilidad de saber que podr\u00eda estar cubierto por la diferencia entre el valor real en efectivo de su veh\u00edculo y el saldo del pr\u00e9stamo. Considere agregar la Protecci\u00f3n GAP a su pr\u00e9stamo.<\/p>\n<div class=\"price\">\n<\/div>\n<a href=\"\/es\/insurance-center\/guaranteed-asset-protection\/\" onclick=\"amplitude.getInstance().logEvent('GAP Insurance');\" class=\"service-button\" >M\u00c1S INFORMACI\u00d3N<\/a>\n<\/figcaption>\n<\/figure>\n\t\t<\/div>\n\t<\/div>\n<\/div><\/div><\/div><\/div><\/div><\/div><\/div><\/div><div class=\"vc_row row-internal row-container\"><div class=\"row row-child\"><div class=\"wpb_row row-inner\"><div class=\"wpb_column pos-top pos-center align_left column_child col-lg-4 single-internal-gutter\"><div class=\"uncol style-light\" ><div class=\"uncoltable\"><div class=\"uncell no-block-padding\" ><div class=\"uncont\" >\n\t<div class=\"wpb_raw_code wpb_content_element wpb_raw_html\" >\n\t\t<div class=\"wpb_wrapper\">\n\t\t\t<figure class=\"snip1249\">\n<div class=\"image\">\n<img decoding=\"async\" src=\"https:\/\/www.bscu.org\/wp-content\/uploads\/2020\/06\/mc-bg.jpg\" alt=\"two couples driving car\" \/><i class=\"ion-arrow-graph-up-right\"><\/i>\n<\/div>\n<figcaption>\n<h3>Cobertura de reparaci\u00f3n mec\u00e1nica<\/h3>\n<p>Dependes de tu coche. Pero pueden surgir reparaciones importantes e inesperadas una vez que expire la garant\u00eda de f\u00e1brica. La Cobertura de Reparaci\u00f3n Mec\u00e1nica (CRM) puede ayudarte a limitar el coste de las aver\u00edas cubiertas.<\/p>\n<div class=\"price\">\n<\/div>\n<a href=\"\/es\/insurance-center\/mechanical-repair-coverage\/\" onclick=\"amplitude.getInstance().logEvent('Mechanical Repair Coverage');\" class=\"service-button\">M\u00c1S INFORMACI\u00d3N<\/a>\n<\/figcaption>\n<\/figure>\n\t\t<\/div>\n\t<\/div>\n<\/div><\/div><\/div><\/div><\/div><div class=\"wpb_column pos-top pos-center align_left column_child col-lg-4 single-internal-gutter\"><div class=\"uncol style-light\" ><div class=\"uncoltable\"><div class=\"uncell no-block-padding\" ><div class=\"uncont\" >\n\t<div class=\"wpb_raw_code wpb_content_element wpb_raw_html\" >\n\t\t<div class=\"wpb_wrapper\">\n\t\t\t<figure class=\"snip1249\">\n<div class=\"image\">\n<img decoding=\"async\" src=\"https:\/\/www.bscu.org\/wp-content\/uploads\/2020\/06\/wn-bg.jpg\" alt=\"Insurance company client take out complete insurance concept\" \/><i class=\"ion-arrow-graph-up-right\"><\/i>\n<\/div>\n<figcaption>\n<h3>Washington Nacional<\/h3>\n<p>Durante m\u00e1s de 100 a\u00f1os, Washington National Insurance ha ayudado a los estadounidenses a protegerse de las dificultades financieras que suelen acompa\u00f1ar a las enfermedades graves, los accidentes y la p\u00e9rdida de un ser querido. Llame al 1-800-541-2254 para obtener m\u00e1s informaci\u00f3n.<\/p>\n<div class=\"price\">\n<\/div>\n<a href=\"https:\/\/washingtonnational.com\/\" onclick=\"amplitude.getInstance().logEvent('Life Insurance');\" class=\"service-button\" >M\u00c1S INFORMACI\u00d3N<\/a>\n<\/figcaption>\n<\/figure>\n\t\t<\/div>\n\t<\/div>\n<\/div><\/div><\/div><\/div><\/div><div class=\"wpb_column pos-top pos-center align_left column_child col-lg-4 single-internal-gutter\"><div class=\"uncol style-light\" ><div class=\"uncoltable\"><div class=\"uncell no-block-padding\" ><div class=\"uncont\" ><\/div><\/div><\/div><\/div><\/div><\/div><\/div><\/div><\/div><\/div><\/div><\/div><\/div><script id=\"script-row-unique-2\" data-row=\"script-row-unique-2\" type=\"text\/javascript\" class=\"vc_controls\">UNCODE.initRow(document.getElementById(\"row-unique-2\"));<\/script><\/div><\/div><\/div>","protected":false},"excerpt":{"rendered":"Insurance Center Provide Your Family with the Best We offer a variety of services and resources (available through several independent [...]","protected":false},"author":8,"featured_media":0,"parent":0,"menu_order":0,"comment_status":"closed","ping_status":"closed","template":"","meta":{"footnotes":""},"class_list":["post-563","page","type-page","status-publish","hentry"],"_links":{"self":[{"href":"https:\/\/demo2.mybscu.org\/es\/wp-json\/wp\/v2\/pages\/563","targetHints":{"allow":["GET"]}}],"collection":[{"href":"https:\/\/demo2.mybscu.org\/es\/wp-json\/wp\/v2\/pages"}],"about":[{"href":"https:\/\/demo2.mybscu.org\/es\/wp-json\/wp\/v2\/types\/page"}],"author":[{"embeddable":true,"href":"https:\/\/demo2.mybscu.org\/es\/wp-json\/wp\/v2\/users\/8"}],"replies":[{"embeddable":true,"href":"https:\/\/demo2.mybscu.org\/es\/wp-json\/wp\/v2\/comments?post=563"}],"version-history":[{"count":3,"href":"https:\/\/demo2.mybscu.org\/es\/wp-json\/wp\/v2\/pages\/563\/revisions"}],"predecessor-version":[{"id":15080,"href":"https:\/\/demo2.mybscu.org\/es\/wp-json\/wp\/v2\/pages\/563\/revisions\/15080"}],"wp:attachment":[{"href":"https:\/\/demo2.mybscu.org\/es\/wp-json\/wp\/v2\/media?parent=563"}],"curies":[{"name":"wp","href":"https:\/\/api.w.org\/{rel}","templated":true}]}}