{"id":572,"date":"2016-08-31T16:17:28","date_gmt":"2016-08-31T16:17:28","guid":{"rendered":"http:\/\/192.185.79.221\/~bscu\/?page_id=572"},"modified":"2024-05-01T10:23:06","modified_gmt":"2024-05-01T14:23:06","slug":"guaranteed-asset-protection","status":"publish","type":"page","link":"https:\/\/demo2.mybscu.org\/es\/insurance-center\/guaranteed-asset-protection\/","title":{"rendered":"Protecci\u00f3n de activos garantizada"},"content":{"rendered":"<section data-parent=\"true\" class=\"vc_section row-container with-parallax\" id=\"section-unique-0\"><div class=\"row-background background-element\">\n\t\t\t\t\t\t\t\t\t\t\t<div class=\"background-wrapper\">\n\t\t\t\t\t\t\t\t\t\t\t\t<div class=\"background-inner\" style=\"background-image: url(https:\/\/demo2.mybscu.org\/wp-content\/uploads\/2020\/06\/gab-bg.jpg);background-repeat: no-repeat;background-position: center center;background-size: cover;\"><\/div>\n\t\t\t\t\t\t\t\t\t\t\t\t<div class=\"block-bg-overlay style-color-jevc-bg\" style=\"opacity: 0.45;\"><\/div>\n\t\t\t\t\t\t\t\t\t\t\t<\/div>\n\t\t\t\t\t\t\t\t\t\t<\/div><div class=\"row no-top-padding no-bottom-padding no-h-padding full-width row-parent\"><div data-parent=\"true\" class=\"vc_row row-container\" id=\"row-unique-0\"><div class=\"row unequal limit-width row-parent\" data-height-ratio=\"40\" data-minheight=\"300\"><div class=\"wpb_row row-inner\"><div class=\"wpb_column pos-middle pos-center align_center align_center_mobile column_parent col-lg-12 no-internal-gutter\"><div class=\"uncol style-light\"  ><div class=\"uncoltable\"><div class=\"uncell no-block-padding\" ><div class=\"uncont\" ><div id=\"ultimate-heading-361569d990b49840a\" class=\"uvc-heading ult-adjust-bottom-margin ultimate-heading-361569d990b49840a uvc-433\" data-hspacer=\"no_spacer\"  data-halign=\"center\" style=\"text-align:center\"><div class=\"uvc-heading-spacer no_spacer\" style=\"top\"><\/div><div class=\"uvc-main-heading ult-responsive\"  data-ultimate-target='.uvc-heading.ultimate-heading-361569d990b49840a h1'  data-responsive-json-new='{\"font-size\":\"\",\"line-height\":\"\"}' ><h1 style=\"font-weight:normal;color:#ffffff;\">Protecci\u00f3n de activos garantizada<\/h1><\/div><\/div><div class=\"ult-spacer spacer-69d990b49844e\" data-id=\"69d990b49844e\" data-height=\"10\" data-height-mobile=\"10\" data-height-tab=\"10\" data-height-tab-portrait=\"\" data-height-mobile-landscape=\"\" style=\"clear:both;display:block;\"><\/div><span class=\"btn-container\" ><a href=\"https:\/\/demo2.mybscu.org\/es\/pdf\/GAP_DigitalBrochure_ADA.pdf\/\" class=\"custom-link btn border-width-0 btn-request btn-accent btn-round btn-shadow btn-icon-left\" title=\"El enlace se abrir\u00e1 en una nueva pesta\u00f1a.\" target=\"_blank\"><i class=\"fa fa-home-outline\"><\/i>Solicitar informaci\u00f3n<\/a><\/span><\/div><\/div><\/div><\/div><\/div><script id=\"script-row-unique-0\" data-row=\"script-row-unique-0\" type=\"text\/javascript\" class=\"vc_controls\">UNCODE.initRow(document.getElementById(\"row-unique-0\"));<\/script><\/div><\/div><\/div><script id=\"script-section-unique-0\" data-section=\"script-section-unique-0\" type=\"text\/javascript\">UNCODE.initSection(document.getElementById(\"section-unique-0\"));<\/script><\/div><\/section><div data-parent=\"true\" class=\"vc_row style-color-gyho-bg vc_custom_1497555427705 row-container onepage-section\" data-label=\"features\" data-name=\"features\" style=\"padding-top: 20px ;\" id=\"row-unique-1\"><div class=\"row limit-width row-parent\"><div class=\"wpb_row row-inner\"><div class=\"wpb_column pos-top pos-center align_left column_parent col-lg-6 single-internal-gutter\"><div class=\"uncol style-light\"  ><div class=\"uncoltable\"><div class=\"uncell no-block-padding\" ><div class=\"uncont\" ><div class=\"aio-icon-component    style_2\"><div id=\"Info-box-wrap-7715\" class=\"aio-icon-box default-icon\" style=\"\"  ><div class=\"aio-icon-default\"><div class=\"ult-just-icon-wrapper\"><div class=\"align-icon\" style=\"text-align:center;\">\n<div class=\"aio-icon none\" data-animation=\"swing\" data-animation-delay=\"03\" style=\"color:#00475f;font-size:48px;display:inline-block;\">\n\t<i class=\"Defaults-file-text-o\"><\/i>\n<\/div><\/div><\/div><\/div><div class=\"aio-icon-header\" ><h3 class=\"aio-icon-title ult-responsive\"  data-ultimate-target='#Info-box-wrap-7715 .aio-icon-title'  data-responsive-json-new='{\"font-size\":\"desktop:20px;\",\"line-height\":\"\"}'  style=\"\">\u00bfQu\u00e9 puede hacer GAP Protection por usted?<\/h3><\/div> <!-- header --><\/div> <!-- aio-icon-box --><\/div> <!-- aio-icon-component --><div class=\"uavc-list-icon uavc-list-icon-wrapper ult-adjust-bottom-margin\"><ul class=\"uavc-list\"><li><div class=\"uavc-list-content\" id=\"list-icon-wrap-2402\">\n<div class=\"uavc-list-icon\" data-animation=\"\" data-animation-delay=\"03\" style=\"margin-right:5px;\"><div class=\"ult-just-icon-wrapper\"><div class=\"align-icon\" style=\"text-align:center;\">\n<div class=\"aio-icon none\"  style=\"color:#031c32;font-size:20px;display:inline-block;\">\n\t<i class=\"Defaults-circle-thin genderless\"><\/i>\n<\/div><\/div><\/div>\n<\/div><span  data-ultimate-target='#list-icon-wrap-2402 .uavc-list-desc'  data-responsive-json-new='{\"font-size\":\"\",\"line-height\":\"\"}'  class=\"uavc-list-desc ult-responsive\" style=\"\"><span style=\"color: #000000;\">Los veh\u00edculos comienzan a depreciarse en el momento en que salen del concesionario. Mucha gente supone que si su veh\u00edculo es robado o sufre da\u00f1os irreparables, su seguro cubrir\u00e1 el saldo restante adeudado al prestamista. Sin embargo, no siempre es as\u00ed. En muchos casos, la cantidad que le paga la aseguradora puede ser menor que lo que usted debe al prestamista, y usted es responsable de la diferencia. La protecci\u00f3n GAP puede cubrir esta diferencia.<\/span><\/span><\/div><\/li><\/ul><\/div><\/div><\/div><\/div><\/div><\/div><div class=\"wpb_column pos-top pos-center align_left column_parent col-lg-6 single-internal-gutter\"><div class=\"uncol style-light\"  ><div class=\"uncoltable\"><div class=\"uncell no-block-padding\" ><div class=\"uncont\" ><div class=\"aio-icon-component    style_2\"><div id=\"Info-box-wrap-7394\" class=\"aio-icon-box default-icon\" style=\"\"  ><div class=\"aio-icon-default\"><div class=\"ult-just-icon-wrapper\"><div class=\"align-icon\" style=\"text-align:center;\">\n<div class=\"aio-icon none\" data-animation=\"swing\" data-animation-delay=\"03\" style=\"color:#00475f;font-size:48px;display:inline-block;\">\n\t<i class=\"Defaults-file-text\"><\/i>\n<\/div><\/div><\/div><\/div><div class=\"aio-icon-header\" ><h3 class=\"aio-icon-title ult-responsive\"  data-ultimate-target='#Info-box-wrap-7394 .aio-icon-title'  data-responsive-json-new='{\"font-size\":\"desktop:20px;\",\"line-height\":\"\"}'  style=\"\">\u00bfC\u00f3mo se obtiene la protecci\u00f3n GAP?<\/h3><\/div> <!-- header --><\/div> <!-- aio-icon-box --><\/div> <!-- aio-icon-component --><div class=\"uavc-list-icon uavc-list-icon-wrapper ult-adjust-bottom-margin\"><ul class=\"uavc-list\"><li><div class=\"uavc-list-content\" id=\"list-icon-wrap-2385\">\n<div class=\"uavc-list-icon\" data-animation=\"\" data-animation-delay=\"03\" style=\"margin-right:5px;\"><div class=\"ult-just-icon-wrapper\"><div class=\"align-icon\" style=\"text-align:center;\">\n<div class=\"aio-icon none\"  style=\"color:#031c32;font-size:20px;display:inline-block;\">\n\t<i class=\"Defaults-circle-thin genderless\"><\/i>\n<\/div><\/div><\/div>\n<\/div><span  data-ultimate-target='#list-icon-wrap-2385 .uavc-list-desc'  data-responsive-json-new='{\"font-size\":\"\",\"line-height\":\"\"}'  class=\"uavc-list-desc ult-responsive\" style=\"\"><span style=\"color: #000000;\">El seguro GAP est\u00e1 disponible para su compra en cualquier momento por un precio m\u00f3dico. Obtenga una cotizaci\u00f3n al hablar con un representante de BrightStar CU sobre su pr\u00e9stamo. Simplemente ll\u00e1menos al 954-486-BSCU (2728).<\/span><\/p>\n<div style=\"height: 5px;\"><\/div>\n<p><span style=\"color: #000000;\">Pueden aplicarse ciertas limitaciones y requisitos. Para obtener m\u00e1s informaci\u00f3n, consulte con un representante. CUNA Mutual Group ahora ofrece la Protecci\u00f3n GAP a los miembros de BrightStar CU. Para obtener informaci\u00f3n detallada, consulte los t\u00e9rminos y condiciones del acuerdo de CUNA Mutual Group.<\/span><\/span><\/div><\/li><\/ul><\/div><\/div><\/div><\/div><\/div><\/div><script id=\"script-row-unique-1\" data-row=\"script-row-unique-1\" type=\"text\/javascript\" class=\"vc_controls\">UNCODE.initRow(document.getElementById(\"row-unique-1\"));<\/script><\/div><\/div><\/div>","protected":false},"excerpt":{"rendered":"Guaranteed Asset ProtectionRequest Info What can GAP Protection do for you? Vehicles start depreciating the moment you drive them off [...]","protected":false},"author":8,"featured_media":0,"parent":563,"menu_order":1,"comment_status":"closed","ping_status":"closed","template":"","meta":{"footnotes":""},"class_list":["post-572","page","type-page","status-publish","hentry"],"_links":{"self":[{"href":"https:\/\/demo2.mybscu.org\/es\/wp-json\/wp\/v2\/pages\/572","targetHints":{"allow":["GET"]}}],"collection":[{"href":"https:\/\/demo2.mybscu.org\/es\/wp-json\/wp\/v2\/pages"}],"about":[{"href":"https:\/\/demo2.mybscu.org\/es\/wp-json\/wp\/v2\/types\/page"}],"author":[{"embeddable":true,"href":"https:\/\/demo2.mybscu.org\/es\/wp-json\/wp\/v2\/users\/8"}],"replies":[{"embeddable":true,"href":"https:\/\/demo2.mybscu.org\/es\/wp-json\/wp\/v2\/comments?post=572"}],"version-history":[{"count":3,"href":"https:\/\/demo2.mybscu.org\/es\/wp-json\/wp\/v2\/pages\/572\/revisions"}],"predecessor-version":[{"id":15928,"href":"https:\/\/demo2.mybscu.org\/es\/wp-json\/wp\/v2\/pages\/572\/revisions\/15928"}],"up":[{"embeddable":true,"href":"https:\/\/demo2.mybscu.org\/es\/wp-json\/wp\/v2\/pages\/563"}],"wp:attachment":[{"href":"https:\/\/demo2.mybscu.org\/es\/wp-json\/wp\/v2\/media?parent=572"}],"curies":[{"name":"wp","href":"https:\/\/api.w.org\/{rel}","templated":true}]}}