{"id":582,"date":"2016-08-31T17:37:40","date_gmt":"2016-08-31T17:37:40","guid":{"rendered":"http:\/\/192.185.79.221\/~bscu\/?page_id=582"},"modified":"2024-11-05T11:23:08","modified_gmt":"2024-11-05T16:23:08","slug":"home-auto-insurance-verification","status":"publish","type":"page","link":"https:\/\/demo2.mybscu.org\/es\/insurance-center\/home-auto-insurance-verification\/","title":{"rendered":"Verificaci\u00f3n de seguros de hogar y autom\u00f3vil"},"content":{"rendered":"<section data-parent=\"true\" class=\"vc_section row-container with-parallax\" id=\"section-unique-0\"><div class=\"row-background background-element\">\n\t\t\t\t\t\t\t\t\t\t\t<div class=\"background-wrapper\">\n\t\t\t\t\t\t\t\t\t\t\t\t<div class=\"background-inner\" style=\"background-image: url(https:\/\/demo2.mybscu.org\/wp-content\/uploads\/2020\/06\/ahv-bg.jpg);background-repeat: no-repeat;background-position: center center;background-size: cover;\"><\/div>\n\t\t\t\t\t\t\t\t\t\t\t\t<div class=\"block-bg-overlay style-color-jevc-bg\" style=\"opacity: 0.45;\"><\/div>\n\t\t\t\t\t\t\t\t\t\t\t<\/div>\n\t\t\t\t\t\t\t\t\t\t<\/div><div class=\"row no-top-padding no-bottom-padding no-h-padding full-width row-parent\"><div data-parent=\"true\" class=\"vc_row row-container\" id=\"row-unique-0\"><div class=\"row unequal limit-width row-parent\" data-height-ratio=\"40\" data-minheight=\"300\"><div class=\"wpb_row row-inner\"><div class=\"wpb_column pos-middle pos-center align_center align_center_mobile column_parent col-lg-12 no-internal-gutter\"><div class=\"uncol style-light\"  ><div class=\"uncoltable\"><div class=\"uncell no-block-padding\" ><div class=\"uncont\" ><div id=\"ultimate-heading-270069d990a21c382\" class=\"uvc-heading ult-adjust-bottom-margin ultimate-heading-270069d990a21c382 uvc-2289\" data-hspacer=\"no_spacer\"  data-halign=\"center\" style=\"text-align:center\"><div class=\"uvc-heading-spacer no_spacer\" style=\"top\"><\/div><div class=\"uvc-main-heading ult-responsive\"  data-ultimate-target='.uvc-heading.ultimate-heading-270069d990a21c382 h1'  data-responsive-json-new='{\"font-size\":\"\",\"line-height\":\"\"}' ><h1 style=\"font-weight:normal;color:#ffffff;\">Verificaci\u00f3n de seguros de hogar y autom\u00f3vil<\/h1><\/div><div class=\"uvc-sub-heading ult-responsive\"  data-ultimate-target='.uvc-heading.ultimate-heading-270069d990a21c382 .uvc-sub-heading '  data-responsive-json-new='{\"font-size\":\"desktop:24px;\",\"line-height\":\"\"}'  style=\"font-weight:normal;color:#ffffff;\"><\/p>\n<p style=\"text-align: center;\">BrightStar Credit Union has partnered with My Insurance for<br \/>\nCPI Insurance (Collateral Protection Insurance).<\/p>\n<p><\/div><\/div><div class=\"ult-spacer spacer-69d990a21c3b8\" data-id=\"69d990a21c3b8\" data-height=\"10\" data-height-mobile=\"10\" data-height-tab=\"10\" data-height-tab-portrait=\"\" data-height-mobile-landscape=\"\" style=\"clear:both;display:block;\"><\/div><\/div><\/div><\/div><\/div><\/div><script id=\"script-row-unique-0\" data-row=\"script-row-unique-0\" type=\"text\/javascript\" class=\"vc_controls\">UNCODE.initRow(document.getElementById(\"row-unique-0\"));<\/script><\/div><\/div><\/div><script id=\"script-section-unique-0\" data-section=\"script-section-unique-0\" type=\"text\/javascript\">UNCODE.initSection(document.getElementById(\"section-unique-0\"));<\/script><\/div><\/section><div data-parent=\"true\" class=\"vc_row style-color-gyho-bg vc_custom_1497555427705 row-container onepage-section\" data-label=\"features\" data-name=\"features\" style=\"padding-top: 20px ;\" id=\"row-unique-1\"><div class=\"row limit-width row-parent\"><div class=\"wpb_row row-inner\"><div class=\"wpb_column pos-top pos-center align_left column_parent col-lg-6 single-internal-gutter\"><div class=\"uncol style-light\"  ><div class=\"uncoltable\"><div class=\"uncell no-block-padding\" ><div class=\"uncont\" ><div class=\"aio-icon-component    style_2\"><div id=\"Info-box-wrap-9452\" class=\"aio-icon-box default-icon\" style=\"\"  ><div class=\"aio-icon-default\"><div class=\"ult-just-icon-wrapper\"><div class=\"align-icon\" style=\"text-align:center;\">\n<div class=\"aio-icon none\" data-animation=\"swing\" data-animation-delay=\"03\" style=\"color:#00475f;font-size:48px;display:inline-block;\">\n\t<i class=\"Defaults-file-text-o\"><\/i>\n<\/div><\/div><\/div><\/div><div class=\"aio-icon-header\" ><h3 class=\"aio-icon-title ult-responsive\"  data-ultimate-target='#Info-box-wrap-9452 .aio-icon-title'  data-responsive-json-new='{\"font-size\":\"desktop:20px;\",\"line-height\":\"\"}'  style=\"\">Verificaci\u00f3n de seguro de autom\u00f3vil en l\u00ednea<\/h3><\/div> <!-- header --><\/div> <!-- aio-icon-box --><\/div> <!-- aio-icon-component --><div class=\"uavc-list-icon uavc-list-icon-wrapper ult-adjust-bottom-margin\"><ul class=\"uavc-list\"><li><div class=\"uavc-list-content\" id=\"list-icon-wrap-8522\">\n<div class=\"uavc-list-icon\" data-animation=\"\" data-animation-delay=\"03\" style=\"margin-right:5px;\"><div class=\"ult-just-icon-wrapper\"><div class=\"align-icon\" style=\"text-align:center;\">\n<div class=\"aio-icon none\"  style=\"color:#031c32;font-size:20px;display:inline-block;\">\n\t<i class=\"Defaults-circle-thin genderless\"><\/i>\n<\/div><\/div><\/div>\n<\/div><span  data-ultimate-target='#list-icon-wrap-8522 .uavc-list-desc'  data-responsive-json-new='{\"font-size\":\"\",\"line-height\":\"\"}'  class=\"uavc-list-desc ult-responsive\" style=\"\"><span style=\"color: #000000;\">Parte de su contrato de pr\u00e9stamo para autom\u00f3vil consiste en proporcionar cobertura total de seguro (a todo riesgo y colisi\u00f3n) mientras su veh\u00edculo se utilice como garant\u00eda en Bright Star Credit Union. Tenga en cuenta que el deducible m\u00e1ximo para ambos seguros es de $1000. BrightStar Credit Union debe figurar como acreedor prendario\/beneficiario en caso de siniestro en su p\u00f3liza de seguro de autom\u00f3vil de la siguiente manera:<\/span><\/p>\n<div style=\"height: 5px;\"><\/div>\n<p><strong><span style=\"color: #000000;\">Cooperativa de cr\u00e9dito BrightStar<\/span><\/strong><\/p>\n<div class=\"\"><\/div>\n<p><strong><span style=\"color: #000000;\">Apartado de correos 8966<\/span><\/strong><\/p>\n<div class=\"\"><\/div>\n<p><strong><span style=\"color: #000000;\">Fort Lauderdale, FL 33310-8966<\/span><\/strong><\/p>\n<div style=\"height: 5px;\"><\/div>\n<p><span style=\"color: #000000;\">Ir a <a href=\"https:\/\/www.myloaninsurance.com\/bscu\" target=\"_blank\" rel=\"noopener\"><b>Mi seguro <\/b><\/a>Enlace para enviar su informaci\u00f3n de seguro, para verificar si hemos recibido su informaci\u00f3n de seguro o para presentar una reclamaci\u00f3n sobre su garant\u00eda.<\/span><\/span><\/div><\/li><\/ul><\/div><\/div><\/div><\/div><\/div><\/div><div class=\"wpb_column pos-top pos-center align_left column_parent col-lg-6 single-internal-gutter\"><div class=\"uncol style-light\"  ><div class=\"uncoltable\"><div class=\"uncell no-block-padding\" ><div class=\"uncont\" ><div class=\"aio-icon-component    style_2\"><div id=\"Info-box-wrap-4723\" class=\"aio-icon-box default-icon\" style=\"\"  ><div class=\"aio-icon-default\"><div class=\"ult-just-icon-wrapper\"><div class=\"align-icon\" style=\"text-align:center;\">\n<div class=\"aio-icon none\" data-animation=\"swing\" data-animation-delay=\"03\" style=\"color:#00475f;font-size:48px;display:inline-block;\">\n\t<i class=\"Defaults-file-text\"><\/i>\n<\/div><\/div><\/div><\/div><div class=\"aio-icon-header\" ><h3 class=\"aio-icon-title ult-responsive\"  data-ultimate-target='#Info-box-wrap-4723 .aio-icon-title'  data-responsive-json-new='{\"font-size\":\"desktop:20px;\",\"line-height\":\"\"}'  style=\"\">Verificaci\u00f3n en l\u00ednea del seguro de pr\u00e9stamo hipotecario<\/h3><\/div> <!-- header --><\/div> <!-- aio-icon-box --><\/div> <!-- aio-icon-component --><div class=\"uavc-list-icon uavc-list-icon-wrapper ult-adjust-bottom-margin\"><ul class=\"uavc-list\"><li><div class=\"uavc-list-content\" id=\"list-icon-wrap-8061\">\n<div class=\"uavc-list-icon\" data-animation=\"\" data-animation-delay=\"03\" style=\"margin-right:5px;\"><div class=\"ult-just-icon-wrapper\"><div class=\"align-icon\" style=\"text-align:center;\">\n<div class=\"aio-icon none\"  style=\"color:#031c32;font-size:20px;display:inline-block;\">\n\t<i class=\"Defaults-circle-thin genderless\"><\/i>\n<\/div><\/div><\/div>\n<\/div><span  data-ultimate-target='#list-icon-wrap-8061 .uavc-list-desc'  data-responsive-json-new='{\"font-size\":\"\",\"line-height\":\"\"}'  class=\"uavc-list-desc ult-responsive\" style=\"\"><span style=\"color: #000000;\">(Para pr\u00e9stamos hipotecarios y pr\u00e9stamos con garant\u00eda hipotecaria). Parte de su contrato de pr\u00e9stamo consiste en proporcionar cobertura de seguro de vivienda y\/o cobertura de seguro contra inundaciones que proteja su propiedad, la cual es utilizada como garant\u00eda por BrightStar Credit Union, durante la vigencia total de su pr\u00e9stamo. BrightStar Credit Union debe figurar en una cl\u00e1usula hipotecaria que dice lo siguiente:<\/span><\/p>\n<div style=\"height: 5px;\"><\/div>\n<p><strong><span style=\"color: #000000;\">Cooperativa de cr\u00e9dito BrightStar<\/span><\/strong><\/p>\n<div class=\"\"><\/div>\n<p><strong><span style=\"color: #000000;\">Apartado de correos 8966<\/span><\/strong><\/p>\n<div class=\"\"><\/div>\n<p><strong><span style=\"color: #000000;\">Fort Lauderdale, FL 33310-8966<\/span><\/strong><\/p>\n<div style=\"height: 5px;\"><\/div>\n<p><span style=\"color: #000000;\">Ir a <a href=\"https:\/\/www.myloaninsurance.com\/bscu\" target=\"_blank\" rel=\"noopener\"><strong><u>Mi seguro<\/u><\/strong><\/a> Enlace para enviar su informaci\u00f3n de seguro, para verificar si hemos recibido su informaci\u00f3n de seguro o para presentar una reclamaci\u00f3n sobre su garant\u00eda.<\/span><\/span><\/div><\/li><\/ul><\/div><\/div><\/div><\/div><\/div><\/div><script id=\"script-row-unique-1\" data-row=\"script-row-unique-1\" type=\"text\/javascript\" class=\"vc_controls\">UNCODE.initRow(document.getElementById(\"row-unique-1\"));<\/script><\/div><\/div><\/div>","protected":false},"excerpt":{"rendered":"Home and Auto Insurance Verification BrightStar Credit Union has partnered with My Insurance for CPI Insurance (Collateral Protection Insurance). Online [...]","protected":false},"author":8,"featured_media":0,"parent":563,"menu_order":12,"comment_status":"closed","ping_status":"closed","template":"","meta":{"footnotes":""},"class_list":["post-582","page","type-page","status-publish","hentry"],"_links":{"self":[{"href":"https:\/\/demo2.mybscu.org\/es\/wp-json\/wp\/v2\/pages\/582","targetHints":{"allow":["GET"]}}],"collection":[{"href":"https:\/\/demo2.mybscu.org\/es\/wp-json\/wp\/v2\/pages"}],"about":[{"href":"https:\/\/demo2.mybscu.org\/es\/wp-json\/wp\/v2\/types\/page"}],"author":[{"embeddable":true,"href":"https:\/\/demo2.mybscu.org\/es\/wp-json\/wp\/v2\/users\/8"}],"replies":[{"embeddable":true,"href":"https:\/\/demo2.mybscu.org\/es\/wp-json\/wp\/v2\/comments?post=582"}],"version-history":[{"count":4,"href":"https:\/\/demo2.mybscu.org\/es\/wp-json\/wp\/v2\/pages\/582\/revisions"}],"predecessor-version":[{"id":16863,"href":"https:\/\/demo2.mybscu.org\/es\/wp-json\/wp\/v2\/pages\/582\/revisions\/16863"}],"up":[{"embeddable":true,"href":"https:\/\/demo2.mybscu.org\/es\/wp-json\/wp\/v2\/pages\/563"}],"wp:attachment":[{"href":"https:\/\/demo2.mybscu.org\/es\/wp-json\/wp\/v2\/media?parent=582"}],"curies":[{"name":"wp","href":"https:\/\/api.w.org\/{rel}","templated":true}]}}