{"id":5987,"date":"2018-08-30T08:28:21","date_gmt":"2018-08-30T13:28:21","guid":{"rendered":"https:\/\/demo2.mybscu.org\/?page_id=5987"},"modified":"2023-02-24T09:17:20","modified_gmt":"2023-02-24T14:17:20","slug":"cuatschool","status":"publish","type":"page","link":"https:\/\/demo2.mybscu.org\/es\/cuatschool\/","title":{"rendered":"CU@Escuela"},"content":{"rendered":"<section data-parent=\"true\" class=\"vc_section row-container with-parallax\" id=\"section-unique-0\"><div class=\"row-background background-element\">\n\t\t\t\t\t\t\t\t\t\t\t<div class=\"background-wrapper\">\n\t\t\t\t\t\t\t\t\t\t\t\t<div class=\"background-inner\" style=\"background-image: url(https:\/\/demo2.mybscu.org\/wp-content\/uploads\/2018\/08\/cu-school-banner.jpg);background-repeat: no-repeat;background-position: center top;background-size: cover;\"><\/div>\n\t\t\t\t\t\t\t\t\t\t\t\t<div class=\"block-bg-overlay style-color-rgdb-bg\" style=\"opacity: 0.35;\"><\/div>\n\t\t\t\t\t\t\t\t\t\t\t<\/div>\n\t\t\t\t\t\t\t\t\t\t<\/div><div class=\"row no-top-padding no-bottom-padding no-h-padding full-width row-parent\"><div data-parent=\"true\" class=\"vc_row row-container\" id=\"row-unique-0\"><div class=\"row unequal limit-width row-parent\" data-height-ratio=\"40\" data-minheight=\"300\"><div class=\"wpb_row row-inner\"><div class=\"wpb_column pos-middle pos-center align_center align_center_mobile column_parent col-lg-12 no-internal-gutter\"><div class=\"uncol style-light\"  ><div class=\"uncoltable\"><div class=\"uncell no-block-padding\" ><div class=\"uncont\" ><div id=\"ultimate-heading-815069d9a5529b673\" class=\"uvc-heading ult-adjust-bottom-margin ultimate-heading-815069d9a5529b673 uvc-3336\" data-hspacer=\"no_spacer\"  data-halign=\"center\" style=\"text-align:center\"><div class=\"uvc-heading-spacer no_spacer\" style=\"top\"><\/div><div class=\"uvc-main-heading ult-responsive\"  data-ultimate-target='.uvc-heading.ultimate-heading-815069d9a5529b673 h1'  data-responsive-json-new='{\"font-size\":\"\",\"line-height\":\"\"}' ><h1 style=\"font-weight:normal;color:#ffffff;\">CU@Escuela<\/h1><\/div><div class=\"uvc-sub-heading ult-responsive\"  data-ultimate-target='.uvc-heading.ultimate-heading-815069d9a5529b673 .uvc-sub-heading '  data-responsive-json-new='{\"font-size\":\"desktop:24px;\",\"line-height\":\"\"}'  style=\"font-weight:normal;color:#ffffff;\"><\/p>\n<p style=\"text-align: center;\">Programa de Alfabetizaci\u00f3n Financiera para Estudiantes<\/p>\n<p><\/div><\/div><\/div><\/div><\/div><\/div><\/div><script id=\"script-row-unique-0\" data-row=\"script-row-unique-0\" type=\"text\/javascript\" class=\"vc_controls\">UNCODE.initRow(document.getElementById(\"row-unique-0\"));<\/script><\/div><\/div><\/div><script id=\"script-section-unique-0\" data-section=\"script-section-unique-0\" type=\"text\/javascript\">UNCODE.initSection(document.getElementById(\"section-unique-0\"));<\/script><\/div><\/section><div data-parent=\"true\" class=\"vc_row style-color-lxmt-bg vc_custom_1535636336194 row-container\" style=\"padding-top: 15px ;\" id=\"row-unique-1\"><div class=\"row limit-width row-parent\"><div class=\"wpb_row row-inner\"><div class=\"wpb_column pos-middle pos-center align_center column_parent col-lg-12 single-internal-gutter\"><div class=\"uncol style-light\"  ><div class=\"uncoltable\"><div class=\"uncell no-block-padding\" ><div class=\"uncont\" ><div class=\"uncode-single-media  text-center\"><div class=\"single-wrapper\" style=\"max-width: 39%;\"><div class=\"tmb tmb-light  tmb-media-first tmb-media-last tmb-content-overlay tmb-no-bg\"><div class=\"t-inside\"><div class=\"t-entry-visual\"><div class=\"t-entry-visual-tc\"><div class=\"uncode-single-media-wrapper\"><div class=\"fluid-svg\"><span id=\"icon-206501\" style=\"width:100%\" class=\"icon-media\"><img decoding=\"async\" src=\"https:\/\/demo2.mybscu.org\/wp-content\/uploads\/2018\/08\/cu@school-2018.svg\" alt=\"\"><\/span><\/div><\/div>\n\t\t\t\t\t<\/div>\n\t\t\t\t<\/div><\/div><\/div><\/div><\/div><div class=\"aio-icon-component    style_2\"><div id=\"Info-box-wrap-6890\" class=\"aio-icon-box default-icon\" style=\"\"  ><div class=\"aio-icon-header\" ><h3 class=\"aio-icon-title ult-responsive\"  data-ultimate-target='#Info-box-wrap-6890 .aio-icon-title'  data-responsive-json-new='{\"font-size\":\"desktop:20px;\",\"line-height\":\"\"}'  style=\"\">CU@School ofrece sucursales de cooperativas de cr\u00e9dito dentro de las escuelas, presentaciones sobre educaci\u00f3n financiera y participaci\u00f3n en ferias de empleo. Los estudiantes adquieren valiosas habilidades para la vida sobre finanzas personales y la importancia del ahorro, a la vez que obtienen experiencia pr\u00e1ctica con el sistema bancario. Estas son habilidades fundamentales que les servir\u00e1n durante toda su vida.<\/h3><\/div> <!-- header --><\/div> <!-- aio-icon-box --><\/div> <!-- aio-icon-component -->\r\n\t\t\t<div class=\"ult_dual_button  ult-adjust-bottom-margin to-center  msapp\"  data-response=\"on\" id=\"ult_btn_2459017705\">\r\n\r\n\t\t\t<div id=\"dualbtn-9234\" class=\"ulitmate_dual_buttons ult-dual-btn3 ult_main_dualbtn\" data-bcolor=\"#333333\"data-bhcolor=\"\">\r\n\r\n\t\t\t<div class=\"ult_dualbutton-wrapper btn-inline place-template bt1\"><a href=\"https:\/\/demo2.mybscu.org\/es\/pdf\/CU@School-High-School-Flyer.pdf\/\" title=\"El enlace se abrir\u00e1 en una nueva pesta\u00f1a.\" target=\"_blank\" rel=\"noopener\"  class=\"ult_ivan_button round-square with-icon icon-before with-text place-template ult_dual1\" style=\";margin-right:px;;background-color:#00475f !important;; border-color:#333333;border-style:;border-width:0px;border-radius:10px;;\">\r\n\t\t\t<span class=\"ult-dual-btn-1 Style 2\" style=\"\"  data-bgcolor=\"#00475f\" data-bghovercolor=\"#025870\" data-icon_color=\"#333333\" data-icon_hover_color=\"#333333\" data-textcolor=\"#ffffff\" data-texthovercolor=\"#eaeaea\" data-iconbgcolor=\"transperent\" data-iconbghovercolor=\"transperent\" data-iconborder=\"transperent\" data-iconhoverborder=\"transperent\" >\r\n\t\t\t<span class=\"icon-simple icon-left1 ult_btn1span\"  style=\"; \">\n<span class=\"aio-icon-img msapp btn1icon\" style=\"font-size:40px;\" >\n\t<img decoding=\"async\" class=\"img-icon dual_img\" alt=\"file icon\" src=\"https:\/\/demo2.mybscu.org\/wp-content\/uploads\/2020\/08\/file-icon.png\" \/>\n<\/span><\/span>\r\n\t\t\t<span class=\"text-btn ult-dual-button-title ult-responsive\"  data-ultimate-target='#dualbtn-9234 .ult-dual-button-title'  data-responsive-json-new='{\"font-size\":\"desktop:15px;\",\"line-height\":\"desktop:15px;\"}'  style=\"font-weight:normal;color:#ffffff;\">Ver folleto de la escuela secundaria<\/span>\r\n\r\n\t\t\t<\/span>\r\n\t\t\t<\/a><span class=\"middle-text\" style=\"line-height: 1.8em;color:#ffffff;background-color:#333333;border-width:0px;\">\r\n\t\t\t<span class=\"middle-inner\"  >o<\/span>\r\n\t\t\t<\/span>\r\n\r\n\t\t\t<\/div>\r\n\r\n\t\t\t<div class=\"ult_dualbutton-wrapper btn-inline place-template btn2\"><a href=\"https:\/\/demo2.mybscu.org\/es\/pdf\/CU@School-Elementary-Middle-Flyer.pdf\/\" title=\"El enlace se abrir\u00e1 en una nueva pesta\u00f1a.\" target=\"_blank\" rel=\"noopener\"  class=\"ult_ivan_button round-square with-icon icon-after with-text place-template ult_dual2\"  style=\";background-color:#03617a !important;;margin-left:px;;border-color:#333333;border-style:;border-width:0px;border-radius:10px;\">\r\n\t\t\t<span class=\"ult-dual-btn-2 Style 2\"  data-bgcolor=\"#03617a\" data-bghovercolor=\"#0982a3\" data-icon_color=\"#333333\" data-icon_hover_color=\"#333333\" data-textcolor=\"#ffffff\" data-texthovercolor=\"#eaeaea\" data-iconbgcolor=\"transperent\" data-iconbghovercolor=\"transperent\" data-iconborder=\"transperent\" data-iconhoverborder=\"transperent\" >\r\n\t\t\t<span class=\"text-btn ult-dual-button-title\" style=\"font-weight:normal;color:#ffffff;\">Ver folleto de la escuela primaria y secundaria<\/span>\r\n\r\n\t\t\t<span class=\"icon-simple icon-right2 ult_btn1span\"  style=\"; \">\n<span class=\"aio-icon-img  btn1icon\" style=\"font-size:40px;\" >\n\t<img decoding=\"async\" class=\"img-icon dual_img\" alt=\"file icon\" src=\"https:\/\/demo2.mybscu.org\/wp-content\/uploads\/2020\/08\/file-icon.png\" \/>\n<\/span><\/span>\r\n\t\t\t<\/span>\r\n\t\t\t<\/a><\/div>\r\n\t\t\t<\/div>\r\n\t\t\t<\/div><\/div><\/div><\/div><\/div><\/div><script id=\"script-row-unique-1\" data-row=\"script-row-unique-1\" type=\"text\/javascript\" class=\"vc_controls\">UNCODE.initRow(document.getElementById(\"row-unique-1\"));<\/script><\/div><\/div><\/div><div data-parent=\"true\" class=\"vc_row style-color-lxmt-bg vc_custom_1535636336194 row-container\" style=\"padding-top: 15px ;\" id=\"row-unique-2\"><div class=\"row limit-width row-parent\"><div class=\"wpb_row row-inner\"><div class=\"wpb_column pos-middle pos-center align_center column_parent col-lg-12 single-internal-gutter\"><div class=\"uncol style-light\"  ><div class=\"uncoltable\"><div class=\"uncell no-block-padding\" ><div class=\"uncont\" ><div id=\"ultimate-heading-212169d9a5529fe4e\" class=\"uvc-heading ult-adjust-bottom-margin ultimate-heading-212169d9a5529fe4e uvc-5034\" data-hspacer=\"no_spacer\"  data-halign=\"center\" style=\"text-align:center\"><div class=\"uvc-heading-spacer no_spacer\" style=\"top\"><\/div><div class=\"uvc-main-heading ult-responsive\"  data-ultimate-target='.uvc-heading.ultimate-heading-212169d9a5529fe4e h2'  data-responsive-json-new='{\"font-size\":\"\",\"line-height\":\"\"}' ><h2 style=\"font-weight:normal;color:#000000;\">Escuelas participantes<\/h2><\/div><\/div><div id=\"ult-carousel-224381017369d9a5529ffac\" class=\"ult-carousel-wrapper   ult_horizontal\" data-gutter=\"15\" data-rtl=\"false\" ><div class=\"ult-carousel-275438910769d9a5529fecf\" ><div class=\"ult-item-wrap\" data-animation=\"animated no-animation\"><div class=\"aio-icon-component    style_2\"><a class=\"aio-icon-box-link\" href=\"https:\/\/demo2.mybscu.org\/es\/cuatschool\/nova-eisenhower-elementary\/\" ><div id=\"Info-box-wrap-9144\" class=\"aio-icon-box top-icon\" style=\"\"  ><div class=\"aio-icon-top\"><div class=\"ult-item-wrap\" data-animation=\"animated no-animation\"><div class=\"ult-just-icon-wrapper\"><div class=\"align-icon\" style=\"text-align:center;\">\n<div class=\"aio-icon-img\" style=\"font-size:100px;display:inline-block;\" >\n\t<img decoding=\"async\" class=\"img-icon\" alt=\"school icon\" src=\"https:\/\/demo2.mybscu.org\/wp-content\/uploads\/2020\/08\/school.svg\"\/>\n<\/div><\/div><\/div><\/div><\/div><div class=\"aio-icon-header\" ><h3 class=\"aio-icon-title ult-responsive\"  data-ultimate-target='#Info-box-wrap-9144 .aio-icon-title'  data-responsive-json-new='{\"font-size\":\"\",\"line-height\":\"\"}'  style=\"\">Escuela Primaria Nova Eisenhower<\/h3><\/div> <!-- header --><\/div> <!-- aio-icon-box --><\/a><\/div> <!-- aio-icon-component --><\/div><div class=\"ult-item-wrap\" data-animation=\"animated no-animation\"><div class=\"aio-icon-component    style_2\"><a class=\"aio-icon-box-link\" href=\"https:\/\/demo2.mybscu.org\/es\/cuatschool\/pembroke-lakes-elementary-school\/\" ><div id=\"Info-box-wrap-6672\" class=\"aio-icon-box top-icon\" style=\"\"  ><div class=\"aio-icon-top\"><div class=\"ult-item-wrap\" data-animation=\"animated no-animation\"><div class=\"ult-just-icon-wrapper\"><div class=\"align-icon\" style=\"text-align:center;\">\n<div class=\"aio-icon-img\" style=\"font-size:100px;display:inline-block;\" >\n\t<img decoding=\"async\" class=\"img-icon\" alt=\"school icon\" src=\"https:\/\/demo2.mybscu.org\/wp-content\/uploads\/2020\/08\/school.svg\"\/>\n<\/div><\/div><\/div><\/div><\/div><div class=\"aio-icon-header\" ><h3 class=\"aio-icon-title ult-responsive\"  data-ultimate-target='#Info-box-wrap-6672 .aio-icon-title'  data-responsive-json-new='{\"font-size\":\"\",\"line-height\":\"\"}'  style=\"\">Escuela Primaria Pembroke Lakes<\/h3><\/div> <!-- header --><\/div> <!-- aio-icon-box --><\/a><\/div> <!-- aio-icon-component --><\/div><div class=\"ult-item-wrap\" data-animation=\"animated no-animation\"><div class=\"aio-icon-component    style_2\"><a class=\"aio-icon-box-link\" href=\"https:\/\/demo2.mybscu.org\/es\/cuatschool\/pembroke-pines-charter-elementary-west-campus\/\" ><div id=\"Info-box-wrap-3484\" class=\"aio-icon-box top-icon\" style=\"\"  ><div class=\"aio-icon-top\"><div class=\"ult-item-wrap\" data-animation=\"animated no-animation\"><div class=\"ult-just-icon-wrapper\"><div class=\"align-icon\" style=\"text-align:center;\">\n<div class=\"aio-icon-img\" style=\"font-size:100px;display:inline-block;\" >\n\t<img decoding=\"async\" class=\"img-icon\" alt=\"school icon\" src=\"https:\/\/demo2.mybscu.org\/wp-content\/uploads\/2020\/08\/school.svg\"\/>\n<\/div><\/div><\/div><\/div><\/div><div class=\"aio-icon-header\" ><h3 class=\"aio-icon-title ult-responsive\"  data-ultimate-target='#Info-box-wrap-3484 .aio-icon-title'  data-responsive-json-new='{\"font-size\":\"\",\"line-height\":\"\"}'  style=\"\">Escuela Primaria Pembroke Pines Charter - Campus Oeste<\/h3><\/div> <!-- header --><\/div> <!-- aio-icon-box --><\/a><\/div> <!-- aio-icon-component --><\/div><div class=\"ult-item-wrap\" data-animation=\"animated no-animation\"><div class=\"aio-icon-component    style_2\"><a class=\"aio-icon-box-link\" href=\"https:\/\/demo2.mybscu.org\/es\/cuatschool\/pembroke-pines-charter-elementary-east-campus\/\" ><div id=\"Info-box-wrap-9479\" class=\"aio-icon-box top-icon\" style=\"\"  ><div class=\"aio-icon-top\"><div class=\"ult-item-wrap\" data-animation=\"animated no-animation\"><div class=\"ult-just-icon-wrapper\"><div class=\"align-icon\" style=\"text-align:center;\">\n<div class=\"aio-icon-img\" style=\"font-size:100px;display:inline-block;\" >\n\t<img decoding=\"async\" class=\"img-icon\" alt=\"school icon\" src=\"https:\/\/demo2.mybscu.org\/wp-content\/uploads\/2020\/08\/school.svg\"\/>\n<\/div><\/div><\/div><\/div><\/div><div class=\"aio-icon-header\" ><h3 class=\"aio-icon-title ult-responsive\"  data-ultimate-target='#Info-box-wrap-9479 .aio-icon-title'  data-responsive-json-new='{\"font-size\":\"\",\"line-height\":\"\"}'  style=\"\">Escuela Primaria Charter Pembroke Pines - Campus Este<\/h3><\/div> <!-- header --><\/div> <!-- aio-icon-box --><\/a><\/div> <!-- aio-icon-component --><\/div><div class=\"ult-item-wrap\" data-animation=\"animated no-animation\"><div class=\"aio-icon-component    style_2\"><a class=\"aio-icon-box-link\" href=\"https:\/\/demo2.mybscu.org\/es\/cuatschool\/pembroke-pines-charter-middle-west-campus\/\" ><div id=\"Info-box-wrap-3004\" class=\"aio-icon-box top-icon\" style=\"\"  ><div class=\"aio-icon-top\"><div class=\"ult-item-wrap\" data-animation=\"animated no-animation\"><div class=\"ult-just-icon-wrapper\"><div class=\"align-icon\" style=\"text-align:center;\">\n<div class=\"aio-icon-img\" style=\"font-size:100px;display:inline-block;\" >\n\t<img decoding=\"async\" class=\"img-icon\" alt=\"school icon\" src=\"https:\/\/demo2.mybscu.org\/wp-content\/uploads\/2020\/08\/school.svg\"\/>\n<\/div><\/div><\/div><\/div><\/div><div class=\"aio-icon-header\" ><h3 class=\"aio-icon-title ult-responsive\"  data-ultimate-target='#Info-box-wrap-3004 .aio-icon-title'  data-responsive-json-new='{\"font-size\":\"\",\"line-height\":\"\"}'  style=\"\">Escuela Secundaria Pembroke Pines Charter - Campus Oeste<\/h3><\/div> <!-- header --><\/div> <!-- aio-icon-box --><\/a><\/div> <!-- aio-icon-component --><\/div><div class=\"ult-item-wrap\" data-animation=\"animated no-animation\"><div class=\"aio-icon-component    style_2\"><a class=\"aio-icon-box-link\" href=\"https:\/\/demo2.mybscu.org\/es\/cuatschool\/jp-taravella-high-school\/\" ><div id=\"Info-box-wrap-6633\" class=\"aio-icon-box top-icon\" style=\"\"  ><div class=\"aio-icon-top\"><div class=\"ult-item-wrap\" data-animation=\"animated no-animation\"><div class=\"ult-just-icon-wrapper\"><div class=\"align-icon\" style=\"text-align:center;\">\n<div class=\"aio-icon-img\" style=\"font-size:100px;display:inline-block;\" >\n\t<img decoding=\"async\" class=\"img-icon\" alt=\"school icon\" src=\"https:\/\/demo2.mybscu.org\/wp-content\/uploads\/2020\/08\/school.svg\"\/>\n<\/div><\/div><\/div><\/div><\/div><div class=\"aio-icon-header\" ><h3 class=\"aio-icon-title ult-responsive\"  data-ultimate-target='#Info-box-wrap-6633 .aio-icon-title'  data-responsive-json-new='{\"font-size\":\"\",\"line-height\":\"\"}'  style=\"\">Escuela secundaria JP Taravella<\/h3><\/div> <!-- header --><\/div> <!-- aio-icon-box --><\/a><\/div> <!-- aio-icon-component --><\/div><\/div><\/div>\t\t\t<script type=\"text\/javascript\">\r\n\t\t\t\tjQuery(document).ready(function ($) {\r\n\t\t\t\t\tif( typeof jQuery('.ult-carousel-275438910769d9a5529fecf').slick == \"function\"){\r\n\t\t\t\t\t\t$('.ult-carousel-275438910769d9a5529fecf').slick({dots: false,autoplay: true,autoplaySpeed: \"5000\",speed: \"300\",infinite: true,arrows: true,nextArrow: '<button type=\"button\" role=\"button\" aria-label=\"Next\" style=\"color:#00475f; font-size:20px;\" class=\"slick-next default\"><i class=\"ultsl-arrow-right4\"><\/i><\/button>',prevArrow: '<button type=\"button\" role=\"button\" aria-label=\"Previous\" style=\"color:#00475f; font-size:20px;\" class=\"slick-prev default\"><i class=\"ultsl-arrow-left4\"><\/i><\/button>',slidesToScroll:5,slidesToShow:5,swipe: true,draggable: true,touchMove: true,pauseOnHover: true,pauseOnFocus: false,responsive: [\r\n\t\t\t\t\t\t\t{\r\n\t\t\t\t\t\t\t  breakpoint: 1026,\r\n\t\t\t\t\t\t\t  settings: {\r\n\t\t\t\t\t\t\t\tslidesToShow: 5,\r\n\t\t\t\t\t\t\t\tslidesToScroll: 5,  \r\n\t\t\t\t\t\t\t  }\r\n\t\t\t\t\t\t\t},\r\n\t\t\t\t\t\t\t{\r\n\t\t\t\t\t\t\t  breakpoint: 1025,\r\n\t\t\t\t\t\t\t  settings: {\r\n\t\t\t\t\t\t\t\tslidesToShow: 3,\r\n\t\t\t\t\t\t\t\tslidesToScroll: 3\r\n\t\t\t\t\t\t\t  }\r\n\t\t\t\t\t\t\t},\r\n\t\t\t\t\t\t\t{\r\n\t\t\t\t\t\t\t  breakpoint: 760,\r\n\t\t\t\t\t\t\t  settings: {\r\n\t\t\t\t\t\t\t\tslidesToShow: 1,\r\n\t\t\t\t\t\t\t\tslidesToScroll: 1\r\n\t\t\t\t\t\t\t  }\r\n\t\t\t\t\t\t\t}\r\n\t\t\t\t\t\t],pauseOnDotsHover: true,customPaging: function(slider, i) {\r\n                   return '<i type=\"button\" style= \"color:#333333;\" class=\"ultsl-record\" data-role=\"none\"><\/i>';\r\n                },});\r\n\t\t\t\t\t}\r\n\t\t\t\t});\r\n\t\t\t<\/script>\r\n\t\t\t<div class=\"aio-icon-component    style_2\"><div id=\"Info-box-wrap-8392\" class=\"aio-icon-box top-icon\" style=\"\"  ><div class=\"aio-icon-header\" ><h3 class=\"aio-icon-title ult-responsive\"  data-ultimate-target='#Info-box-wrap-8392 .aio-icon-title'  data-responsive-json-new='{\"font-size\":\"desktop:20px;\",\"line-height\":\"\"}'  style=\"\">\u00bfQuieres que CU@School llegue a tu instituci\u00f3n? Ya hemos hecho nuestra selecci\u00f3n para este a\u00f1o escolar, pero si te interesa, env\u00eda un correo electr\u00f3nico a la Sra. Virgo (saffron.rivett@bscu.org) para que te incluyamos en nuestra lista de espera.<\/h3><\/div> <!-- header --><\/div> <!-- aio-icon-box --><\/div> <!-- aio-icon-component --><\/div><\/div><\/div><\/div><\/div><script id=\"script-row-unique-2\" data-row=\"script-row-unique-2\" type=\"text\/javascript\" class=\"vc_controls\">UNCODE.initRow(document.getElementById(\"row-unique-2\"));<\/script><\/div><\/div><\/div><div data-parent=\"true\" class=\"vc_row row-container\" id=\"row-unique-3\"><div class=\"row limit-width row-parent\"><div class=\"wpb_row row-inner\"><div class=\"wpb_column pos-top pos-center align_left column_parent col-lg-12 single-internal-gutter\"><div class=\"uncol style-light\"  ><div class=\"uncoltable\"><div class=\"uncell  vc_custom_1486499926764 no-block-padding\" style=\"padding-top: 50px ;padding-right: 0px ;padding-bottom: 0px ;padding-left: 0px ;\" ><div class=\"uncont\" ><div id=\"ultimate-heading-747269d9a552a17ec\" class=\"uvc-heading ult-adjust-bottom-margin ultimate-heading-747269d9a552a17ec uvc-5797\" data-hspacer=\"line_only\"  data-halign=\"center\" style=\"text-align:center\"><div class=\"uvc-main-heading ult-responsive\"  data-ultimate-target='.uvc-heading.ultimate-heading-747269d9a552a17ec h3'  data-responsive-json-new='{\"font-size\":\"\",\"line-height\":\"\"}' ><h3 style=\"font-weight:normal;\">Productos relacionados<\/h3><\/div><div class=\"uvc-heading-spacer line_only\" style=\"topheight:3px;\"><span class=\"uvc-headings-line\" style=\"border-style:solid;border-bottom-width:3px;border-color:#031c32;width:100px;\"><\/span><\/div><\/div><div class=\"vc_row row-internal row-container\"><div class=\"row row-child\"><div class=\"wpb_row row-inner\"><div class=\"wpb_column pos-middle pos-center align_center column_child col-lg-6 single-internal-gutter\"><div class=\"uncol style-light\" ><div class=\"uncoltable\"><div class=\"uncell no-block-padding\" ><div class=\"uncont\" ><div id=\"ultib3-366862902469d9a552a29d5\" class=\"ultb3-box ult-adjust-bottom-margin bb-cla\" style=\"\"><div class=\"ultb3-box-overlay\" style=\"background:rgba(0,71,95,0.8);\"><\/div><img decoding=\"async\" src=\"https:\/\/demo2.mybscu.org\/wp-content\/uploads\/2018\/08\/loans-pic.jpg\" style=\"\" class=\"ultb3-img ultb3-img-center\" alt=\"Man handing money\"\/><div id=\"Info-banner-wrap9702\" class=\"ultb3-info ib3-info-left\" data-animation=\"fadeIn\" data-animation-delay=\"03\"><div class=\"ultb3-title ult-responsive\"  data-ultimate-target='#Info-banner-wrap9702 .ultb3-title'  data-responsive-json-new='{\"font-size\":\"desktop:24px;\",\"line-height\":\"\"}'  style=\"font-weight:normal;color:#eaaf00;\">Solicitar un pr\u00e9stamo<\/div><div class=\"ultb3-desc ult-responsive\"  data-ultimate-target='#Info-banner-wrap9702 .ultb3-desc'  data-responsive-json-new='{\"font-size\":\"desktop:14px;\",\"line-height\":\"\"}'  style=\"font-weight:normal;color:#ffffff;\">Pr\u00e9stamos para todas las razones<\/div><a href=\"https:\/\/demo2.mybscu.org\/es\/loans\/\"  class=\"ultb3-btn ult-responsive\"  data-ultimate-target='#Info-banner-wrap9702 .ultb3-btn'  data-responsive-json-new='{\"font-size\":\"desktop:15px;\",\"line-height\":\"\"}'  style=\"font-weight:normal;\">Leer m\u00e1s<i class=\"Defaults-angle-right\"><\/i><\/a><\/div><\/div><style>\r\n\t\t\t\t\t#ultib3-366862902469d9a552a29d5 {\r\n\t\t\t\t\t\tmin-height:350px;\r\n\t\t\t\t\t}\r\n\t\t\t\t\t#ultib3-366862902469d9a552a29d5 img.ultb3-img {\r\n\t\t\t\t\t\theight: px;\r\n\t\t\t\t\t}\r\n\t\t\t\t\t#ultib3-366862902469d9a552a29d5 .ultb3-btn {\r\n\t\t\t\t\t\tborder:2px solid #eaaf00;border-radius:50px;color:#ffffff;\r\n\t\t\t\t\t}\r\n\t\t\t\t\t#ultib3-366862902469d9a552a29d5 .ultb3-btn:hover {\r\n\t\t\t\t\t\tbackground:#eaaf00;color:#ffffff;\r\n\t\t\t\t\t}\r\n\t\t\t\t<\/style><\/div><\/div><\/div><\/div><\/div><div class=\"wpb_column pos-middle pos-center align_center column_child col-lg-6 single-internal-gutter\"><div class=\"uncol style-light\" ><div class=\"uncoltable\"><div class=\"uncell no-block-padding\" ><div class=\"uncont\" ><div id=\"ultib3-422263924069d9a552a3274\" class=\"ultb3-box ult-adjust-bottom-margin bb-cla ultb3-hover-5\" style=\"\"><div class=\"ultb3-box-overlay\" style=\"background:rgba(0,0,0,0.6);\"><\/div><img decoding=\"async\" src=\"https:\/\/demo2.mybscu.org\/wp-content\/uploads\/2018\/08\/student-cc.jpg\" style=\"\" class=\"ultb3-img ultb3-img-center\" alt=\"student buying book at the bookshop using a credit card\"\/><div id=\"Info-banner-wrap9817\" class=\"ultb3-info ib3-info-left\" data-animation=\"fadeIn\" data-animation-delay=\"03\"><div class=\"ultb3-title ult-responsive\"  data-ultimate-target='#Info-banner-wrap9817 .ultb3-title'  data-responsive-json-new='{\"font-size\":\"desktop:24px;\",\"line-height\":\"\"}'  style=\"font-weight:bold;color:#eaaf00;\">Recompensas de la tarjeta de puntuaci\u00f3n<\/div><div class=\"ultb3-desc ult-responsive\"  data-ultimate-target='#Info-banner-wrap9817 .ultb3-desc'  data-responsive-json-new='{\"font-size\":\"desktop:14px;\",\"line-height\":\"\"}'  style=\"font-weight:normal;color:#ffffff;\">Tu tarjeta de d\u00e9bito BrightStar te ofrece m\u00e1s recompensas.<\/div><a href=\"\/es\/scorecardrewards\/\"  class=\"ultb3-btn ult-responsive\"  data-ultimate-target='#Info-banner-wrap9817 .ultb3-btn'  data-responsive-json-new='{\"font-size\":\"desktop:15px;\",\"line-height\":\"\"}'  style=\"font-weight:normal;\">Leer m\u00e1s<i class=\"Defaults-angle-right\"><\/i><\/a><\/div><\/div><style>\r\n\t\t\t\t\t#ultib3-422263924069d9a552a3274 {\r\n\t\t\t\t\t\tmin-height:350px;\r\n\t\t\t\t\t}\r\n\t\t\t\t\t#ultib3-422263924069d9a552a3274 img.ultb3-img {\r\n\t\t\t\t\t\theight: 400px;\r\n\t\t\t\t\t}\r\n\t\t\t\t\t#ultib3-422263924069d9a552a3274 .ultb3-btn {\r\n\t\t\t\t\t\tborder:2px solid #eaaf00;border-radius:50px;color:#ffffff;\r\n\t\t\t\t\t}\r\n\t\t\t\t\t#ultib3-422263924069d9a552a3274 .ultb3-btn:hover {\r\n\t\t\t\t\t\tbackground:#eaaf00;color:#ffffff;\r\n\t\t\t\t\t}\r\n\t\t\t\t<\/style><style>\r\n\t\t\t\t\t\t@media (min-width: 1824px) {\r\n\t\t\t\t\t\t\t #ultib3-422263924069d9a552a3274 img.ultb3-img {\r\n\t\t\t\t\t\t\t\theight:600px;\r\n\t\t\t\t\t\t\t}\r\n\t\t\t\t\t\t}\r\n\t\t\t\t\t<\/style><style>\r\n\t\t\t\t\t\t@media (max-width: 1199px) {\r\n\t\t\t\t\t\t\t #ultib3-422263924069d9a552a3274 img.ultb3-img {\r\n\t\t\t\t\t\t\t\theight:300px;\r\n\t\t\t\t\t\t\t}\r\n\t\t\t\t\t\t}\r\n\t\t\t\t\t<\/style><style>\r\n\t\t\t\t\t\t@media (max-width: 479px) {\r\n\t\t\t\t\t\t\t #ultib3-422263924069d9a552a3274 img.ultb3-img {\r\n\t\t\t\t\t\t\t\theight:300px;\r\n\t\t\t\t\t\t\t}\r\n\t\t\t\t\t\t}\r\n\t\t\t\t\t<\/style><\/div><\/div><\/div><\/div><\/div><\/div><\/div><\/div><\/div><\/div><\/div><\/div><\/div><script id=\"script-row-unique-3\" data-row=\"script-row-unique-3\" type=\"text\/javascript\" class=\"vc_controls\">UNCODE.initRow(document.getElementById(\"row-unique-3\"));<\/script><\/div><\/div><\/div>","protected":false},"excerpt":{"rendered":"CU@School Student Financial Literacy Program CU@School features in-school credit union branches, financial literacy presentations and career day participation. Students gain [...]","protected":false},"author":8,"featured_media":0,"parent":0,"menu_order":0,"comment_status":"closed","ping_status":"closed","template":"","meta":{"footnotes":""},"class_list":["post-5987","page","type-page","status-publish","hentry"],"_links":{"self":[{"href":"https:\/\/demo2.mybscu.org\/es\/wp-json\/wp\/v2\/pages\/5987","targetHints":{"allow":["GET"]}}],"collection":[{"href":"https:\/\/demo2.mybscu.org\/es\/wp-json\/wp\/v2\/pages"}],"about":[{"href":"https:\/\/demo2.mybscu.org\/es\/wp-json\/wp\/v2\/types\/page"}],"author":[{"embeddable":true,"href":"https:\/\/demo2.mybscu.org\/es\/wp-json\/wp\/v2\/users\/8"}],"replies":[{"embeddable":true,"href":"https:\/\/demo2.mybscu.org\/es\/wp-json\/wp\/v2\/comments?post=5987"}],"version-history":[{"count":3,"href":"https:\/\/demo2.mybscu.org\/es\/wp-json\/wp\/v2\/pages\/5987\/revisions"}],"predecessor-version":[{"id":14719,"href":"https:\/\/demo2.mybscu.org\/es\/wp-json\/wp\/v2\/pages\/5987\/revisions\/14719"}],"wp:attachment":[{"href":"https:\/\/demo2.mybscu.org\/es\/wp-json\/wp\/v2\/media?parent=5987"}],"curies":[{"name":"wp","href":"https:\/\/api.w.org\/{rel}","templated":true}]}}