{"id":6498,"date":"2018-10-30T14:37:56","date_gmt":"2018-10-30T19:37:56","guid":{"rendered":"https:\/\/demo2.mybscu.org\/?page_id=6498"},"modified":"2024-01-22T13:22:25","modified_gmt":"2024-01-22T18:22:25","slug":"courtesypay","status":"publish","type":"page","link":"https:\/\/demo2.mybscu.org\/es\/courtesypay\/","title":{"rendered":"Pago de cortes\u00eda"},"content":{"rendered":"<section data-parent=\"true\" class=\"vc_section row-container\" id=\"section-unique-0\"><div class=\"row-background background-element\">\n\t\t\t\t\t\t\t\t\t\t\t<div class=\"background-wrapper\">\n\t\t\t\t\t\t\t\t\t\t\t\t<div class=\"background-inner\" style=\"background-image: url(https:\/\/demo2.mybscu.org\/wp-content\/uploads\/2018\/10\/bscu-courtesy.jpg);background-repeat: no-repeat;background-position: center top;background-attachment: scroll;background-size: cover;\"><\/div>\n\t\t\t\t\t\t\t\t\t\t\t\t<div class=\"block-bg-overlay style-color-jevc-bg\" style=\"opacity: 0.6;\"><\/div>\n\t\t\t\t\t\t\t\t\t\t\t<\/div>\n\t\t\t\t\t\t\t\t\t\t<\/div><div class=\"row no-top-padding no-bottom-padding no-h-padding full-width row-parent\"><div data-parent=\"true\" class=\"vc_row row-container\" id=\"row-unique-0\"><div class=\"row unequal limit-width row-parent\" data-height-ratio=\"40\" data-minheight=\"300\"><div class=\"wpb_row row-inner\"><div class=\"wpb_column pos-middle pos-center align_center align_center_mobile column_parent col-lg-12 no-internal-gutter\"><div class=\"uncol style-light\"  ><div class=\"uncoltable\"><div class=\"uncell no-block-padding\" ><div class=\"uncont\" ><div id=\"ultib3-228329542369d9a53307a87\" class=\"ultb3-box ult-adjust-bottom-margin  ultb3-hover-6\" style=\"background-color: rgba(255,255,255,0.01);\"><div id=\"Info-banner-wrap9819\" class=\"ultb3-info ib3-info-center\" data-animation=\"fadeIn\" data-animation-delay=\"03\"><div class=\"ultb3-title ult-responsive\"  data-ultimate-target='#Info-banner-wrap9819 .ultb3-title'  data-responsive-json-new='{\"font-size\":\"desktop:32px;\",\"line-height\":\"\"}'  style=\"font-weight:normal;color:#ffffff;\">Pago de cortes\u00eda<\/div><div class=\"ultb3-desc ult-responsive\"  data-ultimate-target='#Info-banner-wrap9819 .ultb3-desc'  data-responsive-json-new='{\"font-size\":\"\",\"line-height\":\"\"}'  style=\"font-weight:normal;color:#eaaf00;\">Pague con confianza<\/div><a href=\"#features\"  class=\"ultb3-btn ult-responsive\"  data-ultimate-target='#Info-banner-wrap9819 .ultb3-btn'  data-responsive-json-new='{\"font-size\":\"desktop:18px;\",\"line-height\":\"\"}'  style=\"font-weight:normal;\">Empieza ahora<i class=\"Defaults-angle-right\"><\/i><\/a><\/div><\/div><style>\r\n\t\t\t\t\t#ultib3-228329542369d9a53307a87 {\r\n\t\t\t\t\t\tmin-height:0px;\r\n\t\t\t\t\t}\r\n\t\t\t\t\t#ultib3-228329542369d9a53307a87 img.ultb3-img {\r\n\t\t\t\t\t\theight: px;\r\n\t\t\t\t\t}\r\n\t\t\t\t\t#ultib3-228329542369d9a53307a87 .ultb3-btn {\r\n\t\t\t\t\t\tborder:2px solid #eaaf00;border-radius:50px;color:#ffffff;\r\n\t\t\t\t\t}\r\n\t\t\t\t\t#ultib3-228329542369d9a53307a87 .ultb3-btn:hover {\r\n\t\t\t\t\t\tbackground:#eaaf00;color:#ffffff;\r\n\t\t\t\t\t}\r\n\t\t\t\t<\/style><\/div><\/div><\/div><\/div><\/div><script id=\"script-row-unique-0\" data-row=\"script-row-unique-0\" type=\"text\/javascript\" class=\"vc_controls\">UNCODE.initRow(document.getElementById(\"row-unique-0\"));<\/script><\/div><\/div><\/div><script id=\"script-section-unique-0\" data-section=\"script-section-unique-0\" type=\"text\/javascript\">UNCODE.initSection(document.getElementById(\"section-unique-0\"));<\/script><\/div><\/section><div data-parent=\"true\" class=\"vc_row style-color-lxmt-bg row-container\" id=\"row-unique-1\"><div class=\"row limit-width row-parent\"><div class=\"wpb_row row-inner\"><div class=\"wpb_column pos-middle pos-center align_center column_parent col-lg-4 single-internal-gutter\"><div class=\"uncol style-light\"  ><div class=\"uncoltable\"><div class=\"uncell no-block-padding\" ><div class=\"uncont\" ><div class=\"uncode-single-media  text-center\"><div class=\"single-wrapper\" style=\"max-width: 40%;\"><div class=\"tmb tmb-light  tmb-media-first tmb-media-last tmb-content-overlay tmb-no-bg\"><div class=\"t-inside\"><div class=\"t-entry-visual\"><div class=\"t-entry-visual-tc\"><div class=\"uncode-single-media-wrapper\"><img decoding=\"async\" class=\"wp-image-3370\" src=\"https:\/\/demo2.mybscu.org\/wp-content\/uploads\/2016\/07\/bscu-web-icons.png\" width=\"200\" height=\"200\" alt=\"Checking Account\" srcset=\"https:\/\/demo2.mybscu.org\/wp-content\/uploads\/2016\/07\/bscu-web-icons.png 200w, https:\/\/demo2.mybscu.org\/wp-content\/uploads\/2016\/07\/bscu-web-icons-150x150.png 150w\" sizes=\"(max-width: 200px) 100vw, 200px\" \/><\/div>\n\t\t\t\t\t<\/div>\n\t\t\t\t<\/div><\/div><\/div><\/div><\/div><\/div><\/div><\/div><\/div><\/div><div class=\"wpb_column pos-middle pos-center align_left column_parent col-lg-8 single-internal-gutter\"><div class=\"uncol style-light\"  ><div class=\"uncoltable\"><div class=\"uncell no-block-padding\" ><div class=\"uncont\" ><div class=\"aio-icon-component    style_1\"><div id=\"Info-box-wrap-6627\" class=\"aio-icon-box default-icon\" style=\"\"  ><div class=\"aio-icon-header\" ><h3 class=\"aio-icon-title ult-responsive\"  data-ultimate-target='#Info-box-wrap-6627 .aio-icon-title'  data-responsive-json-new='{\"font-size\":\"desktop:20px;\",\"line-height\":\"\"}'  style=\"color:#031c32;\">Con el servicio de pago de cortes\u00eda, transacciones como cheques, transacciones con tarjeta de d\u00e9bito\/cajero autom\u00e1tico y giros autom\u00e1ticos pueden cobrarse en su cuenta corriente, incluso si no tiene fondos suficientes cuando se procesen dichas transacciones.<\/h3><\/div> <!-- header --><\/div> <!-- aio-icon-box --><\/div> <!-- aio-icon-component --><\/div><\/div><\/div><\/div><\/div><script id=\"script-row-unique-1\" data-row=\"script-row-unique-1\" type=\"text\/javascript\" class=\"vc_controls\">UNCODE.initRow(document.getElementById(\"row-unique-1\"));<\/script><\/div><\/div><\/div><div data-parent=\"true\" class=\"vc_row style-color-xsdn-bg vc_custom_1540925951884 row-container onepage-section\" data-label=\"features\" data-name=\"features\" style=\"padding-top: 20px ;\" id=\"row-unique-2\"><div class=\"row limit-width row-parent\"><div class=\"wpb_row row-inner\"><div class=\"wpb_column pos-middle pos-left align_left column_parent col-lg-12 single-internal-gutter\"><div class=\"uncol style-light\"  ><div class=\"uncoltable\"><div class=\"uncell no-block-padding\" ><div class=\"uncont\" ><div class=\"vc_row row-internal row-container\"><div class=\"row row-child\"><div class=\"wpb_row row-inner\"><div class=\"wpb_column pos-middle pos-left align_left column_child col-lg-6 single-internal-gutter\"><div class=\"uncol style-light\" ><div class=\"uncoltable\"><div class=\"uncell no-block-padding\" ><div class=\"uncont\" ><div id=\"ultimate-heading-979869d9a5330cd17\" class=\"uvc-heading ult-adjust-bottom-margin ultimate-heading-979869d9a5330cd17 uvc-6803\" data-hspacer=\"no_spacer\"  data-halign=\"left\" style=\"text-align:left\"><div class=\"uvc-heading-spacer no_spacer\" style=\"top\"><\/div><div class=\"uvc-main-heading ult-responsive\"  data-ultimate-target='.uvc-heading.ultimate-heading-979869d9a5330cd17 h2'  data-responsive-json-new='{\"font-size\":\"desktop:22px;\",\"line-height\":\"\"}' ><h2 style=\"font-weight:normal;\">La comodidad del pago de cortes\u00eda<\/h2><\/div><div class=\"uvc-sub-heading ult-responsive\"  data-ultimate-target='.uvc-heading.ultimate-heading-979869d9a5330cd17 .uvc-sub-heading '  data-responsive-json-new='{\"font-size\":\"\",\"line-height\":\"\"}'  style=\"font-weight:normal;\"><span style=\"color: #000000;\">Esto supone una gran comodidad para miles de miembros de BrightStar, ya que les ayuda a evitar la verg\u00fcenza de no tener fondos suficientes al realizar una compra y les ayuda cuando necesitan efectivo de un cajero autom\u00e1tico en caso de emergencia.<\/span><\/div><\/div><\/div><\/div><\/div><\/div><\/div><div class=\"wpb_column pos-middle pos-left align_left column_child col-lg-6 single-internal-gutter\"><div class=\"uncol style-light\" ><div class=\"uncoltable\"><div class=\"uncell no-block-padding\" ><div class=\"uncont\" ><div id=\"ultimate-heading-332269d9a5330d247\" class=\"uvc-heading ult-adjust-bottom-margin ultimate-heading-332269d9a5330d247 uvc-8004\" data-hspacer=\"no_spacer\"  data-halign=\"left\" style=\"text-align:left\"><div class=\"uvc-heading-spacer no_spacer\" style=\"top\"><\/div><div class=\"uvc-main-heading ult-responsive\"  data-ultimate-target='.uvc-heading.ultimate-heading-332269d9a5330d247 h2'  data-responsive-json-new='{\"font-size\":\"desktop:22px;\",\"line-height\":\"\"}' ><h2 style=\"font-weight:normal;\">El proceso de inscripci\u00f3n<\/h2><\/div><div class=\"uvc-sub-heading ult-responsive\"  data-ultimate-target='.uvc-heading.ultimate-heading-332269d9a5330d247 .uvc-sub-heading '  data-responsive-json-new='{\"font-size\":\"\",\"line-height\":\"\"}'  style=\"font-weight:normal;\"><span style=\"color: #000000;\">Usted tiene derecho a dar su consentimiento expreso o a optar por el pago de los sobregiros en cajeros autom\u00e1ticos y transacciones con tarjeta de d\u00e9bito. Sin su consentimiento expreso, la cooperativa de cr\u00e9dito no pagar\u00e1 los sobregiros en cajeros autom\u00e1ticos ni las transacciones diarias con tarjeta de d\u00e9bito que generen un sobregiro en su cuenta.<\/span><\/div><\/div><\/div><\/div><\/div><\/div><\/div><\/div><\/div><\/div><span class=\"btn-container\" ><a href=\"https:\/\/demo2.mybscu.org\/es\/forms\/eforms\/courtesy-pay-online-opt-in\/105\/\" class=\"custom-link btn border-width-0 btn-heloc btn-accent btn-round btn-shadow btn-icon-left\" title=\"El enlace se abrir\u00e1 en una nueva pesta\u00f1a.\" target=\"_blank\" onclick=\"amplitude.getInstance().logEvent(&#039;Skip App - Landing Page&#039;);\"><i class=\"fa fa-wpforms\"><\/i>Solicitud en l\u00ednea de pago de cortes\u00eda<\/a><\/span><\/div><\/div><\/div><\/div><\/div><script id=\"script-row-unique-2\" data-row=\"script-row-unique-2\" type=\"text\/javascript\" class=\"vc_controls\">UNCODE.initRow(document.getElementById(\"row-unique-2\"));<\/script><\/div><\/div><\/div><div data-parent=\"true\" class=\"vc_row style-color-xsdn-bg vc_custom_1514556556145 row-container onepage-section\" data-label=\"features\" data-name=\"features\" style=\"padding-top: 20px ;\" id=\"row-unique-3\"><div class=\"row limit-width row-parent\"><div class=\"wpb_row row-inner\"><div class=\"wpb_column pos-top pos-center align_left column_parent col-lg-12 single-internal-gutter\"><div class=\"uncol style-light\"  ><div class=\"uncoltable\"><div class=\"uncell no-block-padding\" ><div class=\"uncont\" ><div class=\"uncode_text_column\" ><\/p>\n<p style=\"text-align: left; font-size: 10px;\"><span style=\"color: #000000;\">El servicio Pago de Cortes\u00eda sobregira su cuenta corriente (&quot;Cuenta&quot;) para pagar cheques, d\u00e9bitos (Visa\/ATM), d\u00e9bitos ACH y otras transacciones presentadas para su pago desde su Cuenta que, de otro modo, ser\u00edan rechazadas y devueltas sin pagar por fondos insuficientes o saldo pendiente. Para pagar estas transacciones, su Cuenta quedar\u00e1 sobregirada (con saldo negativo). Para acceder al Pago de Cortes\u00eda, el socio debe: a) tener una cuenta corriente con al menos 30 d\u00edas de antig\u00fcedad; b) ser mayor de 18 a\u00f1os; c) tener un atraso m\u00e1ximo de 11 d\u00edas en cualquier pr\u00e9stamo de la Cooperativa de Cr\u00e9dito. El saldo negativo m\u00e1ximo permitido puede variar. La Cooperativa de Cr\u00e9dito puede rechazar cualquier transacci\u00f3n que exceda el saldo negativo m\u00e1ximo. Si su Cuenta excede el saldo negativo m\u00e1ximo, la Cooperativa de Cr\u00e9dito puede cancelar el servicio de Pago de Cortes\u00eda o cerrar su Cuenta de inmediato y sin previo aviso. Todos los saldos negativos deben pagarse a la Cooperativa de Cr\u00e9dito inmediatamente a solicitud. Si no paga los saldos negativos a solicitud, la Cooperativa de Cr\u00e9dito puede cancelar el servicio de Pago de Cortes\u00eda o cerrar su Cuenta de inmediato y sin previo aviso. Usted ser\u00e1 responsable de cualquier saldo negativo hasta que dicho monto sea pagado en su totalidad a la Cooperativa de Cr\u00e9dito. Se le enviar\u00e1 una notificaci\u00f3n por correo por cada transacci\u00f3n o conjunto de transacciones que generen un sobregiro en su cuenta. Los cargos por Pago de Cortes\u00eda se aplicar\u00e1n autom\u00e1ticamente a su cuenta una vez que se paguen las transacciones con sobregiro. Sin perjuicio de cualquier otra disposici\u00f3n en contrario en este documento, la Cooperativa de Cr\u00e9dito no tiene la obligaci\u00f3n de pagar ning\u00fan cheque u otra transacci\u00f3n que pudiera ser rechazada y devuelta sin fondos debido a fondos insuficientes o saldo pendiente, y puede rechazar cualquier cheque o transacci\u00f3n a su entera discreci\u00f3n sin previo aviso. El servicio de Pago de Cortes\u00eda se activar\u00e1 autom\u00e1ticamente en su cuenta para cheques y transacciones ACH, sujeto a los t\u00e9rminos y condiciones anteriores y al cumplimiento de los criterios mencionados. Usted tiene derecho a dar su consentimiento expreso o a optar por el pago de sobregiros en cajeros autom\u00e1ticos y transacciones con tarjeta de d\u00e9bito de un solo uso. Sin su consentimiento por escrito, la Cooperativa de Cr\u00e9dito no realizar\u00e1 el pago de transacciones en cajeros autom\u00e1ticos ni de transacciones diarias con tarjeta de d\u00e9bito. El servicio de pago de cortes\u00eda se puede cancelar comunic\u00e1ndose con nosotros al 800-637-BSCU (2728).<\/span><\/p>\n<p>\n<\/div><div class=\"ult-spacer spacer-69d9a5330eb81\" data-id=\"69d9a5330eb81\" data-height=\"10\" data-height-mobile=\"10\" data-height-tab=\"10\" data-height-tab-portrait=\"10\" data-height-mobile-landscape=\"10\" style=\"clear:both;display:block;\"><\/div><\/div><\/div><\/div><\/div><\/div><script id=\"script-row-unique-3\" data-row=\"script-row-unique-3\" type=\"text\/javascript\" class=\"vc_controls\">UNCODE.initRow(document.getElementById(\"row-unique-3\"));<\/script><\/div><\/div><\/div><div data-parent=\"true\" class=\"vc_row style-color-lxmt-bg row-container\" id=\"row-unique-4\"><div class=\"row col-half-gutter limit-width row-parent\"><div class=\"wpb_row row-inner\"><div class=\"wpb_column pos-top pos-center align_left column_parent col-lg-12 single-internal-gutter\"><div class=\"uncol style-light\"  ><div class=\"uncoltable\"><div class=\"uncell no-block-padding\" ><div class=\"uncont\" ><div id=\"ultimate-heading-681869d9a5330f8c4\" class=\"uvc-heading ult-adjust-bottom-margin ultimate-heading-681869d9a5330f8c4 uvc-5299\" data-hspacer=\"line_only\"  data-halign=\"center\" style=\"text-align:center\"><div class=\"uvc-main-heading ult-responsive\"  data-ultimate-target='.uvc-heading.ultimate-heading-681869d9a5330f8c4 h3'  data-responsive-json-new='{\"font-size\":\"\",\"line-height\":\"\"}' ><h3 style=\"font-weight:normal;\">Productos relacionados<\/h3><\/div><div class=\"uvc-heading-spacer line_only\" style=\"topheight:3px;\"><span class=\"uvc-headings-line\" style=\"border-style:solid;border-bottom-width:3px;border-color:#031c32;width:100px;\"><\/span><\/div><\/div><div class=\"vc_row row-internal row-container\"><div class=\"row row-child\"><div class=\"wpb_row row-inner row-inner-force\"><div class=\"wpb_column pos-middle pos-center align_center column_child col-lg-6 single-internal-gutter\"><div class=\"uncol style-light\" ><div class=\"uncoltable\"><div class=\"uncell no-block-padding\" ><div class=\"uncont\" ><div id=\"ultib3-161766199869d9a533107ef\" class=\"ultb3-box ult-adjust-bottom-margin bb-cla\" style=\"\"><div class=\"ultb3-box-overlay\" style=\"background:rgba(0,71,95,0.8);\"><\/div><img decoding=\"async\" src=\"https:\/\/demo2.mybscu.org\/wp-content\/uploads\/2017\/06\/shutterstock_587659154.jpg\" style=\"\" class=\"ultb3-img ultb3-img-center\" alt=\"null\"\/><div id=\"Info-banner-wrap8075\" class=\"ultb3-info ib3-info-left\" data-animation=\"fadeIn\" data-animation-delay=\"03\"><div class=\"ultb3-title ult-responsive\"  data-ultimate-target='#Info-banner-wrap8075 .ultb3-title'  data-responsive-json-new='{\"font-size\":\"desktop:24px;\",\"line-height\":\"\"}'  style=\"font-weight:normal;color:#eaaf00;\">Solicitar un pr\u00e9stamo<\/div><div class=\"ultb3-desc ult-responsive\"  data-ultimate-target='#Info-banner-wrap8075 .ultb3-desc'  data-responsive-json-new='{\"font-size\":\"desktop:14px;\",\"line-height\":\"\"}'  style=\"font-weight:normal;color:#ffffff;\">Pr\u00e9stamos para todas las razones<\/div><a href=\"https:\/\/demo2.mybscu.org\/es\/loans\/\"  class=\"ultb3-btn ult-responsive\"  data-ultimate-target='#Info-banner-wrap8075 .ultb3-btn'  data-responsive-json-new='{\"font-size\":\"desktop:15px;\",\"line-height\":\"\"}'  style=\"font-weight:normal;\">Leer m\u00e1s<i class=\"Defaults-angle-right\"><\/i><\/a><\/div><\/div><style>\r\n\t\t\t\t\t#ultib3-161766199869d9a533107ef {\r\n\t\t\t\t\t\tmin-height:350px;\r\n\t\t\t\t\t}\r\n\t\t\t\t\t#ultib3-161766199869d9a533107ef img.ultb3-img {\r\n\t\t\t\t\t\theight: px;\r\n\t\t\t\t\t}\r\n\t\t\t\t\t#ultib3-161766199869d9a533107ef .ultb3-btn {\r\n\t\t\t\t\t\tborder:2px solid #eaaf00;border-radius:50px;color:#ffffff;\r\n\t\t\t\t\t}\r\n\t\t\t\t\t#ultib3-161766199869d9a533107ef .ultb3-btn:hover {\r\n\t\t\t\t\t\tbackground:#eaaf00;color:#ffffff;\r\n\t\t\t\t\t}\r\n\t\t\t\t<\/style><\/div><\/div><\/div><\/div><\/div><div class=\"wpb_column pos-middle pos-center align_center column_child col-lg-6 single-internal-gutter\"><div class=\"uncol style-light\" ><div class=\"uncoltable\"><div class=\"uncell no-block-padding\" ><div class=\"uncont\" ><div id=\"ultib3-331265501469d9a5331104c\" class=\"ultb3-box ult-adjust-bottom-margin bb-cla\" style=\"\"><div class=\"ultb3-box-overlay\" style=\"background:rgba(0,71,95,0.8);\"><\/div><img decoding=\"async\" src=\"https:\/\/demo2.mybscu.org\/wp-content\/uploads\/2017\/06\/shutterstock_602844200.jpg\" style=\"\" class=\"ultb3-img ultb3-img-center\" alt=\"null\"\/><div id=\"Info-banner-wrap3686\" class=\"ultb3-info ib3-info-left\" data-animation=\"fadeIn\" data-animation-delay=\"03\"><div class=\"ultb3-title ult-responsive\"  data-ultimate-target='#Info-banner-wrap3686 .ultb3-title'  data-responsive-json-new='{\"font-size\":\"desktop:24px;\",\"line-height\":\"\"}'  style=\"font-weight:normal;color:#eaaf00;\">Aumento del l\u00edmite de cr\u00e9dito<\/div><div class=\"ultb3-desc ult-responsive\"  data-ultimate-target='#Info-banner-wrap3686 .ultb3-desc'  data-responsive-json-new='{\"font-size\":\"desktop:14px;\",\"line-height\":\"\"}'  style=\"font-weight:normal;color:#ffffff;\">Solicitar un aumento del l\u00edmite de cr\u00e9dito.<\/div><a href=\"https:\/\/demo2.mybscu.org\/es\/forms\/eforms\/credit-card-line-increase\/159\/\" target=\"target=\"_blank\"\" class=\"ultb3-btn ult-responsive\"  data-ultimate-target='#Info-banner-wrap3686 .ultb3-btn'  data-responsive-json-new='{\"font-size\":\"desktop:15px;\",\"line-height\":\"\"}'  style=\"font-weight:normal;\">Leer m\u00e1s<i class=\"Defaults-angle-right\"><\/i><\/a><\/div><\/div><style>\r\n\t\t\t\t\t#ultib3-331265501469d9a5331104c {\r\n\t\t\t\t\t\tmin-height:350px;\r\n\t\t\t\t\t}\r\n\t\t\t\t\t#ultib3-331265501469d9a5331104c img.ultb3-img {\r\n\t\t\t\t\t\theight: px;\r\n\t\t\t\t\t}\r\n\t\t\t\t\t#ultib3-331265501469d9a5331104c .ultb3-btn {\r\n\t\t\t\t\t\tborder:2px solid #eaaf00;border-radius:50px;color:#ffffff;\r\n\t\t\t\t\t}\r\n\t\t\t\t\t#ultib3-331265501469d9a5331104c .ultb3-btn:hover {\r\n\t\t\t\t\t\tbackground:#eaaf00;color:#ffffff;\r\n\t\t\t\t\t}\r\n\t\t\t\t<\/style><\/div><\/div><\/div><\/div><\/div><\/div><\/div><\/div><\/div><\/div><\/div><\/div><\/div><script id=\"script-row-unique-4\" data-row=\"script-row-unique-4\" type=\"text\/javascript\" class=\"vc_controls\">UNCODE.initRow(document.getElementById(\"row-unique-4\"));<\/script><\/div><\/div><\/div><div data-parent=\"true\" class=\"vc_row style-color-lxmt-bg vc_custom_1497555621261 row-container\" style=\"padding-top: 20px ;padding-bottom: 20px ;\" id=\"row-unique-5\"><div class=\"row limit-width row-parent\"><div class=\"wpb_row row-inner\"><div class=\"wpb_column pos-middle pos-center align_center column_parent col-lg-12 no-internal-gutter\"><div class=\"uncol style-light\"  ><div class=\"uncoltable\"><div class=\"uncell no-block-padding\" ><div class=\"uncont\" ><\/div><\/div><\/div><\/div><\/div><script id=\"script-row-unique-5\" data-row=\"script-row-unique-5\" type=\"text\/javascript\" class=\"vc_controls\">UNCODE.initRow(document.getElementById(\"row-unique-5\"));<\/script><\/div><\/div><\/div>","protected":false},"excerpt":{"rendered":"Courtesy PayPay with confidenceStart Now With Courtesy Pay, items such as checks, ATM\/debit card transactions and automatic drafts may clear [...]","protected":false},"author":8,"featured_media":0,"parent":0,"menu_order":0,"comment_status":"closed","ping_status":"closed","template":"","meta":{"footnotes":""},"class_list":["post-6498","page","type-page","status-publish","hentry"],"_links":{"self":[{"href":"https:\/\/demo2.mybscu.org\/es\/wp-json\/wp\/v2\/pages\/6498","targetHints":{"allow":["GET"]}}],"collection":[{"href":"https:\/\/demo2.mybscu.org\/es\/wp-json\/wp\/v2\/pages"}],"about":[{"href":"https:\/\/demo2.mybscu.org\/es\/wp-json\/wp\/v2\/types\/page"}],"author":[{"embeddable":true,"href":"https:\/\/demo2.mybscu.org\/es\/wp-json\/wp\/v2\/users\/8"}],"replies":[{"embeddable":true,"href":"https:\/\/demo2.mybscu.org\/es\/wp-json\/wp\/v2\/comments?post=6498"}],"version-history":[{"count":3,"href":"https:\/\/demo2.mybscu.org\/es\/wp-json\/wp\/v2\/pages\/6498\/revisions"}],"predecessor-version":[{"id":15600,"href":"https:\/\/demo2.mybscu.org\/es\/wp-json\/wp\/v2\/pages\/6498\/revisions\/15600"}],"wp:attachment":[{"href":"https:\/\/demo2.mybscu.org\/es\/wp-json\/wp\/v2\/media?parent=6498"}],"curies":[{"name":"wp","href":"https:\/\/api.w.org\/{rel}","templated":true}]}}