{"id":6665,"date":"2019-01-04T13:39:39","date_gmt":"2019-01-04T18:39:39","guid":{"rendered":"https:\/\/demo2.mybscu.org\/?page_id=6665"},"modified":"2024-02-13T15:41:24","modified_gmt":"2024-02-13T20:41:24","slug":"investmentservices","status":"publish","type":"page","link":"https:\/\/demo2.mybscu.org\/es\/investmentservices\/","title":{"rendered":"Servicios de inversi\u00f3n"},"content":{"rendered":"<section data-parent=\"true\" class=\"vc_section row-container\" id=\"section-unique-0\"><div class=\"row-background background-element\">\n\t\t\t\t\t\t\t\t\t\t\t<div class=\"background-wrapper\">\n\t\t\t\t\t\t\t\t\t\t\t\t<div class=\"background-inner\" style=\"background-image: url(https:\/\/demo2.mybscu.org\/wp-content\/uploads\/2018\/05\/investment-center-w.jpg);background-repeat: no-repeat;background-position: center top;background-attachment: scroll;background-size: cover;\"><\/div>\n\t\t\t\t\t\t\t\t\t\t\t\t<div class=\"block-bg-overlay style-color-jevc-bg\" style=\"opacity: 0.45;\"><\/div>\n\t\t\t\t\t\t\t\t\t\t\t<\/div>\n\t\t\t\t\t\t\t\t\t\t<\/div><div class=\"row no-top-padding no-bottom-padding no-h-padding full-width row-parent\"><div data-parent=\"true\" class=\"vc_row row-container\" id=\"row-unique-0\"><div class=\"row unequal limit-width row-parent\" data-height-ratio=\"40\" data-minheight=\"300\"><div class=\"wpb_row row-inner\"><div class=\"wpb_column pos-middle pos-center align_center align_center_mobile column_parent col-lg-12 no-internal-gutter\"><div class=\"uncol style-light\"  ><div class=\"uncoltable\"><div class=\"uncell no-block-padding\" ><div class=\"uncont\" ><div id=\"ultimate-heading-591469d990b551989\" class=\"uvc-heading ult-adjust-bottom-margin ultimate-heading-591469d990b551989 uvc-3272\" data-hspacer=\"no_spacer\"  data-halign=\"center\" style=\"text-align:center\"><div class=\"uvc-heading-spacer no_spacer\" style=\"top\"><\/div><div class=\"uvc-main-heading ult-responsive\"  data-ultimate-target='.uvc-heading.ultimate-heading-591469d990b551989 h1'  data-responsive-json-new='{\"font-size\":\"\",\"line-height\":\"\"}' ><h1 style=\"font-weight:normal;color:#ffffff;\">Servicios de inversi\u00f3n<\/h1><\/div><\/div><\/div><\/div><\/div><\/div><\/div><script id=\"script-row-unique-0\" data-row=\"script-row-unique-0\" type=\"text\/javascript\" class=\"vc_controls\">UNCODE.initRow(document.getElementById(\"row-unique-0\"));<\/script><\/div><\/div><\/div><script id=\"script-section-unique-0\" data-section=\"script-section-unique-0\" type=\"text\/javascript\">UNCODE.initSection(document.getElementById(\"section-unique-0\"));<\/script><\/div><\/section><div data-parent=\"true\" class=\"vc_row style-color-lxmt-bg row-container\" id=\"row-unique-1\"><div class=\"row limit-width row-parent\"><div class=\"wpb_row row-inner\"><div class=\"wpb_column pos-middle pos-center align_left column_parent col-lg-12 single-internal-gutter\"><div class=\"uncol style-light\"  ><div class=\"uncoltable\"><div class=\"uncell no-block-padding\" ><div class=\"uncont\" ><div class=\"uncode-single-media  text-center\"><div class=\"single-wrapper\" style=\"max-width: 35%;\"><div class=\"tmb tmb-light  tmb-media-first tmb-media-last tmb-content-overlay tmb-no-bg\"><div class=\"t-inside\"><div class=\"t-entry-visual\"><div class=\"t-entry-visual-tc\"><div class=\"uncode-single-media-wrapper\"><div class=\"fluid-svg\"><span id=\"icon-787891\" style=\"width:100%\" class=\"icon-media\"><img decoding=\"async\" src=\"https:\/\/demo2.mybscu.org\/wp-content\/uploads\/2019\/01\/b-investment-services.svg\" alt=\"\"><\/span><\/div><\/div>\n\t\t\t\t\t<\/div>\n\t\t\t\t<\/div><\/div><\/div><\/div><\/div><div class=\"aio-icon-component  vc_custom_1657050346013   style_1\"><div id=\"Info-box-wrap-8595\" class=\"aio-icon-box default-icon\" style=\"\"  ><div class=\"aio-icon-header\" ><h3 class=\"aio-icon-title ult-responsive\"  data-ultimate-target='#Info-box-wrap-8595 .aio-icon-title'  data-responsive-json-new='{\"font-size\":\"desktop:25px;\",\"line-height\":\"\"}'  style=\"color:#031c32;\">Nunca es demasiado pronto para invertir en un futuro mejor<\/h3><\/div> <!-- header --><div class=\"aio-icon-description ult-responsive\"  data-ultimate-target='#Info-box-wrap-8595 .aio-icon-description'  data-responsive-json-new='{\"font-size\":\"desktop:16px;\",\"line-height\":\"\"}'  style=\"\"><\/p>\n<p style=\"text-align: left;\"><span style=\"color: #000000;\">El programa BrightStar Investment Services se ofrece a trav\u00e9s de LPL Financial (LPL)*, un agente de bolsa registrado que se centra en brindar servicios a los miembros de las cooperativas de cr\u00e9dito. Para obtener m\u00e1s informaci\u00f3n sobre LPL Financial (LPL), visite <strong><a style=\"color: #000000;\" href=\"https:\/\/www.lpl.com\"><u>lpl.com<\/u><\/a>. <\/strong>Verifique los antecedentes de los profesionales de inversi\u00f3n en <a style=\"color: #000000;\" href=\"https:\/\/brokercheck.finra.org\/individual\/summary\/5093104\" target=\"_blank\" rel=\"noopener\"><u>FINRA&#8217;s BrokerCheck<\/u>.<\/a><\/span><\/p>\n<p><\/div> <!-- description --><\/div> <!-- aio-icon-box --><\/div> <!-- aio-icon-component --><\/div><\/div><\/div><\/div><\/div><script id=\"script-row-unique-1\" data-row=\"script-row-unique-1\" type=\"text\/javascript\" class=\"vc_controls\">UNCODE.initRow(document.getElementById(\"row-unique-1\"));<\/script><\/div><\/div><\/div><div data-parent=\"true\" class=\"vc_row style-color-xsdn-bg row-container desktop-hidden tablet-hidden mobile-hidden\" id=\"row-unique-2\"><div class=\"row limit-width row-parent\"><div class=\"wpb_row row-inner\"><div class=\"wpb_column pos-middle pos-center align_left column_parent col-lg-12 single-internal-gutter\"><div class=\"uncol style-light\"  ><div class=\"uncoltable\"><div class=\"uncell no-block-padding\" ><div class=\"uncont\" ><div class=\"aio-icon-component  vc_custom_1626362850258   style_1\"><div id=\"Info-box-wrap-2592\" class=\"aio-icon-box default-icon\" style=\"\"  ><div class=\"aio-icon-description ult-responsive\"  data-ultimate-target='#Info-box-wrap-2592 .aio-icon-description'  data-responsive-json-new='{\"font-size\":\"\",\"line-height\":\"\"}'  style=\"\"><span style=\"color: #00475f; font-size: 24px;\"><span style=\"color: #000000;\">Verifique los antecedentes de los profesionales de inversi\u00f3n en<\/span> <a style=\"color: #00475f;\" href=\"https:\/\/brokercheck.finra.org\/individual\/summary\/5093104\" target=\"_blank\" rel=\"noopener noreferrer\"><u>FINRA&#8217;s BrokerCheck.<\/u><\/a><\/span><\/div> <!-- description --><\/div> <!-- aio-icon-box --><\/div> <!-- aio-icon-component --><\/div><\/div><\/div><\/div><\/div><script id=\"script-row-unique-2\" data-row=\"script-row-unique-2\" type=\"text\/javascript\" class=\"vc_controls\">UNCODE.initRow(document.getElementById(\"row-unique-2\"));<\/script><\/div><\/div><\/div><div data-parent=\"true\" class=\"vc_row style-color-lxmt-bg vc_custom_1547835620297 row-container\" style=\"padding-top: 20px ;padding-bottom: 20px ;\" id=\"row-unique-3\"><div class=\"row limit-width row-parent\"><div class=\"wpb_row row-inner\"><div class=\"wpb_column pos-middle pos-center align_left column_parent col-lg-12 single-internal-gutter\"><div class=\"uncol style-light\"  ><div class=\"uncoltable\"><div class=\"uncell no-block-padding\" ><div class=\"uncont\" ><div id=\"ultimate-heading-282969d990b555aa2\" class=\"uvc-heading ult-adjust-bottom-margin ultimate-heading-282969d990b555aa2 uvc-9817\" data-hspacer=\"no_spacer\"  data-halign=\"center\" style=\"text-align:center\"><div class=\"uvc-heading-spacer no_spacer\" style=\"top\"><\/div><div class=\"uvc-main-heading ult-responsive\"  data-ultimate-target='.uvc-heading.ultimate-heading-282969d990b555aa2 h3'  data-responsive-json-new='{\"font-size\":\"\",\"line-height\":\"\"}' ><h3 style=\"font-weight:normal;color:#00475f;\">\u00bfEn qu\u00e9 podemos ayudarle hoy?<\/h3><\/div><\/div><div id=\"ult-carousel-199262847869d990b555c41\" class=\"ult-carousel-wrapper   ult_horizontal\" data-gutter=\"15\" data-rtl=\"false\" ><div class=\"ult-carousel-391603026269d990b555b14\" ><div class=\"ult-item-wrap\" data-animation=\"animated no-animation\"><div class=\"aio-icon-component    style_1\"><a class=\"aio-icon-box-link\" href=\"https:\/\/www.cbsinvestorconnection.com\/Organization\/2e0e2ddf-bff9-4225-9c5a-7bfa779dcc2e\" target=\"_blank\" rel=\"noopener\" ><div id=\"Info-box-wrap-5894\" class=\"aio-icon-box top-icon\" style=\"\"  ><div class=\"aio-icon-top\"><div class=\"ult-item-wrap\" data-animation=\"animated no-animation\"><div class=\"ult-just-icon-wrapper\"><div class=\"align-icon\" style=\"text-align:center;\">\n<div class=\"aio-icon none\"  style=\"color:#00475f;font-size:64px;display:inline-block;\">\n\t<i class=\"Defaults-user\"><\/i>\n<\/div><\/div><\/div><\/div><\/div><div class=\"aio-icon-header\" ><h3 class=\"aio-icon-title ult-responsive\"  data-ultimate-target='#Info-box-wrap-5894 .aio-icon-title'  data-responsive-json-new='{\"font-size\":\"\",\"line-height\":\"\"}'  style=\"\">Informaci\u00f3n de la cuenta<\/h3><\/div> <!-- header --><\/div> <!-- aio-icon-box --><\/a><\/div> <!-- aio-icon-component --><\/div><div class=\"ult-item-wrap\" data-animation=\"animated no-animation\"><div class=\"aio-icon-component    style_1\"><a class=\"aio-icon-box-link\" href=\"https:\/\/www.cbsinvestorconnection.com\/Organization\/d6a110fe-382b-4d6c-9ae6-84b0a6e5f375\" target=\"_blank\" rel=\"noopener\" ><div id=\"Info-box-wrap-8466\" class=\"aio-icon-box top-icon\" style=\"\"  ><div class=\"aio-icon-top\"><div class=\"ult-item-wrap\" data-animation=\"animated no-animation\"><div class=\"ult-just-icon-wrapper\"><div class=\"align-icon\" style=\"text-align:center;\">\n<div class=\"aio-icon none\"  style=\"color:#00475f;font-size:64px;display:inline-block;\">\n\t<i class=\"Defaults-question\"><\/i>\n<\/div><\/div><\/div><\/div><\/div><div class=\"aio-icon-header\" ><h3 class=\"aio-icon-title ult-responsive\"  data-ultimate-target='#Info-box-wrap-8466 .aio-icon-title'  data-responsive-json-new='{\"font-size\":\"\",\"line-height\":\"\"}'  style=\"\">Asesores<\/h3><\/div> <!-- header --><\/div> <!-- aio-icon-box --><\/a><\/div> <!-- aio-icon-component --><\/div><div class=\"ult-item-wrap\" data-animation=\"animated no-animation\"><div class=\"aio-icon-component    style_1\"><a class=\"aio-icon-box-link\" href=\"https:\/\/www.cbsinvestorconnection.com\/Organization\/eb5d699a-fd87-4d97-a54a-777cdaa14d11\" target=\"_blank\" rel=\"noopener\" ><div id=\"Info-box-wrap-9018\" class=\"aio-icon-box top-icon\" style=\"\"  ><div class=\"aio-icon-top\"><div class=\"ult-item-wrap\" data-animation=\"animated no-animation\"><div class=\"ult-just-icon-wrapper\"><div class=\"align-icon\" style=\"text-align:center;\">\n<div class=\"aio-icon none\"  style=\"color:#00475f;font-size:64px;display:inline-block;\">\n\t<i class=\"Defaults-calculator\"><\/i>\n<\/div><\/div><\/div><\/div><\/div><div class=\"aio-icon-header\" ><h3 class=\"aio-icon-title ult-responsive\"  data-ultimate-target='#Info-box-wrap-9018 .aio-icon-title'  data-responsive-json-new='{\"font-size\":\"\",\"line-height\":\"\"}'  style=\"\">Calculadoras<\/h3><\/div> <!-- header --><\/div> <!-- aio-icon-box --><\/a><\/div> <!-- aio-icon-component --><\/div><div class=\"ult-item-wrap\" data-animation=\"animated no-animation\"><div class=\"aio-icon-component    style_1\"><a class=\"aio-icon-box-link\" href=\"https:\/\/www.cbsinvestorconnection.com\/Organization\/d24f60a5-c821-4d1a-84f0-cd76cc9bfad5\" target=\"_blank\" rel=\"noopener\" ><div id=\"Info-box-wrap-8125\" class=\"aio-icon-box top-icon\" style=\"\"  ><div class=\"aio-icon-top\"><div class=\"ult-item-wrap\" data-animation=\"animated no-animation\"><div class=\"ult-just-icon-wrapper\"><div class=\"align-icon\" style=\"text-align:center;\">\n<div class=\"aio-icon none\"  style=\"color:#00475f;font-size:64px;display:inline-block;\">\n\t<i class=\"Defaults-bank institution university\"><\/i>\n<\/div><\/div><\/div><\/div><\/div><div class=\"aio-icon-header\" ><h3 class=\"aio-icon-title ult-responsive\"  data-ultimate-target='#Info-box-wrap-8125 .aio-icon-title'  data-responsive-json-new='{\"font-size\":\"\",\"line-height\":\"\"}'  style=\"\">Soluciones financieras<\/h3><\/div> <!-- header --><\/div> <!-- aio-icon-box --><\/a><\/div> <!-- aio-icon-component --><\/div><\/div><\/div>\t\t\t<script type=\"text\/javascript\">\r\n\t\t\t\tjQuery(document).ready(function ($) {\r\n\t\t\t\t\tif( typeof jQuery('.ult-carousel-391603026269d990b555b14').slick == \"function\"){\r\n\t\t\t\t\t\t$('.ult-carousel-391603026269d990b555b14').slick({dots: true,autoplay: true,autoplaySpeed: \"5000\",speed: \"300\",infinite: true,arrows: true,nextArrow: '<button type=\"button\" role=\"button\" aria-label=\"Next\" style=\"color:#00475f; font-size:20px;\" class=\"slick-next default\"><i class=\"ultsl-arrow-right4\"><\/i><\/button>',prevArrow: '<button type=\"button\" role=\"button\" aria-label=\"Previous\" style=\"color:#00475f; font-size:20px;\" class=\"slick-prev default\"><i class=\"ultsl-arrow-left4\"><\/i><\/button>',slidesToScroll:4,slidesToShow:4,swipe: true,draggable: true,touchMove: true,pauseOnHover: true,pauseOnFocus: false,responsive: [\r\n\t\t\t\t\t\t\t{\r\n\t\t\t\t\t\t\t  breakpoint: 1026,\r\n\t\t\t\t\t\t\t  settings: {\r\n\t\t\t\t\t\t\t\tslidesToShow: 4,\r\n\t\t\t\t\t\t\t\tslidesToScroll: 4,  \r\n\t\t\t\t\t\t\t  }\r\n\t\t\t\t\t\t\t},\r\n\t\t\t\t\t\t\t{\r\n\t\t\t\t\t\t\t  breakpoint: 1025,\r\n\t\t\t\t\t\t\t  settings: {\r\n\t\t\t\t\t\t\t\tslidesToShow: 3,\r\n\t\t\t\t\t\t\t\tslidesToScroll: 3\r\n\t\t\t\t\t\t\t  }\r\n\t\t\t\t\t\t\t},\r\n\t\t\t\t\t\t\t{\r\n\t\t\t\t\t\t\t  breakpoint: 760,\r\n\t\t\t\t\t\t\t  settings: {\r\n\t\t\t\t\t\t\t\tslidesToShow: 1,\r\n\t\t\t\t\t\t\t\tslidesToScroll: 1\r\n\t\t\t\t\t\t\t  }\r\n\t\t\t\t\t\t\t}\r\n\t\t\t\t\t\t],pauseOnDotsHover: true,customPaging: function(slider, i) {\r\n                   return '<i type=\"button\" style= \"color:#eaaf00;\" class=\"ultsl-record\" data-role=\"none\"><\/i>';\r\n                },});\r\n\t\t\t\t\t}\r\n\t\t\t\t});\r\n\t\t\t<\/script>\r\n\t\t\t<div class=\"aio-icon-component  vc_custom_1707856882518   style_1\"><div id=\"Info-box-wrap-6698\" class=\"aio-icon-box default-icon\" style=\"\"  ><div class=\"aio-icon-header\" ><h3 class=\"aio-icon-title ult-responsive\"  data-ultimate-target='#Info-box-wrap-6698 .aio-icon-title'  data-responsive-json-new='{\"font-size\":\"desktop:25px;\",\"line-height\":\"\"}'  style=\"color:#031c32;\">Para obtener m\u00e1s informaci\u00f3n, comun\u00edquese con el Centro de Inversiones al (954) 714-4497.<\/h3><\/div> <!-- header --><\/div> <!-- aio-icon-box --><\/div> <!-- aio-icon-component --><\/div><\/div><\/div><\/div><\/div><script id=\"script-row-unique-3\" data-row=\"script-row-unique-3\" type=\"text\/javascript\" class=\"vc_controls\">UNCODE.initRow(document.getElementById(\"row-unique-3\"));<\/script><\/div><\/div><\/div><div data-parent=\"true\" class=\"vc_row style-color-xsdn-bg vc_custom_1511290271611 row-container onepage-section\" data-label=\"features\" data-name=\"features\" style=\"padding-top: 20px ;\" id=\"row-unique-4\"><div class=\"row limit-width row-parent\"><div class=\"wpb_row row-inner\"><div class=\"wpb_column pos-top pos-center align_left column_parent col-lg-6 single-internal-gutter\"><div class=\"uncol style-light\"  ><div class=\"uncoltable\"><div class=\"uncell no-block-padding\" ><div class=\"uncont\" ><div class=\"uavc-list-icon uavc-list-icon-wrapper ult-adjust-bottom-margin\"><ul class=\"uavc-list\"><li><div class=\"uavc-list-content\" id=\"list-icon-wrap-4648\">\n<div class=\"uavc-list-icon\" data-animation=\"\" data-animation-delay=\"03\" style=\"margin-right:5px;\"><div class=\"ult-just-icon-wrapper\"><div class=\"align-icon\" style=\"text-align:center;\">\n<div class=\"aio-icon none\"  style=\"color:#031c32;font-size:20px;display:inline-block;\">\n\t<i class=\"Defaults-circle-thin genderless\"><\/i>\n<\/div><\/div><\/div>\n<\/div><span  data-ultimate-target='#list-icon-wrap-4648 .uavc-list-desc'  data-responsive-json-new='{\"font-size\":\"\",\"line-height\":\"\"}'  class=\"uavc-list-desc ult-responsive\" style=\"\"><span style=\"color: #000000;\">Jubilaci\u00f3n<\/span><\/span><\/div><\/li><li><div class=\"uavc-list-content\" id=\"list-icon-wrap-4177\">\n<div class=\"uavc-list-icon\" data-animation=\"\" data-animation-delay=\"03\" style=\"margin-right:5px;\"><div class=\"ult-just-icon-wrapper\"><div class=\"align-icon\" style=\"text-align:center;\">\n<div class=\"aio-icon none\"  style=\"color:#031c32;font-size:20px;display:inline-block;\">\n\t<i class=\"Defaults-circle-thin genderless\"><\/i>\n<\/div><\/div><\/div>\n<\/div><span  data-ultimate-target='#list-icon-wrap-4177 .uavc-list-desc'  data-responsive-json-new='{\"font-size\":\"\",\"line-height\":\"\"}'  class=\"uavc-list-desc ult-responsive\" style=\"\"><span style=\"color: #000000;\">GOTA<\/span><\/span><\/div><\/li><li><div class=\"uavc-list-content\" id=\"list-icon-wrap-4895\">\n<div class=\"uavc-list-icon\" data-animation=\"\" data-animation-delay=\"03\" style=\"margin-right:5px;\"><div class=\"ult-just-icon-wrapper\"><div class=\"align-icon\" style=\"text-align:center;\">\n<div class=\"aio-icon none\"  style=\"color:#031c32;font-size:20px;display:inline-block;\">\n\t<i class=\"Defaults-circle-thin genderless\"><\/i>\n<\/div><\/div><\/div>\n<\/div><span  data-ultimate-target='#list-icon-wrap-4895 .uavc-list-desc'  data-responsive-json-new='{\"font-size\":\"\",\"line-height\":\"\"}'  class=\"uavc-list-desc ult-responsive\" style=\"\"><span style=\"color: #000000;\">Opciones de inversi\u00f3n<\/span><\/span><\/div><\/li><\/ul><\/div><\/div><\/div><\/div><\/div><\/div><div class=\"wpb_column pos-top pos-center align_left column_parent col-lg-6 single-internal-gutter\"><div class=\"uncol style-light\"  ><div class=\"uncoltable\"><div class=\"uncell no-block-padding\" ><div class=\"uncont\" ><div class=\"uavc-list-icon uavc-list-icon-wrapper ult-adjust-bottom-margin\"><ul class=\"uavc-list\"><li><div class=\"uavc-list-content\" id=\"list-icon-wrap-7236\">\n<div class=\"uavc-list-icon\" data-animation=\"\" data-animation-delay=\"03\" style=\"margin-right:5px;\"><div class=\"ult-just-icon-wrapper\"><div class=\"align-icon\" style=\"text-align:center;\">\n<div class=\"aio-icon none\"  style=\"color:#031c32;font-size:20px;display:inline-block;\">\n\t<i class=\"Defaults-circle-thin genderless\"><\/i>\n<\/div><\/div><\/div>\n<\/div><span  data-ultimate-target='#list-icon-wrap-7236 .uavc-list-desc'  data-responsive-json-new='{\"font-size\":\"\",\"line-height\":\"\"}'  class=\"uavc-list-desc ult-responsive\" style=\"\"><span style=\"color: #000000;\">Opciones de seguro<\/span><\/span><\/div><\/li><li><div class=\"uavc-list-content\" id=\"list-icon-wrap-4449\">\n<div class=\"uavc-list-icon\" data-animation=\"\" data-animation-delay=\"03\" style=\"margin-right:5px;\"><div class=\"ult-just-icon-wrapper\"><div class=\"align-icon\" style=\"text-align:center;\">\n<div class=\"aio-icon none\"  style=\"color:#031c32;font-size:20px;display:inline-block;\">\n\t<i class=\"Defaults-circle-thin genderless\"><\/i>\n<\/div><\/div><\/div>\n<\/div><span  data-ultimate-target='#list-icon-wrap-4449 .uavc-list-desc'  data-responsive-json-new='{\"font-size\":\"\",\"line-height\":\"\"}'  class=\"uavc-list-desc ult-responsive\" style=\"\"><span style=\"color: #000000;\">Opciones patrimoniales (en conjunto con su abogado)<\/span><\/span><\/div><\/li><li><div class=\"uavc-list-content\" id=\"list-icon-wrap-5639\">\n<div class=\"uavc-list-icon\" data-animation=\"\" data-animation-delay=\"03\" style=\"margin-right:5px;\"><div class=\"ult-just-icon-wrapper\"><div class=\"align-icon\" style=\"text-align:center;\">\n<div class=\"aio-icon none\"  style=\"color:#031c32;font-size:20px;display:inline-block;\">\n\t<i class=\"Defaults-circle-thin genderless\"><\/i>\n<\/div><\/div><\/div>\n<\/div><span  data-ultimate-target='#list-icon-wrap-5639 .uavc-list-desc'  data-responsive-json-new='{\"font-size\":\"\",\"line-height\":\"\"}'  class=\"uavc-list-desc ult-responsive\" style=\"\"><span style=\"color: #000000;\">Inversi\u00f3n fiscalmente eficiente<\/span><\/span><\/div><\/li><\/ul><\/div><\/div><\/div><\/div><\/div><\/div><script id=\"script-row-unique-4\" data-row=\"script-row-unique-4\" type=\"text\/javascript\" class=\"vc_controls\">UNCODE.initRow(document.getElementById(\"row-unique-4\"));<\/script><\/div><\/div><\/div><div data-parent=\"true\" class=\"vc_row style-color-lxmt-bg row-container\" id=\"row-unique-5\"><div class=\"row col-half-gutter limit-width row-parent\"><div class=\"wpb_row row-inner\"><div class=\"wpb_column pos-top pos-center align_left column_parent col-lg-12 single-internal-gutter\"><div class=\"uncol style-light\"  ><div class=\"uncoltable\"><div class=\"uncell no-block-padding\" ><div class=\"uncont\" ><div class=\"uncode_text_column vc_custom_1657567053233\"  style=\"padding-bottom: 30px ;\"><\/p>\n<p style=\"text-align: left; font-size: 16px;\"><span style=\"color: #000000;\">*<strong>Los servicios de valores y asesoramiento se ofrecen a trav\u00e9s de LPL Financial (LPL), un asesor de inversiones y corredor de bolsa registrado (miembro). <a href=\"https:\/\/finra.org\" target=\"_blank\" rel=\"noopener\"><u>FINRA<\/u><\/a>\/<a href=\"https:\/\/sipc.org\" target=\"_blank\" rel=\"noopener\"><u>SIPC<\/u><\/a>).<\/strong> Los productos de seguros se ofrecen a trav\u00e9s de LPL o sus filiales autorizadas. BrightStar Credit Union <strong><u>no lo son<\/u><\/strong> LPL est\u00e1 registrada como agente de bolsa o asesor de inversiones. Sus representantes registrados ofrecen productos y servicios a trav\u00e9s de BrightStar Investment Services y tambi\u00e9n pueden ser empleados de la cooperativa de cr\u00e9dito BrightStar Credit Union. Estos productos y servicios se ofrecen a trav\u00e9s de LPL o sus filiales, entidades independientes de BrightStar Investment Services y sin relaci\u00f3n alguna con ella. Los valores y seguros ofrecidos a trav\u00e9s de LPL o sus filiales son:<\/span><\/p>\n<p>\n<\/div><div class=\"uncode_text_column\" ><\/p>\n<table class=\"aligncenter\">\n<tbody>\n<tr>\n<td style=\"text-align: center;\"><strong><span style=\"color: #000000;\">No asegurado por la NCUA ni por ninguna otra agencia gubernamental<\/span><\/strong><\/td>\n<td style=\"text-align: center;\"><strong><span style=\"color: #000000;\">No es una cooperativa de cr\u00e9dito<\/span><\/strong><br \/>\n<strong><span style=\"color: #000000;\">Garantizado<\/span><\/strong><\/td>\n<td style=\"text-align: center;\"><strong><span style=\"color: #000000;\">No son dep\u00f3sitos ni obligaciones de la cooperativa de cr\u00e9dito.<\/span><\/strong><\/td>\n<td style=\"text-align: center;\"><strong><span style=\"color: #000000;\">Puede perder valor<\/span><\/strong><\/td>\n<\/tr>\n<\/tbody>\n<\/table>\n<p>\n<\/div><div class=\"uncode_text_column vc_custom_1655410831945\"  style=\"padding-bottom: 30px ;\"><\/p>\n<p style=\"text-align: left; font-size: 16px;\"><span style=\"color: #000000;\">Los representantes registrados est\u00e1n autorizados para operar en el mercado de valores y cuentan con licencia para operar en el mercado de seguros en determinados estados. La respuesta o el contacto con residentes de otros estados se realizar\u00e1 \u00fanicamente tras el cumplimiento de los requisitos de licencia y registro aplicables. La informaci\u00f3n de este sitio web est\u00e1 dirigida exclusivamente a residentes de EE. UU. y no constituye una oferta de venta ni una solicitud de compra de servicios de corretaje a personas fuera de los Estados Unidos.<\/span><\/p>\n<p>\n<\/div><\/div><\/div><\/div><\/div><\/div><script id=\"script-row-unique-5\" data-row=\"script-row-unique-5\" type=\"text\/javascript\" class=\"vc_controls\">UNCODE.initRow(document.getElementById(\"row-unique-5\"));<\/script><\/div><\/div><\/div>","protected":false},"excerpt":{"rendered":"Investment Services It\u2019s Never Too Early to Invest for a Brighter Tomorrow The BrightStar Investment Services program is offered through [...]","protected":false},"author":8,"featured_media":0,"parent":0,"menu_order":0,"comment_status":"closed","ping_status":"closed","template":"","meta":{"footnotes":""},"class_list":["post-6665","page","type-page","status-publish","hentry"],"_links":{"self":[{"href":"https:\/\/demo2.mybscu.org\/es\/wp-json\/wp\/v2\/pages\/6665","targetHints":{"allow":["GET"]}}],"collection":[{"href":"https:\/\/demo2.mybscu.org\/es\/wp-json\/wp\/v2\/pages"}],"about":[{"href":"https:\/\/demo2.mybscu.org\/es\/wp-json\/wp\/v2\/types\/page"}],"author":[{"embeddable":true,"href":"https:\/\/demo2.mybscu.org\/es\/wp-json\/wp\/v2\/users\/8"}],"replies":[{"embeddable":true,"href":"https:\/\/demo2.mybscu.org\/es\/wp-json\/wp\/v2\/comments?post=6665"}],"version-history":[{"count":2,"href":"https:\/\/demo2.mybscu.org\/es\/wp-json\/wp\/v2\/pages\/6665\/revisions"}],"predecessor-version":[{"id":15698,"href":"https:\/\/demo2.mybscu.org\/es\/wp-json\/wp\/v2\/pages\/6665\/revisions\/15698"}],"wp:attachment":[{"href":"https:\/\/demo2.mybscu.org\/es\/wp-json\/wp\/v2\/media?parent=6665"}],"curies":[{"name":"wp","href":"https:\/\/api.w.org\/{rel}","templated":true}]}}