{"id":673,"date":"2016-09-14T20:06:17","date_gmt":"2016-09-14T20:06:17","guid":{"rendered":"http:\/\/192.185.79.221\/~bscu\/?page_id=673"},"modified":"2018-03-02T16:38:13","modified_gmt":"2018-03-02T16:38:13","slug":"cosmo","status":"publish","type":"page","link":"https:\/\/demo2.mybscu.org\/es\/cosmo\/","title":{"rendered":"Club de ni\u00f1os Cosmos"},"content":{"rendered":"<div data-parent=\"true\" class=\"vc_row vc_custom_1473883642375 limit-width row-container\" style=\"padding-bottom: 50px ;\" id=\"row-unique-0\"><div class=\"row row-parent\"><div class=\"wpb_row row-inner\"><div class=\"wpb_column pos-top pos-center align_left column_parent col-lg-12 single-internal-gutter\"><div class=\"uncol style-light\"  ><div class=\"uncoltable\"><div class=\"uncell no-block-padding\" ><div class=\"uncont\" ><div class=\"uncode_text_column\" ><\/div><div class=\"vc_row vc_custom_1473881033871 row-internal row-container\" style=\"padding-right: 50px ;padding-left: 50px ;\"><div class=\"row row-child\"><div class=\"wpb_row row-inner\"><div class=\"wpb_column pos-top pos-right align_left column_child col-lg-8 single-internal-gutter\"><div class=\"uncol style-light\" ><div class=\"uncoltable\"><div class=\"uncell no-block-padding\" ><div class=\"uncont\" ><div class=\"uncode_text_column\" ><\/p>\n<p><img decoding=\"async\" style=\"width: 100%; max-width: 520px; margin-top: 50px; display: inline; vertical-align: top;\" src=\"https:\/\/demo2.mybscu.org\/wp-content\/uploads\/2016\/07\/kids-corner.png\" \/><\/p>\n<h1 style=\"color: #fff;\">\u00a1Hola chicos! Soy Cosmo,<br \/>\n\u00a1S\u00faper h\u00e9roe ahorrador!<\/h1>\n<h5 style=\"color: #fff;\">Soy de la ICUS (Asociaci\u00f3n Intergal\u00e1ctica de Cooperativas de Cr\u00e9dito) y me he aliado con BrightStar Credit Union para ayudarte a empezar a ahorrar. Te invitamos a formar parte del Club Infantil de Cosmo para j\u00f3venes ahorradores de hasta 12 a\u00f1os.<\/h5>\n<p>\n<\/div><\/div><\/div><\/div><\/div><\/div><div class=\"wpb_column pos-bottom pos-center align_left column_child col-lg-4 single-internal-gutter\"><div class=\"uncol style-light\" ><div class=\"uncoltable\"><div class=\"uncell no-block-padding\" ><div class=\"uncont\" ><div class=\"uncode_text_column\" ><p><img decoding=\"async\" style=\"width: 100%; max-width: 300px; display: inline; vertical-align: top;\" src=\"https:\/\/demo2.mybscu.org\/wp-content\/uploads\/2016\/07\/cosmos-mascot-large.png\" \/><\/p>\n<\/div><\/div><\/div><\/div><\/div><\/div><\/div><\/div><\/div><div class=\"vc_row row-internal row-container\"><div class=\"row row-child\"><div class=\"wpb_row row-inner\"><div class=\"wpb_column pos-top pos-center align_left column_child col-lg-8 single-internal-gutter\"><div class=\"uncol style-light\" ><div class=\"uncoltable\"><div class=\"uncell no-block-padding\" ><div class=\"uncont\" ><div class=\"uncode_text_column\" ><\/p>\n<h2 style=\"color: #fff;\">\u00a1Unirse al Club Infantil de Cosmo es muy f\u00e1cil!<\/h2>\n<p style=\"color: #fff;\">Si ya eres socio de BrightStar CU y tienes menos de 13 a\u00f1os, te inscribes autom\u00e1ticamente en el Club Infantil de Cosmo. Solo tienes que recoger una Tarjeta Super Saver en tu sucursal de BrightStar Credit Union m\u00e1s cercana y empezar a ahorrar. Si a\u00fan no eres socio, visita una de nuestras sucursales para abrir una cuenta Super Savers de Cosmo. \u00a1Es GRATIS!<\/p>\n<p>\n<\/div><\/div><\/div><\/div><\/div><\/div><div class=\"wpb_column pos-top pos-center align_left column_child col-lg-4 single-internal-gutter\"><div class=\"uncol style-light\" ><div class=\"uncoltable\"><div class=\"uncell no-block-padding\" ><div class=\"uncont\" ><div class=\"uncode_text_column\" ><\/p>\n<h4 style=\"color: #fff; line-height: 42px;\">Cada vez que haces<\/h4>\n<p style=\"color: #fff;\">Con un dep\u00f3sito de $2.00 o m\u00e1s, obtendr\u00e1s un sello en tu Tarjeta Super Saver. \u00a1Acumula cinco sellos y canjea tu tarjeta por los premios que elijas en la caja de tesoros de Cosmo!<\/p>\n<p>\n<\/div><\/div><\/div><\/div><\/div><\/div><\/div><\/div><\/div><div class=\"uncode_text_column\" ><\/p>\n<h2 style=\"text-align: center; color: #fff;\">Actividades divertidas<\/h2>\n<h4 style=\"text-align: center; color: #fff;\">\u00a1Elige uno!<\/h4>\n<p>\n<\/div><div class=\"vc_row row-internal row-container\"><div class=\"row row-child\"><div class=\"wpb_row row-inner\"><div class=\"wpb_column pos-top pos-center align_left column_child col-lg-3 single-internal-gutter\"><div class=\"uncol style-light\" ><div class=\"uncoltable\"><div class=\"uncell no-block-padding\" ><div class=\"uncont\" ><span class=\"btn-container btn-block\" ><a href=\"http:\/\/www.quia.com\/jw\/138618.html\" class=\"custom-link btn border-width-0 btn-color-310791 btn-block btn-icon-left\" target=\"_blank\">Cosmo&#8217;s Word Jumble<\/a><\/span><\/div><\/div><\/div><\/div><\/div><div class=\"wpb_column pos-top pos-center align_left column_child col-lg-3 single-internal-gutter\"><div class=\"uncol style-light\" ><div class=\"uncoltable\"><div class=\"uncell no-block-padding\" ><div class=\"uncont\" ><span class=\"btn-container btn-block\" ><a href=\"http:\/\/www.quia.com\/cb\/172099.html\" class=\"custom-link btn border-width-0 btn-color-310791 btn-block btn-icon-left\" target=\"_blank\">Juego de mesa de desaf\u00edo<\/a><\/span><\/div><\/div><\/div><\/div><\/div><div class=\"wpb_column pos-top pos-center align_left column_child col-lg-3 single-internal-gutter\"><div class=\"uncol style-light\" ><div class=\"uncoltable\"><div class=\"uncell no-block-padding\" ><div class=\"uncont\" ><span class=\"btn-container btn-block\" ><a href=\"https:\/\/demo2.mybscu.org\/wp-content\/uploads\/2016\/07\/COSMO_goalchart.pdf\" class=\"custom-link btn border-width-0 btn-color-310791 btn-block btn-icon-left\" target=\"_blank\">Cosmo&#8217;s Goal Chart<\/a><\/span><\/div><\/div><\/div><\/div><\/div><div class=\"wpb_column pos-top pos-center align_left column_child col-lg-3 single-internal-gutter\"><div class=\"uncol style-light\" ><div class=\"uncoltable\"><div class=\"uncell no-block-padding\" ><div class=\"uncont\" ><span class=\"btn-container btn-block\" ><a href=\"https:\/\/demo2.mybscu.org\/wp-content\/uploads\/2016\/07\/oribit1008.pdf\" class=\"custom-link btn border-width-0 btn-color-310791 btn-block btn-icon-left\" target=\"_blank\">El bolet\u00edn informativo de Orbiter<\/a><\/span><\/div><\/div><\/div><\/div><\/div><\/div><\/div><\/div><\/div><\/div><\/div><\/div><\/div><script id=\"script-row-unique-0\" data-row=\"script-row-unique-0\" type=\"text\/javascript\" class=\"vc_controls\">UNCODE.initRow(document.getElementById(\"row-unique-0\"));<\/script><\/div><\/div><\/div>","protected":false},"excerpt":{"rendered":"Hey kids! I&#8217;m Cosmo, Super Saver Hero! I am from the ICUS (Intergalactic Credit Union Association) and I am teaming [...]","protected":false},"author":8,"featured_media":0,"parent":0,"menu_order":15,"comment_status":"closed","ping_status":"closed","template":"","meta":{"footnotes":""},"class_list":["post-673","page","type-page","status-publish","hentry"],"_links":{"self":[{"href":"https:\/\/demo2.mybscu.org\/es\/wp-json\/wp\/v2\/pages\/673","targetHints":{"allow":["GET"]}}],"collection":[{"href":"https:\/\/demo2.mybscu.org\/es\/wp-json\/wp\/v2\/pages"}],"about":[{"href":"https:\/\/demo2.mybscu.org\/es\/wp-json\/wp\/v2\/types\/page"}],"author":[{"embeddable":true,"href":"https:\/\/demo2.mybscu.org\/es\/wp-json\/wp\/v2\/users\/8"}],"replies":[{"embeddable":true,"href":"https:\/\/demo2.mybscu.org\/es\/wp-json\/wp\/v2\/comments?post=673"}],"version-history":[{"count":0,"href":"https:\/\/demo2.mybscu.org\/es\/wp-json\/wp\/v2\/pages\/673\/revisions"}],"wp:attachment":[{"href":"https:\/\/demo2.mybscu.org\/es\/wp-json\/wp\/v2\/media?parent=673"}],"curies":[{"name":"wp","href":"https:\/\/api.w.org\/{rel}","templated":true}]}}