{"id":6754,"date":"2019-01-16T09:02:03","date_gmt":"2019-01-16T14:02:03","guid":{"rendered":"https:\/\/demo2.mybscu.org\/?page_id=6754"},"modified":"2025-03-03T07:26:54","modified_gmt":"2025-03-03T12:26:54","slug":"bgap","status":"publish","type":"page","link":"https:\/\/demo2.mybscu.org\/es\/bgap\/","title":{"rendered":"Seguro de protecci\u00f3n de autom\u00f3vil garantizado para empresas"},"content":{"rendered":"<section data-parent=\"true\" class=\"vc_section row-container\" id=\"section-unique-0\"><div class=\"row-background background-element\">\n\t\t\t\t\t\t\t\t\t\t\t<div class=\"background-wrapper\">\n\t\t\t\t\t\t\t\t\t\t\t\t<div class=\"background-inner\" style=\"background-image: url(https:\/\/demo2.mybscu.org\/wp-content\/uploads\/2019\/01\/bgap-bg.jpg);background-repeat: no-repeat;background-position: center top;background-attachment: scroll;background-size: cover;\"><\/div>\n\t\t\t\t\t\t\t\t\t\t\t\t<div class=\"block-bg-overlay style-color-nhtu-bg\" style=\"opacity: 0.35;\"><\/div>\n\t\t\t\t\t\t\t\t\t\t\t<\/div>\n\t\t\t\t\t\t\t\t\t\t<\/div><div class=\"row no-top-padding no-bottom-padding no-h-padding full-width row-parent\"><div data-parent=\"true\" class=\"vc_row row-container\" id=\"row-unique-0\"><div class=\"row unequal limit-width row-parent\" data-height-ratio=\"40\" data-minheight=\"300\"><div class=\"wpb_row row-inner\"><div class=\"wpb_column pos-middle pos-center align_center align_center_mobile column_parent col-lg-12 no-internal-gutter\"><div class=\"uncol style-light\"  ><div class=\"uncoltable\"><div class=\"uncell no-block-padding\" ><div class=\"uncont\" ><div id=\"ultimate-heading-274869d9a5344bbe3\" class=\"uvc-heading ult-adjust-bottom-margin ultimate-heading-274869d9a5344bbe3 uvc-3132\" data-hspacer=\"no_spacer\"  data-halign=\"center\" style=\"text-align:center\"><div class=\"uvc-heading-spacer no_spacer\" style=\"top\"><\/div><div class=\"uvc-main-heading ult-responsive\"  data-ultimate-target='.uvc-heading.ultimate-heading-274869d9a5344bbe3 h1'  data-responsive-json-new='{\"font-size\":\"\",\"line-height\":\"\"}' ><h1 style=\"font-weight:normal;color:#ffffff;\">Seguro GAP para empresas<\/h1><\/div><div class=\"uvc-sub-heading ult-responsive\"  data-ultimate-target='.uvc-heading.ultimate-heading-274869d9a5344bbe3 .uvc-sub-heading '  data-responsive-json-new='{\"font-size\":\"desktop:24px;\",\"line-height\":\"\"}'  style=\"font-weight:normal;color:#ffffff;\"><\/p>\n<p style=\"text-align: center;\"><span style=\"color: #ffffff;\">Financiamiento GAP gratuito para pr\u00e9stamos de autom\u00f3viles comerciales<\/span><\/p>\n<p><\/div><\/div><div class=\"ult-spacer spacer-69d9a5344bc2a\" data-id=\"69d9a5344bc2a\" data-height=\"10\" data-height-mobile=\"10\" data-height-tab=\"10\" data-height-tab-portrait=\"\" data-height-mobile-landscape=\"\" style=\"clear:both;display:block;\"><\/div><span class=\"btn-container\" ><a href=\"#req-info\" class=\"custom-link btn border-width-0 reqform btn-accent btn-round btn-shadow btn-icon-left\">Obt\u00e9n GAP gratis*<\/a><\/span><\/div><\/div><\/div><\/div><\/div><script id=\"script-row-unique-0\" data-row=\"script-row-unique-0\" type=\"text\/javascript\" class=\"vc_controls\">UNCODE.initRow(document.getElementById(\"row-unique-0\"));<\/script><\/div><\/div><\/div><script id=\"script-section-unique-0\" data-section=\"script-section-unique-0\" type=\"text\/javascript\">UNCODE.initSection(document.getElementById(\"section-unique-0\"));<\/script><\/div><\/section><div data-parent=\"true\" class=\"vc_row style-color-lxmt-bg row-container\" id=\"row-unique-1\"><div class=\"row limit-width row-parent\"><div class=\"wpb_row row-inner\"><div class=\"wpb_column pos-middle pos-center align_left column_parent col-lg-12 single-internal-gutter\"><div class=\"uncol style-light\"  ><div class=\"uncoltable\"><div class=\"uncell no-block-padding\" ><div class=\"uncont\" ><div class=\"aio-icon-component  vc_custom_1547647623050   style_1\"><div id=\"Info-box-wrap-7233\" class=\"aio-icon-box default-icon\" style=\"\"  ><div class=\"aio-icon-default\"><div class=\"ult-just-icon-wrapper\"><div class=\"align-icon\" style=\"text-align:center;\">\n<div class=\"aio-icon none\" data-animation=\"slideInLeft\" data-animation-delay=\"03\" style=\"color:#00475f;font-size:64px;display:inline-block;\">\n\t<i class=\"Defaults-automobile car\"><\/i>\n<\/div><\/div><\/div><\/div><div class=\"aio-icon-header\" ><h3 class=\"aio-icon-title ult-responsive\"  data-ultimate-target='#Info-box-wrap-7233 .aio-icon-title'  data-responsive-json-new='{\"font-size\":\"desktop:18px;\",\"line-height\":\"\"}'  style=\"color:#031c32;\">El seguro GAP para empresas es una cobertura de bajo costo que paga la diferencia, potencialmente elevada, entre la indemnizaci\u00f3n del seguro y el saldo pendiente del pr\u00e9stamo.<\/h3><\/div> <!-- header --><\/div> <!-- aio-icon-box --><\/div> <!-- aio-icon-component --><\/div><\/div><\/div><\/div><\/div><script id=\"script-row-unique-1\" data-row=\"script-row-unique-1\" type=\"text\/javascript\" class=\"vc_controls\">UNCODE.initRow(document.getElementById(\"row-unique-1\"));<\/script><\/div><\/div><\/div><div data-parent=\"true\" class=\"vc_row style-color-gyho-bg vc_custom_1497555427705 row-container onepage-section\" data-label=\"features\" data-name=\"features\" style=\"padding-top: 20px ;\" id=\"row-unique-2\"><div class=\"row limit-width row-parent\"><div class=\"wpb_row row-inner\"><div class=\"wpb_column pos-top pos-center align_left column_parent col-lg-12 single-internal-gutter\"><div class=\"uncol style-light\"  ><div class=\"uncoltable\"><div class=\"uncell  vc_custom_1505763455884 no-block-padding\" style=\"padding-bottom: 15px ;\" ><div class=\"uncont\" ><div id=\"ultimate-heading-92269d9a5344ea3b\" class=\"uvc-heading ult-adjust-bottom-margin ultimate-heading-92269d9a5344ea3b uvc-5228\" data-hspacer=\"no_spacer\"  data-halign=\"center\" style=\"text-align:center\"><div class=\"uvc-heading-spacer no_spacer\" style=\"top\"><\/div><div class=\"uvc-main-heading ult-responsive\"  data-ultimate-target='.uvc-heading.ultimate-heading-92269d9a5344ea3b h2'  data-responsive-json-new='{\"font-size\":\"\",\"line-height\":\"\"}' ><h2 style=\"font-weight:normal;color:#000000;\">\u00bfC\u00f3mo funciona?<\/h2><\/div><div class=\"uvc-sub-heading ult-responsive\"  data-ultimate-target='.uvc-heading.ultimate-heading-92269d9a5344ea3b .uvc-sub-heading '  data-responsive-json-new='{\"font-size\":\"desktop:16px;\",\"line-height\":\"\"}'  style=\"font-weight:normal;color:#000000;\"><\/p>\n<p style=\"text-align: center;\"><span style=\"color: #000000;\">\u00a1Date prisa, la oferta termina pronto!<\/span><\/p>\n<p><\/div><\/div><div class=\"uavc-list-icon uavc-list-icon-wrapper ult-adjust-bottom-margin\"><ul class=\"uavc-list\"><li><div class=\"uavc-list-content\" id=\"list-icon-wrap-6659\">\n<div class=\"uavc-list-icon\" data-animation=\"\" data-animation-delay=\"03\" style=\"margin-right:5px;\"><div class=\"ult-just-icon-wrapper\"><div class=\"align-icon\" style=\"text-align:center;\">\n<div class=\"aio-icon none\"  style=\"color:#00475f;font-size:20px;display:inline-block;\">\n\t<i class=\"Defaults-circle-thin genderless\"><\/i>\n<\/div><\/div><\/div>\n<\/div><span  data-ultimate-target='#list-icon-wrap-6659 .uavc-list-desc'  data-responsive-json-new='{\"font-size\":\"\",\"line-height\":\"\"}'  class=\"uavc-list-desc ult-responsive\" style=\"color:#000000;\"><strong>BRECHA<\/strong> helps borrowers avoid financial loss in the event their vehicle is totaled or stolen. Since<br \/>\ninsurance settlements are based on the car\u2019s actual cash value, they are often less than the loan<br \/>\nbalance, which creates a deficiency balance or \u201cgap\u201d that could jeopardize repayment. GAP waives<br \/>\nthe deficiency balance, saving the borrower and financial institution from a possible loan loss.<\/span><\/div><\/li><\/ul><\/div><\/div><\/div><\/div><\/div><\/div><script id=\"script-row-unique-2\" data-row=\"script-row-unique-2\" type=\"text\/javascript\" class=\"vc_controls\">UNCODE.initRow(document.getElementById(\"row-unique-2\"));<\/script><\/div><\/div><\/div><div data-parent=\"true\" class=\"vc_row style-color-xsdn-bg vc_custom_1541098225257 row-container onepage-section\" data-label=\"req-info\" data-name=\"req-info\" style=\"padding-bottom: 90px ;\" id=\"row-unique-3\"><div class=\"row col-half-gutter limit-width row-parent\"><div class=\"wpb_row row-inner\"><div class=\"wpb_column pos-top pos-center align_left column_parent col-lg-12 single-internal-gutter\"><div class=\"uncol style-light\"  ><div class=\"uncoltable\"><div class=\"uncell no-block-padding\" ><div class=\"uncont\" ><div id=\"modal-trg-txt-wrap-1831\" class=\"ult-modal-input-wrapper ult-adjust-bottom-margin\" data-keypress-control=\"keypress-control-enable\" data-overlay-control=\"overlay-control-enable\"><span data-class-id=\"content-69d9a5344fec63-97697769\"><\/span>\r\n\t\t\t\t<script type=\"text\/javascript\">\r\n\t\t\t\t(function($){\r\n\t\t\t\t\t$(document).ready(function(){\r\n\t\t\t\t\t\tvar selector = \".reqform\";\r\n\t\t\t\t\t\t$(selector).addClass(\"custom-ult-modal overlay-show-genie\");\r\n\t\t\t\t\t\t$(selector).attr(\"data-class-id\", \"content-69d9a5344fec63-97697769\");\r\n\t\t\t\t\t\t$(selector).attr(\"data-overlay-class\", \"overlay-show-genie\");\r\n\t\t\t\t\t\t$(selector).attr(\"data-keypress-control\", \"keypress-control-enable\");\r\n\t\t\t\t\t\t$(selector).attr(\"data-overlay-control\", \"overlay-control-enable\");\r\n\t\t\t\t\t});\r\n\t\t\t\t})(jQuery);\r\n\t\t\t\t<\/script><\/div>\n<div class=\"ult-overlay overlay-genie content-69d9a5344fec63-97697769\" style=\"display:none\" data-class=\"content-69d9a5344fec63-97697769\" data-steps=\"m 701.56545,809.01175 35.16718,0 0,19.68384 -35.16718,0 z;m 698.9986,728.03569 41.23353,0 -3.41953,77.8735 -34.98557,0 z;m 687.08153,513.78234 53.1506,0 C 738.0505,683.9161 737.86917,503.34193 737.27015,806 l -35.90067,0 c -7.82727,-276.34892 -2.06916,-72.79261 -14.28795,-292.21766 z;m 403.87105,257.94772 566.31246,2.93091 C 923.38284,513.78233 738.73561,372.23931 737.27015,806 l -35.90067,0 C 701.32034,404.49318 455.17312,480.07689 403.87105,257.94772 z;M 51.871052,165.94772 1362.1835,168.87863 C 1171.3828,653.78233 738.73561,372.23931 737.27015,806 l -35.90067,0 C 701.32034,404.49318 31.173122,513.78234 51.871052,165.94772 z;m 52,26 1364,4 c -12.8007,666.9037 -273.2644,483.78234 -322.7299,776 l -633.90062,0 C 359.32034,432.49318 -6.6979288,733.83462 52,26 z;m 0,0 1439.999975,0 0,805.99999 -1439.999975,0 z\">\n\t<svg xmlns=\"http:\/\/www.w3.org\/2000\/svg\" width=\"100%\" height=\"100%\" viewbox=\"0 0 1440 806\" preserveaspectratio=\"none\">\r\n\t\t\t\t\t\t\t<path class=\"overlay-path\" d=\"m 701.56545,809.01175 35.16718,0 0,19.68384 -35.16718,0 z\" style=\"fill:rgba(255,255,255,0.8);\"\/>\r\n\t\t\t\t\t\t<\/svg>\n\t<div class=\"ult_modal ult-fade ult-small\">\n\t<div class=\"ult-overlay-close popup-edge-top-right\" style=\"width:25px;height:25px; background-color: #eaaf00;border-radius: 50%;padding:10px;box-sizing: content-box; top:-22.5px;right:-22.5px;\"><div class=\"ult-overlay-close-inside\">Cerca<\/div><\/div>\n\t\t<div id=\"ult-modal-wrap-4044\" class=\"ult_modal-content ult-hide\" style=\"border-style:solid;border-width:2px;border-radius:20px;border-color:;\">\n\t\t\t<div class=\"ult_modal-header\" style=\"background:#00475f;color:#ffffff;border-color:;\">\n\t\t\t\t<h3  data-ultimate-target='#ult-modal-wrap-4044 .ult_modal-title'  data-responsive-json-new='{\"font-size\":\"\",\"line-height\":\"\"}'  class=\"ult_modal-title ult-responsive\">Solicitar informaci\u00f3n<\/h3>\n\t\t\t<\/div>\n\t\t\t<div  data-ultimate-target='#ult-modal-wrap-4044 .ult_modal-body'  data-responsive-json-new='{\"font-size\":\"\",\"line-height\":\"\"}'  class=\"ult_modal-body ult-responsive ult-html\" style=\"background:#eaeaea;\">\n\t\t\t<iframe style=\"width: 100%; height: 700px; border: 0 none; overflow-y: auto;\" src=\"https:\/\/demo2.mybscu.org\/forms\/eforms\/business-gap\/102\/\" width=\"100%\" height=\"700\" frameborder=\"0\">\u00a0<\/iframe>\n\t\t\t<\/div>\n\t<\/div>\n\t<\/div>\n<\/div><\/div><\/div><\/div><\/div><\/div><script id=\"script-row-unique-3\" data-row=\"script-row-unique-3\" type=\"text\/javascript\" class=\"vc_controls\">UNCODE.initRow(document.getElementById(\"row-unique-3\"));<\/script><\/div><\/div><\/div><div data-parent=\"true\" class=\"vc_row style-color-lxmt-bg vc_custom_1541097914834 row-container\" style=\"padding-bottom: 120px ;\" id=\"row-unique-4\"><div class=\"row col-half-gutter limit-width row-parent\"><div class=\"wpb_row row-inner\"><div class=\"wpb_column pos-top pos-center align_left column_parent col-lg-12 single-internal-gutter\"><div class=\"uncol style-light\"  ><div class=\"uncoltable\"><div class=\"uncell no-block-padding\" ><div class=\"uncont\" ><div id=\"ultimate-heading-866469d9a53451216\" class=\"uvc-heading ult-adjust-bottom-margin ultimate-heading-866469d9a53451216 uvc-8054\" data-hspacer=\"line_only\"  data-halign=\"center\" style=\"text-align:center\"><div class=\"uvc-main-heading ult-responsive\"  data-ultimate-target='.uvc-heading.ultimate-heading-866469d9a53451216 h3'  data-responsive-json-new='{\"font-size\":\"\",\"line-height\":\"\"}' ><h3 style=\"font-weight:normal;\">Productos relacionados<\/h3><\/div><div class=\"uvc-heading-spacer line_only\" style=\"topheight:3px;\"><span class=\"uvc-headings-line\" style=\"border-style:solid;border-bottom-width:3px;border-color:#031c32;width:100px;\"><\/span><\/div><\/div><div class=\"vc_row row-internal row-container\"><div class=\"row row-child\"><div class=\"wpb_row row-inner row-inner-force\"><div class=\"wpb_column pos-middle pos-center align_center column_child col-lg-6 single-internal-gutter\"><div class=\"uncol style-light\" ><div class=\"uncoltable\"><div class=\"uncell no-block-padding\" ><div class=\"uncont\" ><div id=\"ultib3-417623965169d9a53452a44\" class=\"ultb3-box ult-adjust-bottom-margin bb-cla\" style=\"\"><div class=\"ultb3-box-overlay\" style=\"background:rgba(0,71,95,0.8);\"><\/div><img decoding=\"async\" src=\"https:\/\/demo2.mybscu.org\/wp-content\/uploads\/2017\/06\/shutterstock_587659154.jpg\" style=\"\" class=\"ultb3-img ultb3-img-center\" alt=\"null\"\/><div id=\"Info-banner-wrap4138\" class=\"ultb3-info ib3-info-left\" data-animation=\"fadeIn\" data-animation-delay=\"03\"><div class=\"ultb3-title ult-responsive\"  data-ultimate-target='#Info-banner-wrap4138 .ultb3-title'  data-responsive-json-new='{\"font-size\":\"desktop:24px;\",\"line-height\":\"\"}'  style=\"font-weight:normal;color:#eaaf00;\">Solicitar un pr\u00e9stamo<\/div><div class=\"ultb3-desc ult-responsive\"  data-ultimate-target='#Info-banner-wrap4138 .ultb3-desc'  data-responsive-json-new='{\"font-size\":\"desktop:14px;\",\"line-height\":\"\"}'  style=\"font-weight:normal;color:#ffffff;\">Pr\u00e9stamos para todas las razones<\/div><a href=\"https:\/\/demo2.mybscu.org\/es\/loans\/\"  class=\"ultb3-btn ult-responsive\"  data-ultimate-target='#Info-banner-wrap4138 .ultb3-btn'  data-responsive-json-new='{\"font-size\":\"desktop:15px;\",\"line-height\":\"\"}'  style=\"font-weight:normal;\">Leer m\u00e1s<i class=\"Defaults-angle-right\"><\/i><\/a><\/div><\/div><style>\r\n\t\t\t\t\t#ultib3-417623965169d9a53452a44 {\r\n\t\t\t\t\t\tmin-height:350px;\r\n\t\t\t\t\t}\r\n\t\t\t\t\t#ultib3-417623965169d9a53452a44 img.ultb3-img {\r\n\t\t\t\t\t\theight: px;\r\n\t\t\t\t\t}\r\n\t\t\t\t\t#ultib3-417623965169d9a53452a44 .ultb3-btn {\r\n\t\t\t\t\t\tborder:2px solid #eaaf00;border-radius:50px;color:#ffffff;\r\n\t\t\t\t\t}\r\n\t\t\t\t\t#ultib3-417623965169d9a53452a44 .ultb3-btn:hover {\r\n\t\t\t\t\t\tbackground:#eaaf00;color:#ffffff;\r\n\t\t\t\t\t}\r\n\t\t\t\t<\/style><\/div><\/div><\/div><\/div><\/div><div class=\"wpb_column pos-middle pos-center align_center column_child col-lg-6 single-internal-gutter\"><div class=\"uncol style-light\" ><div class=\"uncoltable\"><div class=\"uncell no-block-padding\" ><div class=\"uncont\" ><div id=\"ultib3-77495229569d9a534534c1\" class=\"ultb3-box ult-adjust-bottom-margin bb-cla\" style=\"\"><div class=\"ultb3-box-overlay\" style=\"background:rgba(0,71,95,0.8);\"><\/div><img decoding=\"async\" src=\"https:\/\/demo2.mybscu.org\/wp-content\/uploads\/2017\/06\/shutterstock_602844200.jpg\" style=\"\" class=\"ultb3-img ultb3-img-center\" alt=\"null\"\/><div id=\"Info-banner-wrap9562\" class=\"ultb3-info ib3-info-left\" data-animation=\"fadeIn\" data-animation-delay=\"03\"><div class=\"ultb3-title ult-responsive\"  data-ultimate-target='#Info-banner-wrap9562 .ultb3-title'  data-responsive-json-new='{\"font-size\":\"desktop:24px;\",\"line-height\":\"\"}'  style=\"font-weight:normal;color:#eaaf00;\">Soluciones hipotecarias<\/div><div class=\"ultb3-desc ult-responsive\"  data-ultimate-target='#Info-banner-wrap9562 .ultb3-desc'  data-responsive-json-new='{\"font-size\":\"desktop:14px;\",\"line-height\":\"\"}'  style=\"font-weight:normal;color:#ffffff;\">Solicita tu hipoteca online.<\/div><a href=\"https:\/\/demo2.mybscu.org\/es\/mortgage\/\"  class=\"ultb3-btn ult-responsive\"  data-ultimate-target='#Info-banner-wrap9562 .ultb3-btn'  data-responsive-json-new='{\"font-size\":\"desktop:15px;\",\"line-height\":\"\"}'  style=\"font-weight:normal;\">Leer m\u00e1s<i class=\"Defaults-angle-right\"><\/i><\/a><\/div><\/div><style>\r\n\t\t\t\t\t#ultib3-77495229569d9a534534c1 {\r\n\t\t\t\t\t\tmin-height:350px;\r\n\t\t\t\t\t}\r\n\t\t\t\t\t#ultib3-77495229569d9a534534c1 img.ultb3-img {\r\n\t\t\t\t\t\theight: px;\r\n\t\t\t\t\t}\r\n\t\t\t\t\t#ultib3-77495229569d9a534534c1 .ultb3-btn {\r\n\t\t\t\t\t\tborder:2px solid #eaaf00;border-radius:50px;color:#ffffff;\r\n\t\t\t\t\t}\r\n\t\t\t\t\t#ultib3-77495229569d9a534534c1 .ultb3-btn:hover {\r\n\t\t\t\t\t\tbackground:#eaaf00;color:#ffffff;\r\n\t\t\t\t\t}\r\n\t\t\t\t<\/style><\/div><\/div><\/div><\/div><\/div><\/div><\/div><\/div><div class=\"uncode_text_column\" ><\/p>\n<h3 style=\"text-align: left;\"><span style=\"color: #000000;\">T\u00e9rminos y condiciones<\/span><\/h3>\n<p style=\"text-align: left; font-size: 16px;\"><span style=\"color: #000000;\">*Comisi\u00f3n de originaci\u00f3n de *1%. Sujeto a aprobaci\u00f3n. No se permite la refinanciaci\u00f3n de pr\u00e9stamos automotrices Bright Star existentes. Plazo m\u00ednimo del pr\u00e9stamo: 36 meses. Se requiere pago autom\u00e1tico desde la cuenta corriente comercial de Bright Star. Seguro GAP no reembolsable. Tarifa comercial: Valorada en $689. \u00a7 Autos, camionetas ligeras, furgonetas y motocicletas.<\/span><\/p>\n<p>\n<\/div><\/div><\/div><\/div><\/div><\/div><script id=\"script-row-unique-4\" data-row=\"script-row-unique-4\" type=\"text\/javascript\" class=\"vc_controls\">UNCODE.initRow(document.getElementById(\"row-unique-4\"));<\/script><\/div><\/div><\/div>","protected":false},"excerpt":{"rendered":"<p>El seguro GAP para empresas es una cobertura de bajo costo que paga la diferencia, potencialmente elevada, entre la indemnizaci\u00f3n del seguro y el saldo pendiente del pr\u00e9stamo.<\/p>","protected":false},"author":8,"featured_media":0,"parent":0,"menu_order":0,"comment_status":"closed","ping_status":"closed","template":"","meta":{"footnotes":""},"class_list":["post-6754","page","type-page","status-publish","hentry"],"_links":{"self":[{"href":"https:\/\/demo2.mybscu.org\/es\/wp-json\/wp\/v2\/pages\/6754","targetHints":{"allow":["GET"]}}],"collection":[{"href":"https:\/\/demo2.mybscu.org\/es\/wp-json\/wp\/v2\/pages"}],"about":[{"href":"https:\/\/demo2.mybscu.org\/es\/wp-json\/wp\/v2\/types\/page"}],"author":[{"embeddable":true,"href":"https:\/\/demo2.mybscu.org\/es\/wp-json\/wp\/v2\/users\/8"}],"replies":[{"embeddable":true,"href":"https:\/\/demo2.mybscu.org\/es\/wp-json\/wp\/v2\/comments?post=6754"}],"version-history":[{"count":3,"href":"https:\/\/demo2.mybscu.org\/es\/wp-json\/wp\/v2\/pages\/6754\/revisions"}],"predecessor-version":[{"id":17256,"href":"https:\/\/demo2.mybscu.org\/es\/wp-json\/wp\/v2\/pages\/6754\/revisions\/17256"}],"wp:attachment":[{"href":"https:\/\/demo2.mybscu.org\/es\/wp-json\/wp\/v2\/media?parent=6754"}],"curies":[{"name":"wp","href":"https:\/\/api.w.org\/{rel}","templated":true}]}}