{"id":80,"date":"2016-07-28T19:05:08","date_gmt":"2016-07-28T19:05:08","guid":{"rendered":"https:\/\/demo2.mybscu.org\/?page_id=80"},"modified":"2019-02-06T14:46:51","modified_gmt":"2019-02-06T19:46:51","slug":"savings","status":"publish","type":"page","link":"https:\/\/demo2.mybscu.org\/es\/products-and-services\/savings\/","title":{"rendered":"Ahorros"},"content":{"rendered":"<div data-parent=\"true\" class=\"vc_row vc_custom_1470162836676 row-container\" style=\"margin-top: 25px ;\" id=\"row-unique-0\"><div class=\"row triple-top-padding single-bottom-padding no-h-padding limit-width row-parent\"><div class=\"wpb_row row-inner\"><div class=\"wpb_column pos-top pos-center align_left column_parent col-lg-12 single-internal-gutter\"><div class=\"uncol style-light\"  ><div class=\"uncoltable\"><div class=\"uncell  vc_custom_1469730998120 border-color-204383-color no-block-padding\" style=\"border-style: solid;border-bottom-width: 1px ;padding-bottom: 35px ;\" ><div class=\"uncont\" ><div class=\"vc_custom_heading_wrap\"><div class=\"heading-text el-text\" ><h1 class=\"h1\" ><span>Opciones de ahorro<\/span><\/h1><\/div><div class=\"clear\"><\/div><\/div><\/div><\/div><\/div><\/div><\/div><script id=\"script-row-unique-0\" data-row=\"script-row-unique-0\" type=\"text\/javascript\" class=\"vc_controls\">UNCODE.initRow(document.getElementById(\"row-unique-0\"));<\/script><\/div><\/div><\/div><div data-parent=\"true\" class=\"vc_row vc_custom_1477683177856 row-container\" style=\"margin-bottom: 50px ;\" id=\"row-unique-1\"><div class=\"row limit-width row-parent\"><div class=\"wpb_row row-inner\"><div class=\"wpb_column pos-top pos-center align_left column_parent col-lg-8 single-internal-gutter\"><div class=\"uncol style-light\"  ><div class=\"uncoltable\"><div class=\"uncell no-block-padding\" ><div class=\"uncont\" ><div class=\"uncode_text_column vc_custom_1520962846477\"  style=\"margin-top: 40px ;margin-bottom: 40px ;\"><p><img decoding=\"async\" class=\"alignnone\" style=\"width: 100%;\" src=\"https:\/\/demo2.mybscu.org\/wp-content\/uploads\/2016\/07\/LargeImage_BSCU-SavingsOptions.jpg\" alt=\"Couple dealing with a financial adviser at the credit union\" width=\"700\" height=\"350\" \/><\/p>\n<\/div><div class=\"uncode_text_column\" ><\/p>\n<h2>Cuentas de ahorro<\/h2>\n<ol>\n<li><span style=\"color: #000000;\">Obt\u00e9n dividendos competitivos mensualmente sobre saldos de ahorro de $25 o m\u00e1s. \u00a1Incluso depositaremos el primer d\u00f3lar por ti!<span class=\"sup\">1<\/span><\/span><\/li>\n<li><span style=\"color: #000000;\">Acceso f\u00e1cil a tus ahorros usando una tarjeta de cajero autom\u00e1tico de BrightStar CU (o una tarjeta de d\u00e9bito Visa si tienes una cuenta corriente de BrightStar).<\/span><\/li>\n<li><span style=\"color: #000000;\">Reciba sus estados de cuenta trimestralmente o reg\u00edstrese para recibir estados de cuenta electr\u00f3nicos gratuitos y consulte sus estados de cuenta en l\u00ednea. (Puede aplicarse un cargo por estado de cuenta impreso).<\/span><\/li>\n<li><span style=\"color: #000000;\">Los ni\u00f1os y j\u00f3venes tambi\u00e9n pueden empezar a ahorrar para su futuro en BrightStar CU. \u00a1Preg\u00fantanos sobre el Club Infantil Cosmo!<\/span><\/li>\n<\/ol>\n<p>\n<\/div><div class=\"vc_row vc_custom_1477683219605 border-color-204383-color row-internal row-container\" style=\"border-style: solid;padding-bottom: 20px ;\"><div class=\"row row-child\"><div class=\"wpb_row row-inner\"><div class=\"wpb_column pos-top pos-center align_left column_child col-lg-9 single-internal-gutter\"><div class=\"uncol style-light\" ><div class=\"uncoltable\"><div class=\"uncell no-block-padding\" ><div class=\"uncont\" ><div class=\"uncode_text_column vc_custom_1520962872860\"  style=\"margin-top: 20px ;\"><\/p>\n<h2>Cuentas del mercado monetario, certificados de dep\u00f3sito a plazo fijo (FLEXterm), cuentas IRA<\/h2>\n<p><span style=\"color: #000000;\">Con nuestros certificados de dep\u00f3sito FLEXterm, usted puede elegir su propia fecha de vencimiento, desde 30 d\u00edas hasta 5 a\u00f1os.<\/span><\/p>\n<\/div><\/div><\/div><\/div><\/div><\/div><div class=\"wpb_column pos-top pos-center align_left column_child col-lg-3 single-internal-gutter\"><div class=\"uncol style-light\" ><div class=\"uncoltable\"><div class=\"uncell no-block-padding\" ><div class=\"uncont\" ><div class=\"empty-space empty-double\" ><span class=\"empty-space-inner\"><\/span><\/div>\n<span class=\"btn-container btn-inline\" ><a href=\"https:\/\/demo2.mybscu.org\/es\/about\/our-rates\/\" class=\"custom-link btn border-width-0 btn-accent btn-top-margin btn-icon-left\" target=\"_blank\">M\u00e1s informaci\u00f3n<\/a><\/span><\/div><\/div><\/div><\/div><\/div><\/div><\/div><\/div><div class=\"uncode_text_column vc_custom_1520962903132 border-color-204383-color\"  style=\"border-style: solid;margin-bottom: 75px ;border-top-width: 0px ;border-right-width: 0px ;border-bottom-width: 1px ;border-left-width: 0px ;padding-bottom: 40px ;\"><\/p>\n<h4>CD FLEXterm<\/h4>\n<p><span style=\"color: #000000;\">Un certificado de dep\u00f3sito de BrightStar CU le garantiza una tasa de inter\u00e9s fija por el plazo que usted elija, desde 1 mes hasta 60 meses. Nuestros plazos flexibles le permiten elegir su propia fecha de vencimiento y seguir disfrutando de excelentes tasas.<\/span><\/p>\n<ol>\n<li><span style=\"color: #000000;\">Compartir CD \u2013 m\u00ednimo $500<\/span><\/li>\n<li><span style=\"color: #000000;\">Mini Jumbo CD \u2013 $50,000 m\u00ednimo<\/span><\/li>\n<li><span style=\"color: #000000;\">CD Jumbo \u2013 $95,000 m\u00ednimo<\/span><\/li>\n<\/ol>\n<h4>Cuentas del mercado monetario<\/h4>\n<ol>\n<li><span style=\"color: #000000;\">Obtenga dividendos competitivos mensualmente sobre saldos de $2,500 o m\u00e1s.<\/span><\/li>\n<li><span style=\"color: #000000;\">Estructura de tarifas escalonadas: cuanto mayor sea su saldo, m\u00e1s podr\u00e1 ganar.<\/span><\/li>\n<li><span style=\"color: #000000;\">No pague ninguna cuota mensual si mantiene un saldo m\u00ednimo de $2,500.<\/span><\/li>\n<li><span style=\"color: #000000;\">Emite hasta 3 cheques al mes gratis.<\/span><\/li>\n<li><span style=\"color: #000000;\">Reciba sus estados de cuenta mensualmente o reg\u00edstrese para recibir estados de cuenta electr\u00f3nicos gratuitos y consulte sus estados de cuenta en l\u00ednea.<\/span><\/li>\n<li><span style=\"color: #000000;\">Configura transferencias autom\u00e1ticas para ver c\u00f3mo tu saldo crece a\u00fan m\u00e1s r\u00e1pido.<\/span><\/li>\n<\/ol>\n<p>\n<\/div><div class=\"vc_row vc_custom_1469730819938 border-color-204383-color row-internal row-container\" style=\"border-style: solid;margin-bottom: 75px ;border-bottom-width: 1px ;padding-bottom: 40px ;\"><div class=\"row row-child\"><div class=\"wpb_row row-inner\"><div class=\"wpb_column pos-top pos-center align_left column_child col-lg-9 single-internal-gutter\"><div class=\"uncol style-light\" ><div class=\"uncoltable\"><div class=\"uncell no-block-padding\" ><div class=\"uncont\" ><div class=\"uncode_text_column vc_custom_1520962925034\"  style=\"margin-top: 20px ;\"><\/p>\n<h2>Servicios de inversi\u00f3n<\/h2>\n<p><span style=\"color: #000000;\">\u00a1Nunca es demasiado pronto para invertir en un futuro mejor! El Centro de Inversiones BrightStar CU ofrece una amplia variedad de productos y servicios disponibles a trav\u00e9s de CUSO Financial Services, LP (CFS).<\/span><\/p>\n<\/div><\/div><\/div><\/div><\/div><\/div><div class=\"wpb_column pos-top pos-center align_left column_child col-lg-3 single-internal-gutter\"><div class=\"uncol style-light\" ><div class=\"uncoltable\"><div class=\"uncell no-block-padding\" ><div class=\"uncont\" ><div class=\"empty-space empty-double\" ><span class=\"empty-space-inner\"><\/span><\/div>\n<span class=\"btn-container btn-inline\" ><a href=\"https:\/\/demo2.mybscu.org\/es\/investmentcenter\/\" class=\"custom-link btn border-width-0 btn-accent btn-top-margin btn-icon-left\">M\u00e1s informaci\u00f3n<\/a><\/span><\/div><\/div><\/div><\/div><\/div><\/div><\/div><\/div><div class=\"vc_row vc_custom_1469730819938 border-color-204383-color row-internal row-container\" style=\"border-style: solid;margin-bottom: 75px ;border-bottom-width: 1px ;padding-bottom: 40px ;\"><div class=\"row row-child\"><div class=\"wpb_row row-inner\"><div class=\"wpb_column pos-top pos-center align_left column_child col-lg-9 single-internal-gutter\"><div class=\"uncol style-light\" ><div class=\"uncoltable\"><div class=\"uncell no-block-padding\" ><div class=\"uncont\" ><div class=\"uncode_text_column vc_custom_1520962946566\"  style=\"margin-top: 20px ;\"><\/p>\n<h2>Cuentas de Ahorro y Deseo<\/h2>\n<p><span style=\"color: #000000;\">BrightStar CU ofrece tasas competitivas en todo, desde cuentas de ahorro, certificados de dep\u00f3sito, cuentas IRA y mucho m\u00e1s para que su dinero rinda m\u00e1s.<\/span><\/p>\n<h4>Cuentas de deseos<\/h4>\n<p><span style=\"color: #000000;\">Usted elige el plazo, de 6 a 24 meses. Ahorre para las fiestas, las vacaciones o esa compra especial.<\/span><\/p>\n<\/div><\/div><\/div><\/div><\/div><\/div><div class=\"wpb_column pos-top pos-center align_left column_child col-lg-3 single-internal-gutter\"><div class=\"uncol style-light\" ><div class=\"uncoltable\"><div class=\"uncell no-block-padding\" ><div class=\"uncont\" ><div class=\"empty-space empty-double\" ><span class=\"empty-space-inner\"><\/span><\/div>\n<span class=\"btn-container btn-inline\" ><a href=\"https:\/\/demo2.mybscu.org\/es\/about\/our-rates\/\" class=\"custom-link btn border-width-0 btn-accent btn-top-margin btn-icon-left\">M\u00e1s informaci\u00f3n<\/a><\/span><\/div><\/div><\/div><\/div><\/div><\/div><\/div><\/div><div class=\"uncode_text_column vc_custom_1520962963376 border-color-204383-color\"  style=\"border-style: solid;border-top-width: 0px ;border-right-width: 0px ;border-bottom-width: 1px ;border-left-width: 0px ;padding-bottom: 40px ;\"><\/p>\n<h2>Cuentas individuales de jubilaci\u00f3n<\/h2>\n<ol>\n<li><span style=\"color: #000000;\">Nuestra cuenta de ahorros IRA paga dividendos mensuales competitivos.<\/span><\/li>\n<li><span style=\"color: #000000;\">Abra una cuenta de ahorros IRA con tan solo $1.00.<\/span><\/li>\n<li><span style=\"color: #000000;\">Abra una o varias cuentas IRA a lo largo del a\u00f1o.<\/span><\/li>\n<li><span style=\"color: #000000;\">Ofrecemos cuentas IRA tradicionales y Roth, as\u00ed como opciones de cuentas Coverdell ESA.<\/span><\/li>\n<li><span style=\"color: #000000;\">Tambi\u00e9n est\u00e1n disponibles los certificados de dep\u00f3sito IRA.<\/span><\/li>\n<\/ol>\n<p>\n<\/div><div class=\"uncode_text_column\" ><\/p>\n<p class=\"disclaimer\"><span style=\"color: #000000;\">1. Hay una tarifa de participaci\u00f3n mensual de $5 en la cuenta de ahorros si el saldo de su cuenta de ahorros cae por debajo de $500 y no tiene otras cuentas (por ejemplo, cuentas corrientes) con BrightStar CU.<\/span><\/p>\n<p>\n<\/div><\/div><\/div><\/div><\/div><\/div><div class=\"wpb_column pos-top pos-center align_left column_parent col-lg-4 single-internal-gutter\"><div class=\"uncol style-light\"  ><div class=\"uncoltable\"><div class=\"uncell no-block-padding\" ><div class=\"uncont\" ><div class=\"uncode_text_column text-lead\" ><\/p>\n<h4>Enlaces r\u00e1pidos<\/h4>\n<p>\n<\/div><div class=\"vc_wp_custommenu wpb_content_element sidebar-nav\"  data-id=\"1\"><div class=\"widget widget_nav_menu\"><div class=\"menu-sidebar-menu-container\"><ul id=\"menu-sidebar-menu\" class=\"menu\"><li id=\"menu-item-198\" class=\"menu-item menu-item-type-post_type menu-item-object-page menu-item-198\"><a href=\"https:\/\/demo2.mybscu.org\/es\/onlinebanking\/\"><i class=\"side-icon genericon genericon-next\"><\/i>Extractos electr\u00f3nicos de BrightStar<\/a><\/li>\n<li id=\"menu-item-6514\" class=\"menu-item menu-item-type-post_type menu-item-object-page menu-item-6514\"><a href=\"https:\/\/demo2.mybscu.org\/es\/courtesypay\/\"><i class=\"side-icon genericon genericon-next\"><\/i>Pago de cortes\u00eda<\/a><\/li>\n<li id=\"menu-item-459\" class=\"menu-item menu-item-type-post_type menu-item-object-page menu-item-459\"><a href=\"https:\/\/demo2.mybscu.org\/es\/directdeposit\/\"><i class=\"side-icon genericon genericon-next\"><\/i>Dep\u00f3sito directo<\/a><\/li>\n<li id=\"menu-item-197\" class=\"menu-item menu-item-type-post_type menu-item-object-page menu-item-197\"><a href=\"https:\/\/demo2.mybscu.org\/es\/moneydesktop\/\"><i class=\"side-icon genericon genericon-next\"><\/i>Dinero de escritorio<\/a><\/li>\n<li id=\"menu-item-458\" class=\"menu-item menu-item-type-post_type menu-item-object-page menu-item-458\"><a href=\"https:\/\/demo2.mybscu.org\/es\/onlinebanking\/\"><i class=\"side-icon genericon genericon-next\"><\/i>Banca en l\u00ednea y pago de facturas<\/a><\/li>\n<li id=\"menu-item-466\" class=\"menu-item menu-item-type-post_type menu-item-object-page menu-item-466\"><a href=\"https:\/\/demo2.mybscu.org\/es\/debitcard\/\"><i class=\"side-icon genericon genericon-next\"><\/i>Tarjeta de cheques Visa<\/a><\/li>\n<li id=\"menu-item-200\" class=\"menu-item menu-item-type-post_type menu-item-object-page menu-item-200\"><a href=\"https:\/\/demo2.mybscu.org\/es\/skipapay\/\"><i class=\"side-icon genericon genericon-next\"><\/i>Saltar un pago<\/a><\/li>\n<li id=\"menu-item-196\" class=\"menu-item menu-item-type-post_type menu-item-object-page menu-item-196\"><a href=\"https:\/\/demo2.mybscu.org\/es\/mobilebanking\/\"><i class=\"side-icon genericon genericon-next\"><\/i>Aplicaciones para tel\u00e9fonos inteligentes<\/a><\/li>\n<\/ul><\/div><\/div><\/div><div class=\"uncode_text_column text-lead\" ><\/p>\n<h4>Preguntas frecuentes<\/h4>\n<p>\n<\/div><div class=\"uncode-accordion wpb_accordion wpb_content_element  sign-size-rg w-border\" data-collapsible=\"no\" data-target=\"\" data-active-tab=\"0\" >\n\t\t<div class=\"panel-group wpb_wrapper wpb_accordion_wrapper\" id=\"accordion_1940190338\" role=\"tablist\" aria-multiselectable=\"true\" data-no-toggle=\"\">\n\n<div class=\"panel panel-default wpb_accordion_section group\"><div class=\"panel-heading wpb_accordion_header ui-accordion-header\" role=\"tab\"><p class=\"panel-title font-weight- text-   icon-size-rg\"><a data-toggle=\"collapse\" data-parent=\"#accordion_1940190338\" href=\"#fa73fd9c-95d6-5\"><span>\u00bfC\u00f3mo me uno a BrightStar CU?<\/span><\/a><\/p><\/div><div id=\"fa73fd9c-95d6-5\" class=\"panel-collapse collapse\" role=\"tabpanel\"><div class=\"panel-body wpb_accordion_content ui-accordion-content half-internal-gutter single-block-padding\">\n\t\t\t\t\t\t<div class=\"uncode_text_column\" ><p>Cuando abre una cuenta de BrightStar CU, se convierte en miembro. Su membres\u00eda es su pasaporte a todo un mundo de servicios de cooperativas de cr\u00e9dito. \u00danase por tan solo $1. Una vez que sea miembro, podr\u00e1 solicitar otras cuentas, incluidas cuentas corrientes, pr\u00e9stamos, tarjetas de cr\u00e9dito y m\u00e1s. Ofrecemos 3 formas convenientes de unirse:<\/p>\n<ol>\n<li>Presentar una solicitud en l\u00ednea<\/li>\n<li>Complete una solicitud PDF en l\u00ednea y luego env\u00edela por correo<\/li>\n<li>Visite la sucursal BrightStar CU m\u00e1s cercana<\/li>\n<\/ol>\n<p>\n<\/div><\/div><\/div><\/div><div class=\"panel panel-default wpb_accordion_section group\"><div class=\"panel-heading wpb_accordion_header ui-accordion-header\" role=\"tab\"><p class=\"panel-title font-weight- text-   icon-size-rg\"><a data-toggle=\"collapse\" data-parent=\"#accordion_1940190338\" href=\"#2ff7c705-e7de-3\"><span>\u00bfQui\u00e9n es elegible para unirse?<\/span><\/a><\/p><\/div><div id=\"2ff7c705-e7de-3\" class=\"panel-collapse collapse\" role=\"tabpanel\"><div class=\"panel-body wpb_accordion_content ui-accordion-content half-internal-gutter single-block-padding\">\n\t\t\t\t\t\t<div class=\"uncode_text_column\" ><\/p>\n<p class=\"p1\"><span class=\"s1\">Cualquier persona que viva, trabaje o estudie en los condados de Broward, Collier, Lee, Martin, Miami-Dade, Palm Beach o St. Lucie, Pinellas, Hillsborough, Polk, Osceola, Brevard, Manatee, Hardee, Highlands, Okeechobee, Indian River, Sarasota, DeSoto, Charlotte, Glades, Hendry y Monroe, Florida. BrightStar CU presta servicios a las escuelas de Broward, como lo hemos hecho con orgullo durante m\u00e1s de 70 a\u00f1os. Ofrecemos servicios a organizaciones asociadas locales, las cuales ofrecen BrightStar CU como beneficio para sus empleados. Los familiares de los miembros de las organizaciones mencionadas tambi\u00e9n pueden unirse.<\/span><\/p>\n<p>\n<\/div><\/div><\/div><\/div>\n\t\t<\/div><\/div><\/div><\/div><\/div><\/div><\/div><script id=\"script-row-unique-1\" data-row=\"script-row-unique-1\" type=\"text\/javascript\" class=\"vc_controls\">UNCODE.initRow(document.getElementById(\"row-unique-1\"));<\/script><\/div><\/div><\/div>","protected":false},"excerpt":{"rendered":"Savings Options Savings Accounts Earn competitive dividends monthly on savings balances of $25 or more. We&#8217;ll even deposit the first [...]","protected":false},"author":8,"featured_media":0,"parent":161,"menu_order":4,"comment_status":"closed","ping_status":"closed","template":"","meta":{"footnotes":""},"class_list":["post-80","page","type-page","status-publish","hentry"],"_links":{"self":[{"href":"https:\/\/demo2.mybscu.org\/es\/wp-json\/wp\/v2\/pages\/80","targetHints":{"allow":["GET"]}}],"collection":[{"href":"https:\/\/demo2.mybscu.org\/es\/wp-json\/wp\/v2\/pages"}],"about":[{"href":"https:\/\/demo2.mybscu.org\/es\/wp-json\/wp\/v2\/types\/page"}],"author":[{"embeddable":true,"href":"https:\/\/demo2.mybscu.org\/es\/wp-json\/wp\/v2\/users\/8"}],"replies":[{"embeddable":true,"href":"https:\/\/demo2.mybscu.org\/es\/wp-json\/wp\/v2\/comments?post=80"}],"version-history":[{"count":0,"href":"https:\/\/demo2.mybscu.org\/es\/wp-json\/wp\/v2\/pages\/80\/revisions"}],"up":[{"embeddable":true,"href":"https:\/\/demo2.mybscu.org\/es\/wp-json\/wp\/v2\/pages\/161"}],"wp:attachment":[{"href":"https:\/\/demo2.mybscu.org\/es\/wp-json\/wp\/v2\/media?parent=80"}],"curies":[{"name":"wp","href":"https:\/\/api.w.org\/{rel}","templated":true}]}}