{"id":864,"date":"2016-10-04T19:30:35","date_gmt":"2016-10-04T19:30:35","guid":{"rendered":"http:\/\/192.185.79.221\/~bscu\/?page_id=864"},"modified":"2024-08-19T13:26:19","modified_gmt":"2024-08-19T17:26:19","slug":"applications-and-forms","status":"publish","type":"page","link":"https:\/\/demo2.mybscu.org\/es\/applications-and-forms\/","title":{"rendered":"Solicitudes y formularios"},"content":{"rendered":"<div data-parent=\"true\" class=\"vc_row row-container\" id=\"row-unique-0\"><div class=\"row limit-width row-parent\"><div class=\"wpb_row row-inner\"><div class=\"wpb_column pos-top pos-center align_left column_parent col-lg-12 single-internal-gutter\"><div class=\"uncol style-light\"  ><div class=\"uncoltable\"><div class=\"uncell  vc_custom_1469730998120 border-color-204383-color no-block-padding\" style=\"border-style: solid;border-bottom-width: 1px ;padding-bottom: 35px ;\" ><div class=\"uncont\" ><div class=\"vc_custom_heading_wrap\"><div class=\"heading-text el-text\" ><h1 class=\"h1\" ><span>Solicitudes y formularios<\/span><\/h1><\/div><div class=\"clear\"><\/div><\/div><\/div><\/div><\/div><\/div><\/div><script id=\"script-row-unique-0\" data-row=\"script-row-unique-0\" type=\"text\/javascript\" class=\"vc_controls\">UNCODE.initRow(document.getElementById(\"row-unique-0\"));<\/script><\/div><\/div><\/div><div data-parent=\"true\" class=\"vc_row row-container\" id=\"row-unique-1\"><div class=\"row limit-width row-parent\"><div class=\"wpb_row row-inner\"><div class=\"wpb_column pos-top pos-center align_left column_parent col-lg-12 single-internal-gutter\"><div class=\"uncol style-light\"  ><div class=\"uncoltable\"><div class=\"uncell no-block-padding\" ><div class=\"uncont\" ><div class=\"vc_row vc_custom_1475607805846 border-color-204383-color row-internal row-container\" style=\"border-style: solid;margin-bottom: 25px ;border-bottom-width: 1px ;padding-bottom: 40px ;\"><div class=\"row row-child\"><div class=\"wpb_row row-inner\"><div class=\"wpb_column pos-top pos-center align_left column_child col-lg-9 single-internal-gutter\"><div class=\"uncol style-light\" ><div class=\"uncoltable\"><div class=\"uncell no-block-padding\" ><div class=\"uncont\" ><div class=\"uncode_text_column vc_custom_1475605893922\"  style=\"margin-top: 20px ;\"><\/p>\n<h2>Formulario de suspensi\u00f3n de pago ACH<\/h2>\n<p>\n<\/div><\/div><\/div><\/div><\/div><\/div><div class=\"wpb_column pos-top pos-center align_left column_child col-lg-3 single-internal-gutter\"><div class=\"uncol style-light\" ><div class=\"uncoltable\"><div class=\"uncell no-block-padding\" ><div class=\"uncont\" ><div class=\"empty-space empty-half\" ><span class=\"empty-space-inner\"><\/span><\/div>\n<span class=\"btn-container btn-inline\" ><a href=\"https:\/\/demo2.mybscu.org\/wp-content\/uploads\/2016\/07\/ACH_Stop_Payment_Request_1.pdf\" class=\"custom-link btn border-width-0 btn-accent btn-round btn-shadow btn-top-margin btn-icon-left\" title=\"Descargue el formulario de suspensi\u00f3n de pago ACH\" target=\"_blank\">Descargar formulario PDF<\/a><\/span><\/div><\/div><\/div><\/div><\/div><\/div><\/div><\/div><div class=\"vc_row vc_custom_1475607805846 border-color-204383-color row-internal row-container\" style=\"border-style: solid;margin-bottom: 25px ;border-bottom-width: 1px ;padding-bottom: 40px ;\"><div class=\"row row-child\"><div class=\"wpb_row row-inner\"><div class=\"wpb_column pos-top pos-center align_left column_child col-lg-9 single-internal-gutter\"><div class=\"uncol style-light\" ><div class=\"uncoltable\"><div class=\"uncell no-block-padding\" ><div class=\"uncont\" ><div class=\"uncode_text_column vc_custom_1724088377275\"  style=\"margin-top: 20px ;\"><\/p>\n<h2>Formulario de pago autom\u00e1tico con tarjeta de cr\u00e9dito<\/h2>\n<p>\n<\/div><\/div><\/div><\/div><\/div><\/div><div class=\"wpb_column pos-top pos-center align_left column_child col-lg-3 single-internal-gutter\"><div class=\"uncol style-light\" ><div class=\"uncoltable\"><div class=\"uncell no-block-padding\" ><div class=\"uncont\" ><span class=\"btn-container btn-inline\" ><a href=\"https:\/\/demo2.mybscu.org\/es\/forms\/eforms\/credit-card-automatic-payment-form\/178\/\" class=\"custom-link btn border-width-0 btn-accent btn-round btn-shadow btn-top-margin btn-icon-left\" title=\"El enlace se abrir\u00e1 en una nueva pesta\u00f1a.\" target=\"_blank\">Comienza<\/a><\/span><\/div><\/div><\/div><\/div><\/div><\/div><\/div><\/div><div class=\"vc_row vc_custom_1475607862835 border-color-204383-color row-internal row-container\" style=\"border-style: solid;margin-bottom: 25px ;border-bottom-width: 1px ;padding-bottom: 40px ;\"><div class=\"row row-child\"><div class=\"wpb_row row-inner\"><div class=\"wpb_column pos-top pos-center align_left column_child col-lg-9 single-internal-gutter\"><div class=\"uncol style-light\" ><div class=\"uncoltable\"><div class=\"uncell no-block-padding\" ><div class=\"uncont\" ><div class=\"uncode_text_column vc_custom_1475606043877\"  style=\"margin-top: 20px ;\"><\/p>\n<h2>Declaraci\u00f3n escrita de d\u00e9bito ACH no autorizado<\/h2>\n<p>\n<\/div><\/div><\/div><\/div><\/div><\/div><div class=\"wpb_column pos-top pos-center align_left column_child col-lg-3 single-internal-gutter\"><div class=\"uncol style-light\" ><div class=\"uncoltable\"><div class=\"uncell no-block-padding\" ><div class=\"uncont\" ><div class=\"empty-space empty-half\" ><span class=\"empty-space-inner\"><\/span><\/div>\n<span class=\"btn-container btn-inline\" ><a href=\"https:\/\/demo2.mybscu.org\/es\/pdf\/WACH-Fillable-Sept-2023.pdf\/\" class=\"custom-link btn border-width-0 btn-accent btn-round btn-shadow btn-top-margin btn-icon-left\" title=\"Descargue el estado de cuenta por escrito sobre el d\u00e9bito ACH no autorizado.\" target=\"_blank\">Descargar formulario PDF<\/a><\/span><\/div><\/div><\/div><\/div><\/div><\/div><\/div><\/div><div class=\"vc_row vc_custom_1475607887910 border-color-204383-color row-internal row-container\" style=\"border-style: solid;margin-bottom: 25px ;border-bottom-width: 1px ;padding-bottom: 40px ;\"><div class=\"row row-child\"><div class=\"wpb_row row-inner\"><div class=\"wpb_column pos-top pos-center align_left column_child col-lg-9 single-internal-gutter\"><div class=\"uncol style-light\" ><div class=\"uncoltable\"><div class=\"uncell no-block-padding\" ><div class=\"uncont\" ><div class=\"uncode_text_column vc_custom_1475606268117\"  style=\"margin-top: 20px ;\"><\/p>\n<h2>Formulario de reclamaci\u00f3n por fraude con cheques<\/h2>\n<p>\n<\/div><\/div><\/div><\/div><\/div><\/div><div class=\"wpb_column pos-top pos-center align_left column_child col-lg-3 single-internal-gutter\"><div class=\"uncol style-light\" ><div class=\"uncoltable\"><div class=\"uncell no-block-padding\" ><div class=\"uncont\" ><div class=\"empty-space empty-half\" ><span class=\"empty-space-inner\"><\/span><\/div>\n<span class=\"btn-container btn-inline\" ><a href=\"https:\/\/demo2.mybscu.org\/wp-content\/uploads\/2016\/07\/CHECKFRAUD.pdf\" class=\"custom-link btn border-width-0 btn-accent btn-round btn-shadow btn-top-margin btn-icon-left\" title=\"Descargue el formulario de reclamaci\u00f3n por fraude con cheques\" target=\"_blank\">Descargar formulario PDF<\/a><\/span><\/div><\/div><\/div><\/div><\/div><\/div><\/div><\/div><div class=\"vc_row vc_custom_1475607904841 border-color-204383-color row-internal row-container\" style=\"border-style: solid;margin-bottom: 25px ;border-bottom-width: 1px ;padding-bottom: 40px ;\"><div class=\"row row-child\"><div class=\"wpb_row row-inner\"><div class=\"wpb_column pos-top pos-center align_left column_child col-lg-9 single-internal-gutter\"><div class=\"uncol style-light\" ><div class=\"uncoltable\"><div class=\"uncell no-block-padding\" ><div class=\"uncont\" ><div class=\"uncode_text_column vc_custom_1475606289785\"  style=\"margin-top: 20px ;\"><\/p>\n<h2>Formulario de suspensi\u00f3n de pago<\/h2>\n<p>\n<\/div><\/div><\/div><\/div><\/div><\/div><div class=\"wpb_column pos-top pos-center align_left column_child col-lg-3 single-internal-gutter\"><div class=\"uncol style-light\" ><div class=\"uncoltable\"><div class=\"uncell no-block-padding\" ><div class=\"uncont\" ><div class=\"empty-space empty-half\" ><span class=\"empty-space-inner\"><\/span><\/div>\n<span class=\"btn-container btn-inline\" ><a href=\"https:\/\/demo2.mybscu.org\/wp-content\/uploads\/2016\/07\/CheckStopPaymentForm.pdf\" class=\"custom-link btn border-width-0 btn-accent btn-round btn-shadow btn-top-margin btn-icon-left\" title=\"Descargar formulario de suspensi\u00f3n de pago\" target=\"_blank\">Descargar formulario PDF<\/a><\/span><\/div><\/div><\/div><\/div><\/div><\/div><\/div><\/div><div class=\"vc_row vc_custom_1475607931954 border-color-204383-color row-internal row-container\" style=\"border-style: solid;margin-bottom: 25px ;border-bottom-width: 1px ;padding-bottom: 40px ;\"><div class=\"row row-child\"><div class=\"wpb_row row-inner\"><div class=\"wpb_column pos-top pos-center align_left column_child col-lg-9 single-internal-gutter\"><div class=\"uncol style-light\" ><div class=\"uncoltable\"><div class=\"uncell no-block-padding\" ><div class=\"uncont\" ><div class=\"uncode_text_column vc_custom_1475606387469\"  style=\"margin-top: 20px ;\"><\/p>\n<h2>Formulario de transferencia de saldo de tarjeta de cr\u00e9dito<\/h2>\n<p>\n<\/div><\/div><\/div><\/div><\/div><\/div><div class=\"wpb_column pos-top pos-center align_left column_child col-lg-3 single-internal-gutter\"><div class=\"uncol style-light\" ><div class=\"uncoltable\"><div class=\"uncell no-block-padding\" ><div class=\"uncont\" ><div class=\"empty-space empty-half\" ><span class=\"empty-space-inner\"><\/span><\/div>\n<span class=\"btn-container btn-inline\" ><a href=\"https:\/\/demo2.mybscu.org\/es\/balancetransfer\/\" class=\"custom-link btn border-width-0 btn-accent btn-round btn-shadow btn-top-margin btn-icon-left\" title=\"Obtenga m\u00e1s informaci\u00f3n sobre la transferencia de saldo de tarjetas de cr\u00e9dito\">Obtenga m\u00e1s informaci\u00f3n sobre la transferencia de saldo<\/a><\/span><\/div><\/div><\/div><\/div><\/div><\/div><\/div><\/div><div class=\"vc_row vc_custom_1475607950312 border-color-204383-color row-internal row-container\" style=\"border-style: solid;margin-bottom: 25px ;border-bottom-width: 1px ;padding-bottom: 40px ;\"><div class=\"row row-child\"><div class=\"wpb_row row-inner\"><div class=\"wpb_column pos-top pos-center align_left column_child col-lg-12 single-internal-gutter\"><div class=\"uncol style-light\" ><div class=\"uncoltable\"><div class=\"uncell no-block-padding\" ><div class=\"uncont\" ><div class=\"uncode_text_column vc_custom_1540406870644\"  style=\"margin-top: 20px ;\"><\/p>\n<h2>Disputa\/Fraude con Tarjeta de Cr\u00e9dito<\/h2>\n<p><span style=\"color: #000000;\">POR FAVOR LLAME AL 800-299-9842 PARA COMPLETAR LA RECLAMACI\u00d3N<\/span><\/p>\n<\/div><div class=\"uncode_text_column vc_custom_1540406903843\"  style=\"margin-top: 20px ;\"><\/p>\n<h2>Disputa\/Fraude con Tarjeta de D\u00e9bito<\/h2>\n<p><span style=\"color: #000000;\">POR FAVOR LLAME AL 954-486-2728 O AL 800-637-2728 PARA COMPLETAR LA RECLAMACI\u00d3N<\/span><\/p>\n<\/div><\/div><\/div><\/div><\/div><\/div><\/div><\/div><\/div><div class=\"vc_row vc_custom_1475608114672 border-color-204383-color row-internal row-container\" style=\"border-style: solid;margin-bottom: 25px ;border-bottom-width: 1px ;padding-bottom: 40px ;\"><div class=\"row row-child\"><div class=\"wpb_row row-inner\"><div class=\"wpb_column pos-top pos-center align_left column_child col-lg-9 single-internal-gutter\"><div class=\"uncol style-light\" ><div class=\"uncoltable\"><div class=\"uncell no-block-padding\" ><div class=\"uncont\" ><div class=\"uncode_text_column vc_custom_1521058295776\"  style=\"margin-top: 20px ;\"><\/p>\n<h2>Formulario de dep\u00f3sito directo<\/h2>\n<p><span style=\"color: #000000;\">(Formulario no gubernamental, aprobado para las Escuelas de Broward)<\/span><\/p>\n<\/div><\/div><\/div><\/div><\/div><\/div><div class=\"wpb_column pos-top pos-center align_left column_child col-lg-3 single-internal-gutter\"><div class=\"uncol style-light\" ><div class=\"uncoltable\"><div class=\"uncell no-block-padding\" ><div class=\"uncont\" ><div class=\"empty-space empty-half\" ><span class=\"empty-space-inner\"><\/span><\/div>\n<span class=\"btn-container btn-inline\" ><a href=\"https:\/\/demo2.mybscu.org\/wp-content\/uploads\/2016\/08\/bscu_direct_deposit.pdf\" class=\"custom-link btn border-width-0 btn-accent btn-round btn-shadow btn-top-margin btn-icon-left\" title=\"Descargar formulario de dep\u00f3sito directo\" target=\"_blank\">Descargar formulario PDF<\/a><\/span><\/div><\/div><\/div><\/div><\/div><\/div><\/div><\/div><div class=\"vc_row vc_custom_1475608145890 border-color-204383-color row-internal row-container\" style=\"border-style: solid;margin-bottom: 25px ;border-bottom-width: 1px ;padding-bottom: 40px ;\"><div class=\"row row-child\"><div class=\"wpb_row row-inner\"><div class=\"wpb_column pos-top pos-center align_left column_child col-lg-9 single-internal-gutter\"><div class=\"uncol style-light\" ><div class=\"uncoltable\"><div class=\"uncell no-block-padding\" ><div class=\"uncont\" ><div class=\"uncode_text_column vc_custom_1475606529044\"  style=\"margin-top: 20px ;\"><\/p>\n<h2>Formulario de dep\u00f3sito directo del gobierno<\/h2>\n<p>\n<\/div><\/div><\/div><\/div><\/div><\/div><div class=\"wpb_column pos-top pos-center align_left column_child col-lg-3 single-internal-gutter\"><div class=\"uncol style-light\" ><div class=\"uncoltable\"><div class=\"uncell no-block-padding\" ><div class=\"uncont\" ><div class=\"empty-space empty-half\" ><span class=\"empty-space-inner\"><\/span><\/div>\n<span class=\"btn-container btn-inline\" ><a href=\"https:\/\/demo2.mybscu.org\/wp-content\/uploads\/2016\/08\/gvmt_direct_deposit.pdf\" class=\"custom-link btn border-width-0 btn-accent btn-round btn-shadow btn-top-margin btn-icon-left\" title=\"El enlace se abrir\u00e1 en una nueva pesta\u00f1a.\" target=\"_blank\">Descargar formulario PDF<\/a><\/span><\/div><\/div><\/div><\/div><\/div><\/div><\/div><\/div><div class=\"vc_row vc_custom_1475608166251 border-color-204383-color row-internal row-container\" style=\"border-style: solid;margin-bottom: 25px ;border-bottom-width: 1px ;padding-bottom: 40px ;\"><div class=\"row row-child\"><div class=\"wpb_row row-inner\"><div class=\"wpb_column pos-top pos-center align_left column_child col-lg-9 single-internal-gutter\"><div class=\"uncol style-light\" ><div class=\"uncoltable\"><div class=\"uncell no-block-padding\" ><div class=\"uncont\" ><div class=\"uncode_text_column vc_custom_1475606594496\"  style=\"margin-top: 20px ;\"><\/p>\n<h2>Pago recurrente de pr\u00e9stamo ACH<\/h2>\n<p>\n<\/div><\/div><\/div><\/div><\/div><\/div><div class=\"wpb_column pos-top pos-center align_left column_child col-lg-3 single-internal-gutter\"><div class=\"uncol style-light\" ><div class=\"uncoltable\"><div class=\"uncell no-block-padding\" ><div class=\"uncont\" ><div class=\"empty-space empty-half\" ><span class=\"empty-space-inner\"><\/span><\/div>\n<span class=\"btn-container btn-inline\" ><a href=\"https:\/\/demo2.mybscu.org\/wp-content\/uploads\/2016\/07\/ACH_authorization_continual_form.pdf\" class=\"custom-link btn border-width-0 btn-accent btn-round btn-shadow btn-top-margin btn-icon-left\" title=\"Descargue el formulario de pago recurrente de pr\u00e9stamo ACH.\" target=\"_blank\">Descargar formulario PDF<\/a><\/span><\/div><\/div><\/div><\/div><\/div><\/div><\/div><\/div><div class=\"uncode_text_column vc_custom_1475609781614\"  style=\"margin-top: 25px ;margin-bottom: 25px ;\"><\/p>\n<h4>Solicitudes en l\u00ednea<\/h4>\n<p>\n<\/div><div class=\"vc_row vc_custom_1475608517029 border-color-204383-color row-internal row-container\" style=\"border-style: solid;margin-bottom: 25px ;border-bottom-width: 1px ;padding-bottom: 40px ;\"><div class=\"row row-child\"><div class=\"wpb_row row-inner\"><div class=\"wpb_column pos-top pos-center align_left column_child col-lg-9 single-internal-gutter\"><div class=\"uncol style-light\" ><div class=\"uncoltable\"><div class=\"uncell no-block-padding\" ><div class=\"uncont\" ><div class=\"uncode_text_column vc_custom_1475607080506\"  style=\"margin-top: 20px ;\"><\/p>\n<h2>Solicitar una hipoteca<\/h2>\n<p>\n<\/div><\/div><\/div><\/div><\/div><\/div><div class=\"wpb_column pos-top pos-center align_left column_child col-lg-3 single-internal-gutter\"><div class=\"uncol style-light\" ><div class=\"uncoltable\"><div class=\"uncell no-block-padding\" ><div class=\"uncont\" ><div class=\"empty-space empty-half\" ><span class=\"empty-space-inner\"><\/span><\/div>\n<span class=\"btn-container btn-inline\" ><a href=\"https:\/\/demo2.mybscu.org\/es\/mortgage\/\" class=\"custom-link btn border-width-0 btn-accent btn-round btn-shadow btn-top-margin btn-icon-left\" title=\"Obtenga m\u00e1s informaci\u00f3n sobre hipotecas\">M\u00e1s informaci\u00f3n sobre hipotecas<\/a><\/span><\/div><\/div><\/div><\/div><\/div><\/div><\/div><\/div><div class=\"vc_row vc_custom_1475608482123 border-color-204383-color row-internal row-container\" style=\"border-style: solid;margin-bottom: 25px ;border-bottom-width: 1px ;padding-bottom: 40px ;\"><div class=\"row row-child\"><div class=\"wpb_row row-inner\"><div class=\"wpb_column pos-top pos-center align_left column_child col-lg-9 single-internal-gutter\"><div class=\"uncol style-light\" ><div class=\"uncoltable\"><div class=\"uncell no-block-padding\" ><div class=\"uncont\" ><div class=\"uncode_text_column vc_custom_1475607047793\"  style=\"margin-top: 20px ;\"><\/p>\n<h2>Solicitar un pr\u00e9stamo o una tarjeta de cr\u00e9dito<\/h2>\n<p>\n<\/div><\/div><\/div><\/div><\/div><\/div><div class=\"wpb_column pos-top pos-center align_left column_child col-lg-3 single-internal-gutter\"><div class=\"uncol style-light\" ><div class=\"uncoltable\"><div class=\"uncell no-block-padding\" ><div class=\"uncont\" ><div class=\"empty-space empty-half\" ><span class=\"empty-space-inner\"><\/span><\/div>\n<span class=\"btn-container btn-inline\" ><a href=\"https:\/\/demo2.mybscu.org\/es\/products-and-services\/loans\/\" class=\"custom-link btn border-width-0 btn-accent btn-round btn-shadow btn-top-margin btn-icon-left\" title=\"Obtenga m\u00e1s informaci\u00f3n sobre los pr\u00e9stamos\">M\u00e1s informaci\u00f3n sobre pr\u00e9stamos<\/a><\/span><\/div><\/div><\/div><\/div><\/div><\/div><\/div><\/div><div class=\"vc_row vc_custom_1475608450487 border-color-204383-color row-internal row-container\" style=\"border-style: solid;margin-bottom: 25px ;border-bottom-width: 1px ;padding-bottom: 40px ;\"><div class=\"row row-child\"><div class=\"wpb_row row-inner\"><div class=\"wpb_column pos-top pos-center align_left column_child col-lg-9 single-internal-gutter\"><div class=\"uncol style-light\" ><div class=\"uncoltable\"><div class=\"uncell no-block-padding\" ><div class=\"uncont\" ><div class=\"uncode_text_column vc_custom_1475606938039\"  style=\"margin-top: 20px ;\"><\/p>\n<h2>Agregar una cuenta<\/h2>\n<p>\n<\/div><\/div><\/div><\/div><\/div><\/div><div class=\"wpb_column pos-top pos-center align_left column_child col-lg-3 single-internal-gutter\"><div class=\"uncol style-light\" ><div class=\"uncoltable\"><div class=\"uncell no-block-padding\" ><div class=\"uncont\" ><div class=\"empty-space empty-half\" ><span class=\"empty-space-inner\"><\/span><\/div>\n<span class=\"btn-container btn-inline\" ><a href=\"https:\/\/demo2.mybscu.org\/es\/about\/add-an-account\/\" class=\"custom-link btn border-width-0 btn-accent btn-round btn-shadow btn-top-margin btn-icon-left\" title=\"Obt\u00e9n m\u00e1s informaci\u00f3n sobre c\u00f3mo agregar una cuenta\">M\u00e1s informaci\u00f3n sobre cuentas<\/a><\/span><\/div><\/div><\/div><\/div><\/div><\/div><\/div><\/div><div class=\"vc_row vc_custom_1475608410292 border-color-204383-color row-internal row-container\" style=\"border-style: solid;margin-bottom: 25px ;border-bottom-width: 1px ;padding-bottom: 40px ;\"><div class=\"row row-child\"><div class=\"wpb_row row-inner\"><div class=\"wpb_column pos-top pos-center align_left column_child col-lg-9 single-internal-gutter\"><div class=\"uncol style-light\" ><div class=\"uncoltable\"><div class=\"uncell no-block-padding\" ><div class=\"uncont\" ><div class=\"uncode_text_column vc_custom_1475606901005\"  style=\"margin-top: 20px ;\"><\/p>\n<h2>\u00a1\u00danete a nosotros hoy!<\/h2>\n<p>\n<\/div><\/div><\/div><\/div><\/div><\/div><div class=\"wpb_column pos-top pos-center align_left column_child col-lg-3 single-internal-gutter\"><div class=\"uncol style-light\" ><div class=\"uncoltable\"><div class=\"uncell no-block-padding\" ><div class=\"uncont\" ><div class=\"empty-space empty-half\" ><span class=\"empty-space-inner\"><\/span><\/div>\n<span class=\"btn-container btn-inline\" ><a href=\"https:\/\/demo2.mybscu.org\/es\/join-us\/\" class=\"custom-link btn border-width-0 btn-accent btn-round btn-shadow btn-top-margin btn-icon-left\" title=\"Obt\u00e9n m\u00e1s informaci\u00f3n sobre c\u00f3mo convertirte en miembro.\">Obt\u00e9n m\u00e1s informaci\u00f3n sobre la membres\u00eda<\/a><\/span><\/div><\/div><\/div><\/div><\/div><\/div><\/div><\/div><\/div><\/div><\/div><\/div><\/div><script id=\"script-row-unique-1\" data-row=\"script-row-unique-1\" type=\"text\/javascript\" class=\"vc_controls\">UNCODE.initRow(document.getElementById(\"row-unique-1\"));<\/script><\/div><\/div><\/div>","protected":false},"excerpt":{"rendered":"Applications and FormsACH Stop Payment Form Download PDF FormCredit Card Automatic Payment Form Get StartedWritten Statement of Unauthorized ACH Debit [...]","protected":false},"author":8,"featured_media":0,"parent":0,"menu_order":0,"comment_status":"closed","ping_status":"closed","template":"","meta":{"footnotes":""},"class_list":["post-864","page","type-page","status-publish","hentry"],"_links":{"self":[{"href":"https:\/\/demo2.mybscu.org\/es\/wp-json\/wp\/v2\/pages\/864","targetHints":{"allow":["GET"]}}],"collection":[{"href":"https:\/\/demo2.mybscu.org\/es\/wp-json\/wp\/v2\/pages"}],"about":[{"href":"https:\/\/demo2.mybscu.org\/es\/wp-json\/wp\/v2\/types\/page"}],"author":[{"embeddable":true,"href":"https:\/\/demo2.mybscu.org\/es\/wp-json\/wp\/v2\/users\/8"}],"replies":[{"embeddable":true,"href":"https:\/\/demo2.mybscu.org\/es\/wp-json\/wp\/v2\/comments?post=864"}],"version-history":[{"count":3,"href":"https:\/\/demo2.mybscu.org\/es\/wp-json\/wp\/v2\/pages\/864\/revisions"}],"predecessor-version":[{"id":16462,"href":"https:\/\/demo2.mybscu.org\/es\/wp-json\/wp\/v2\/pages\/864\/revisions\/16462"}],"wp:attachment":[{"href":"https:\/\/demo2.mybscu.org\/es\/wp-json\/wp\/v2\/media?parent=864"}],"curies":[{"name":"wp","href":"https:\/\/api.w.org\/{rel}","templated":true}]}}