{"id":886,"date":"2016-10-05T15:33:09","date_gmt":"2016-10-05T15:33:09","guid":{"rendered":"http:\/\/192.185.79.221\/~bscu\/?page_id=886"},"modified":"2024-01-15T20:09:17","modified_gmt":"2024-01-16T01:09:17","slug":"switch","status":"publish","type":"page","link":"https:\/\/demo2.mybscu.org\/es\/switch\/","title":{"rendered":"Cambiar a BSCU"},"content":{"rendered":"<div data-parent=\"true\" class=\"vc_row row-container\" id=\"row-unique-0\"><div class=\"row limit-width row-parent\"><div class=\"wpb_row row-inner\"><div class=\"wpb_column pos-top pos-center align_left column_parent col-lg-12 single-internal-gutter\"><div class=\"uncol style-light\"  ><div class=\"uncoltable\"><div class=\"uncell  vc_custom_1469730998120 border-color-204383-color no-block-padding\" style=\"border-style: solid;border-bottom-width: 1px ;padding-bottom: 35px ;\" ><div class=\"uncont\" ><div class=\"vc_custom_heading_wrap\"><div class=\"heading-text el-text\" ><h1 class=\"h1\" ><span>Bienvenido a BrightStar Credit Union<\/span><\/h1><\/div><div class=\"clear\"><\/div><\/div><\/div><\/div><\/div><\/div><\/div><script id=\"script-row-unique-0\" data-row=\"script-row-unique-0\" type=\"text\/javascript\" class=\"vc_controls\">UNCODE.initRow(document.getElementById(\"row-unique-0\"));<\/script><\/div><\/div><\/div><div data-parent=\"true\" class=\"vc_row vc_custom_1475681818870 row-container\" style=\"margin-bottom: 50px ;\" id=\"row-unique-1\"><div class=\"row limit-width row-parent\"><div class=\"wpb_row row-inner\"><div class=\"wpb_column pos-top pos-center align_left column_parent col-lg-8 single-internal-gutter\"><div class=\"uncol style-light\"  ><div class=\"uncoltable\"><div class=\"uncell no-block-padding\" ><div class=\"uncont\" ><div class=\"uncode_text_column vc_custom_1520959684949\"  style=\"margin-top: 40px ;margin-bottom: 40px ;\"><p><img decoding=\"async\" class=\"alignnone\" style=\"width: 100%;\" src=\"https:\/\/demo2.mybscu.org\/wp-content\/uploads\/2016\/07\/Pasted-image-at-2016_10_05-10_49-AM.png\" alt=\"Switching over completely to BrightStar Credit Union is easy.\" width=\"752\" height=\"315\" \/><\/p>\n<\/div><div class=\"uncode_text_column vc_custom_1520959730592\"  style=\"margin-top: 75px ;margin-bottom: 75px ;\"><p><span style=\"color: #000000;\">Aqu\u00ed encontrar\u00e1 todas las cartas y formularios que necesita\u2026 as\u00ed que solo tiene que imprimirlos y enviarlos por correo o fax a la empresa o persona correspondiente. Incluso le proporcionamos una lista de verificaci\u00f3n para que no olvide ning\u00fan paso importante.\u00a0<\/span><\/p>\n<p><span style=\"color: #000000;\">Los pasos que se enumeran a continuaci\u00f3n le guiar\u00e1n a trav\u00e9s del proceso.<\/span><br \/>\n<span style=\"color: #000000;\">N\u00famero de ruta\/tr\u00e1nsito de BrightStar Credit Union: <strong>267078299<\/strong><\/span><\/p>\n<\/div><div class=\"uncode_text_column vc_custom_1705367355192\"  style=\"margin-top: 20px ;\"><\/p>\n<h4>1. Solicita una cuenta corriente en BrightStar Credit Union<\/h4>\n<p><span style=\"color: #000000;\">P\u00e1sate por una de nuestras sucursales o <\/span><a href=\"https:\/\/demo2.mybscu.org\/es\/join-us\/\"><span style=\"color: #000000;\">j<\/span>\u00danete ahora mismo en l\u00ednea<\/a>.<\/p>\n<h4>2. Una vez que reciba su nueva tarjeta de d\u00e9bito y\/o cheques, deje de usar su cuenta anterior.<\/h4>\n<p><span style=\"color: #000000;\">(Por favor, espere 10 d\u00edas h\u00e1biles). Aseg\u00farese de dejar fondos suficientes en su cuenta anterior para cubrir todos los cheques\/transacciones pendientes y los pagos autom\u00e1ticos durante uno o dos meses. Desh\u00e1gase de sus cheques antiguos y de cualquier tarjeta de d\u00e9bito o cr\u00e9dito asociada a esa cuenta.<\/span><\/p>\n<h4>3. Le ayudaremos a gestionar la transferencia de su dep\u00f3sito directo a su nueva cuenta corriente.<\/h4>\n<p><span style=\"color: #000000;\">Incluso es posible que tengamos el formulario de dep\u00f3sito directo de su empresa en la sucursal.<\/span><br \/>\n<span style=\"color: #000000;\">Si recibe pagos del Seguro Social, llame al 800-772-1213 o visite<\/span> <a href=\"https:\/\/www.socialsecurity.gov\">www.socialsecurity.gov<\/a> <span style=\"color: #000000;\">para realizar el cambio.<\/span><\/p>\n<\/div><div class=\"vc_row row-internal row-container\"><div class=\"row row-child\"><div class=\"wpb_row row-inner\"><div class=\"wpb_column pos-top pos-center align_left column_child col-lg-8 single-internal-gutter\"><div class=\"uncol style-light\" ><div class=\"uncoltable\"><div class=\"uncell no-block-padding\" ><div class=\"uncont\" ><div class=\"uncode_text_column\" ><\/p>\n<h5>Formulario de dep\u00f3sito directo BrightStar<\/h5>\n<p>\n<\/div><\/div><\/div><\/div><\/div><\/div><div class=\"wpb_column pos-top pos-center align_left column_child col-lg-4 single-internal-gutter\"><div class=\"uncol style-light\" ><div class=\"uncoltable\"><div class=\"uncell no-block-padding\" ><div class=\"uncont\" ><span class=\"btn-container btn-inline\" ><a href=\"https:\/\/demo2.mybscu.org\/wp-content\/uploads\/2016\/08\/bscu_direct_deposit.pdf\" class=\"custom-link btn border-width-0 btn-accent btn-round btn-shadow btn-top-margin btn-icon-left\" title=\"El enlace se abrir\u00e1 en una nueva pesta\u00f1a.\" target=\"_blank\">Descargar formulario PDF<\/a><\/span><\/div><\/div><\/div><\/div><\/div><\/div><\/div><\/div><div class=\"vc_row row-internal row-container\"><div class=\"row row-child\"><div class=\"wpb_row row-inner\"><div class=\"wpb_column pos-top pos-center align_left column_child col-lg-8 single-internal-gutter\"><div class=\"uncol style-light\" ><div class=\"uncoltable\"><div class=\"uncell no-block-padding\" ><div class=\"uncont\" ><div class=\"uncode_text_column\" ><\/p>\n<h5>Solicitud de cambio de dep\u00f3sito directo<\/h5>\n<p><span style=\"color: #000000;\">(Dep\u00f3sitos del empleador, dep\u00f3sitos gubernamentales, dep\u00f3sitos en cuentas de corretaje, etc.)<\/span><\/p>\n<\/div><\/div><\/div><\/div><\/div><\/div><div class=\"wpb_column pos-top pos-center align_left column_child col-lg-4 single-internal-gutter\"><div class=\"uncol style-light\" ><div class=\"uncoltable\"><div class=\"uncell no-block-padding\" ><div class=\"uncont\" ><span class=\"btn-container btn-inline\" ><a href=\"https:\/\/demo2.mybscu.org\/wp-content\/uploads\/2016\/07\/DirectDepositChangeRequest.pdf\" class=\"custom-link btn border-width-0 btn-accent btn-round btn-shadow btn-top-margin btn-icon-left\" title=\"El enlace se abrir\u00e1 en una nueva pesta\u00f1a.\" target=\"_blank\">Descargar formulario PDF<\/a><\/span><\/div><\/div><\/div><\/div><\/div><\/div><\/div><\/div><div class=\"uncode_text_column vc_custom_1520959840122\"  style=\"margin-top: 50px ;\"><\/p>\n<h4>4. Si tiene alg\u00fan pago autom\u00e1tico (deducciones autom\u00e1ticas de su antigua cuenta corriente), comun\u00edquese con el proveedor con la informaci\u00f3n de su nueva cuenta.<\/h4>\n<p><span style=\"color: #000000;\">Tambi\u00e9n podemos ayudarle con esto. (Hipoteca\/alquiler, pagos de tarjetas de cr\u00e9dito, inversiones, cuotas de comunidad, membres\u00edas de gimnasio, servicios p\u00fablicos, internet y tel\u00e9fono, pagos de autom\u00f3viles y m\u00e1s)<\/span><\/p>\n<\/div><div class=\"vc_row row-internal row-container\"><div class=\"row row-child\"><div class=\"wpb_row row-inner\"><div class=\"wpb_column pos-top pos-center align_left column_child col-lg-8 single-internal-gutter\"><div class=\"uncol style-light\" ><div class=\"uncoltable\"><div class=\"uncell no-block-padding\" ><div class=\"uncont\" ><div class=\"uncode_text_column\" ><\/p>\n<h5>Autorizaci\u00f3n para cancelar pagos autom\u00e1ticos<\/h5>\n<p>\n<\/div><\/div><\/div><\/div><\/div><\/div><div class=\"wpb_column pos-top pos-center align_left column_child col-lg-4 single-internal-gutter\"><div class=\"uncol style-light\" ><div class=\"uncoltable\"><div class=\"uncell no-block-padding\" ><div class=\"uncont\" ><span class=\"btn-container btn-inline\" ><a href=\"https:\/\/demo2.mybscu.org\/wp-content\/uploads\/2016\/07\/CancelingAutomaticPayment.pdf\" class=\"custom-link btn border-width-0 btn-accent btn-round btn-shadow btn-top-margin btn-icon-left\" title=\"El enlace se abrir\u00e1 en una nueva pesta\u00f1a.\" target=\"_blank\">Descargar formulario PDF<\/a><\/span><\/div><\/div><\/div><\/div><\/div><\/div><\/div><\/div><div class=\"vc_row row-internal row-container\"><div class=\"row row-child\"><div class=\"wpb_row row-inner\"><div class=\"wpb_column pos-top pos-center align_left column_child col-lg-8 single-internal-gutter\"><div class=\"uncol style-light\" ><div class=\"uncoltable\"><div class=\"uncell no-block-padding\" ><div class=\"uncont\" ><div class=\"uncode_text_column\" ><\/p>\n<h5>Autorizaci\u00f3n para cambio de pago autom\u00e1tico (cambio de pago)<\/h5>\n<p>\n<\/div><\/div><\/div><\/div><\/div><\/div><div class=\"wpb_column pos-top pos-center align_left column_child col-lg-4 single-internal-gutter\"><div class=\"uncol style-light\" ><div class=\"uncoltable\"><div class=\"uncell no-block-padding\" ><div class=\"uncont\" ><span class=\"btn-container btn-inline\" ><a href=\"https:\/\/demo2.mybscu.org\/wp-content\/uploads\/2016\/07\/AutomaticPaymentChange.pdf\" class=\"custom-link btn border-width-0 btn-accent btn-round btn-shadow btn-top-margin btn-icon-left\" title=\"El enlace se abrir\u00e1 en una nueva pesta\u00f1a.\" target=\"_blank\">Descargar formulario PDF<\/a><\/span><\/div><\/div><\/div><\/div><\/div><\/div><\/div><\/div><div class=\"vc_row row-internal row-container\"><div class=\"row row-child\"><div class=\"wpb_row row-inner\"><div class=\"wpb_column pos-top pos-center align_left column_child col-lg-8 single-internal-gutter\"><div class=\"uncol style-light\" ><div class=\"uncoltable\"><div class=\"uncell no-block-padding\" ><div class=\"uncont\" ><div class=\"uncode_text_column\" ><\/p>\n<h5>Autorizaci\u00f3n para pago autom\u00e1tico (nuevo pago)<\/h5>\n<p>\n<\/div><\/div><\/div><\/div><\/div><\/div><div class=\"wpb_column pos-top pos-center align_left column_child col-lg-4 single-internal-gutter\"><div class=\"uncol style-light\" ><div class=\"uncoltable\"><div class=\"uncell no-block-padding\" ><div class=\"uncont\" ><span class=\"btn-container btn-inline\" ><a href=\"https:\/\/demo2.mybscu.org\/wp-content\/uploads\/2016\/07\/NewAutomaticPayment.pdf\" class=\"custom-link btn border-width-0 btn-accent btn-round btn-shadow btn-top-margin btn-icon-left\" title=\"El enlace se abrir\u00e1 en una nueva pesta\u00f1a.\" target=\"_blank\">Descargar formulario PDF<\/a><\/span><\/div><\/div><\/div><\/div><\/div><\/div><\/div><\/div><div class=\"uncode_text_column vc_custom_1520959922377\"  style=\"margin-top: 50px ;\"><\/p>\n<h4>5. Cierra tu cuenta antigua<\/h4>\n<p><span style=\"color: #000000;\">Espera a que se procesen todos los cheques pendientes y los pagos autom\u00e1ticos y salda tu cuenta anterior. Solicita al banco el saldo restante y cierra la cuenta.<\/span><\/p>\n<\/div><div class=\"vc_row row-internal row-container\"><div class=\"row row-child\"><div class=\"wpb_row row-inner\"><div class=\"wpb_column pos-top pos-center align_left column_child col-lg-8 single-internal-gutter\"><div class=\"uncol style-light\" ><div class=\"uncoltable\"><div class=\"uncell no-block-padding\" ><div class=\"uncont\" ><div class=\"uncode_text_column\" ><\/p>\n<h5>Solicitud de cierre de cuenta<\/h5>\n<p>\n<\/div><\/div><\/div><\/div><\/div><\/div><div class=\"wpb_column pos-top pos-center align_left column_child col-lg-4 single-internal-gutter\"><div class=\"uncol style-light\" ><div class=\"uncoltable\"><div class=\"uncell no-block-padding\" ><div class=\"uncont\" ><span class=\"btn-container btn-inline\" ><a href=\"https:\/\/demo2.mybscu.org\/wp-content\/uploads\/2016\/07\/AccountClosingRequest.pdf\" class=\"custom-link btn border-width-0 btn-accent btn-round btn-shadow btn-top-margin btn-icon-left\" title=\"El enlace se abrir\u00e1 en una nueva pesta\u00f1a.\" target=\"_blank\">Descargar formulario PDF<\/a><\/span><\/div><\/div><\/div><\/div><\/div><\/div><\/div><\/div><\/div><\/div><\/div><\/div><\/div><div class=\"wpb_column pos-top pos-center align_left column_parent col-lg-4 single-internal-gutter\"><div class=\"uncol style-light\"  ><div class=\"uncoltable\"><div class=\"uncell no-block-padding\" ><div class=\"uncont\" ><div class=\"uncode_text_column text-lead\" ><\/p>\n<h4>Enlaces r\u00e1pidos<\/h4>\n<p>\n<\/div><div class=\"vc_wp_custommenu wpb_content_element sidebar-nav\"  data-id=\"1\"><div class=\"widget widget_nav_menu\"><div class=\"menu-sidebar-menu-container\"><ul id=\"menu-sidebar-menu\" class=\"menu\"><li id=\"menu-item-198\" class=\"menu-item menu-item-type-post_type menu-item-object-page menu-item-198\"><a href=\"https:\/\/demo2.mybscu.org\/es\/onlinebanking\/\"><i class=\"side-icon genericon genericon-next\"><\/i>Extractos electr\u00f3nicos de BrightStar<\/a><\/li>\n<li id=\"menu-item-6514\" class=\"menu-item menu-item-type-post_type menu-item-object-page menu-item-6514\"><a href=\"https:\/\/demo2.mybscu.org\/es\/courtesypay\/\"><i class=\"side-icon genericon genericon-next\"><\/i>Pago de cortes\u00eda<\/a><\/li>\n<li id=\"menu-item-459\" class=\"menu-item menu-item-type-post_type menu-item-object-page menu-item-459\"><a href=\"https:\/\/demo2.mybscu.org\/es\/directdeposit\/\"><i class=\"side-icon genericon genericon-next\"><\/i>Dep\u00f3sito directo<\/a><\/li>\n<li id=\"menu-item-197\" class=\"menu-item menu-item-type-post_type menu-item-object-page menu-item-197\"><a href=\"https:\/\/demo2.mybscu.org\/es\/moneydesktop\/\"><i class=\"side-icon genericon genericon-next\"><\/i>Dinero de escritorio<\/a><\/li>\n<li id=\"menu-item-458\" class=\"menu-item menu-item-type-post_type menu-item-object-page menu-item-458\"><a href=\"https:\/\/demo2.mybscu.org\/es\/onlinebanking\/\"><i class=\"side-icon genericon genericon-next\"><\/i>Banca en l\u00ednea y pago de facturas<\/a><\/li>\n<li id=\"menu-item-466\" class=\"menu-item menu-item-type-post_type menu-item-object-page menu-item-466\"><a href=\"https:\/\/demo2.mybscu.org\/es\/debitcard\/\"><i class=\"side-icon genericon genericon-next\"><\/i>Tarjeta de cheques Visa<\/a><\/li>\n<li id=\"menu-item-200\" class=\"menu-item menu-item-type-post_type menu-item-object-page menu-item-200\"><a href=\"https:\/\/demo2.mybscu.org\/es\/skipapay\/\"><i class=\"side-icon genericon genericon-next\"><\/i>Saltar un pago<\/a><\/li>\n<li id=\"menu-item-196\" class=\"menu-item menu-item-type-post_type menu-item-object-page menu-item-196\"><a href=\"https:\/\/demo2.mybscu.org\/es\/mobilebanking\/\"><i class=\"side-icon genericon genericon-next\"><\/i>Aplicaciones para tel\u00e9fonos inteligentes<\/a><\/li>\n<\/ul><\/div><\/div><\/div><div class=\"uncode_text_column text-lead\" ><\/p>\n<h4>Preguntas frecuentes<\/h4>\n<p>\n<\/div><div class=\"uncode-accordion wpb_accordion wpb_content_element  sign-size-rg w-border\" data-collapsible=\"no\" data-target=\"\" data-active-tab=\"0\" >\n\t\t<div class=\"panel-group wpb_wrapper wpb_accordion_wrapper\" id=\"accordion_1647079102\" role=\"tablist\" aria-multiselectable=\"true\" data-no-toggle=\"\">\n\n<div class=\"panel panel-default wpb_accordion_section group\"><div class=\"panel-heading wpb_accordion_header ui-accordion-header\" role=\"tab\"><p class=\"panel-title font-weight- text-   icon-size-rg\"><a data-toggle=\"collapse\" data-parent=\"#accordion_1647079102\" href=\"#bacf4dee-a0ee-10\"><span>\u00bfC\u00f3mo me uno a BrightStar CU?<\/span><\/a><\/p><\/div><div id=\"bacf4dee-a0ee-10\" class=\"panel-collapse collapse\" role=\"tabpanel\"><div class=\"panel-body wpb_accordion_content ui-accordion-content half-internal-gutter single-block-padding\">\n\t\t\t\t\t\t<div class=\"uncode_text_column\" ><p>Cuando abre una cuenta de BrightStar CU, se convierte en miembro. Su membres\u00eda es su pasaporte a todo un mundo de servicios de cooperativas de cr\u00e9dito. \u00danase por tan solo $1. Una vez que sea miembro, podr\u00e1 solicitar otras cuentas, incluidas cuentas corrientes, pr\u00e9stamos, tarjetas de cr\u00e9dito y m\u00e1s. Ofrecemos 3 formas convenientes de unirse:<\/p>\n<ul>\n<li>Presentar una solicitud en l\u00ednea<\/li>\n<li>Complete una solicitud PDF en l\u00ednea y luego env\u00edela por correo<\/li>\n<li>Visite la sucursal BrightStar CU m\u00e1s cercana<\/li>\n<\/ul>\n<p>\n<\/div><\/div><\/div><\/div><div class=\"panel panel-default wpb_accordion_section group\"><div class=\"panel-heading wpb_accordion_header ui-accordion-header\" role=\"tab\"><p class=\"panel-title font-weight- text-   icon-size-rg\"><a data-toggle=\"collapse\" data-parent=\"#accordion_1647079102\" href=\"#3e686eab-1368-2\"><span>\u00bfQui\u00e9n es elegible para unirse?<\/span><\/a><\/p><\/div><div id=\"3e686eab-1368-2\" class=\"panel-collapse collapse\" role=\"tabpanel\"><div class=\"panel-body wpb_accordion_content ui-accordion-content half-internal-gutter single-block-padding\">\n\t\t\t\t\t\t<div class=\"uncode_text_column\" ><\/p>\n<p class=\"p1\"><span class=\"s1\">Cualquier persona* que viva, trabaje o asista a la escuela en los condados de Broward, Collier, Lee, Martin, Miami-Dade, Palm Beach o St. Lucie, Pinellas, Hillsborough, Polk, Osceola, Brevard, Manatee, Hardee, Highlands, Okeechobee, Indian River, Sarasota, DeSoto, Charlotte, Glades, Hendry y Monroe, Florida. BrightStar CU presta servicios a las escuelas de Broward, como lo hemos hecho con orgullo durante m\u00e1s de 70 a\u00f1os. Brindamos servicios a las organizaciones asociadas locales, que ofrecen BrightStar CU como un beneficio para sus empleados. Los familiares de los grupos nombrados anteriormente tambi\u00e9n son elegibles para unirse.<\/span><\/p>\n<p>\n<\/div><\/div><\/div><\/div>\n\t\t<\/div><\/div><\/div><\/div><\/div><\/div><\/div><script id=\"script-row-unique-1\" data-row=\"script-row-unique-1\" type=\"text\/javascript\" class=\"vc_controls\">UNCODE.initRow(document.getElementById(\"row-unique-1\"));<\/script><\/div><\/div><\/div>","protected":false},"excerpt":{"rendered":"Welcome to BrightStar Credit Union All the letters and forms you will need are provided here\u2026..so all you have to [...]","protected":false},"author":8,"featured_media":0,"parent":0,"menu_order":0,"comment_status":"closed","ping_status":"closed","template":"","meta":{"footnotes":""},"class_list":["post-886","page","type-page","status-publish","hentry"],"_links":{"self":[{"href":"https:\/\/demo2.mybscu.org\/es\/wp-json\/wp\/v2\/pages\/886","targetHints":{"allow":["GET"]}}],"collection":[{"href":"https:\/\/demo2.mybscu.org\/es\/wp-json\/wp\/v2\/pages"}],"about":[{"href":"https:\/\/demo2.mybscu.org\/es\/wp-json\/wp\/v2\/types\/page"}],"author":[{"embeddable":true,"href":"https:\/\/demo2.mybscu.org\/es\/wp-json\/wp\/v2\/users\/8"}],"replies":[{"embeddable":true,"href":"https:\/\/demo2.mybscu.org\/es\/wp-json\/wp\/v2\/comments?post=886"}],"version-history":[{"count":1,"href":"https:\/\/demo2.mybscu.org\/es\/wp-json\/wp\/v2\/pages\/886\/revisions"}],"predecessor-version":[{"id":15556,"href":"https:\/\/demo2.mybscu.org\/es\/wp-json\/wp\/v2\/pages\/886\/revisions\/15556"}],"wp:attachment":[{"href":"https:\/\/demo2.mybscu.org\/es\/wp-json\/wp\/v2\/media?parent=886"}],"curies":[{"name":"wp","href":"https:\/\/api.w.org\/{rel}","templated":true}]}}